{"id":19915,"date":"2025-05-15T00:03:45","date_gmt":"2025-05-14T23:03:45","guid":{"rendered":"https:\/\/kliniksanktmoritz.ch\/?page_id=19915"},"modified":"2025-05-19T14:20:11","modified_gmt":"2025-05-19T13:20:11","slug":"platino","status":"publish","type":"page","link":"https:\/\/kliniksanktmoritz.ch\/es\/worldmedcert\/medicos-mds-dos-01\/platino\/","title":{"rendered":"Platino"},"content":{"rendered":"<section class=\"bde-section-19915-100 bde-section\">\n  \n  \n\t\n\n\n\n<div class=\"section-container\"><h1 class=\"bde-dual-heading-19915-101 bde-dual-heading\">\n\n\n            <span data-style=\"primary\" class=\"dual-heading--primary\">Por qu\u00e9<\/span>\n\n            <span data-style=\"secondary\" class=\"dual-heading--secondary\">Certificado Platino<\/span>\n\n            <span data-style=\"primary\" class=\"dual-heading--primary\">Es un <\/span>\n\n            <span data-style=\"secondary\" class=\"dual-heading--secondary\">Cambio de juego<\/span>\n\n            <span data-style=\"primary\" class=\"dual-heading--primary\"> para m\u00e9dicos de todo el mundo<\/span>\n\n\n\n<\/h1><div class=\"bde-rich-text-19915-102 bde-rich-text breakdance-rich-text-styles\">\n<h3>En un mundo digital en el que la reputaci\u00f3n es moneda de cambio, ya no basta con el nombre.<br data-start=\"291\" data-end=\"294\" \/>Hoy en d\u00eda, la verdadera autoridad debe ser <span style=\"text-decoration: underline;\"><em>verificadas, visibles e infalsificables.<\/em><\/span><\/h3>\n<\/div><\/div>\n<\/section><section class=\"bde-section-19915-103 bde-section\">\n  \n  \n\t\n\n\n\n<div class=\"section-container\"><div class=\"bde-button-19915-104 bde-button\">\n        \n    \n    \n    \n    \n            \n                    \n            \n            \n\n    \n    \n    \n    \n    \n    <a class=\"breakdance-link button-atom button-atom--secondary bde-button__button\" href=\"https:\/\/kliniksanktmoritz.ch\/es\/producto\/certificados-medicos-mds-dos-medicos-licenciados-md-mensual\/\" target=\"_self\" data-type=\"url\"  >\n\n    \n        <span class=\"button-atom__text\">\/Certificado de platino<\/span>\n\n        \n        \n                <\/a>\n\n    \n\n\n<\/div><div class=\"bde-columns-19915-105 bde-columns\"><div class=\"bde-column-19915-106 bde-column\">\n  \n  \n\t\n\n\n\n<h1 class=\"bde-dual-heading-19915-107 bde-dual-heading\">\n\n\n            <span data-style=\"secondary\" class=\"dual-heading--secondary\">Certificado Platino<\/span>\n\n            <span data-style=\"primary\" class=\"dual-heading--primary\">el servicio de \u00e9lite de <\/span>\n\n            <span data-style=\"secondary\" class=\"dual-heading--secondary\">Cl\u00ednica Sankt Moritz<\/span>\n\n            <span data-style=\"primary\" class=\"dual-heading--primary\">es la herramienta definitiva para los m\u00e9dicos que desean:<\/span>\n\n\n\n<\/h1><div class=\"bde-text-19915-108 bde-text\">\n#Proteger a sus pacientes del fraude y la suplantaci\u00f3n de identidad<br><br>1TP5Asegure su identidad y sus credenciales con la tecnolog\u00eda blockchain<br><br>1TP5Expanda su carrera profesional a nivel mundial a trav\u00e9s del turismo sanitario y la autoridad verificada<br><br>\ud83d\udd12 1. Tu identidad, asegurada y respetada<br>Platinum Certified le proporciona un sello digital respaldado por blockchain, una prueba visible de legitimidad.<br>No es una insignia de vanidad. Una marca azul cient\u00edfica que distingue al instante a los m\u00e9dicos de verdad de los impostores digitales.<br><br>\ud83d\udca1 Imagina a un paciente comparando perfiles en Internet.<br>El que tiene la insignia de Platino lo es:<br><br>#Trusted<br><br>#Verificado<br><br>#Iinmediatamente cre\u00edble<br><br>\ud83c\udf10 2. Reconocido en todo el mundo. Accesible al instante.<br>\u00bfSe doctor\u00f3 en Italia? \u00bfSe especializ\u00f3 en Berl\u00edn? \u00bfTrabaja en Dubai? No hay problema.<br><br>Platinum Certified es su pasaporte global de credenciales. Sin barreras burocr\u00e1ticas ni limitaciones bilaterales.<br><br>\u2705 Verificaci\u00f3n instant\u00e1nea de t\u00edtulos y especializaciones<br>URL personalizada (por ejemplo, https:\/\/kliniksanktmoritz.ch\/md\/dr-john-smith)<br>\u2705 CV digital siempre actualizado, visible en todo el mundo.<br><br>\u2708\ufe0f 3. Su puerta de entrada al turismo sanitario mundial<br>Los pacientes cruzan fronteras en busca de una mejor atenci\u00f3n. Con Platinum Certified, pasar\u00e1 a formar parte de una red internacional verificada de cl\u00ednicas, hospitales, centros de bienestar y pacientes de alto valor.<br><br>\ud83e\ude7a Atraer pacientes en el extranjero<br>\ud83e\udd1d Asociarse con cl\u00ednicas y hospitales internacionales<br>\ud83c\udf0d Posicionarse como proveedor de turismo m\u00e9dico de confianza<br><br>El mercado del turismo m\u00e9dico est\u00e1 creciendo a un ritmo anual de +24%: Platinum Certified le sit\u00faa en el centro de esta revoluci\u00f3n.<br><br>\ud83c\udf93 4. Formaci\u00f3n continua, documentada y de confianza<br>Platinum Certified incluye un sistema de seguimiento y verificaci\u00f3n de cada etapa de su desarrollo profesional.<br><br>\ud83d\udcda EMC, congresos, clases magistrales: todo integrado en tu perfil<br>\ud83e\udde0 Seguimiento de certificaciones y habilidades impulsado por IA.<br>\ud83c\udfc5 Reconocimiento como autoridad continuamente actualizada y de confianza<br><br>Se acab\u00f3 el papeleo. Su crecimiento siempre queda registrado.<br><br>\u2694\ufe0f 5. La \u00faltima defensa contra el fraude<br>M\u00e9dicos falsos hay en todas partes. Pero no pueden fingir esto.<br><br>Usos certificados Platino:<br><br>Verificaci\u00f3n completa de identidad KYC<br><br>Controles acad\u00e9micos reconocidos por el Gobierno<br><br>Blockchain para almacenar datos inmutables<br><br>infraestructura de datos segura<br><br>\ud83d\udc68\u200d\u2695\ufe0f Tu nombre se vuelve inhackeable<br>\ud83d\udc8a Tus recetas se pueden verificar al instante<br>\ud83c\udf10 Tu presencia online se convierte en a prueba de balas<br><br>\ud83d\ude80 En resumen: No basta con ser m\u00e9dico. Debes Certificarte Digitalmente.<br>La certificaci\u00f3n Platinum no es una credencial m\u00e1s.<br>Es un nuevo est\u00e1ndar internacional de confianza, creado para la era digital.<br><br>\ud83d\udc49 Si quieres libertad para trabajar m\u00e1s all\u00e1 de las fronteras...<br>\ud83d\udc49 Si quieres que tus credenciales hablen antes que t\u00fa...<br>\ud83d\udc49 Si quiere proteger su reputaci\u00f3n al tiempo que desbloquea nuevas oportunidades globales....<br><br>Entonces el Certificado Platino es su siguiente paso.<br><br>En un mundo de ruido digital, su identidad verificada es su ventaja competitiva.<br>Que te vean. Que conf\u00eden en ti. Sea Platino.<br><br>\n<\/div><div class=\"bde-button-19915-109 bde-button\">\n        \n    \n    \n    \n    \n            \n                    \n            \n            \n\n    \n    \n    \n    \n    \n    <a class=\"breakdance-link button-atom button-atom--secondary bde-button__button\" href=\"https:\/\/kliniksanktmoritz.ch\/es\/producto\/certificados-medicos-mds-dos-medicos-licenciados-md-mensual\/\" target=\"_self\" data-type=\"url\"  >\n\n    \n        <span class=\"button-atom__text\">\/certificado platino<\/span>\n\n        \n        \n                <\/a>\n\n    \n\n\n<\/div><div class=\"bde-button-19915-110 bde-button\">\n        \n    \n    \n    \n    \n            \n                    \n            \n            \n\n    \n    \n    \n    \n    \n    <a class=\"breakdance-link button-atom button-atom--secondary bde-button__button\" href=\"https:\/\/kliniksanktmoritz.ch\/es\/worldmedcert\/id\/\" target=\"_self\" data-type=\"url\"  >\n\n    \n        <span class=\"button-atom__text\">\/Klinik sankt moritz id<\/span>\n\n        \n        \n                <\/a>\n\n    \n\n\n<\/div>\n<\/div><div class=\"bde-column-19915-111 bde-column\">\n  \n  \n\t\n\n\n\n<div class=\"bde-image-19915-112 bde-image\">\n<figure class=\"breakdance-image breakdance-image--19930\">\n\t<div class=\"breakdance-image-container\">\n\t\t<div class=\"breakdance-image-clip\"><img loading=\"lazy\" decoding=\"async\" class=\"breakdance-image-object\" src=\"https:\/\/kliniksanktmoritz.ch\/wp-content\/uploads\/2025\/05\/ChatGPT-Image-May-15-2025-12_43_17-AM.jpg\" width=\"1024\" height=\"1024\" srcset=\"https:\/\/kliniksanktmoritz.ch\/wp-content\/uploads\/2025\/05\/ChatGPT-Image-May-15-2025-12_43_17-AM.jpg 1024w, https:\/\/kliniksanktmoritz.ch\/wp-content\/uploads\/2025\/05\/ChatGPT-Image-May-15-2025-12_43_17-AM-300x300.jpg 300w, https:\/\/kliniksanktmoritz.ch\/wp-content\/uploads\/2025\/05\/ChatGPT-Image-May-15-2025-12_43_17-AM-150x150.jpg 150w, https:\/\/kliniksanktmoritz.ch\/wp-content\/uploads\/2025\/05\/ChatGPT-Image-May-15-2025-12_43_17-AM-768x768.jpg 768w, https:\/\/kliniksanktmoritz.ch\/wp-content\/uploads\/2025\/05\/ChatGPT-Image-May-15-2025-12_43_17-AM-12x12.jpg 12w, https:\/\/kliniksanktmoritz.ch\/wp-content\/uploads\/2025\/05\/ChatGPT-Image-May-15-2025-12_43_17-AM-128x128.jpg 128w, https:\/\/kliniksanktmoritz.ch\/wp-content\/uploads\/2025\/05\/ChatGPT-Image-May-15-2025-12_43_17-AM-600x600.jpg 600w\" sizes=\"auto, (max-width: 1024px) 100vw, 1024px\" alt=\"\" title=\"\"><\/div>\n\t<\/div><\/figure>\n\n<\/div>\n<\/div><\/div><div class=\"bde-button-19915-114 bde-button\">\n        \n    \n    \n    \n    \n            \n                    \n            \n            \n\n    \n    \n    \n    \n    \n    <a class=\"breakdance-link button-atom button-atom--secondary bde-button__button\" href=\"https:\/\/kliniksanktmoritz.ch\/es\/vinculo-de-retroceso\/\" target=\"_self\" data-type=\"url\"  >\n\n    \n        <span class=\"button-atom__text\">\/backlink &amp; cv<\/span>\n\n        \n        \n                <\/a>\n\n    \n\n\n<\/div><\/div>\n<\/section>","protected":false},"excerpt":{"rendered":"<p>Why Platinum Certified Is a Game-Changer for Doctors Worldwide In a digital world where reputation is currency, your name alone is no longer enough.Today, true authority must be verified, visible, and unforgeable. \/Platinum certified Platinum Certified , the elite service by Klinik Sankt Moritz , is the ultimate tool for physicians who want to: #Protect [&hellip;]<\/p>\n","protected":false},"author":2,"featured_media":0,"parent":11118,"menu_order":0,"comment_status":"closed","ping_status":"closed","template":"","meta":{"_acf_changed":false,"_breakdance_hide_in_design_set":false,"_breakdance_tags":"","footnotes":"","_wordproof_timestamp":false},"class_list":["post-19915","page","type-page","status-publish","hentry"],"acf":[],"_links":{"self":[{"href":"https:\/\/kliniksanktmoritz.ch\/es\/wp-json\/wp\/v2\/pages\/19915","targetHints":{"allow":["GET"]}}],"collection":[{"href":"https:\/\/kliniksanktmoritz.ch\/es\/wp-json\/wp\/v2\/pages"}],"about":[{"href":"https:\/\/kliniksanktmoritz.ch\/es\/wp-json\/wp\/v2\/types\/page"}],"author":[{"embeddable":true,"href":"https:\/\/kliniksanktmoritz.ch\/es\/wp-json\/wp\/v2\/users\/2"}],"replies":[{"embeddable":true,"href":"https:\/\/kliniksanktmoritz.ch\/es\/wp-json\/wp\/v2\/comments?post=19915"}],"version-history":[{"count":2,"href":"https:\/\/kliniksanktmoritz.ch\/es\/wp-json\/wp\/v2\/pages\/19915\/revisions"}],"predecessor-version":[{"id":19931,"href":"https:\/\/kliniksanktmoritz.ch\/es\/wp-json\/wp\/v2\/pages\/19915\/revisions\/19931"}],"up":[{"embeddable":true,"href":"https:\/\/kliniksanktmoritz.ch\/es\/wp-json\/wp\/v2\/pages\/11118"}],"wp:attachment":[{"href":"https:\/\/kliniksanktmoritz.ch\/es\/wp-json\/wp\/v2\/media?parent=19915"}],"curies":[{"name":"wp","href":"https:\/\/api.w.org\/{rel}","templated":true}]}}