{"id":20178,"date":"2025-05-20T11:03:57","date_gmt":"2025-05-20T10:03:57","guid":{"rendered":"https:\/\/kliniksanktmoritz.ch\/?page_id=20178"},"modified":"2025-05-20T16:57:52","modified_gmt":"2025-05-20T15:57:52","slug":"klinik-sankt-moritz-id-by-caldelari","status":"publish","type":"page","link":"https:\/\/kliniksanktmoritz.ch\/es\/concurso-mundial-de-medicina-de-caldelari\/klinik-sankt-moritz-id-by-caldelari\/","title":{"rendered":"Klinik Sankt Moritz ID de Caldelari"},"content":{"rendered":"<section class=\"bde-section-20178-100 bde-section\">\n  \n  \n\t\n\n\n\n<div class=\"section-container\"><h1 class=\"bde-dual-heading-20178-101 bde-dual-heading\">\n\n\n            <span data-style=\"secondary\" class=\"dual-heading--secondary\">Cl\u00ednica Sankt Moritz<\/span>\n\n            <span data-style=\"primary\" class=\"dual-heading--primary\">ID<\/span>\n\n\n\n<\/h1><div class=\"bde-rich-text-20178-102 bde-rich-text breakdance-rich-text-styles\">\n<h3 style=\"text-align: center;\">El identificador digital global para m\u00e9dicos verificados Un n\u00famero.<\/h3>\n<h3 style=\"text-align: center;\">Una garant\u00eda. Una firma de confianza.<\/h3>\n<\/div><\/div>\n<\/section><section class=\"bde-section-20178-103 bde-section\">\n  \n  \n\t\n\n\n\n<div class=\"section-container\"><img decoding=\"async\" class=\"bde-image2-20178-104 bde-image2\" src=\"https:\/\/kliniksanktmoritz.ch\/wp-content\/uploads\/2024\/11\/WhatsApp-Image-2024-11-22-at-21.30.03-768x217.jpeg\" alt=\"Caldelari Medical 1928\" loading=\"lazy\" srcset=\"https:\/\/kliniksanktmoritz.ch\/wp-content\/uploads\/2024\/11\/WhatsApp-Image-2024-11-22-at-21.30.03-768x217.jpeg 768w, https:\/\/kliniksanktmoritz.ch\/wp-content\/uploads\/2024\/11\/WhatsApp-Image-2024-11-22-at-21.30.03-300x85.jpeg 300w, https:\/\/kliniksanktmoritz.ch\/wp-content\/uploads\/2024\/11\/WhatsApp-Image-2024-11-22-at-21.30.03-1024x290.jpeg 1024w, https:\/\/kliniksanktmoritz.ch\/wp-content\/uploads\/2024\/11\/WhatsApp-Image-2024-11-22-at-21.30.03-600x170.jpeg 600w, https:\/\/kliniksanktmoritz.ch\/wp-content\/uploads\/2024\/11\/WhatsApp-Image-2024-11-22-at-21.30.03-350x100.jpeg 350w\" sizes=\"(max-width: 768px) 100vw, 768px\" title=\"\"><div class=\"bde-button-20178-105 bde-button\">\n        \n    \n    \n    \n    \n            \n                    \n            \n            \n\n    \n    \n    \n    \n    \n    <a class=\"breakdance-link button-atom button-atom--secondary bde-button__button\" href=\"https:\/\/kliniksanktmoritz.ch\/es\/producto\/klinik-sankt-moritz-id-by-verduci-editore\/\" target=\"_self\" data-type=\"url\"  >\n\n    \n        <span class=\"button-atom__text\">OBTENGA AHORA KLINIK Sankt Moritz id<\/span>\n\n        \n        \n                <\/a>\n\n    \n\n\n<\/div><div class=\"bde-columns-20178-106 bde-columns\"><div class=\"bde-column-20178-107 bde-column\">\n  \n  \n\t\n\n\n\n<h2 class=\"bde-dual-heading-20178-108 bde-dual-heading\">\n\n\n            <span data-style=\"secondary\" class=\"dual-heading--secondary\">\ud83d\udd39 \u00bfCu\u00e1l es el<\/span>\n\n            <span data-style=\"primary\" class=\"dual-heading--primary\">Klinik Sankt Moritz ID?<\/span>\n\n\n\n<\/h2><div class=\"bde-rich-text-20178-109 bde-rich-text breakdance-rich-text-styles\">\n<h5>En<a href=\"https:\/\/kliniksanktmoritz.ch\/es\/producto\/klinik-sankt-moritz-id-by-caldelari-medical\/\"> Klinik Sankt Moritz ID<\/a> es un identificador digital \u00fanico expedido \u00fanicamente a los m\u00e9dicos que est\u00e1n inscritos de forma activa en un colegio de m\u00e9dicos reconocido, en cualquier parte del mundo.Se trata de un servicio sencillo y anual que proporciona a los pacientes un nivel m\u00ednimo de autenticidad profesional y ofrece a los m\u00e9dicos una presencia verificada y segura.<\/h5>\n<h5>\ud83e\udde9 \u00bfPara qu\u00e9 sirve?<br \/>Identificar clara e inmediatamente a un m\u00e9dico como tal.<br \/>Incruste el identificador en su firma de correo electr\u00f3nico, sitio web, documentos m\u00e9dicos o plataformas digitales.<br \/>Asegure a los pacientes que est\u00e1n hablando con un m\u00e9dico titulado, sin necesidad de curr\u00edculos, t\u00edtulos o diplomas.<\/h5>\n<h5>\ud83d\udd10 \u00bfQu\u00e9 verifica?<br \/>Que el profesional est\u00e9 inscrito de forma activa en un colegio de m\u00e9dicos.<br \/>Que la Klinik Sankt Moritz lo haya comprobado en los \u00faltimos 12 meses.<br \/>Ni m\u00e1s ni menos: confirma la existencia y la legitimidad, no las cualificaciones ni la experiencia.<\/h5>\n<h5>\ud83d\udca1 \u00bfPor qu\u00e9 es importante?<br \/>En una era de desinformaci\u00f3n y fraude digital, el <a href=\"https:\/\/kliniksanktmoritz.ch\/es\/producto\/klinik-sankt-moritz-id-by-caldelari-medical\/\">Klinik Sankt Moritz ID<\/a> act\u00faa como norma m\u00ednima de confianza:<br \/>\u2705 Protege a los pacientes de perfiles falsos<br \/>\u2705 Da visibilidad a los verdaderos profesionales<br \/>\u2705 Rompe las barreras de la confianza digital en la sanidad<\/h5>\n<h5>\ud83c\udfaf \u00bfA qui\u00e9n va dirigido?<br \/>Exclusivamente para m\u00e9dicos colegiados, independientemente del pa\u00eds o la especialidad.<br \/>Sin credenciales falsas. Sin zonas grises. Sin ambig\u00fcedades.<\/h5>\n<h5>\ud83d\udcb5 \u00bfCu\u00e1nto cuesta?<br \/>Un servicio b\u00e1sico de bajo coste:<a href=\"https:\/\/kliniksanktmoritz.ch\/es\/producto\/klinik-sankt-moritz-id-by-verduci-editore\/\">49 CHF\/a\u00f1o<\/a><br \/>Para m\u00e9dicos que desean ser f\u00e1cilmente verificados en todo el mundo.<\/h5>\n<h5>\ud83c\udf10 Visibilidad global<br \/>Los m\u00e9dicos que obtengan una identificaci\u00f3n lo har\u00e1n:<br \/>Aparecer en el directorio p\u00fablico oficial de la Klinik Sankt Moritz<br \/>Recibir un distintivo digital para mostrar su identificaci\u00f3n verificada<br \/>Proporcionar a los pacientes un enlace claro y p\u00fablico para validar su situaci\u00f3n<\/h5>\n<h5>\ud83d\udee1\ufe0f El valor de la simple verificaci\u00f3n<br \/>En <a href=\"https:\/\/kliniksanktmoritz.ch\/es\/producto\/klinik-sankt-moritz-id-by-caldelari-medical\/\">Klinik Sankt Moritz ID<\/a> no invade su intimidad, no revela sus datos ni intenta certificar sus competencias.<br \/>S\u00f3lo confirma una verdad esencial: \ud83d\udc49 \"Esta persona es un m\u00e9dico colegiado. Verificado por nosotros\".<\/h5>\n<h5>Un peque\u00f1o paso para el m\u00e9dico. Un gran salto para la confianza del paciente.<br \/>Active su <a href=\"https:\/\/kliniksanktmoritz.ch\/es\/producto\/klinik-sankt-moritz-id-by-caldelari-medical\/\" data-wplink-edit=\"true\">Klinik Sankt Moritz ID hoy<\/a>.Un n\u00famero. Una firma. Un acto profesional de responsabilidad.<\/h5>\n<\/div><div class=\"bde-button-20178-110 bde-button\">\n        \n    \n    \n    \n    \n            \n                    \n            \n            \n\n    \n    \n    \n    \n    \n    <a class=\"breakdance-link button-atom button-atom--secondary bde-button__button\" href=\"https:\/\/kliniksanktmoritz.ch\/es\/producto\/klinik-sankt-moritz-id-by-caldelari-medical\/\" target=\"_self\" data-type=\"url\"  >\n\n    \n        <span class=\"button-atom__text\">\u00a1BUY ahora Klinik Sankt Moritz ID !<\/span>\n\n        \n        \n                <\/a>\n\n    \n\n\n<\/div>\n<\/div><div class=\"bde-column-20178-111 bde-column\">\n  \n  \n\t\n\n\n\n<div class=\"bde-image-20178-112 bde-image\">\n<figure class=\"breakdance-image breakdance-image--19906\">\n\t<div class=\"breakdance-image-container\">\n\t\t<div class=\"breakdance-image-clip\"><img loading=\"lazy\" decoding=\"async\" class=\"breakdance-image-object\" src=\"https:\/\/kliniksanktmoritz.ch\/wp-content\/uploads\/2025\/05\/May-14-2025-06_59_26-PM.jpg\" width=\"1024\" height=\"1536\" srcset=\"https:\/\/kliniksanktmoritz.ch\/wp-content\/uploads\/2025\/05\/May-14-2025-06_59_26-PM.jpg 1024w, https:\/\/kliniksanktmoritz.ch\/wp-content\/uploads\/2025\/05\/May-14-2025-06_59_26-PM-200x300.jpg 200w, https:\/\/kliniksanktmoritz.ch\/wp-content\/uploads\/2025\/05\/May-14-2025-06_59_26-PM-683x1024.jpg 683w, https:\/\/kliniksanktmoritz.ch\/wp-content\/uploads\/2025\/05\/May-14-2025-06_59_26-PM-768x1152.jpg 768w, https:\/\/kliniksanktmoritz.ch\/wp-content\/uploads\/2025\/05\/May-14-2025-06_59_26-PM-8x12.jpg 8w, https:\/\/kliniksanktmoritz.ch\/wp-content\/uploads\/2025\/05\/May-14-2025-06_59_26-PM-128x192.jpg 128w, https:\/\/kliniksanktmoritz.ch\/wp-content\/uploads\/2025\/05\/May-14-2025-06_59_26-PM-600x900.jpg 600w\" sizes=\"auto, (max-width: 1024px) 100vw, 1024px\" alt=\"\" title=\"\"><\/div>\n\t<\/div><\/figure>\n\n<\/div>\n<\/div><\/div><\/div>\n<\/section>","protected":false},"excerpt":{"rendered":"<p>Klinik Sankt Moritz ID The Global Digital Identifier for Verified Medical Doctors\u2028A number. A guarantee. A signature of trust. GET NOW KLINIK Sankt Moritz id \ud83d\udd39 What is the Klinik Sankt Moritz ID? The Klinik Sankt Moritz ID is a unique digital identifier issued only to doctors who are actively registered with a recognised medical [&hellip;]<\/p>\n","protected":false},"author":2,"featured_media":0,"parent":20173,"menu_order":0,"comment_status":"closed","ping_status":"closed","template":"","meta":{"_acf_changed":false,"_breakdance_hide_in_design_set":false,"_breakdance_tags":"","footnotes":"","_wordproof_timestamp":false},"class_list":["post-20178","page","type-page","status-publish","hentry"],"acf":[],"_links":{"self":[{"href":"https:\/\/kliniksanktmoritz.ch\/es\/wp-json\/wp\/v2\/pages\/20178","targetHints":{"allow":["GET"]}}],"collection":[{"href":"https:\/\/kliniksanktmoritz.ch\/es\/wp-json\/wp\/v2\/pages"}],"about":[{"href":"https:\/\/kliniksanktmoritz.ch\/es\/wp-json\/wp\/v2\/types\/page"}],"author":[{"embeddable":true,"href":"https:\/\/kliniksanktmoritz.ch\/es\/wp-json\/wp\/v2\/users\/2"}],"replies":[{"embeddable":true,"href":"https:\/\/kliniksanktmoritz.ch\/es\/wp-json\/wp\/v2\/comments?post=20178"}],"version-history":[{"count":4,"href":"https:\/\/kliniksanktmoritz.ch\/es\/wp-json\/wp\/v2\/pages\/20178\/revisions"}],"predecessor-version":[{"id":20193,"href":"https:\/\/kliniksanktmoritz.ch\/es\/wp-json\/wp\/v2\/pages\/20178\/revisions\/20193"}],"up":[{"embeddable":true,"href":"https:\/\/kliniksanktmoritz.ch\/es\/wp-json\/wp\/v2\/pages\/20173"}],"wp:attachment":[{"href":"https:\/\/kliniksanktmoritz.ch\/es\/wp-json\/wp\/v2\/media?parent=20178"}],"curies":[{"name":"wp","href":"https:\/\/api.w.org\/{rel}","templated":true}]}}