{"id":11851,"date":"2024-08-21T10:37:59","date_gmt":"2024-08-21T09:37:59","guid":{"rendered":"https:\/\/kliniksanktmoritz.ch\/?post_type=product&#038;p=11851"},"modified":"2024-10-02T08:55:30","modified_gmt":"2024-10-02T07:55:30","slug":"pc-300-monitor-multiparametrico","status":"publish","type":"product","link":"https:\/\/kliniksanktmoritz.ch\/es\/producto\/pc-300-monitor-multiparametrico\/","title":{"rendered":"Monitor multiparam\u00e9trico PC-300"},"content":{"rendered":"","protected":false},"excerpt":{"rendered":"<p>Informaci\u00f3n general<\/p>\n<p>Este monitor port\u00e1til es ideal para comprobaciones puntuales en hospitales, cl\u00ednicas y entornos privados para mediciones diarias. Con una bater\u00eda de litio integrada, mide la SpO2, la frecuencia cardiaca, la PSNI (presi\u00f3n arterial no invasiva) y la temperatura. Tambi\u00e9n cuenta con Bluetooth y USB para facilitar la transferencia de datos a tel\u00e9fonos inteligentes o tabletas Android para su posterior an\u00e1lisis.<\/p>\n<p>&nbsp;<\/p>\n<p>Caracter\u00edsticas principales<\/p>\n<p>- Pantalla LCD de 4,3 pulgadas<\/p>\n<p>- Medidas: SpO2, NIBP, frecuencia cardiaca y temperatura<\/p>\n<p>- Almacena hasta 6000 lecturas de PSNI<\/p>\n<p>- Puede almacenar datos de 100 pacientes (hasta 999 lecturas por paciente)<\/p>\n<p>- Sonda auricular para lecturas r\u00e1pidas de temperatura con resultados en 5 segundos<\/p>\n<p>- Bater\u00eda de litio recargable integrada<\/p>\n<p>- Transferencia de datos por Bluetooth<\/p>\n<p>- Se conecta a smartphones y tabletas Android con Bluetooth 4.0 o superior<\/p>\n<p>&nbsp;<\/p>\n<p>GIMApp<\/p>\n<p>El monitor multiparam\u00e9trico port\u00e1til PC-300 se conecta a GIMApp, una innovadora aplicaci\u00f3n gratuita dise\u00f1ada para tel\u00e9fonos inteligentes. La aplicaci\u00f3n funciona con diversos dispositivos m\u00e9dicos para medir la temperatura, la presi\u00f3n arterial, la frecuencia cardiaca, el peso, la composici\u00f3n corporal, la saturaci\u00f3n de ox\u00edgeno, el ECG, el sue\u00f1o, la glucosa en sangre, la actividad f\u00edsica y mucho m\u00e1s. Est\u00e1 disponible en 10 idiomas (GB, FR, IT, ES, DE, NL, GR, PT, RO, PL) y no requiere configuraciones complicadas.<\/p>\n<p>&nbsp;<\/p>\n<p>El paquete est\u00e1ndar incluye<\/p>\n<p>- Sensor de SpO2 para adultos<\/p>\n<p>- Manguito de PSNI para adultos<\/p>\n<p>- Term\u00f3metro de o\u00eddo (sondas no incluidas)<\/p>\n<p>- Bater\u00eda de litio con cargador<\/p>\n<p>- Bolsa de transporte<\/p>\n<p>- Manual de instrucciones: GB, FR, IT, ES<\/p>\n<p>&nbsp;<\/p>\n<p>Informaci\u00f3n t\u00e9cnica<\/p>\n<p>Compatibilidad de plataformas de telemedicina<\/p>\n<p>- iTEL<\/p>\n<p>- Helthia<\/p>\n<p>&nbsp;<\/p>\n<p>Par\u00e1metros de SpO2<\/p>\n<p>- Rango de medici\u00f3n: 35%-100%<\/p>\n<p>- Precisi\u00f3n: \u00b12% (75%-100% SpO2) \/ \u00b13% (50%-74% SpO2)<\/p>\n<p>&nbsp;<\/p>\n<p>Par\u00e1metros de frecuencia card\u00edaca<\/p>\n<p>- Rango de medici\u00f3n: 30-240 lpm<\/p>\n<p>- Precisi\u00f3n: hasta \u00b12%<\/p>\n<p>&nbsp;<\/p>\n<p>Par\u00e1metros NIBP<\/p>\n<p>- Rango NIBP: 0mmHg-300mmHg (0-39,9 KPA)<\/p>\n<p>- Precisi\u00f3n de la presi\u00f3n: \u00b13 mmHg<\/p>\n<p>- Rango sist\u00f3lico: 60mmHg-240mmHg<\/p>\n<p>- Rango diast\u00f3lico: 30mmHg-180mmHg<\/p>\n<p>&nbsp;<\/p>\n<p>Par\u00e1metros de temperatura<\/p>\n<p>- Rango de medici\u00f3n: 32\u00b0C-43\u00b0C<\/p>\n<p>- Precisi\u00f3n: \u00b10,2\u00b0C (35\u00b0C-42\u00b0C), \u00b10,3\u00b0C (otros)<\/p>\n<p>- Tiempo de medici\u00f3n: &lt;5 segundos<\/p>\n<p>&nbsp;<\/p>\n<p>ECG (opcional)<\/p>\n<p>- Rango de frecuencia cardiaca: 30-240 lpm<\/p>\n<p>- Precisi\u00f3n: \u00b12 lpm o \u00b12%, la que sea mayor<\/p>\n<p>- Ganancia de visualizaci\u00f3n: 5,0 mm\/mV \u00b110%<\/p>\n<p>- Relaci\u00f3n de rechazo en modo com\u00fan (CMRR): \u226560 dB<\/p>\n<p>&nbsp;<\/p>\n<p>Glucosa en sangre (opcional)<\/p>\n<p>- Intervalo de medida: 20-600 mg\/dL<\/p>\n<p>&nbsp;<\/p>\n<p>Fuente de alimentaci\u00f3n<\/p>\n<p>- Bater\u00eda: i\u00f3n-litio de 3,7 V (incluida)<\/p>\n<p>- Tensi\u00f3n de funcionamiento: 3,6-4,2 V CC<\/p>\n<p>- Corriente: \u2264800 mA<\/p>\n<p>- Cargador: 100-240 VCA, 50\/60 Hz, 5 VCC o USB<\/p>\n<p>&nbsp;<\/p>\n<p>Tiempo de medici\u00f3n<\/p>\n<p>- &lt;20 segundos para las lecturas<\/p>","protected":false},"featured_media":11852,"template":"","meta":{"_acf_changed":false,"wds_primary_product_brand":0,"wds_primary_product_cat":0,"_wordproof_timestamp":false},"product_brand":[],"product_cat":[113,78],"product_tag":[],"class_list":{"0":"post-11851","1":"product","2":"type-product","3":"status-publish","4":"has-post-thumbnail","6":"product_cat-device","7":"product_cat-digitaltwin","9":"first","10":"instock","11":"shipping-taxable","12":"purchasable","13":"product-type-simple"},"acf":[],"_links":{"self":[{"href":"https:\/\/kliniksanktmoritz.ch\/es\/wp-json\/wp\/v2\/product\/11851","targetHints":{"allow":["GET"]}}],"collection":[{"href":"https:\/\/kliniksanktmoritz.ch\/es\/wp-json\/wp\/v2\/product"}],"about":[{"href":"https:\/\/kliniksanktmoritz.ch\/es\/wp-json\/wp\/v2\/types\/product"}],"wp:featuredmedia":[{"embeddable":true,"href":"https:\/\/kliniksanktmoritz.ch\/es\/wp-json\/wp\/v2\/media\/11852"}],"wp:attachment":[{"href":"https:\/\/kliniksanktmoritz.ch\/es\/wp-json\/wp\/v2\/media?parent=11851"}],"wp:term":[{"taxonomy":"product_brand","embeddable":true,"href":"https:\/\/kliniksanktmoritz.ch\/es\/wp-json\/wp\/v2\/product_brand?post=11851"},{"taxonomy":"product_cat","embeddable":true,"href":"https:\/\/kliniksanktmoritz.ch\/es\/wp-json\/wp\/v2\/product_cat?post=11851"},{"taxonomy":"product_tag","embeddable":true,"href":"https:\/\/kliniksanktmoritz.ch\/es\/wp-json\/wp\/v2\/product_tag?post=11851"}],"curies":[{"name":"wp","href":"https:\/\/api.w.org\/{rel}","templated":true}]}}