{"id":11888,"date":"2024-08-24T15:18:22","date_gmt":"2024-08-24T14:18:22","guid":{"rendered":"https:\/\/kliniksanktmoritz.ch\/?post_type=product&#038;p=11888"},"modified":"2024-10-01T18:33:50","modified_gmt":"2024-10-01T17:33:50","slug":"monitor-multiparametrico-checkme-pro","status":"publish","type":"product","link":"https:\/\/kliniksanktmoritz.ch\/es\/producto\/monitor-multiparametrico-checkme-pro\/","title":{"rendered":"Monitor multiparam\u00e9trico CheckMe Pro"},"content":{"rendered":"","protected":false},"excerpt":{"rendered":"<p>Informaci\u00f3n general<\/p>\n<p>CheckMe Pro Vital Signs es un innovador dispositivo todo en uno que ofrece m\u00faltiples funciones en un \u00fanico dise\u00f1o compacto y port\u00e1til.<\/p>\n<p>&nbsp;<\/p>\n<p>Gracias a su pantalla t\u00e1ctil en color y a su interfaz de f\u00e1cil manejo, es muy f\u00e1cil de usar y cuenta con instrucciones de audio que le guiar\u00e1n a lo largo del proceso. El dispositivo ofrece una precisi\u00f3n cl\u00ednicamente probada y aprobada.<\/p>\n<p>&nbsp;<\/p>\n<p>Aplicaci\u00f3n<\/p>\n<p>El monitor multiparam\u00e9trico CheckMe Pro se conecta a App, una aplicaci\u00f3n gratuita para smartphone dise\u00f1ada para funcionar con diversos dispositivos m\u00e9dicos. Estos pueden medir la temperatura, la tensi\u00f3n arterial, la frecuencia cardiaca, el peso, la composici\u00f3n corporal, la saturaci\u00f3n de ox\u00edgeno, el ECG, el sue\u00f1o, la glucosa en sangre y la actividad f\u00edsica. La aplicaci\u00f3n est\u00e1 disponible en 10 idiomas (GB, FR, IT, ES, DE, NL, GR, PT, RO, PL) y no requiere ninguna configuraci\u00f3n compleja.<\/p>\n<p>&nbsp;<\/p>\n<p>El paquete est\u00e1ndar incluye<\/p>\n<p>- Manual: GB, ES, IT, DE, FR<\/p>\n<p>- Instrucciones de audio: GB, ES, IT, DE, FR, PL, RU, HU<\/p>\n<p>- Software: GB<\/p>\n<p>- App: GB, DE, FR, ES<\/p>\n<p>- Cable de ECG<\/p>\n<p>- Sensor de SpO2<\/p>\n<p>- Electrodos de ECG<\/p>\n<p>- Cable de carga (micro D)<\/p>\n<p>- Correa para el cuello<\/p>\n<p>- Funda protectora<\/p>\n<p>- Mu\u00f1equera<\/p>\n<p>&nbsp;<\/p>\n<p>Informaci\u00f3n t\u00e9cnica<\/p>\n<p>Compatibilidad de plataformas de telemedicina<\/p>\n<p>- Paginemediche (c\u00f3digos 19900000 y 19900001)<\/p>\n<p>- iTEL<\/p>\n<p>- Helthia<\/p>\n<p>&nbsp;<\/p>\n<p>ECG<\/p>\n<p>- Mide ECG con o sin cable<\/p>\n<p>- Frecuencia de muestreo de 500 Hz<\/p>\n<p>- Proporciona una traza de 30\/60 segundos<\/p>\n<p>- El algoritmo profesional devuelve la frecuencia cardiaca, la duraci\u00f3n del QRS, el an\u00e1lisis del segmento ST, el intervalo QT\/QTC y los detalles del ritmo.<\/p>\n<p>&nbsp;<\/p>\n<p>SpO2<\/p>\n<p>- Mide la saturaci\u00f3n de ox\u00edgeno, el pulso y la intensidad del pulso con o sin cable<\/p>\n<p>&nbsp;<\/p>\n<p>Detecci\u00f3n de la apnea del sue\u00f1o<\/p>\n<p>- Monitor de SpO2 para la apnea obstructiva del sue\u00f1o (AOS)<\/p>\n<p>- Registra la SpO2 y el pulso hasta 10 horas<\/p>\n<p>- La aplicaci\u00f3n espec\u00edfica proporciona un an\u00e1lisis detallado de la SpO2<\/p>\n<p>&nbsp;<\/p>\n<p>Medici\u00f3n de la presi\u00f3n arterial por Bluetooth<\/p>\n<p>- (Requiere unidad opcional) Integra todos los datos vitales en tiempo real<\/p>\n<p>&nbsp;<\/p>\n<p>Temperatura<\/p>\n<p>- Medici\u00f3n r\u00e1pida y de alta calidad de la temperatura por infrarrojos<\/p>\n<p>- No es necesario despertar al paciente para las lecturas<\/p>\n<p>&nbsp;<\/p>\n<p>Pod\u00f3metro<\/p>\n<p>- Registra con precisi\u00f3n los pasos, las calor\u00edas y la grasa quemada<\/p>\n<p>- Incorpora un sensor 3D de alta calidad<\/p>\n<p>&nbsp;<\/p>\n<p>Aplicaci\u00f3n espec\u00edfica para iOS y Android<\/p>\n<p>- Todos los datos pueden exportarse por Bluetooth a tel\u00e9fonos inteligentes y tabletas<\/p>\n<p>- Reduce significativamente los costes de las visitas hospitalarias al compartir datos a distancia con los profesionales sanitarios.<\/p>\n<p>Software para PC<\/p>\n<p>- Gestiona los datos recogidos<\/p>\n<p>- Permite exportar datos de pacientes, perfiles, notas y formas de onda de ECG desde el dispositivo CheckMe a un PC a trav\u00e9s de USB (no incluido).<\/p>","protected":false},"featured_media":11889,"template":"","meta":{"_acf_changed":false,"wds_primary_product_brand":0,"wds_primary_product_cat":0,"_wordproof_timestamp":false},"product_brand":[],"product_cat":[113,78],"product_tag":[],"class_list":{"0":"post-11888","1":"product","2":"type-product","3":"status-publish","4":"has-post-thumbnail","6":"product_cat-device","7":"product_cat-digitaltwin","9":"first","10":"instock","11":"shipping-taxable","12":"purchasable","13":"product-type-simple"},"acf":[],"_links":{"self":[{"href":"https:\/\/kliniksanktmoritz.ch\/es\/wp-json\/wp\/v2\/product\/11888","targetHints":{"allow":["GET"]}}],"collection":[{"href":"https:\/\/kliniksanktmoritz.ch\/es\/wp-json\/wp\/v2\/product"}],"about":[{"href":"https:\/\/kliniksanktmoritz.ch\/es\/wp-json\/wp\/v2\/types\/product"}],"wp:featuredmedia":[{"embeddable":true,"href":"https:\/\/kliniksanktmoritz.ch\/es\/wp-json\/wp\/v2\/media\/11889"}],"wp:attachment":[{"href":"https:\/\/kliniksanktmoritz.ch\/es\/wp-json\/wp\/v2\/media?parent=11888"}],"wp:term":[{"taxonomy":"product_brand","embeddable":true,"href":"https:\/\/kliniksanktmoritz.ch\/es\/wp-json\/wp\/v2\/product_brand?post=11888"},{"taxonomy":"product_cat","embeddable":true,"href":"https:\/\/kliniksanktmoritz.ch\/es\/wp-json\/wp\/v2\/product_cat?post=11888"},{"taxonomy":"product_tag","embeddable":true,"href":"https:\/\/kliniksanktmoritz.ch\/es\/wp-json\/wp\/v2\/product_tag?post=11888"}],"curies":[{"name":"wp","href":"https:\/\/api.w.org\/{rel}","templated":true}]}}