{"id":11896,"date":"2024-08-24T15:42:06","date_gmt":"2024-08-24T14:42:06","guid":{"rendered":"https:\/\/kliniksanktmoritz.ch\/?post_type=product&#038;p=11896"},"modified":"2024-10-01T18:30:42","modified_gmt":"2024-10-01T17:30:42","slug":"oxy-9-inalambrico","status":"publish","type":"product","link":"https:\/\/kliniksanktmoritz.ch\/es\/producto\/oxy-9-inalambrico\/","title":{"rendered":"Oxy 9 inal\u00e1mbrico"},"content":{"rendered":"","protected":false},"excerpt":{"rendered":"<p>### Informaci\u00f3n general<\/p>\n<p>Dispositivo\/Registrador<\/p>\n<p>El Pulsiox\u00edmetro Port\u00e1til Oxy 9 utiliza tecnolog\u00eda avanzada para monitorizar la SpO2 (saturaci\u00f3n de ox\u00edgeno) y la PR (frecuencia del pulso) desde tu dedo, midiendo tus niveles de ox\u00edgeno. Tambi\u00e9n funciona como pod\u00f3metro y contador de calor\u00edas. Este dispositivo es adecuado para su uso en diversos entornos, como instituciones m\u00e9dicas, hogares y gimnasios.<\/p>\n<p>&nbsp;<\/p>\n<p>- Muestra el valor de SpO2, el valor de PR y un gr\u00e1fico de barras<\/p>\n<p>- Muestra calor\u00edas, pasos y tiempo<\/p>\n<p>- Pantalla giratoria autom\u00e1tica<\/p>\n<p>- Almacenamiento autom\u00e1tico de los valores de SpO2 y PR<\/p>\n<p>- Incluye un reloj y un indicador de bater\u00eda baja<\/p>\n<p>- Los datos almacenados pueden cargarse en la aplicaci\u00f3n a trav\u00e9s de Bluetooth, que luego se sincroniza con una plataforma en la nube.<\/p>\n<p>&nbsp;<\/p>\n<p>### App<\/p>\n<p>El ox\u00edmetro Oxy 9 se conecta a App, una aplicaci\u00f3n para smartphone gratuita y f\u00e1cil de usar. Est\u00e1 dise\u00f1ada para funcionar con una amplia gama de dispositivos m\u00e9dicos capaces de medir la temperatura, la tensi\u00f3n arterial, el pulso, el peso y la composici\u00f3n corporal, la saturaci\u00f3n de ox\u00edgeno, el ECG, el sue\u00f1o, la glucosa en sangre y la actividad f\u00edsica, entre otras cosas. Est\u00e1 disponible en 10 idiomas (GB, FR, IT, ES, DE, NL, GR, PT, RO, PL) y no requiere ninguna configuraci\u00f3n complicada.<\/p>\n<p>&nbsp;<\/p>\n<p>### An\u00e1lisis de nubes<\/p>\n<p>- A trav\u00e9s del servidor se pueden ajustar par\u00e1metros como el peso, la altura, los objetivos cal\u00f3ricos y la sensibilidad del pod\u00f3metro.<\/p>\n<p>&nbsp;<\/p>\n<p>### Compatibilidad de plataformas de telemedicina<\/p>\n<p>- Plataforma de salud CGM<\/p>\n<p>- Helthia<\/p>\n<p>&nbsp;<\/p>\n<p>### Informaci\u00f3n t\u00e9cnica<\/p>\n<p>SpO2<\/p>\n<p>- Rango: 0~100%<\/p>\n<p>- Precisi\u00f3n: 70~100% \u00b1 2%, 0~69%: sin especificar<\/p>\n<p>&nbsp;<\/p>\n<p>PR<\/p>\n<p>- Rango: 30-250 lpm<\/p>\n<p>- Precisi\u00f3n: \u00b1 2 lpm o \u00b1 2%, la que sea mayor<\/p>\n<p>&nbsp;<\/p>\n<p>Resoluci\u00f3n<\/p>\n<p>- SpO2: 1%<\/p>\n<p>- PR: 1 bpm<\/p>\n<p>&nbsp;<\/p>\n<p>Pod\u00f3metro<\/p>\n<p>- Rango: 0-65.535 pasos<\/p>\n<p>- Resoluci\u00f3n: 1 paso<\/p>\n<p>&nbsp;<\/p>\n<p>- Funci\u00f3n de memoria: Almacena 1.000 series de datos de SpO2 y 224 d\u00edas de datos del pod\u00f3metro.<\/p>\n<p>- Clasificaci\u00f3n de seguridad: Tipo BF parte aplicada<\/p>\n<p>- Medidas con baja perfusi\u00f3n: La SpO2 y la PR son precisas con un \u00edndice de perfusi\u00f3n de 0,4%. El error de SpO2 es \u00b1 4%, el error de PR es \u00b1 2%, el que sea mayor.<\/p>\n<p>- Dimensiones: 58x32xh 34 mm<\/p>\n<p>- Peso: aproximadamente 52 g (incluidas 2 pilas AAA)<\/p>","protected":false},"featured_media":11899,"template":"","meta":{"_acf_changed":false,"wds_primary_product_brand":0,"wds_primary_product_cat":0,"_wordproof_timestamp":false},"product_brand":[],"product_cat":[113,78],"product_tag":[],"class_list":{"0":"post-11896","1":"product","2":"type-product","3":"status-publish","4":"has-post-thumbnail","6":"product_cat-device","7":"product_cat-digitaltwin","9":"first","10":"instock","11":"shipping-taxable","12":"purchasable","13":"product-type-simple"},"acf":[],"_links":{"self":[{"href":"https:\/\/kliniksanktmoritz.ch\/es\/wp-json\/wp\/v2\/product\/11896","targetHints":{"allow":["GET"]}}],"collection":[{"href":"https:\/\/kliniksanktmoritz.ch\/es\/wp-json\/wp\/v2\/product"}],"about":[{"href":"https:\/\/kliniksanktmoritz.ch\/es\/wp-json\/wp\/v2\/types\/product"}],"wp:featuredmedia":[{"embeddable":true,"href":"https:\/\/kliniksanktmoritz.ch\/es\/wp-json\/wp\/v2\/media\/11899"}],"wp:attachment":[{"href":"https:\/\/kliniksanktmoritz.ch\/es\/wp-json\/wp\/v2\/media?parent=11896"}],"wp:term":[{"taxonomy":"product_brand","embeddable":true,"href":"https:\/\/kliniksanktmoritz.ch\/es\/wp-json\/wp\/v2\/product_brand?post=11896"},{"taxonomy":"product_cat","embeddable":true,"href":"https:\/\/kliniksanktmoritz.ch\/es\/wp-json\/wp\/v2\/product_cat?post=11896"},{"taxonomy":"product_tag","embeddable":true,"href":"https:\/\/kliniksanktmoritz.ch\/es\/wp-json\/wp\/v2\/product_tag?post=11896"}],"curies":[{"name":"wp","href":"https:\/\/api.w.org\/{rel}","templated":true}]}}