{"id":11918,"date":"2024-08-24T15:49:38","date_gmt":"2024-08-24T14:49:38","guid":{"rendered":"https:\/\/kliniksanktmoritz.ch\/?post_type=product&#038;p=11918"},"modified":"2024-10-01T19:01:21","modified_gmt":"2024-10-01T18:01:21","slug":"kit-saturimetro-oxy-10-con-sensor-adulto-incorporado-sensor-neonatal-y-pediatrico-a-clip","status":"publish","type":"product","link":"https:\/\/kliniksanktmoritz.ch\/es\/producto\/kit-saturimetro-oxy-10-con-sensor-adulto-incorporado-sensor-neonatal-y-pediatrico-a-clip\/","title":{"rendered":"KIT saturimetro Oxy 10 con sensor adulto incorporado, sensor neonatal y pedi\u00e1trico con clip"},"content":{"rendered":"","protected":false},"excerpt":{"rendered":"<p>Informaci\u00f3n general<\/p>\n<p>&nbsp;<\/p>\n<p>El OXY 10 es un pulsiox\u00edmetro con sensor incorporado para adultos que mide la frecuencia cardiaca, la SpO2 y el \u00edndice de perfusi\u00f3n. Tiene dos caracter\u00edsticas clave que lo hacen destacar:<\/p>\n<ol>\n<li>Tambi\u00e9n puede utilizarse en ni\u00f1os y beb\u00e9s, gracias a los sensores externos reutilizables incluidos.<\/li>\n<li>Permite la transferencia inal\u00e1mbrica de datos a un PC con Windows XP o Seven.<\/li>\n<\/ol>\n<p>&nbsp;<\/p>\n<p>OXY 10 incluye alarmas personalizables y funciones de encendido y apagado autom\u00e1ticos. Fiable, vers\u00e1til y avanzado, el OXY 10 est\u00e1 dise\u00f1ado para satisfacer diversas necesidades en una \u00fanica soluci\u00f3n.<\/p>\n<p>&nbsp;<\/p>\n<p>Aplicaci\u00f3n<\/p>\n<p>El pulsiox\u00edmetro OXY 10 se conecta a la App, una innovadora aplicaci\u00f3n gratuita para smartphone compatible con diversos dispositivos m\u00e9dicos. Permite medir la temperatura, la tensi\u00f3n arterial, la frecuencia cardiaca, el peso, la composici\u00f3n corporal, la saturaci\u00f3n de ox\u00edgeno, el ECG, el sue\u00f1o, el az\u00facar en sangre, la actividad f\u00edsica y mucho m\u00e1s. La aplicaci\u00f3n es f\u00e1cil de configurar y est\u00e1 disponible en 10 idiomas (GB, FR, IT, ES, DE, NL, GR, PT, RO, PL).<\/p>\n<p>&nbsp;<\/p>\n<p>Compatibilidad de plataformas de telemedicina<\/p>\n<p>- Plataforma de salud CGM<\/p>\n<p>- iTEL<\/p>\n<p>- Helthia<\/p>\n<p>&nbsp;<\/p>\n<p>Accesorios est\u00e1ndar<\/p>\n<p>- Pulsiox\u00edmetro OXY 10<\/p>\n<p>- Clip sensor de SpO2 pedi\u00e1trico reutilizable<\/p>\n<p>- Sensor de SpO2 neonatal reutilizable<\/p>\n<p>&nbsp;<\/p>\n<p>Informaci\u00f3n t\u00e9cnica<\/p>\n<p>- Transmisi\u00f3n inal\u00e1mbrica de datos a PC, tel\u00e9fono m\u00f3vil o PDA<\/p>\n<p>- Pantalla OLED en color con rotaci\u00f3n de 360<\/p>\n<p>- Par\u00e1metros medidos: SpO2, frecuencia cardiaca, PI y curva pletismogr\u00e1fica.<\/p>\n<p>- Funci\u00f3n de encendido y apagado autom\u00e1tico<\/p>\n<p>- Alarmas visuales y ac\u00fasticas (ajustes personalizables)<\/p>\n<p>- Pitido audible con cada latido<\/p>\n<p>- Indicador de bater\u00eda baja<\/p>\n<p>- Puede utilizarse con sensores externos<\/p>\n<p>- Rango de medici\u00f3n:<\/p>\n<p>- SpO2: 85% a 99%<\/p>\n<p>- Pulso: de 30 lpm a 240 lpm<\/p>\n<p>- \u00cdndice de perfusi\u00f3n: 0,2% a 20%<\/p>\n<p>- Precisi\u00f3n:<\/p>\n<p>- SpO2: \u00b1 3% (para saturaci\u00f3n entre 70% y 100%)<\/p>\n<p>- Frecuencia de pulso: \u00b1 2 lpm<\/p>\n<p>- Dimensiones: 60 x 33 x 30 mm<\/p>\n<p>- Peso: 35 g (pilas incluidas)<\/p>\n<p>- Fuente de alimentaci\u00f3n: 2 pilas alcalinas AAA<\/p>","protected":false},"featured_media":11903,"template":"","meta":{"_acf_changed":false,"wds_primary_product_brand":0,"wds_primary_product_cat":0,"_wordproof_timestamp":false},"product_brand":[],"product_cat":[113,78],"product_tag":[],"class_list":{"0":"post-11918","1":"product","2":"type-product","3":"status-publish","4":"has-post-thumbnail","6":"product_cat-device","7":"product_cat-digitaltwin","9":"first","10":"instock","11":"shipping-taxable","12":"purchasable","13":"product-type-simple"},"acf":[],"_links":{"self":[{"href":"https:\/\/kliniksanktmoritz.ch\/es\/wp-json\/wp\/v2\/product\/11918","targetHints":{"allow":["GET"]}}],"collection":[{"href":"https:\/\/kliniksanktmoritz.ch\/es\/wp-json\/wp\/v2\/product"}],"about":[{"href":"https:\/\/kliniksanktmoritz.ch\/es\/wp-json\/wp\/v2\/types\/product"}],"wp:featuredmedia":[{"embeddable":true,"href":"https:\/\/kliniksanktmoritz.ch\/es\/wp-json\/wp\/v2\/media\/11903"}],"wp:attachment":[{"href":"https:\/\/kliniksanktmoritz.ch\/es\/wp-json\/wp\/v2\/media?parent=11918"}],"wp:term":[{"taxonomy":"product_brand","embeddable":true,"href":"https:\/\/kliniksanktmoritz.ch\/es\/wp-json\/wp\/v2\/product_brand?post=11918"},{"taxonomy":"product_cat","embeddable":true,"href":"https:\/\/kliniksanktmoritz.ch\/es\/wp-json\/wp\/v2\/product_cat?post=11918"},{"taxonomy":"product_tag","embeddable":true,"href":"https:\/\/kliniksanktmoritz.ch\/es\/wp-json\/wp\/v2\/product_tag?post=11918"}],"curies":[{"name":"wp","href":"https:\/\/api.w.org\/{rel}","templated":true}]}}