{"id":11919,"date":"2024-08-24T15:54:06","date_gmt":"2024-08-24T14:54:06","guid":{"rendered":"https:\/\/kliniksanktmoritz.ch\/?post_type=product&#038;p=11919"},"modified":"2024-09-01T11:40:09","modified_gmt":"2024-09-01T10:40:09","slug":"saturimetro-o2ring-adulti","status":"publish","type":"product","link":"https:\/\/kliniksanktmoritz.ch\/es\/producto\/saturimetro-o2ring-adulti\/","title":{"rendered":"Saturimetro O2Ring - Adulti"},"content":{"rendered":"","protected":false},"excerpt":{"rendered":"<p>**O2Ring: Un pulsiox\u00edmetro port\u00e1til, adaptable y fiable**<\/p>\n<p>O2Ring es un innovador pulsiox\u00edmetro port\u00e1til dise\u00f1ado para controlar la frecuencia cardiaca, la saturaci\u00f3n de ox\u00edgeno y el \u00edndice de perfusi\u00f3n.<\/p>\n<p>**\u00bfQu\u00e9 es el \u00edndice de perfusi\u00f3n?<br \/>\nEl \u00cdndice de Perfusi\u00f3n es un valor num\u00e9rico que indica la intensidad del pulso en la ubicaci\u00f3n del sensor. Se trata de un valor relativo que var\u00eda de un paciente a otro y en funci\u00f3n de d\u00f3nde se coloque el sensor. Un valor de PI superior a 4% se considera fiable para la medici\u00f3n.<\/p>\n<p>**Aplicaciones cl\u00ednicas: Por qu\u00e9 es importante vigilar la IP**<br \/>\n- La parte del cuerpo con el valor PI m\u00e1s alto es el punto \u00f3ptimo para detectar los par\u00e1metros SpO2 y BPM, lo que garantiza un mejor rendimiento incluso cuando el paciente se mueve.<br \/>\n- Detecta f\u00e1cilmente los cambios en las condiciones fisiol\u00f3gicas.<br \/>\n- Proporciona una comprobaci\u00f3n superficial de la influencia del sistema nervioso simp\u00e1tico sobre el tono muscular.<\/p>\n<p>**Controle los niveles de ox\u00edgeno en cualquier momento y lugar**.<br \/>\n- C\u00f3modo de llevar<br \/>\n- Registra los niveles de ox\u00edgeno y la frecuencia cardiaca<br \/>\n- Vibra si se detectan niveles bajos de SpO2<br \/>\n- Bater\u00eda recargable para uso nocturno<br \/>\n- Sincronizaci\u00f3n en tiempo real con la aplicaci\u00f3n a trav\u00e9s de Bluetooth<\/p>\n<p>**Registro nocturno del nivel de ox\u00edgeno**<br \/>\nDurante el sue\u00f1o, si se detectan niveles bajos de saturaci\u00f3n o una frecuencia cardiaca anormal, el O2Ring vibrar\u00e1 inmediatamente para avisarte. Tras sincronizarlo con la app de grabaci\u00f3n, podr\u00e1s ver tendencias y an\u00e1lisis.<\/p>\n<p>**App**<br \/>\nEl ox\u00edmetro O2Ring se conecta a una innovadora aplicaci\u00f3n gratuita para smartphone dise\u00f1ada para funcionar con diversos dispositivos m\u00e9dicos. Puede medir la temperatura, la presi\u00f3n arterial, la frecuencia cardiaca, los componentes corporales, la saturaci\u00f3n, el ECG, el sue\u00f1o, el az\u00facar en sangre, la actividad f\u00edsica y mucho m\u00e1s, sin configuraciones ni ajustes complejos. Disponible en 10 idiomas (ingl\u00e9s, franc\u00e9s, italiano, espa\u00f1ol, alem\u00e1n, neerland\u00e9s, griego, portugu\u00e9s, rumano y polaco).<\/p>\n<p>**Equipamiento est\u00e1ndar**<br \/>\n- Cable de carga y transferencia de datos<br \/>\n- Manual en ingl\u00e9s (el software puede descargarse en l\u00ednea)<\/p>\n<p>**Informaci\u00f3n t\u00e9cnica<br \/>\n**Saturaci\u00f3n de ox\u00edgeno.<br \/>\n- Gama: 70-99%<br \/>\n- Precisi\u00f3n: 80-99%: \u00b12%, 70-79%: \u00b13%<\/p>\n<p>**Ritmo card\u00edaco**<br \/>\n- Rango: 30 a 250 lpm - \u00b12 lpm o \u00b12%<\/p>\n<p>**Ajustes de vibraci\u00f3n**: saturaci\u00f3n baja, frecuencia cardiaca alta\/baja<br \/>\n**Par\u00e1metros registrados**: saturaci\u00f3n, frecuencia cardiaca, ejercicio<br \/>\n**Peso**: 15 g<br \/>\n**Dimensiones**: Dispositivo 38x30x38 mm; Anillo 50-82 mm<br \/>\n**Memoria integrada**: 4 grabaciones, hasta 10 horas por grabaci\u00f3n<br \/>\n**Bater\u00eda**: litio recargable 3,7 Vcc<br \/>\n**Tiempo de uso**: 12-16 horas<br \/>\n**Tiempo de carga**: 2-3 horas<br \/>\n**Inal\u00e1mbrico**: Bluetooth 4.0 BLE<br \/>\n**Compatibilidad**: iOS 9.0+; Android 5.0+<\/p>\n<p>**Protecci\u00f3n**<br \/>\n- Descarga el\u00e9ctrica: Tipo BF<br \/>\n- Electromagn\u00e9tico: Grupo I, Clase B<br \/>\n- Polvo y agua: IP24<\/p>\n<p>&nbsp;<\/p>\n<p>Informaci\u00f3n general<br \/>\nO2Ring es un innovador medidor de saturaci\u00f3n indetectable, adaptable y fiable, dise\u00f1ado para monitorizar el ritmo card\u00edaco, la saturaci\u00f3n del ox\u00edgeno y el \u00edndice de perfusi\u00f3n.<\/p>\n<p>\u00bfQu\u00e9 es el \u00cdndice de Perfusi\u00f3n?<br \/>\nEl PI es un valor num\u00e9rico que indica la intensidad de la pulsaci\u00f3n en el punto en el que est\u00e1 situado el sensor. Es un valor relativo que var\u00eda de un paciente a otro y en funci\u00f3n de la zona en la que est\u00e9 colocado el sensor. Para valores superiores a 4%, se considera que la medici\u00f3n es aceptable.<\/p>\n<p>Aplicaciones cl\u00ednicas: importancia de la monitorizaci\u00f3n de la IP<br \/>\n- El punto del cuerpo en el que el valor de PI es m\u00e1s elevado es el lugar \u00f3ptimo para la medici\u00f3n de los par\u00e1metros SpO2 y BPM. Los resultados son mejores incluso en caso de movimiento del paciente.<br \/>\n- F\u00e1cil detecci\u00f3n de posibles cambios en las condiciones fisiol\u00f3gicas<br \/>\n- Control superficial del sistema nervioso simp\u00e1tico que influye en el tono muscular<\/p>\n<p>Controla el nivel de ossigeno donde est\u00e9s, cuando est\u00e9s<br \/>\n- confortevole<br \/>\n- registra el nivel de osigeno y el ritmo cardiaco<br \/>\n- vibraci\u00f3n en caso de nivel bajo de SpO2<br \/>\n- bater\u00eda recargable para uso en exteriores<br \/>\n- sincronizaci\u00f3n en tiempo real con la aplicaci\u00f3n mediante Bluetooth<\/p>\n<p>Registro del nivel de osigeno notturno<br \/>\nDurante el sue\u00f1o, cuando se produce un nivel bajo de saturaci\u00f3n o un paro card\u00edaco anormal, el O2Ring vibrar\u00e1 inmediatamente. Despu\u00e9s de sincronizar la aplicaci\u00f3n de registro, ser\u00e1 posible visualizar las tendencias y los an\u00e1lisis.<\/p>\n<p>Aplicaci\u00f3n<br \/>\nEl satur\u00f3metro O2Ring se conecta a App, una innovadora aplicaci\u00f3n gratuita para smartphone, dise\u00f1ada para funcionar con diversos y m\u00faltiples dispositivos m\u00e9dicos capaces de medir temperatura, presi\u00f3n arterial, frecuencia cardiaca, peso y componentes corporales, saturaci\u00f3n, ECG, son\u00f3metro, glicemia, actividad f\u00edsica y mucho m\u00e1s, sin configuraciones ni imposiciones complejas, y disponible en 10 idiomas (GB, FR, IT, ES, DE, NL, GR, PT, RO, PL).<br \/>\nDotazione standard<br \/>\n- Conexi\u00f3n para la recogida y el almacenamiento de datos<br \/>\n- Manuale: GB (il software pu\u00f2 essere scaricato online)<\/p>\n<p>Informaci\u00f3n t\u00e9cnica<br \/>\nSaturazione<br \/>\n- Gama: 70-99%<br \/>\n- Precisi\u00f3n: 80-99%: \u00b12%, 70-79%: \u00b13%<\/p>\n<p>Frecuencia cardiaca<br \/>\n- Rango: de 30 a 250 lpm - \u00b12 lpm o \u00b12%<\/p>\n<p>- Imposici\u00f3n de vibraci\u00f3n: baja saturaci\u00f3n, alta\/baja frecuencia cardiaca<br \/>\n- Par\u00e1metros registrados: saturaci\u00f3n, frecuencia cardiaca, ejercicio<br \/>\n- Peso: 15 g<br \/>\n- Dimensiones: dispositivo 38x30x38 mm; anillo 50-82 mm<br \/>\n- Memoria integrada: 4 registros, hasta 10 horas por registro<br \/>\n- Bater\u00eda: recargable al litio 3,7 Vcc<br \/>\n- Tiempo de uso: 12-16 horas<br \/>\n- Tiempo de recogida: 2-3 horas<br \/>\n- Inal\u00e1mbrico: Bluetooth 4.0 BLE<br \/>\n- Compatibilidad: iOS 9.0+; Android 5.0+<\/p>\n<p>Protecci\u00f3n<br \/>\n- Choque el\u00e9ctrico: Tipo BF<br \/>\n- Elettromagnetica: Gruppo I, Classe B<br \/>\n- Polvo y agua: IP24<\/p>","protected":false},"featured_media":11905,"template":"","meta":{"_acf_changed":false,"wds_primary_product_brand":0,"wds_primary_product_cat":0,"_wordproof_timestamp":false},"product_brand":[],"product_cat":[113,78],"product_tag":[],"class_list":{"0":"post-11919","1":"product","2":"type-product","3":"status-publish","4":"has-post-thumbnail","6":"product_cat-device","7":"product_cat-digitaltwin","9":"first","10":"instock","11":"shipping-taxable","12":"purchasable","13":"product-type-simple"},"acf":[],"_links":{"self":[{"href":"https:\/\/kliniksanktmoritz.ch\/es\/wp-json\/wp\/v2\/product\/11919","targetHints":{"allow":["GET"]}}],"collection":[{"href":"https:\/\/kliniksanktmoritz.ch\/es\/wp-json\/wp\/v2\/product"}],"about":[{"href":"https:\/\/kliniksanktmoritz.ch\/es\/wp-json\/wp\/v2\/types\/product"}],"wp:featuredmedia":[{"embeddable":true,"href":"https:\/\/kliniksanktmoritz.ch\/es\/wp-json\/wp\/v2\/media\/11905"}],"wp:attachment":[{"href":"https:\/\/kliniksanktmoritz.ch\/es\/wp-json\/wp\/v2\/media?parent=11919"}],"wp:term":[{"taxonomy":"product_brand","embeddable":true,"href":"https:\/\/kliniksanktmoritz.ch\/es\/wp-json\/wp\/v2\/product_brand?post=11919"},{"taxonomy":"product_cat","embeddable":true,"href":"https:\/\/kliniksanktmoritz.ch\/es\/wp-json\/wp\/v2\/product_cat?post=11919"},{"taxonomy":"product_tag","embeddable":true,"href":"https:\/\/kliniksanktmoritz.ch\/es\/wp-json\/wp\/v2\/product_tag?post=11919"}],"curies":[{"name":"wp","href":"https:\/\/api.w.org\/{rel}","templated":true}]}}