{"id":11920,"date":"2024-08-24T15:55:18","date_gmt":"2024-08-24T14:55:18","guid":{"rendered":"https:\/\/kliniksanktmoritz.ch\/?post_type=product&#038;p=11920"},"modified":"2024-10-01T18:48:20","modified_gmt":"2024-10-01T17:48:20","slug":"sfigmomanometro-digitale-gima-bluetooth","status":"publish","type":"product","link":"https:\/\/kliniksanktmoritz.ch\/es\/producto\/sfigmomanometro-digitale-gima-bluetooth\/","title":{"rendered":"Esfigmoman\u00f3metro digital GIMA Bluetooth"},"content":{"rendered":"","protected":false},"excerpt":{"rendered":"<p>Informaci\u00f3n general<\/p>\n<p>&nbsp;<\/p>\n<p>El tensi\u00f3metro digital Bluetooth GIMA cuenta con una innovadora tecnolog\u00eda sin tubo y un dise\u00f1o superfino. Mide la presi\u00f3n arterial y la frecuencia cardiaca, al tiempo que detecta latidos irregulares y movimientos corporales excesivos.<\/p>\n<p>&nbsp;<\/p>\n<p>- Gran pantalla LCD (86\u00d724 mm) con retroiluminaci\u00f3n azul<\/p>\n<p>- C\u00f3modo manguito para circunferencia de brazo de 22\u00d742 cm (exterior de nailon, interior de poli\u00e9ster para el contacto con la piel)<\/p>\n<p>- Muestra la fecha, la hora y el indicador de bater\u00eda baja<\/p>\n<p>- Memoria para 2 usuarios<\/p>\n<p>&nbsp;<\/p>\n<p>Compatibilidad de aplicaciones<\/p>\n<p>El tensi\u00f3metro digital GIMA se conecta a la App, una aplicaci\u00f3n gratuita para smartphone dise\u00f1ada para funcionar con m\u00faltiples dispositivos m\u00e9dicos. Mide la temperatura, la presi\u00f3n arterial, la frecuencia cardiaca, el peso, la composici\u00f3n corporal, la saturaci\u00f3n de ox\u00edgeno (SpO2), el ECG, el sue\u00f1o, el az\u00facar en sangre, la actividad f\u00edsica y mucho m\u00e1s, todo ello sin complicadas configuraciones. Disponible en 10 idiomas (GB, FR, IT, ES, DE, NL, GR, PT, RO, PL).<\/p>\n<p>&nbsp;<\/p>\n<p>Compatibilidad de dispositivos:<\/p>\n<p>- Dispositivos iOS: Requiere iOS 8 o posterior.<\/p>\n<p>- Dispositivos Android: Requiere Android 4.3 o posterior<\/p>\n<p>&nbsp;<\/p>\n<p>Compatibilidad de plataformas de telemedicina:<\/p>\n<p>- iTEL<\/p>\n<p>- Plataforma de salud CGM<\/p>\n<p>&nbsp;<\/p>\n<p>Informaci\u00f3n t\u00e9cnica:<\/p>\n<p>- Dimensiones: 131 x 72 x 29,4 mm<\/p>\n<p>- Detecci\u00f3n de latidos irregulares<\/p>\n<p>- Detecci\u00f3n de movimientos corporales<\/p>\n<p>- Memoria: Almacena 60 lecturas por usuario (2 usuarios)<\/p>\n<p>- M\u00e9todo de medici\u00f3n: Oscilom\u00e9trico<\/p>\n<p>- Rango de medici\u00f3n: 0-299 mmHg<\/p>\n<p>- Tensi\u00f3n arterial: SYS 60-230 mmHg; DIA 40-130 mmHg; Pulso: 40-199 lpm<\/p>\n<p>- Botones f\u00edsicos: Usuario 1, Usuario 2, Consulta, Encendido<\/p>\n<p>- Fuente de alimentaci\u00f3n: Bater\u00eda de pol\u00edmero de litio recargable integrada (3,7 V, 1000 mAh)<\/p>\n<p>- Duraci\u00f3n de la bater\u00eda: 2 a\u00f1os<\/p>\n<p>- Capacidad de carga: Hasta 300 lecturas por carga<\/p>\n<p>- Cargador de red (incluido): Entrada 100-240V, 50-60Hz<\/p>","protected":false},"featured_media":11910,"template":"","meta":{"_acf_changed":false,"wds_primary_product_brand":0,"wds_primary_product_cat":0,"_wordproof_timestamp":false},"product_brand":[],"product_cat":[113,78],"product_tag":[],"class_list":{"0":"post-11920","1":"product","2":"type-product","3":"status-publish","4":"has-post-thumbnail","6":"product_cat-device","7":"product_cat-digitaltwin","9":"first","10":"instock","11":"shipping-taxable","12":"purchasable","13":"product-type-simple"},"acf":[],"_links":{"self":[{"href":"https:\/\/kliniksanktmoritz.ch\/es\/wp-json\/wp\/v2\/product\/11920","targetHints":{"allow":["GET"]}}],"collection":[{"href":"https:\/\/kliniksanktmoritz.ch\/es\/wp-json\/wp\/v2\/product"}],"about":[{"href":"https:\/\/kliniksanktmoritz.ch\/es\/wp-json\/wp\/v2\/types\/product"}],"wp:featuredmedia":[{"embeddable":true,"href":"https:\/\/kliniksanktmoritz.ch\/es\/wp-json\/wp\/v2\/media\/11910"}],"wp:attachment":[{"href":"https:\/\/kliniksanktmoritz.ch\/es\/wp-json\/wp\/v2\/media?parent=11920"}],"wp:term":[{"taxonomy":"product_brand","embeddable":true,"href":"https:\/\/kliniksanktmoritz.ch\/es\/wp-json\/wp\/v2\/product_brand?post=11920"},{"taxonomy":"product_cat","embeddable":true,"href":"https:\/\/kliniksanktmoritz.ch\/es\/wp-json\/wp\/v2\/product_cat?post=11920"},{"taxonomy":"product_tag","embeddable":true,"href":"https:\/\/kliniksanktmoritz.ch\/es\/wp-json\/wp\/v2\/product_tag?post=11920"}],"curies":[{"name":"wp","href":"https:\/\/api.w.org\/{rel}","templated":true}]}}