{"id":11921,"date":"2024-08-24T15:57:19","date_gmt":"2024-08-24T14:57:19","guid":{"rendered":"https:\/\/kliniksanktmoritz.ch\/?post_type=product&#038;p=11921"},"modified":"2024-10-01T18:46:46","modified_gmt":"2024-10-01T17:46:46","slug":"unidad-de-presion-de-mezcla","status":"publish","type":"product","link":"https:\/\/kliniksanktmoritz.ch\/es\/producto\/unidad-de-presion-de-mezcla\/","title":{"rendered":"Unidad de medici\u00f3n de presi\u00f3n"},"content":{"rendered":"","protected":false},"excerpt":{"rendered":"<p>Informaci\u00f3n general<\/p>\n<p>&nbsp;<\/p>\n<p>Se trata de un dispositivo port\u00e1til inteligente para medir la tensi\u00f3n arterial.<\/p>\n<p>&nbsp;<\/p>\n<p>- Una carga de bater\u00eda proporciona hasta 1.000 mediciones<\/p>\n<p>- F\u00e1cil de usar, duradero y robusto<\/p>\n<p>- Medidas de calidad profesional<\/p>\n<p>- Funciona a la perfecci\u00f3n con tu smartphone<\/p>\n<p>- Columna de mercurio virtual en tiempo real en la aplicaci\u00f3n durante la medici\u00f3n<\/p>\n<p>- Forma de onda de la frecuencia cardiaca en tiempo real<\/p>\n<p>- Admite la gesti\u00f3n de varios pacientes<\/p>\n<p>- Grabaci\u00f3n ilimitada de datos<\/p>\n<p>&nbsp;<\/p>\n<p>Lecturas:<\/p>\n<p>- Presi\u00f3n sist\u00f3lica, presi\u00f3n diast\u00f3lica, frecuencia cardiaca<\/p>\n<p>- Presi\u00f3n de pulso, PAM (presi\u00f3n arterial media)<\/p>\n<p>- Detecci\u00f3n de latidos irregulares<\/p>\n<p>&nbsp;<\/p>\n<p>El paquete est\u00e1ndar incluye:<\/p>\n<p>- Tensi\u00f3metro<\/p>\n<p>- Cable de carga<\/p>\n<p>- Manual multiling\u00fce (GB, FR, IT, ES, DE)<\/p>\n<p>&nbsp;<\/p>\n<p>Informaci\u00f3n t\u00e9cnica:<\/p>\n<p>- Tama\u00f1o del pu\u00f1o: Circunferencia del brazo 22-42 cm<\/p>\n<p>- Inal\u00e1mbrico: Bluetooth 4.0 BLE<\/p>\n<p>- Entrada de carga: Micro USB, 5 V CC<\/p>\n<p>- Duraci\u00f3n de la bater\u00eda: 1000 mediciones, recargable<\/p>\n<p>- Rango de medici\u00f3n de la presi\u00f3n: 0-300 mmHg \u00b13 mmHg<\/p>\n<p>- Rango de frecuencia cardiaca: 40-200 lpm \u00b12 lpm<\/p>\n<p>- Compatibilidad con aplicaciones m\u00f3viles:<\/p>\n<p>- iOS: iOS 9.0 o superior, iPhone 4s\/iPad 3 o superior<\/p>\n<p>- Android: Android 4.4 o superior, con Bluetooth 4.0 BLE<\/p>\n<p>- Dimensiones: 68\u00d720 mm (m\u00f3dulo)<\/p>\n<p>- Peso: 30 g (m\u00f3dulo)<\/p>\n<p>- Precisi\u00f3n cl\u00ednica: Cumple la norma IEC 80601-2-30<\/p>","protected":false},"featured_media":11914,"template":"","meta":{"_acf_changed":false,"wds_primary_product_brand":0,"wds_primary_product_cat":0,"_wordproof_timestamp":false},"product_brand":[],"product_cat":[113,78,69],"product_tag":[],"class_list":{"0":"post-11921","1":"product","2":"type-product","3":"status-publish","4":"has-post-thumbnail","6":"product_cat-device","7":"product_cat-digitaltwin","8":"product_cat-uncategorized","10":"first","11":"instock","12":"shipping-taxable","13":"purchasable","14":"product-type-simple"},"acf":[],"_links":{"self":[{"href":"https:\/\/kliniksanktmoritz.ch\/es\/wp-json\/wp\/v2\/product\/11921","targetHints":{"allow":["GET"]}}],"collection":[{"href":"https:\/\/kliniksanktmoritz.ch\/es\/wp-json\/wp\/v2\/product"}],"about":[{"href":"https:\/\/kliniksanktmoritz.ch\/es\/wp-json\/wp\/v2\/types\/product"}],"wp:featuredmedia":[{"embeddable":true,"href":"https:\/\/kliniksanktmoritz.ch\/es\/wp-json\/wp\/v2\/media\/11914"}],"wp:attachment":[{"href":"https:\/\/kliniksanktmoritz.ch\/es\/wp-json\/wp\/v2\/media?parent=11921"}],"wp:term":[{"taxonomy":"product_brand","embeddable":true,"href":"https:\/\/kliniksanktmoritz.ch\/es\/wp-json\/wp\/v2\/product_brand?post=11921"},{"taxonomy":"product_cat","embeddable":true,"href":"https:\/\/kliniksanktmoritz.ch\/es\/wp-json\/wp\/v2\/product_cat?post=11921"},{"taxonomy":"product_tag","embeddable":true,"href":"https:\/\/kliniksanktmoritz.ch\/es\/wp-json\/wp\/v2\/product_tag?post=11921"}],"curies":[{"name":"wp","href":"https:\/\/api.w.org\/{rel}","templated":true}]}}