{"id":11922,"date":"2024-08-24T15:58:44","date_gmt":"2024-08-24T14:58:44","guid":{"rendered":"https:\/\/kliniksanktmoritz.ch\/?post_type=product&#038;p=11922"},"modified":"2024-10-01T18:44:56","modified_gmt":"2024-10-01T17:44:56","slug":"omron-m4-intelli-it","status":"publish","type":"product","link":"https:\/\/kliniksanktmoritz.ch\/es\/producto\/omron-m4-intelli-it\/","title":{"rendered":"Omron M4 Intelli IT"},"content":{"rendered":"","protected":false},"excerpt":{"rendered":"<p>Informaci\u00f3n general<\/p>\n<p>&nbsp;<\/p>\n<p>El tensi\u00f3metro OMRON M4 Intelli IT simplifica el control dom\u00e9stico de la hipertensi\u00f3n. Transfiere autom\u00e1ticamente sus lecturas a su smartphone a trav\u00e9s de Bluetooth y tambi\u00e9n se puede utilizar con Alexa.<\/p>\n<p>&nbsp;<\/p>\n<p>Es f\u00e1cil obtener resultados precisos. S\u00f3lo tiene que colocarse el brazalete Intelli Wrap alrededor de la parte superior del brazo y el dispositivo le guiar\u00e1 para asegurarse de que est\u00e1 colocado correctamente. Para obtener una lectura precisa, es importante permanecer quieto, pero si te mueves, el detector de movimiento corporal te avisar\u00e1 de cualquier movimiento que pueda afectar a los resultados.<\/p>\n<p>&nbsp;<\/p>\n<p>Las lecturas de la tensi\u00f3n arterial se muestran en la gran pantalla LCD, junto con la frecuencia cardiaca y los indicadores de tensi\u00f3n arterial alta o latidos irregulares.<\/p>\n<p>&nbsp;<\/p>\n<p>Para realizar un seguimiento de su presi\u00f3n arterial a lo largo del tiempo, puede almacenar todas sus lecturas en su smartphone mediante la aplicaci\u00f3n OMRON connect.<\/p>\n<p>&nbsp;<\/p>\n<p>El OMRON M4 Intelli IT cuenta con conectividad Bluetooth, lo que garantiza que sus resultados se actualicen autom\u00e1ticamente en la aplicaci\u00f3n. Incluso puedes pedirle a Alexa tu \u00faltima lectura de presi\u00f3n arterial o comparar promedios a lo largo del tiempo.<\/p>\n<p>&nbsp;<\/p>\n<p>Este dispositivo forma parte del sistema inteligente OMRON, que ayuda a mantener la salud del coraz\u00f3n. La aplicaci\u00f3n OMRON connect vincula los tensi\u00f3metros OMRON con VIVA, un monitor inteligente de composici\u00f3n corporal, para que conozcas mejor los factores que afectan a la salud del coraz\u00f3n.<\/p>\n<p>&nbsp;<\/p>\n<p>El paquete est\u00e1ndar incluye:<\/p>\n<p>- Tensi\u00f3metro OMRON M4 Intelli IT<\/p>\n<p>- Pu\u00f1o Intelli Wrap (22-42 cm)<\/p>\n<p>- Manuales de instrucciones 1 y 2<\/p>\n<p>- Instrucciones de instalaci\u00f3n<\/p>\n<p>- Pilas y bolsa de transporte<\/p>\n<p>&nbsp;<\/p>\n<p>Informaci\u00f3n t\u00e9cnica:<\/p>\n<p>- Tipo de aparato: Tensi\u00f3metro de brazo<\/p>\n<p>- Tipo de manguito: Brazalete Intelli Wrap (22-42 cm)<\/p>\n<p>- Memoria: 2 usuarios x 60 lecturas<\/p>\n<p>- Gu\u00eda de posicionamiento del manguito: S\u00ed<\/p>\n<p>- Indicador de color de hipertensi\u00f3n de f\u00e1cil lectura: S\u00ed<\/p>\n<p>- Detecci\u00f3n de latidos irregulares: S\u00ed<\/p>\n<p>- Detecci\u00f3n de movimiento corporal: S\u00ed<\/p>\n<p>- Validaci\u00f3n: Cl\u00ednicamente validado, adecuado para la diabetes y el embarazo.<\/p>\n<p>- Tecnolog\u00eda IntelliSense: S\u00ed<\/p>\n<p>- Funda de transporte incluida: S\u00ed<\/p>\n<p>- Uso particular o profesional: Consumidor<\/p>\n<p>- Conectividad: Bluetooth activado<\/p>\n<p>- Compatibilidad con aplicaciones m\u00f3viles: Funciona con la aplicaci\u00f3n OMRON connect<\/p>\n<p>- Peso: 0,34 kg<\/p>\n<p>- Dimensiones: 105 x 152 x 85 mm<\/p>","protected":false},"featured_media":11897,"template":"","meta":{"_acf_changed":false,"wds_primary_product_brand":0,"wds_primary_product_cat":0,"_wordproof_timestamp":false},"product_brand":[],"product_cat":[113,78],"product_tag":[],"class_list":{"0":"post-11922","1":"product","2":"type-product","3":"status-publish","4":"has-post-thumbnail","6":"product_cat-device","7":"product_cat-digitaltwin","9":"first","10":"instock","11":"shipping-taxable","12":"purchasable","13":"product-type-simple"},"acf":[],"_links":{"self":[{"href":"https:\/\/kliniksanktmoritz.ch\/es\/wp-json\/wp\/v2\/product\/11922","targetHints":{"allow":["GET"]}}],"collection":[{"href":"https:\/\/kliniksanktmoritz.ch\/es\/wp-json\/wp\/v2\/product"}],"about":[{"href":"https:\/\/kliniksanktmoritz.ch\/es\/wp-json\/wp\/v2\/types\/product"}],"wp:featuredmedia":[{"embeddable":true,"href":"https:\/\/kliniksanktmoritz.ch\/es\/wp-json\/wp\/v2\/media\/11897"}],"wp:attachment":[{"href":"https:\/\/kliniksanktmoritz.ch\/es\/wp-json\/wp\/v2\/media?parent=11922"}],"wp:term":[{"taxonomy":"product_brand","embeddable":true,"href":"https:\/\/kliniksanktmoritz.ch\/es\/wp-json\/wp\/v2\/product_brand?post=11922"},{"taxonomy":"product_cat","embeddable":true,"href":"https:\/\/kliniksanktmoritz.ch\/es\/wp-json\/wp\/v2\/product_cat?post=11922"},{"taxonomy":"product_tag","embeddable":true,"href":"https:\/\/kliniksanktmoritz.ch\/es\/wp-json\/wp\/v2\/product_tag?post=11922"}],"curies":[{"name":"wp","href":"https:\/\/api.w.org\/{rel}","templated":true}]}}