{"id":11923,"date":"2024-08-24T15:59:56","date_gmt":"2024-08-24T14:59:56","guid":{"rendered":"https:\/\/kliniksanktmoritz.ch\/?post_type=product&#038;p=11923"},"modified":"2024-09-01T11:37:56","modified_gmt":"2024-09-01T10:37:56","slug":"sfigmomanometro-digitale-omron-evolv","status":"publish","type":"product","link":"https:\/\/kliniksanktmoritz.ch\/es\/producto\/sfigmomanometro-digitale-omron-evolv\/","title":{"rendered":"Esfigmoman\u00f3metro digital OMRON EVOLV"},"content":{"rendered":"","protected":false},"excerpt":{"rendered":"<p>**Informaci\u00f3n general<br \/>\nPresentamos un nuevo tensi\u00f3metro de brazo todo en uno f\u00e1cil de usar.<\/p>\n<p>Dise\u00f1ado para mediciones precisas con el manguito en cualquier posici\u00f3n en la parte superior del brazo y para el seguimiento del progreso a trav\u00e9s del smartphone.<\/p>\n<p>- Tensi\u00f3metro de brazo todo en uno**: sin tubos ni cables, s\u00f3lo resultados precisos<br \/>\n- **Tecnolog\u00eda Intellisense**: el manguito se infla autom\u00e1ticamente hasta el nivel ideal<br \/>\n- Brazalete Intelli Wrap**: para lecturas f\u00e1ciles y precisas<br \/>\n- **Validado cl\u00ednicamente**: fiabilidad y precisi\u00f3n demostradas mediante rigurosas pruebas realizadas por importantes organizaciones sanitarias.<br \/>\n- **Gu\u00eda de colocaci\u00f3n del manguito**: indica si el manguito est\u00e1 colocado correctamente y no est\u00e1 ni demasiado suelto ni demasiado apretado.<br \/>\n- **Aplicaci\u00f3nOMRON connect**: se conecta y proporciona acceso en cualquier momento, mostrando el progreso.<\/p>\n<p>Aplicaci\u00f3n m\u00f3vil disponible para iPhone\/Android\u2122.<br \/>\nFabricado en Jap\u00f3n.<\/p>\n<p>Con los manguitos est\u00e1ndar, 1 de cada 3 pacientes se mide la tensi\u00f3n arterial incorrectamente.<br \/>\nLa tecnolog\u00eda Intelli Wrap de EVOLV garantiza una precisi\u00f3n de 360\u00b0 en cualquier posici\u00f3n alrededor de la parte superior del brazo.<\/p>\n<p>EVOLV puede sincronizar las lecturas con su smartphone para registrar los resultados, controlar el progreso y obtener un conocimiento m\u00e1s profundo de su salud. Consulta la lista de smartphones compatibles en omronconnect.com\/emea\/it_def.<\/p>\n<p>**Equipamiento est\u00e1ndar**<br \/>\nIncluye pilas, funda de transporte y manuales.<\/p>\n<p>**Informaci\u00f3n t\u00e9cnica<br \/>\n- Tipo de manguito**: Manguito Intelli Wrap 22-42 cm<br \/>\n- Memoria**: 100 lecturas<br \/>\n- **Gu\u00eda para envolver el manguito**: S\u00ed<br \/>\n- Detecci\u00f3n de latidos irregulares: S\u00ed<br \/>\n- Detecci\u00f3n de movimiento corporal**: S\u00ed<br \/>\n- Validaci\u00f3n**: Validaci\u00f3n cl\u00ednica, validaci\u00f3n en el embarazo<br \/>\n- Tecnolog\u00eda Intellisense**: S\u00ed<br \/>\n- Prevenci\u00f3n de accidentes cerebrovasculares: S\u00ed<br \/>\n- Dimensiones**: 12 x 17,3 x 12,5 cm<\/p>\n<p>Informaci\u00f3n general<br \/>\nNuevo mezclador de presi\u00f3n de tracci\u00f3n, f\u00e1cil de usar, \"todo en uno\".<\/p>\n<p>Para realizar maniobras precisas con el bracciale en cualquier posici\u00f3n en la parte superior del braccio y tenere traccia dei progressi tramite smartphone.<\/p>\n<p>- Misuratore di pressione da braccio \"all in one\": senza tubi, cavi, semplicemente accurato<br \/>\n- Tecnolog\u00eda Intellisense: el brazalete se mueve al nivel ideal<br \/>\n- Bracciale Intelli Wrap: per una lettura facile e accurata<br \/>\n- Cl\u00ednicamente validado: fiabilidad y precisi\u00f3n comprobadas de los colectores de energ\u00eda guardados por importantes organizaciones sanitarias<br \/>\n- Indica si el freno se ha movido correctamente y no est\u00e1 demasiado tenso o demasiado estirado.<br \/>\n- App OMRON connect: conexi\u00f3n, acceso en cualquier momento, visualizaci\u00f3n del progreso.<\/p>\n<p>Aplicaci\u00f3n m\u00f3vil para iPhone\/Android\u2122.<br \/>\nProducci\u00f3n japonesa.<\/p>\n<p>Con i bracciali standard, 1 paziente su 3 misura in modo errato la pressione sanguigna.<br \/>\nLa tecnolog\u00eda EVOLV Intelli Wrap garantiza una precisi\u00f3n de 360\u00b0 en cualquier posici\u00f3n con respecto a la parte superior del brazo.<\/p>\n<p>EVOLV puede sincronizar las lecturas en el smartphone para registrar los resultados, monitorizar el progreso y obtener una comprensi\u00f3n m\u00e1s adecuada de su propia salud. Consulte la lista de smartphones compatibles en omronconnect.com\/emea\/it_def<br \/>\nDotazione standard<br \/>\nSe entrega con bater\u00edas, custodia y manuales.<\/p>\n<p>Informaci\u00f3n t\u00e9cnica<br \/>\n- Tipo de bracciale: Bracciale Intelli Wrap 22-42 cm<br \/>\n- Memoria: 100 letture<br \/>\n- Guida avvolgimento bracciale: S\u00ec<br \/>\n- Rilevamento battito irregolare: S\u00ec<br \/>\n- Rilebamento movimento corpo: S\u00ec<br \/>\n- Validazione: Validazione clinica, validazione in gravidanza<br \/>\n- Tecnolog\u00eda Intellisense: S\u00ed<br \/>\n- Prevenzione ictus: S\u00ec<br \/>\n- Dimensiones: 12 x 17,3 x 12,5 cm<\/p>","protected":false},"featured_media":11911,"template":"","meta":{"_acf_changed":false,"wds_primary_product_brand":0,"wds_primary_product_cat":0,"_wordproof_timestamp":false},"product_brand":[],"product_cat":[113,78],"product_tag":[],"class_list":{"0":"post-11923","1":"product","2":"type-product","3":"status-publish","4":"has-post-thumbnail","6":"product_cat-device","7":"product_cat-digitaltwin","9":"first","10":"instock","11":"shipping-taxable","12":"purchasable","13":"product-type-simple"},"acf":[],"_links":{"self":[{"href":"https:\/\/kliniksanktmoritz.ch\/es\/wp-json\/wp\/v2\/product\/11923","targetHints":{"allow":["GET"]}}],"collection":[{"href":"https:\/\/kliniksanktmoritz.ch\/es\/wp-json\/wp\/v2\/product"}],"about":[{"href":"https:\/\/kliniksanktmoritz.ch\/es\/wp-json\/wp\/v2\/types\/product"}],"wp:featuredmedia":[{"embeddable":true,"href":"https:\/\/kliniksanktmoritz.ch\/es\/wp-json\/wp\/v2\/media\/11911"}],"wp:attachment":[{"href":"https:\/\/kliniksanktmoritz.ch\/es\/wp-json\/wp\/v2\/media?parent=11923"}],"wp:term":[{"taxonomy":"product_brand","embeddable":true,"href":"https:\/\/kliniksanktmoritz.ch\/es\/wp-json\/wp\/v2\/product_brand?post=11923"},{"taxonomy":"product_cat","embeddable":true,"href":"https:\/\/kliniksanktmoritz.ch\/es\/wp-json\/wp\/v2\/product_cat?post=11923"},{"taxonomy":"product_tag","embeddable":true,"href":"https:\/\/kliniksanktmoritz.ch\/es\/wp-json\/wp\/v2\/product_tag?post=11923"}],"curies":[{"name":"wp","href":"https:\/\/api.w.org\/{rel}","templated":true}]}}