{"id":11961,"date":"2024-08-25T04:58:04","date_gmt":"2024-08-25T03:58:04","guid":{"rendered":"https:\/\/kliniksanktmoritz.ch\/?post_type=product&#038;p=11961"},"modified":"2024-08-25T04:59:29","modified_gmt":"2024-08-25T03:59:29","slug":"sfigmomanometro-digitale-riester-ri-champion-smart-pro","status":"publish","type":"product","link":"https:\/\/kliniksanktmoritz.ch\/es\/producto\/sfigmomanometro-digitale-riester-ri-champion-smart-pro\/","title":{"rendered":"Sfigmomanometro digitale Riester Ri-Champion Smart Pro+"},"content":{"rendered":"","protected":false},"excerpt":{"rendered":"<p>Informaci\u00f3n general<br \/>\nEl esfigmoman\u00f3metro digital Riester Ri-Champion Smart Pro+ es un dispositivo validado cl\u00ednicamente, realizado para lecturas r\u00e1pidas y fiables. Rendimiento avanzado en la recuperaci\u00f3n de la masa irregular: an\u00e1lisis de 3 mediciones consecutivas.<br \/>\n- Para uso dom\u00e9stico y profesional.<br \/>\n- R\u00e1pido y silencioso<br \/>\n- 200 misiones con 4 pilas AA<br \/>\n- Ampio schermo di facile lettura<br \/>\n- Conforme EN1060-4<\/p>\n<p>Aplicaci\u00f3n<br \/>\nEl esfigmoman\u00f3metro digital Riester Ri-Champion Smart Pro+ se conecta a App, una innovadora aplicaci\u00f3n gratuita para smartphone, dise\u00f1ada para funcionar con diversos y m\u00faltiples dispositivos m\u00e9dicos capaces de medir la temperatura, la presi\u00f3n arterial, frecuencia cardiaca, peso y componentes corporales, saturaci\u00f3n, ECG, son\u00f3metro, glicemia, actividad f\u00edsica y mucho m\u00e1s, sin configuraciones ni imposiciones complejas, y disponible en 10 idiomas (GB, FR, IT, ES, DE, NL, GR, PT, RO, PL).<br \/>\nDotazione standard<br \/>\nFornito con bracciale adulto<\/p>\n<p>Informaci\u00f3n t\u00e9cnica<br \/>\n- C\u00f3digo Riester: 1735-BT<br \/>\n- Conectividad Bluetooth<br \/>\n- Rango misurazione: 40-199 bpm<br \/>\n- Rango sist\u00f3lico: 60-255 mmHg<br \/>\n- Rango distolica: 30-195 mmHg<br \/>\n- Gama pulsazioni: 40-199 bpm \u00b14%<br \/>\n- Presi\u00f3n m\u00e1xima de descarga: 280 mmHg \u00b13 o \u00b12%<br \/>\n- Alimentaci\u00f3n: 4 pilas AA o alimentador de red (opcional)<br \/>\n- Duraci\u00f3n de la bater\u00eda: 200 ciclos<br \/>\n- Memoria: 400 misiones<br \/>\n- Dimensiones. 141 x 121 x 72 mm<br \/>\n- Peso: 350 g<\/p>","protected":false},"featured_media":11962,"template":"","meta":{"_acf_changed":false,"wds_primary_product_brand":0,"wds_primary_product_cat":0,"_wordproof_timestamp":false},"product_brand":[],"product_cat":[113,78],"product_tag":[],"class_list":{"0":"post-11961","1":"product","2":"type-product","3":"status-publish","4":"has-post-thumbnail","6":"product_cat-device","7":"product_cat-digitaltwin","9":"first","10":"instock","11":"shipping-taxable","12":"purchasable","13":"product-type-simple"},"acf":[],"_links":{"self":[{"href":"https:\/\/kliniksanktmoritz.ch\/es\/wp-json\/wp\/v2\/product\/11961","targetHints":{"allow":["GET"]}}],"collection":[{"href":"https:\/\/kliniksanktmoritz.ch\/es\/wp-json\/wp\/v2\/product"}],"about":[{"href":"https:\/\/kliniksanktmoritz.ch\/es\/wp-json\/wp\/v2\/types\/product"}],"wp:featuredmedia":[{"embeddable":true,"href":"https:\/\/kliniksanktmoritz.ch\/es\/wp-json\/wp\/v2\/media\/11962"}],"wp:attachment":[{"href":"https:\/\/kliniksanktmoritz.ch\/es\/wp-json\/wp\/v2\/media?parent=11961"}],"wp:term":[{"taxonomy":"product_brand","embeddable":true,"href":"https:\/\/kliniksanktmoritz.ch\/es\/wp-json\/wp\/v2\/product_brand?post=11961"},{"taxonomy":"product_cat","embeddable":true,"href":"https:\/\/kliniksanktmoritz.ch\/es\/wp-json\/wp\/v2\/product_cat?post=11961"},{"taxonomy":"product_tag","embeddable":true,"href":"https:\/\/kliniksanktmoritz.ch\/es\/wp-json\/wp\/v2\/product_tag?post=11961"}],"curies":[{"name":"wp","href":"https:\/\/api.w.org\/{rel}","templated":true}]}}