{"id":11964,"date":"2024-08-25T05:01:17","date_gmt":"2024-08-25T04:01:17","guid":{"rendered":"https:\/\/kliniksanktmoritz.ch\/?post_type=product&#038;p=11964"},"modified":"2024-08-25T05:01:18","modified_gmt":"2024-08-25T04:01:18","slug":"omron-m7-intelli-it-afib","status":"publish","type":"product","link":"https:\/\/kliniksanktmoritz.ch\/es\/producto\/omron-m7-intelli-it-afib\/","title":{"rendered":"Omron M7 Intelli IT Fibrilaci\u00f3n auricular"},"content":{"rendered":"","protected":false},"excerpt":{"rendered":"<p>Informaci\u00f3n general<br \/>\nEsfigmoman\u00f3metro digital de brazo Omron M7 Intelli IT AFIB, con brazo Intelli Wrap 22-42 cm. El brazalete Intelli Wrap se adapta a brazaletes de dimensiones normales y grandes, eliminando las imprecisiones de lectura relacionadas con la colocaci\u00f3n err\u00f3nea. Funci\u00f3n de elevaci\u00f3n de la fibrilaci\u00f3n auricular (AFIB).<\/p>\n<p>La tecnolog\u00eda Intellisense garantiza el ajuste autom\u00e1tico de la presi\u00f3n de disparo correcta.<br \/>\nRechaza las batallas irregulares y decide de forma aut\u00f3noma si el resultado es fiable o si hay que repetir la medici\u00f3n (s\u00f3lo se mostrar\u00e1n los resultados correctos).<br \/>\nNueva funci\u00f3n de liberaci\u00f3n de la fibrilaci\u00f3n auricular AFIB mediante onda pulsada, liberaci\u00f3n que se efect\u00faa en cada medici\u00f3n o utilizando 3 mediciones diferentes como en las tecnolog\u00edas anteriores.<br \/>\nDotazione standard<br \/>\n- Omron M7 Intelli IT AFIB<br \/>\n- Bracciale Intelli Wrap 22-42 cm<br \/>\n- Manuale: GB, FR, IT, ES, DE, NL, RU, TR, AR.<\/p>\n<p>Informaci\u00f3n t\u00e9cnica<br \/>\n- C\u00f3digo OMRON: HEM-7380T1-EBK<br \/>\n- Tecnolog\u00eda Intellisense<br \/>\n- Rilevatore battito irregolare e AFib con tecnologia IntelliSense AFIB a ogni misurazione<br \/>\n- Gu\u00eda de colocaci\u00f3n de brackets<br \/>\n- Tecnolog\u00eda Intelli Wrap (precisi\u00f3n de 360\u00b0: mediciones precisas en cualquier punto de la circunferencia del brazo)<br \/>\n- Bracciale: Intelli Wrap 22-42 cm<br \/>\n- Misiones de memoria: 100 x 2 usuarios + mod. invitado<br \/>\n- Rilevamento movimenti<br \/>\n- Indicador luminoso de presi\u00f3n sangu\u00ednea alta: indica si los valores superan la norma E.H.S. para la automatizaci\u00f3n a domicilio (presi\u00f3n sist\u00f3lica 85 y\/o presi\u00f3n diast\u00f3lica 135).<br \/>\n- Ipertensi\u00f3n<br \/>\n- Media de las 3 \u00faltimas misiones (media de las 3 \u00faltimas misiones en un arco de 10 minutos)<br \/>\n- Confronto misurazioni con letture precedenti<br \/>\n- Conexi\u00f3n App\/Bluetooth<\/p>","protected":false},"featured_media":11966,"template":"","meta":{"_acf_changed":false,"wds_primary_product_brand":0,"wds_primary_product_cat":0,"_wordproof_timestamp":false},"product_brand":[],"product_cat":[113,78],"product_tag":[],"class_list":{"0":"post-11964","1":"product","2":"type-product","3":"status-publish","4":"has-post-thumbnail","6":"product_cat-device","7":"product_cat-digitaltwin","9":"first","10":"instock","11":"shipping-taxable","12":"purchasable","13":"product-type-simple"},"acf":[],"_links":{"self":[{"href":"https:\/\/kliniksanktmoritz.ch\/es\/wp-json\/wp\/v2\/product\/11964","targetHints":{"allow":["GET"]}}],"collection":[{"href":"https:\/\/kliniksanktmoritz.ch\/es\/wp-json\/wp\/v2\/product"}],"about":[{"href":"https:\/\/kliniksanktmoritz.ch\/es\/wp-json\/wp\/v2\/types\/product"}],"wp:featuredmedia":[{"embeddable":true,"href":"https:\/\/kliniksanktmoritz.ch\/es\/wp-json\/wp\/v2\/media\/11966"}],"wp:attachment":[{"href":"https:\/\/kliniksanktmoritz.ch\/es\/wp-json\/wp\/v2\/media?parent=11964"}],"wp:term":[{"taxonomy":"product_brand","embeddable":true,"href":"https:\/\/kliniksanktmoritz.ch\/es\/wp-json\/wp\/v2\/product_brand?post=11964"},{"taxonomy":"product_cat","embeddable":true,"href":"https:\/\/kliniksanktmoritz.ch\/es\/wp-json\/wp\/v2\/product_cat?post=11964"},{"taxonomy":"product_tag","embeddable":true,"href":"https:\/\/kliniksanktmoritz.ch\/es\/wp-json\/wp\/v2\/product_tag?post=11964"}],"curies":[{"name":"wp","href":"https:\/\/api.w.org\/{rel}","templated":true}]}}