{"id":11967,"date":"2024-08-25T05:03:25","date_gmt":"2024-08-25T04:03:25","guid":{"rendered":"https:\/\/kliniksanktmoritz.ch\/?post_type=product&#038;p=11967"},"modified":"2024-08-25T05:03:26","modified_gmt":"2024-08-25T04:03:26","slug":"termometro-ad-infrarossi-bluetooth","status":"publish","type":"product","link":"https:\/\/kliniksanktmoritz.ch\/es\/producto\/termometro-ad-infrarossi-bluetooth\/","title":{"rendered":"Termometro ad infrarossi bluetooth"},"content":{"rendered":"","protected":false},"excerpt":{"rendered":"<p>Informaci\u00f3n general<br \/>\nTerm\u00f3metro de infrarrojos multifunci\u00f3n que mide la temperatura corporal (auricular y frontal), ambiental y de los objetos.<br \/>\nAdatto sai per uso professionale che domestico, clinicamente accurato, affidabile e rapido, con tecnologia brevettata per misure separate per adulti e bambini.<\/p>\n<p>- Pantalla LED retroiluminada de 4 colores<br \/>\n- 10 grupos de memoria<br \/>\n- Conmutable entre \u00b0C y \u00b0F<br \/>\n- Allarme febbre, acustico e visivo<br \/>\n- Coprisonda magn\u00e9tica para pasar autom\u00e1ticamente de la medici\u00f3n frontal a la auricular<br \/>\nAplicaci\u00f3n<br \/>\nEl term\u00f3metro de infrarrojos se conecta a App, una innovadora aplicaci\u00f3n gratuita para smartphone, dise\u00f1ada para funcionar con varios y m\u00faltiples dispositivos m\u00e9dicos capaces de medir la temperatura, la presi\u00f3n arterial, la frecuencia card\u00edaca, peso y componentes corporales, saturaci\u00f3n, ECG, son\u00f3metro, glicemia, actividad f\u00edsica y mucho m\u00e1s, sin configuraciones ni imposiciones complejas, y disponible en 10 idiomas (GB, FR, IT, ES, DE, NL, GR, PT, RO, PL).<br \/>\nDotazione standard<br \/>\nDotato di borsetta, 2 batterie AAA, manuale multilingue: GB, FR, IT, ES, DE.<\/p>\n<p>Informaci\u00f3n t\u00e9cnica<br \/>\n- Modelo: AOJ-20S<br \/>\n- Peso: 80 g (con pilas)<br \/>\n- Dimensiones: 143 x 35 x 41 mm<br \/>\n- Regolamenti:<br \/>\n\tASTM E 1965-98 (revisada en 2009)<br \/>\n\tEspecificidades est\u00e1ndar de los term\u00f3metros de infrarrojos para su determinaci\u00f3n<br \/>\n\tControl de la temperatura del paciente<br \/>\n\tIS080601-2-56 Primera edici\u00f3n 2009-10-01<br \/>\n\tAparatos electrom\u00e9dicos - Parte 2-56: Requisitos espec\u00edficos para la seguridad de base y las prestaciones esenciales de los term\u00f3metros cl\u00ednicos para la medici\u00f3n de la temperatura corporal.<br \/>\n- Pantalla: LCD de segmentos, retroiluminaci\u00f3n LED de cuatro colores (blanco, verde, naranja y rosa)<br \/>\n- Unidad de temperatura: \u00b0C \/ \u00b0F, intercambiable<br \/>\n- Alimentaci\u00f3n: DC 3V, AAA X2<br \/>\n- Campo de misura:<br \/>\n\tFronte e orecchio 32.0oC-42.9\u00b0C (89.6\u00b0F-109.2\u00b0F)<br \/>\n\tOggetto: 0\u00b0C-100\u00b0C (32\u00b0F-199\u00b0F)<br \/>\n- Precisi\u00f3n:<br \/>\n\tModalit\u00e0 orecchio e fronte \u00b10,2\u00b0C\/\u00b10,4\u00b0F<br \/>\n\tModalit\u00e0 oggetto \u00b11.0\u00b0C\/2.0\u00b0F<br \/>\n- Resoluci\u00f3n de la pantalla: 0,1\u00b0C\/\u00b0F<br \/>\n- Autom\u00e1tico:  10s\u00b11s<br \/>\n- Condizioni operative:<br \/>\n\tTemperatura: 10\u00b0C-40\u00b0C (50\u00b0F-104\u00b0F)<br \/>\n\tUmidit\u00e0: 15-95% RH, senza condensa Pressione atmosferica: 70-106kPa<br \/>\n- Condizione di stoccaggio:<br \/>\n\tTemperatura ambiente: -20\u00b0C-55\u00b0C (-4\u00b0F-131 \u00b0F)<br \/>\n\tUmidit\u00e0 relativa: 0-95% RH, senza condensa Pressione atmosferica: da 50kPa a 106kPa<br \/>\n- Pilas: 2 * AAA, utilizables m\u00e1s de 3000 veces<\/p>","protected":false},"featured_media":11968,"template":"","meta":{"_acf_changed":false,"wds_primary_product_brand":0,"wds_primary_product_cat":0,"_wordproof_timestamp":false},"product_brand":[],"product_cat":[113,78],"product_tag":[],"class_list":{"0":"post-11967","1":"product","2":"type-product","3":"status-publish","4":"has-post-thumbnail","6":"product_cat-device","7":"product_cat-digitaltwin","9":"first","10":"instock","11":"shipping-taxable","12":"purchasable","13":"product-type-simple"},"acf":[],"_links":{"self":[{"href":"https:\/\/kliniksanktmoritz.ch\/es\/wp-json\/wp\/v2\/product\/11967","targetHints":{"allow":["GET"]}}],"collection":[{"href":"https:\/\/kliniksanktmoritz.ch\/es\/wp-json\/wp\/v2\/product"}],"about":[{"href":"https:\/\/kliniksanktmoritz.ch\/es\/wp-json\/wp\/v2\/types\/product"}],"wp:featuredmedia":[{"embeddable":true,"href":"https:\/\/kliniksanktmoritz.ch\/es\/wp-json\/wp\/v2\/media\/11968"}],"wp:attachment":[{"href":"https:\/\/kliniksanktmoritz.ch\/es\/wp-json\/wp\/v2\/media?parent=11967"}],"wp:term":[{"taxonomy":"product_brand","embeddable":true,"href":"https:\/\/kliniksanktmoritz.ch\/es\/wp-json\/wp\/v2\/product_brand?post=11967"},{"taxonomy":"product_cat","embeddable":true,"href":"https:\/\/kliniksanktmoritz.ch\/es\/wp-json\/wp\/v2\/product_cat?post=11967"},{"taxonomy":"product_tag","embeddable":true,"href":"https:\/\/kliniksanktmoritz.ch\/es\/wp-json\/wp\/v2\/product_tag?post=11967"}],"curies":[{"name":"wp","href":"https:\/\/api.w.org\/{rel}","templated":true}]}}