{"id":11976,"date":"2024-08-25T05:05:08","date_gmt":"2024-08-25T04:05:08","guid":{"rendered":"https:\/\/kliniksanktmoritz.ch\/?post_type=product&#038;p=11976"},"modified":"2024-08-25T05:09:03","modified_gmt":"2024-08-25T04:09:03","slug":"kit-glucometro-gima-mg-dl","status":"publish","type":"product","link":"https:\/\/kliniksanktmoritz.ch\/es\/producto\/kit-glucometro-gima-mg-dl\/","title":{"rendered":"Kit glucometro GIMA mg\/dL"},"content":{"rendered":"","protected":false},"excerpt":{"rendered":"<p>Informaci\u00f3n general<br \/>\nApparato\/Registratore<\/p>\n<p>Gluc\u00f3metro preciso y fiable para autodiagn\u00f3stico y uso profesional. Estudios cl\u00ednicos aprobados demuestran la precisi\u00f3n del sistema Gima de control de la glucosa, desarrollado por Acon, con campos de sangre fresca capilar, venosa, neonatal.<\/p>\n<p>Conformi a ISO15197:2013\/EN ISO15197:2015<\/p>\n<p>Versi\u00f3n Bluetooth: el Bluetooth completamente integrado permite la transmisi\u00f3n de datos a las plataformas de gesti\u00f3n de datos.<\/p>\n<p>Aplicaci\u00f3n<br \/>\nEl gluc\u00f3metro GIMA mg\/dL en versi\u00f3n Bluetooth se conecta a la App, una innovadora aplicaci\u00f3n gratuita para smartphone, dise\u00f1ada para funcionar con varios y m\u00faltiples dispositivos m\u00e9dicos capaces de medir la temperatura, la presi\u00f3n arterial, frecuencia cardiaca, peso y componentes corporales, saturaci\u00f3n, ECG, son\u00f3metro, glicemia, actividad f\u00edsica y mucho m\u00e1s, sin configuraciones ni imposiciones complejas, y disponible en 10 idiomas (GB, FR, IT, ES, DE, NL, GR, PT, RO, PL).<\/p>\n<p>Compatibilidad con plataformas de telemedicina:<br \/>\n- Plataforma de salud CGM<br \/>\n- AdiLife<br \/>\n- iTEL<br \/>\nDotazione standard<br \/>\n- Manuale: GB, FR, IT, ES<br \/>\n- 10 strisce<br \/>\n- Soluci\u00f3n de control<br \/>\n- 10 lancetas<br \/>\n- Penna pungidito<br \/>\n- Tappo trasparente (per test su avambraccio o palmo)<br \/>\n- Bolsa de transporte<\/p>\n<p>Informaci\u00f3n t\u00e9cnica<br \/>\nCompatibilidad con plataformas de telemedicina:<br \/>\n- Plataforma de salud CGM<br \/>\n- AdiLife<br \/>\n- iTEL<\/p>\n<p>- Tecnolog\u00eda: Biosensore\/Elettrochimica, Glucosio deidrogenasi (GDH-FAD)<br \/>\n- M\u00e9todo de calibraci\u00f3n: Sin codificaci\u00f3n<br \/>\n- Resultados de calibraci\u00f3n: equivalente a plasma<br \/>\n- Tempo di prova: 5 secondi<br \/>\n- Volumen campione: 0,6\u00b5L<br \/>\n- Tipo campione: Sangue fresco intero (capillare, venoso, neonatale)<br \/>\n- Aree di prova: Punta del dito, avambraccio, palmo<br \/>\n- Intervalo ematocrito: 10-70%<br \/>\n- Memoria: 1.000 resultados con datos y hora<br \/>\n- Valores medios de la prueba: c\u00e1lculo de los valores medios a los 7, 14, 30, 60 y 90 d\u00edas<br \/>\n- Transferencia de datos: USB<br \/>\n- Soluci\u00f3n de control: 3 niveles<br \/>\n- Encendido autom\u00e1tico: 2 minutos despu\u00e9s de la \u00faltima activaci\u00f3n<br \/>\n- Alimentaci\u00f3n: 2 pilas de bot\u00f3n CR 2032 3,0 V<br \/>\n- Duraci\u00f3n de la bater\u00eda: 3.000 misiones<\/p>\n<p>Otras funciones:<br \/>\n- Rilevamento automatico campione insufficiente<br \/>\n- Rilevamento campione alterato<\/p>","protected":false},"featured_media":11982,"template":"","meta":{"_acf_changed":false,"wds_primary_product_brand":0,"wds_primary_product_cat":0,"_wordproof_timestamp":false},"product_brand":[],"product_cat":[113,78],"product_tag":[],"class_list":{"0":"post-11976","1":"product","2":"type-product","3":"status-publish","4":"has-post-thumbnail","6":"product_cat-device","7":"product_cat-digitaltwin","9":"first","10":"instock","11":"shipping-taxable","12":"purchasable","13":"product-type-simple"},"acf":[],"_links":{"self":[{"href":"https:\/\/kliniksanktmoritz.ch\/es\/wp-json\/wp\/v2\/product\/11976","targetHints":{"allow":["GET"]}}],"collection":[{"href":"https:\/\/kliniksanktmoritz.ch\/es\/wp-json\/wp\/v2\/product"}],"about":[{"href":"https:\/\/kliniksanktmoritz.ch\/es\/wp-json\/wp\/v2\/types\/product"}],"wp:featuredmedia":[{"embeddable":true,"href":"https:\/\/kliniksanktmoritz.ch\/es\/wp-json\/wp\/v2\/media\/11982"}],"wp:attachment":[{"href":"https:\/\/kliniksanktmoritz.ch\/es\/wp-json\/wp\/v2\/media?parent=11976"}],"wp:term":[{"taxonomy":"product_brand","embeddable":true,"href":"https:\/\/kliniksanktmoritz.ch\/es\/wp-json\/wp\/v2\/product_brand?post=11976"},{"taxonomy":"product_cat","embeddable":true,"href":"https:\/\/kliniksanktmoritz.ch\/es\/wp-json\/wp\/v2\/product_cat?post=11976"},{"taxonomy":"product_tag","embeddable":true,"href":"https:\/\/kliniksanktmoritz.ch\/es\/wp-json\/wp\/v2\/product_tag?post=11976"}],"curies":[{"name":"wp","href":"https:\/\/api.w.org\/{rel}","templated":true}]}}