{"id":11983,"date":"2024-08-25T05:08:03","date_gmt":"2024-08-25T04:08:03","guid":{"rendered":"https:\/\/kliniksanktmoritz.ch\/?post_type=product&#038;p=11983"},"modified":"2024-09-01T11:35:26","modified_gmt":"2024-09-01T10:35:26","slug":"bilancia-smart-omron-viva","status":"publish","type":"product","link":"https:\/\/kliniksanktmoritz.ch\/es\/producto\/bilancia-smart-omron-viva\/","title":{"rendered":"Bilancia smart OMRON VIVA"},"content":{"rendered":"","protected":false},"excerpt":{"rendered":"<p>**OMRON VIVA** es un dispositivo m\u00e9dico que realiza un seguimiento de los par\u00e1metros clave de la composici\u00f3n corporal, incluidos el peso, la grasa visceral, la tasa metab\u00f3lica basal, el IMC, la grasa corporal y el m\u00fasculo esquel\u00e9tico.<\/p>\n<p>**Precisi\u00f3n fiable**<\/p>\n<p>VIVA utiliza la tecnolog\u00eda de An\u00e1lisis de Impedancia Bioel\u00e9ctrica (BIA) para medir la composici\u00f3n corporal.<\/p>\n<p>**La importancia del an\u00e1lisis de la grasa visceral**<\/p>\n<p>La grasa visceral se acumula alrededor de los \u00f3rganos vitales. Una cantidad excesiva de esta \"grasa activa\" puede afectar a las hormonas y a las funciones corporales, elevar la tensi\u00f3n arterial y repercutir en el bienestar general.<\/p>\n<p>Mejore su salud controlando seis par\u00e1metros corporales espec\u00edficos: grasa visceral, grasa corporal, m\u00fasculo esquel\u00e9tico, metabolismo en reposo, \u00edndice de masa corporal y peso.<\/p>\n<p>**Un componente del sistema inteligente de OMRON**<\/p>\n<p>Controlar la composici\u00f3n corporal junto con la tensi\u00f3n arterial y la frecuencia cardiaca puede ayudarle a conocer su estado de salud cardiovascular y a actuar con prontitud.<\/p>\n<p>Realiza un seguimiento de tu progreso y comp\u00e1rtelo f\u00e1cilmente a trav\u00e9s de la app \"OMRON connect\", que proporciona un profundo conocimiento de tu salud cardiaca. Compatible con iOS y Android.<\/p>\n<p>**Equipamiento est\u00e1ndar**<br \/>\n- 1 OMRON VIVA B\u00e1scula inteligente de composici\u00f3n corporal<br \/>\n- 4 pilas AAA<br \/>\n- Manual de instrucciones<br \/>\n- Manual de instalaci\u00f3n<\/p>\n<p>**Informaci\u00f3n t\u00e9cnica<br \/>\n- Conectividad Bluetooth. Almacena hasta 30 mediciones para los momentos en que el tel\u00e9fono no est\u00e1 a mano (iOS y Android).<br \/>\n- Multiusuario: 4 usuarios + invitado con funci\u00f3n de reconocimiento autom\u00e1tico<br \/>\n- Aplicaci\u00f3n OMRON connect: transferencia autom\u00e1tica de datos (compatible con iOS y Android)<br \/>\n- Medici\u00f3n: tecnolog\u00eda \"STEP ON\". Lectura r\u00e1pida: 4 segundos. Apagado autom\u00e1tico.<br \/>\n- Superficie del producto: cristal de seguridad templado, esquinas redondeadas, 4 placas de electrodos de acero inoxidable<br \/>\n- Dimensiones exteriores: dise\u00f1o compacto y delgado de aproximadamente 285 \u00d7 28 \u00d7 280 mm<br \/>\n- Tama\u00f1o de la pantalla: LCD grande y clara de 58 x 78 mm con clasificaciones de medidas<br \/>\n- Peso: alrededor de 1,6 kg<br \/>\n- Unidades de medida: kg (cm)\/lb (pies\/pulgadas)<br \/>\n- Capacidad m\u00e1xima: 150 kg (incrementos de 100 g)<br \/>\n- Rango de altura: de 100,0 a 199,5 cm (de 3\u2032 4\u2033 a 6\u2032 6 3\/4\u2033).<br \/>\n- Edad: de 10 a 80 a\u00f1os<br \/>\n- Alimentaci\u00f3n: 4 pilas alcalinas AAA (LR03)<\/p>\n<p>OMRON VIVA es un dispositivo m\u00e9dico con par\u00e1metros chiave que indica el peso, la grasa visceral, el metabolismo basal y el IMC, la grasa y el m\u00fasculo esquel\u00e9tico.<\/p>\n<p>Precisi\u00f3n en la firma<\/p>\n<p>VIVA es un dispositivo que utiliza la tecnolog\u00eda de an\u00e1lisis de impedancia bioel\u00e9ctrica (BIA) para evaluar la composici\u00f3n corporal.<\/p>\n<p>La importancia del an\u00e1lisis de la grasa visceral<\/p>\n<p>La grasa visceral se acumula en los \u00f3rganos vitales. Una cantidad excesiva de esta \"grasa activa\" influye en los pulmones y en las funciones corporales. Aumenta la presi\u00f3n arterial e incide en el bienestar general.<\/p>\n<p>Mejora tu bienestar y mantente bajo control, monitorizando 6 par\u00e1metros corporales espec\u00edficos: grasa visible, grasa, musculatura, metabolismo de recuperaci\u00f3n, \u00edndice de masa corporal y peso.<\/p>\n<p>Un componente del sistema inteligente de OMRON<\/p>\n<p>La monitorizaci\u00f3n de la composici\u00f3n corporal junto con la medici\u00f3n de la presi\u00f3n y la frecuencia cardiaca pueden ayudar a comprender el propio estado de salud a nivel cardiovascular, para envejecer a tiempo.<\/p>\n<p>Puedes seguir tus progresos y recopilarlos f\u00e1cilmente con la aplicaci\u00f3n \"OMRON connect\", que te permite comprender de forma detallada el estado de salud del coraz\u00f3n. Compatible con iOS y Android.<br \/>\nDotazione standard<br \/>\n- 1 bilancia con misuratore della composizione corporea OMRON VIVA Smart<br \/>\n- 4 pilas AAA<br \/>\n- manual de instrucciones<br \/>\n- manual de configuraci\u00f3n<\/p>\n<p>Informaci\u00f3n t\u00e9cnica<br \/>\n- Conexi\u00f3n Bluetooth. Memoriza hasta 30 misiones para los momentos en los que no tengas el m\u00f3vil a mano (iOS y Android).<br \/>\n- Multiusuario: 4 utenti + ospite con funzione di riconoscimento automatico<br \/>\n- Aplicaci\u00f3n OMRON connect: transferencia autom\u00e1tica de datos (compatible con iOS y Android)<br \/>\n- Misurazione: tecnologia 'STEP ON'. Lettura veloce: 4 secondi. Encendido autom\u00e1tico.<br \/>\n- Superficie del producto: vetro di sicurezza temperato, angoli arrotondati, 4 piastre elettrodi in acciaio inox<br \/>\n- Dimensiones exteriores: dise\u00f1o compacto y discreto de unos 285 \u00d7 28 \u00d7 280 mm<br \/>\n- Dimensiones de la pantalla: pantalla LCD grande y n\u00edtida de 58 x 78 mm con clasificaci\u00f3n de las mediciones<br \/>\n- Peso: alrededor de 1,6 kg<br \/>\n- Unidad de medida: kg (cm)\/lb (pies\/pollos)<br \/>\n- Capacidad m\u00e1xima: 150 kg (incrementos de 100 g)<br \/>\n- Altezza: da 100,0 a 199,5 cm (da 3\u2032 4\u2033\"\" a 6\u2032 6 3\/4\u2033\"\")<br \/>\n- Edad: de 10 a 80 a\u00f1os<br \/>\n- Alimentaci\u00f3n: 4 pilas alcalinas AAA (LR03)<\/p>","protected":false},"featured_media":11984,"template":"","meta":{"_acf_changed":false,"wds_primary_product_brand":0,"wds_primary_product_cat":0,"_wordproof_timestamp":false},"product_brand":[],"product_cat":[113,78],"product_tag":[],"class_list":{"0":"post-11983","1":"product","2":"type-product","3":"status-publish","4":"has-post-thumbnail","6":"product_cat-device","7":"product_cat-digitaltwin","9":"first","10":"instock","11":"shipping-taxable","12":"purchasable","13":"product-type-simple"},"acf":[],"_links":{"self":[{"href":"https:\/\/kliniksanktmoritz.ch\/es\/wp-json\/wp\/v2\/product\/11983","targetHints":{"allow":["GET"]}}],"collection":[{"href":"https:\/\/kliniksanktmoritz.ch\/es\/wp-json\/wp\/v2\/product"}],"about":[{"href":"https:\/\/kliniksanktmoritz.ch\/es\/wp-json\/wp\/v2\/types\/product"}],"wp:featuredmedia":[{"embeddable":true,"href":"https:\/\/kliniksanktmoritz.ch\/es\/wp-json\/wp\/v2\/media\/11984"}],"wp:attachment":[{"href":"https:\/\/kliniksanktmoritz.ch\/es\/wp-json\/wp\/v2\/media?parent=11983"}],"wp:term":[{"taxonomy":"product_brand","embeddable":true,"href":"https:\/\/kliniksanktmoritz.ch\/es\/wp-json\/wp\/v2\/product_brand?post=11983"},{"taxonomy":"product_cat","embeddable":true,"href":"https:\/\/kliniksanktmoritz.ch\/es\/wp-json\/wp\/v2\/product_cat?post=11983"},{"taxonomy":"product_tag","embeddable":true,"href":"https:\/\/kliniksanktmoritz.ch\/es\/wp-json\/wp\/v2\/product_tag?post=11983"}],"curies":[{"name":"wp","href":"https:\/\/api.w.org\/{rel}","templated":true}]}}