{"id":11991,"date":"2024-08-25T05:10:54","date_gmt":"2024-08-25T04:10:54","guid":{"rendered":"https:\/\/kliniksanktmoritz.ch\/?post_type=product&#038;p=11991"},"modified":"2024-08-25T05:10:56","modified_gmt":"2024-08-25T04:10:56","slug":"bilancia-grasa-corporal-gimafit","status":"publish","type":"product","link":"https:\/\/kliniksanktmoritz.ch\/es\/producto\/bilancia-grasa-corporal-gimafit\/","title":{"rendered":"Bilancia Grasa Corporal GIMAFIT"},"content":{"rendered":"","protected":false},"excerpt":{"rendered":"<p>Informaci\u00f3n general<br \/>\nBilancia Body Fat GIMAFIT con Bluetooth 5.0 + WiFi. Bilancia multifunzione, per la misurazione del grasso corpo, acqua, massa muscolare e massa ossea. Funci\u00f3n de ritmo card\u00edaco, IMC, TMB. Equipado con 4 sensores de precisi\u00f3n de tipo G. <\/p>\n<p>Aplicaci\u00f3n<br \/>\nLa p\u00e9rdida de grasa corporal GIMAFIT se conecta a la aplicaci\u00f3n, una innovadora aplicaci\u00f3n gratuita para smartphone, dise\u00f1ada para funcionar con varios y m\u00faltiples dispositivos m\u00e9dicos capaces de medir la temperatura, la presi\u00f3n arterial, la frecuencia card\u00edaca, peso y componentes corporales, saturaci\u00f3n, ECG, son\u00f3metro, glicemia, actividad f\u00edsica y mucho m\u00e1s, sin configuraciones ni imposiciones complejas, y disponible en 10 idiomas (GB, FR, IT, ES, DE, NL, GR, PT, RO, PL).<\/p>\n<p>Dotazione standard<br \/>\n- 4 pilas AAA<br \/>\n- Manuale: GB, FR, IT, ES, PT, PL, GR<\/p>\n<p>Informaci\u00f3n t\u00e9cnica<br \/>\n- Material de la pieza: cuero y acero inoxidable<br \/>\n- Portata: 180 kg (peso minimo 0,15 kg)<br \/>\n- Pantalla LED: 80 x 40 mm luce bianca<br \/>\n- Precisi\u00f3n: 200 g (entre 50 y 100 kg)<br \/>\n- Bater\u00eda: 4 AAA (incluidas)<br \/>\n- Dimensiones: 30 x 30 x 2,3 cm<br \/>\n- Unidad de medida kg \/ libra <\/p>","protected":false},"featured_media":11992,"template":"","meta":{"_acf_changed":false,"wds_primary_product_brand":0,"wds_primary_product_cat":0,"_wordproof_timestamp":false},"product_brand":[],"product_cat":[113,78],"product_tag":[],"class_list":{"0":"post-11991","1":"product","2":"type-product","3":"status-publish","4":"has-post-thumbnail","6":"product_cat-device","7":"product_cat-digitaltwin","9":"first","10":"instock","11":"shipping-taxable","12":"purchasable","13":"product-type-simple"},"acf":[],"_links":{"self":[{"href":"https:\/\/kliniksanktmoritz.ch\/es\/wp-json\/wp\/v2\/product\/11991","targetHints":{"allow":["GET"]}}],"collection":[{"href":"https:\/\/kliniksanktmoritz.ch\/es\/wp-json\/wp\/v2\/product"}],"about":[{"href":"https:\/\/kliniksanktmoritz.ch\/es\/wp-json\/wp\/v2\/types\/product"}],"wp:featuredmedia":[{"embeddable":true,"href":"https:\/\/kliniksanktmoritz.ch\/es\/wp-json\/wp\/v2\/media\/11992"}],"wp:attachment":[{"href":"https:\/\/kliniksanktmoritz.ch\/es\/wp-json\/wp\/v2\/media?parent=11991"}],"wp:term":[{"taxonomy":"product_brand","embeddable":true,"href":"https:\/\/kliniksanktmoritz.ch\/es\/wp-json\/wp\/v2\/product_brand?post=11991"},{"taxonomy":"product_cat","embeddable":true,"href":"https:\/\/kliniksanktmoritz.ch\/es\/wp-json\/wp\/v2\/product_cat?post=11991"},{"taxonomy":"product_tag","embeddable":true,"href":"https:\/\/kliniksanktmoritz.ch\/es\/wp-json\/wp\/v2\/product_tag?post=11991"}],"curies":[{"name":"wp","href":"https:\/\/api.w.org\/{rel}","templated":true}]}}