{"id":11995,"date":"2024-08-25T05:12:35","date_gmt":"2024-08-25T04:12:35","guid":{"rendered":"https:\/\/kliniksanktmoritz.ch\/?post_type=product&#038;p=11995"},"modified":"2024-08-25T05:12:36","modified_gmt":"2024-08-25T04:12:36","slug":"duoek-s-monitor-ecg-portatile","status":"publish","type":"product","link":"https:\/\/kliniksanktmoritz.ch\/es\/producto\/duoek-s-monitor-ecg-portatile\/","title":{"rendered":"DuoEK S Monitor ECG port\u00e1til"},"content":{"rendered":"","protected":false},"excerpt":{"rendered":"<p>Informaci\u00f3n general<br \/>\nDuoEK\u2122 S es un monitor de ECG port\u00e1til para mediciones y an\u00e1lisis instant\u00e1neos. Compacto y ligero, permite controlar f\u00e1cilmente el ECG en cualquier momento y lugar.<br \/>\n- 3 derivaciones: mano-mano, mano-gamba y toracica<br \/>\n- schermo OLEd per immagini ECG chiare<br \/>\n- misurazione con un solo pulsante<br \/>\n- 500 misurazioni con una sola ricarica<br \/>\nDuoEK\u2122 S es adecuado para personas con estr\u00e9s elevado, orina irregular, patolog\u00edas cardiacas y trastornos cardiacos (palpitaciones, p\u00e1nico, v\u00e9rtigos, opresi\u00f3n tor\u00e1cica y as\u00ed sucesivamente).<br \/>\nAplicaci\u00f3n ViHealth gratuita para iOS y Android<br \/>\nEs posible cargar autom\u00e1ticamente los datos y compartir con el m\u00e9dico la referencia en formato PDF.<br \/>\nDotazione standard<br \/>\nCon caricatore e manuale multilingue (GB, FR , IT, ES, DE).<\/p>\n<p>Informaci\u00f3n t\u00e9cnica<br \/>\n- Pulso ECG: de 30 segundos a 15 minutos<br \/>\n- Intervalo de frecuencia cardiaca: 30 - 250 lpm<br \/>\n- Alimentaci\u00f3n: bater\u00edas de pol\u00edmeros de litio recargables<br \/>\n- Duraci\u00f3n de la bater\u00eda: &gt; 500 controles<br \/>\n- Tiempo de recogida: 2-3 horas<br \/>\n- Conexi\u00f3n: conector micro-USB<br \/>\n- Inal\u00e1mbrico: Bluetooth 4.0 BLE<br \/>\n- Memoria integrada:<br \/>\n- 10 sesiones por ECG &lt; 1 minuto\n- 4 sesiones por ECG de 5 minutos\n- Memoria en App: ilimitada\n- Dimensiones: 92 x 32 x 8,2 mm\n- Peso: 26,8 gr.\n\n<\/p>","protected":false},"featured_media":11999,"template":"","meta":{"_acf_changed":false,"wds_primary_product_brand":0,"wds_primary_product_cat":0,"_wordproof_timestamp":false},"product_brand":[],"product_cat":[113,78],"product_tag":[],"class_list":{"0":"post-11995","1":"product","2":"type-product","3":"status-publish","4":"has-post-thumbnail","6":"product_cat-device","7":"product_cat-digitaltwin","9":"first","10":"instock","11":"shipping-taxable","12":"purchasable","13":"product-type-simple"},"acf":[],"_links":{"self":[{"href":"https:\/\/kliniksanktmoritz.ch\/es\/wp-json\/wp\/v2\/product\/11995","targetHints":{"allow":["GET"]}}],"collection":[{"href":"https:\/\/kliniksanktmoritz.ch\/es\/wp-json\/wp\/v2\/product"}],"about":[{"href":"https:\/\/kliniksanktmoritz.ch\/es\/wp-json\/wp\/v2\/types\/product"}],"wp:featuredmedia":[{"embeddable":true,"href":"https:\/\/kliniksanktmoritz.ch\/es\/wp-json\/wp\/v2\/media\/11999"}],"wp:attachment":[{"href":"https:\/\/kliniksanktmoritz.ch\/es\/wp-json\/wp\/v2\/media?parent=11995"}],"wp:term":[{"taxonomy":"product_brand","embeddable":true,"href":"https:\/\/kliniksanktmoritz.ch\/es\/wp-json\/wp\/v2\/product_brand?post=11995"},{"taxonomy":"product_cat","embeddable":true,"href":"https:\/\/kliniksanktmoritz.ch\/es\/wp-json\/wp\/v2\/product_cat?post=11995"},{"taxonomy":"product_tag","embeddable":true,"href":"https:\/\/kliniksanktmoritz.ch\/es\/wp-json\/wp\/v2\/product_tag?post=11995"}],"curies":[{"name":"wp","href":"https:\/\/api.w.org\/{rel}","templated":true}]}}