{"id":12000,"date":"2024-08-25T05:14:12","date_gmt":"2024-08-25T04:14:12","guid":{"rendered":"https:\/\/kliniksanktmoritz.ch\/?post_type=product&#038;p=12000"},"modified":"2024-08-25T05:14:13","modified_gmt":"2024-08-25T04:14:13","slug":"cuadrante-smartwatch","status":"publish","type":"product","link":"https:\/\/kliniksanktmoritz.ch\/es\/producto\/cuadrante-smartwatch\/","title":{"rendered":"Cuadrante Smartwatch"},"content":{"rendered":"","protected":false},"excerpt":{"rendered":"<p>Informaci\u00f3n general<br \/>\nQuadrant es un reloj inteligente dise\u00f1ado para monitorizar varios par\u00e1metros relacionados con la salud.<\/p>\n<p>Adatto per tutte le occasioni, dal lavoro al tempo libero, include i seguenti parametri e funzioni:<\/p>\n<p>Parametri<\/p>\n<p>- Temperatura corporal<br \/>\n- Frecuencia cardiaca<br \/>\n- ECG<br \/>\n- BPM (presi\u00f3n sangu\u00ednea)<br \/>\n- SpO2 (nivel de ox\u00edgeno en sangre)<br \/>\n- Frecuencia respiratoria<br \/>\n- Sonno<br \/>\n- Deporte<br \/>\n- Calor\u00edas<br \/>\n- Passi<br \/>\nFunciones adicionales<\/p>\n<p>- Meteo<br \/>\n- Cronometro<br \/>\n- Lettore musicale<br \/>\n- Foto<br \/>\nAdem\u00e1s, permite la conexi\u00f3n inal\u00e1mbrica con la aplicaci\u00f3n S1MPL0, compatible con Android 8.1 y versiones superiores, con iOS 13 y versiones superiores, y con la aplicaci\u00f3n.<\/p>\n<p>Aplicaci\u00f3n<br \/>\nEl smartwatch Quadrant se conecta a App, una innovadora aplicaci\u00f3n gratuita para smartphone, dise\u00f1ada para funcionar con varios y m\u00faltiples dispositivos m\u00e9dicos capaces de medir temperatura, presi\u00f3n arterial, frecuencia cardiaca, peso y componentes corporales, saturaci\u00f3n, ECG, son\u00f3metro, glicemia, actividad f\u00edsica y mucho m\u00e1s, sin configuraciones ni imposiciones complejas, y disponible en 10 idiomas (GB, FR, IT, ES, DE, NL, GR, PT, RO, PL).<br \/>\nDotazione standard<br \/>\nFornito con cavo di alimentazione e manuale in GB, IT.<\/p>\n<p>Informaci\u00f3n t\u00e9cnica<br \/>\n- Aceler\u00f3metro: sensor 3D<br \/>\n- Pantalla: IPS TFT 1,70\u2033<br \/>\n- Sincronizaci\u00f3n de datos: 4.2 BLE<br \/>\n- Intervalo temperatura: -10\u00b0 ~ 50\u00b0<br \/>\n- Alimentaci\u00f3n: Bater\u00eda de pol\u00edmeros de litio<br \/>\n- Capacidad de la bater\u00eda: 200 MAH<br \/>\n- Duraci\u00f3n de la bater\u00eda:<br \/>\n- stand-by: 30 giorni<br \/>\n- uso normal: 15 d\u00edas<br \/>\n- uso frecuente: 7 d\u00edas<br \/>\n- Tiempo de recogida: 2-3 horas<br \/>\n- Peso: 55 g<br \/>\n- Resistencia al agua: IP68<br \/>\n- No es un dispositivo m\u00e9dico<\/p>","protected":false},"featured_media":12004,"template":"","meta":{"_acf_changed":false,"wds_primary_product_brand":0,"wds_primary_product_cat":0,"_wordproof_timestamp":false},"product_brand":[],"product_cat":[113,78],"product_tag":[],"class_list":{"0":"post-12000","1":"product","2":"type-product","3":"status-publish","4":"has-post-thumbnail","6":"product_cat-device","7":"product_cat-digitaltwin","9":"first","10":"instock","11":"shipping-taxable","12":"purchasable","13":"product-type-simple"},"acf":[],"_links":{"self":[{"href":"https:\/\/kliniksanktmoritz.ch\/es\/wp-json\/wp\/v2\/product\/12000","targetHints":{"allow":["GET"]}}],"collection":[{"href":"https:\/\/kliniksanktmoritz.ch\/es\/wp-json\/wp\/v2\/product"}],"about":[{"href":"https:\/\/kliniksanktmoritz.ch\/es\/wp-json\/wp\/v2\/types\/product"}],"wp:featuredmedia":[{"embeddable":true,"href":"https:\/\/kliniksanktmoritz.ch\/es\/wp-json\/wp\/v2\/media\/12004"}],"wp:attachment":[{"href":"https:\/\/kliniksanktmoritz.ch\/es\/wp-json\/wp\/v2\/media?parent=12000"}],"wp:term":[{"taxonomy":"product_brand","embeddable":true,"href":"https:\/\/kliniksanktmoritz.ch\/es\/wp-json\/wp\/v2\/product_brand?post=12000"},{"taxonomy":"product_cat","embeddable":true,"href":"https:\/\/kliniksanktmoritz.ch\/es\/wp-json\/wp\/v2\/product_cat?post=12000"},{"taxonomy":"product_tag","embeddable":true,"href":"https:\/\/kliniksanktmoritz.ch\/es\/wp-json\/wp\/v2\/product_tag?post=12000"}],"curies":[{"name":"wp","href":"https:\/\/api.w.org\/{rel}","templated":true}]}}