{"id":12005,"date":"2024-08-25T05:15:13","date_gmt":"2024-08-25T04:15:13","guid":{"rendered":"https:\/\/kliniksanktmoritz.ch\/?post_type=product&#038;p=12005"},"modified":"2024-09-01T11:28:57","modified_gmt":"2024-09-01T10:28:57","slug":"smartwatch-sportpix","status":"publish","type":"product","link":"https:\/\/kliniksanktmoritz.ch\/es\/producto\/smartwatch-sportpix\/","title":{"rendered":"Smartwatch Sportpix"},"content":{"rendered":"","protected":false},"excerpt":{"rendered":"<p>**Informaci\u00f3n general<br \/>\nSportpix es un smartwatch dise\u00f1ado para controlar diversos par\u00e1metros de salud y actividad deportiva.<\/p>\n<p>Especialmente indicado para deportistas, incluye los siguientes par\u00e1metros y caracter\u00edsticas:<\/p>\n<p>**Par\u00e1metros**<\/p>\n<p>- Temperatura corporal<br \/>\n- Frecuencia cardiaca<br \/>\n- ECG<br \/>\n- BPM (presi\u00f3n arterial)<br \/>\n- SpO2 (nivel de ox\u00edgeno en sangre)<br \/>\n- Frecuencia respiratoria<br \/>\n- Dormir<br \/>\n- Deportes<br \/>\n- Calor\u00edas<br \/>\n- Pasos<\/p>\n<p>**Caracter\u00edsticas adicionales<\/p>\n<p>- El tiempo<br \/>\n- Cron\u00f3metro<br \/>\n- Reproductor de m\u00fasica<br \/>\n- C\u00e1mara<\/p>\n<p>Tambi\u00e9n permite la conexi\u00f3n inal\u00e1mbrica con la App S1MPL0, compatible con Android 8.1 y superior, e iOS 13 y superior.<\/p>\n<p>**App**<br \/>\nEl smartwatch Sportpix se conecta a App, una innovadora aplicaci\u00f3n gratuita para smartphone, dise\u00f1ada para funcionar con diversos dispositivos m\u00e9dicos que pueden medir la temperatura, la presi\u00f3n arterial, la frecuencia cardiaca, el peso y la composici\u00f3n corporal, la saturaci\u00f3n de ox\u00edgeno, el ECG, el sue\u00f1o, el az\u00facar en sangre, la actividad f\u00edsica y mucho m\u00e1s, sin configuraciones ni ajustes complejos, disponible en 10 idiomas (ingl\u00e9s, franc\u00e9s, italiano, espa\u00f1ol, alem\u00e1n, neerland\u00e9s, griego, portugu\u00e9s, rumano y polaco).<\/p>\n<p>**Equipamiento est\u00e1ndar**<br \/>\nIncluye un cable de carga y manuales en ingl\u00e9s e italiano.<\/p>\n<p>**Informaci\u00f3n t\u00e9cnica<br \/>\n- Aceler\u00f3metro: sensor 3D<br \/>\n- Pantalla: 1.3\u2033 OLED<br \/>\n- Sincronizaci\u00f3n de datos: 4.0 BT<br \/>\n- Temperatura: -10\u00b0 a 50\u00b0 C<br \/>\n- Alimentaci\u00f3n: Bater\u00eda de pol\u00edmero de litio<br \/>\n- Capacidad de la bater\u00eda: 240 MAH<br \/>\n- Duraci\u00f3n de la bater\u00eda:<br \/>\n- En espera: 15 d\u00edas<br \/>\n- Uso normal: 5 d\u00edas<br \/>\n- Uso frecuente: 3 d\u00edas<br \/>\n- Tiempo de carga: 2-3 horas<br \/>\n- Peso: 38 g<br \/>\n- Resistencia al agua: IP67<br \/>\n- No es un producto sanitario<\/p>\n<p>Informaci\u00f3n general<br \/>\nSportpix es un reloj inteligente dise\u00f1ado para monitorizar varios par\u00e1metros relacionados con la salud y la actividad deportiva.<\/p>\n<p>Especialmente adecuado para los que practican deporte, incluye los siguientes par\u00e1metros y funciones:<\/p>\n<p>Parametri<\/p>\n<p>- Temperatura corporal<br \/>\n- Frecuencia cardiaca<br \/>\n- ECG<br \/>\n- BPM (presi\u00f3n sangu\u00ednea)<br \/>\n- SpO2 (nivel de ox\u00edgeno en sangre)<br \/>\n- Frecuencia respiratoria<br \/>\n- Sonno<br \/>\n- Deporte<br \/>\n- Calor\u00edas<br \/>\n- Passi<br \/>\nFunciones adicionales<\/p>\n<p>- Meteo<br \/>\n- Cronometro<br \/>\n- Lettore musicale<br \/>\n- Foto<br \/>\nAdem\u00e1s, permite la conexi\u00f3n inal\u00e1mbrica con la aplicaci\u00f3n S1MPL0, compatible con Android 8.1 y versiones superiores, con iOS 13 y versiones superiores, y con la aplicaci\u00f3n.<\/p>\n<p>Aplicaci\u00f3n<br \/>\nEl smartwatch Sportpix se conecta a App, una innovadora aplicaci\u00f3n gratuita para smartphone, dise\u00f1ada para funcionar con varios y m\u00faltiples dispositivos m\u00e9dicos capaces de medir la temperatura, la presi\u00f3n arterial, la frecuencia cardiaca, peso y componentes corporales, saturaci\u00f3n, ECG, son\u00f3metro, glicemia, actividad f\u00edsica y mucho m\u00e1s, sin configuraciones ni imposiciones complejas, y disponible en 10 idiomas (GB, FR, IT, ES, DE, NL, GR, PT, RO, PL).<br \/>\nDotazione standard<br \/>\nFornito con cavo di alimentazione e manuale in GB, IT.<\/p>\n<p>Informaci\u00f3n t\u00e9cnica<br \/>\n- Aceler\u00f3metro: sensor 3D<br \/>\n- Pantalla: OLED 1,3\u2033<br \/>\n- Sincronizaci\u00f3n de datos: 4.0 BT<br \/>\n- Intervalo temperatura: -10\u00b0 ~ 50\u00b0<br \/>\n- Alimentaci\u00f3n: Bater\u00eda de pol\u00edmeros de litio<br \/>\n- Capacidad de la bater\u00eda: 240 MAH<br \/>\n- Duraci\u00f3n de la bater\u00eda:<br \/>\n- stand-by: 15 giorni<br \/>\n- uso normal: 5 d\u00edas<br \/>\n- uso frecuente: 3 d\u00edas<br \/>\n- Tiempo de recogida: 2-3 horas<br \/>\n- Peso: 38 g<br \/>\n- Resistencia al agua: IP67<br \/>\n- No es un dispositivo m\u00e9dico<\/p>","protected":false},"featured_media":12002,"template":"","meta":{"_acf_changed":false,"wds_primary_product_brand":0,"wds_primary_product_cat":0,"_wordproof_timestamp":false},"product_brand":[],"product_cat":[113,78],"product_tag":[],"class_list":{"0":"post-12005","1":"product","2":"type-product","3":"status-publish","4":"has-post-thumbnail","6":"product_cat-device","7":"product_cat-digitaltwin","9":"first","10":"instock","11":"shipping-taxable","12":"purchasable","13":"product-type-simple"},"acf":[],"_links":{"self":[{"href":"https:\/\/kliniksanktmoritz.ch\/es\/wp-json\/wp\/v2\/product\/12005","targetHints":{"allow":["GET"]}}],"collection":[{"href":"https:\/\/kliniksanktmoritz.ch\/es\/wp-json\/wp\/v2\/product"}],"about":[{"href":"https:\/\/kliniksanktmoritz.ch\/es\/wp-json\/wp\/v2\/types\/product"}],"wp:featuredmedia":[{"embeddable":true,"href":"https:\/\/kliniksanktmoritz.ch\/es\/wp-json\/wp\/v2\/media\/12002"}],"wp:attachment":[{"href":"https:\/\/kliniksanktmoritz.ch\/es\/wp-json\/wp\/v2\/media?parent=12005"}],"wp:term":[{"taxonomy":"product_brand","embeddable":true,"href":"https:\/\/kliniksanktmoritz.ch\/es\/wp-json\/wp\/v2\/product_brand?post=12005"},{"taxonomy":"product_cat","embeddable":true,"href":"https:\/\/kliniksanktmoritz.ch\/es\/wp-json\/wp\/v2\/product_cat?post=12005"},{"taxonomy":"product_tag","embeddable":true,"href":"https:\/\/kliniksanktmoritz.ch\/es\/wp-json\/wp\/v2\/product_tag?post=12005"}],"curies":[{"name":"wp","href":"https:\/\/api.w.org\/{rel}","templated":true}]}}