{"id":12059,"date":"2024-08-28T09:47:24","date_gmt":"2024-08-28T08:47:24","guid":{"rendered":"https:\/\/kliniksanktmoritz.ch\/?post_type=product&#038;p=12059"},"modified":"2024-08-28T09:47:25","modified_gmt":"2024-08-28T08:47:25","slug":"myfitnesspal","status":"publish","type":"product","link":"https:\/\/kliniksanktmoritz.ch\/es\/producto\/myfitnesspal\/","title":{"rendered":"Myfitnesspal"},"content":{"rendered":"","protected":false},"excerpt":{"rendered":"<p>1<\/p>\n<p>Seguimiento de la alimentaci\u00f3n, la forma f\u00edsica y el ayuno<\/p>\n<p>El seguimiento de calor\u00edas y macros es f\u00e1cil con nuestro esc\u00e1ner de c\u00f3digo de barras y la integraci\u00f3n de dispositivos.<\/p>\n<p>El diario de alimentos de la aplicaci\u00f3n MyFitnessPal con un d\u00eda de entradas de alimentos, calor\u00edas restantes y un temporizador de ayuno intermitente en curso.<br \/>\n2<\/p>\n<p>Aprenda lo que funciona<\/p>\n<p>La informaci\u00f3n nutricional personalizada revela lo que funciona para que pueda tomar decisiones m\u00e1s inteligentes.<\/p>\n<p>La pantalla de nutrici\u00f3n de la aplicaci\u00f3n MyFitnessPal muestra el progreso semanal hacia los objetivos de carbohidratos, grasas y prote\u00ednas.<br \/>\n3<\/p>\n<p>Cambia tus h\u00e1bitos y alcanza tus objetivos<\/p>\n<p>Ahora dispones de las herramientas y los conocimientos necesarios para crear h\u00e1bitos saludables para toda la vida.<\/p>\n<p>Mujer bebiendo agua durante un entrenamiento con una vista de la tarjeta de ejercicio de la aplicaci\u00f3n MyFitnessPal, que muestra que ha quemado 100 calor\u00edas en 30 minutos.<br \/>\nM\u00e1s de 35 aplicaciones y dispositivos<\/p>\n<p>Sincroniza pasos, peso, entrenamientos y mucho m\u00e1s<\/p>\n<p>Muestra de iconos de aplicaciones que se sincronizan con MyFitnessPal, como Apple Health Kit, Google Fit, Fitbit, Garmin, Strava y Samsung Health.<\/p>\n<p>Si es comestible, est\u00e1 aqu\u00ed.<br \/>\nAplicaci\u00f3n de seguimiento de alimentos con 18 millones de alimentos en todo el mundo<\/p>","protected":false},"featured_media":12060,"template":"","meta":{"_acf_changed":false,"wds_primary_product_brand":0,"wds_primary_product_cat":0,"_wordproof_timestamp":false},"product_brand":[],"product_cat":[115,78],"product_tag":[],"class_list":{"0":"post-12059","1":"product","2":"type-product","3":"status-publish","4":"has-post-thumbnail","6":"product_cat-app","7":"product_cat-digitaltwin","9":"first","10":"instock","11":"shipping-taxable","12":"purchasable","13":"product-type-simple"},"acf":[],"_links":{"self":[{"href":"https:\/\/kliniksanktmoritz.ch\/es\/wp-json\/wp\/v2\/product\/12059","targetHints":{"allow":["GET"]}}],"collection":[{"href":"https:\/\/kliniksanktmoritz.ch\/es\/wp-json\/wp\/v2\/product"}],"about":[{"href":"https:\/\/kliniksanktmoritz.ch\/es\/wp-json\/wp\/v2\/types\/product"}],"wp:featuredmedia":[{"embeddable":true,"href":"https:\/\/kliniksanktmoritz.ch\/es\/wp-json\/wp\/v2\/media\/12060"}],"wp:attachment":[{"href":"https:\/\/kliniksanktmoritz.ch\/es\/wp-json\/wp\/v2\/media?parent=12059"}],"wp:term":[{"taxonomy":"product_brand","embeddable":true,"href":"https:\/\/kliniksanktmoritz.ch\/es\/wp-json\/wp\/v2\/product_brand?post=12059"},{"taxonomy":"product_cat","embeddable":true,"href":"https:\/\/kliniksanktmoritz.ch\/es\/wp-json\/wp\/v2\/product_cat?post=12059"},{"taxonomy":"product_tag","embeddable":true,"href":"https:\/\/kliniksanktmoritz.ch\/es\/wp-json\/wp\/v2\/product_tag?post=12059"}],"curies":[{"name":"wp","href":"https:\/\/api.w.org\/{rel}","templated":true}]}}