{"id":12066,"date":"2024-08-28T09:49:57","date_gmt":"2024-08-28T08:49:57","guid":{"rendered":"https:\/\/kliniksanktmoritz.ch\/?post_type=product&#038;p=12066"},"modified":"2024-08-28T09:49:58","modified_gmt":"2024-08-28T08:49:58","slug":"foodmarble","status":"publish","type":"product","link":"https:\/\/kliniksanktmoritz.ch\/es\/producto\/foodmarble\/","title":{"rendered":"M\u00e1rmol alimentario"},"content":{"rendered":"","protected":false},"excerpt":{"rendered":"<p>Elimine las conjeturas a la hora de comer.<br \/>\nLa nueva era de las pruebas de aliento digestivo basadas en tecnolog\u00eda cl\u00ednica validada.<\/p>\n<p>experimentan con frecuencia<br \/>\ntrastornos digestivos.<br \/>\nLa comida suele ser un factor, pero \u00bfc\u00f3mo<br \/>\n\u00bfsabes qu\u00e9 alimentos te sientan bien?<\/p>\n<p>C\u00f3mo funciona<br \/>\nLa revoluci\u00f3n de la salud intestinal<br \/>\nLos \u00faltimos y m\u00e1s avanzados dispositivos de an\u00e1lisis del aliento digestivo para personas con SIBO, SII y ciertos problemas digestivos. Monitoriza tus comidas, estr\u00e9s, sue\u00f1o y s\u00edntomas y comprueba tu nivel de fermentaci\u00f3n con resultados personalizados en tiempo real.<\/p>\n<p>Seguimiento del SIBO Intolerancias alimentarias<br \/>\ngu\u00eda de inicio<br \/>\nValidado<\/p>\n<p>Basado en tecnolog\u00eda cl\u00ednica validada, tal como se utiliza en la asistencia sanitaria y la investigaci\u00f3n.<br \/>\nencuentra-tu-alimentos<br \/>\nPersonalizado<\/p>\n<p>Tu digesti\u00f3n es \u00fanica. Te ayudamos a encontrar los alimentos adecuados para ti<br \/>\nalcohol\u00edmetro<br \/>\nC\u00f3modo<\/p>\n<p>Mide lo bien que digieres distintos alimentos desde casa. Ahora tienes el control<\/p>","protected":false},"featured_media":12068,"template":"","meta":{"_acf_changed":false,"wds_primary_product_brand":0,"wds_primary_product_cat":0,"_wordproof_timestamp":false},"product_brand":[],"product_cat":[113,78],"product_tag":[],"class_list":{"0":"post-12066","1":"product","2":"type-product","3":"status-publish","4":"has-post-thumbnail","6":"product_cat-device","7":"product_cat-digitaltwin","9":"first","10":"instock","11":"shipping-taxable","12":"purchasable","13":"product-type-simple"},"acf":[],"_links":{"self":[{"href":"https:\/\/kliniksanktmoritz.ch\/es\/wp-json\/wp\/v2\/product\/12066","targetHints":{"allow":["GET"]}}],"collection":[{"href":"https:\/\/kliniksanktmoritz.ch\/es\/wp-json\/wp\/v2\/product"}],"about":[{"href":"https:\/\/kliniksanktmoritz.ch\/es\/wp-json\/wp\/v2\/types\/product"}],"wp:featuredmedia":[{"embeddable":true,"href":"https:\/\/kliniksanktmoritz.ch\/es\/wp-json\/wp\/v2\/media\/12068"}],"wp:attachment":[{"href":"https:\/\/kliniksanktmoritz.ch\/es\/wp-json\/wp\/v2\/media?parent=12066"}],"wp:term":[{"taxonomy":"product_brand","embeddable":true,"href":"https:\/\/kliniksanktmoritz.ch\/es\/wp-json\/wp\/v2\/product_brand?post=12066"},{"taxonomy":"product_cat","embeddable":true,"href":"https:\/\/kliniksanktmoritz.ch\/es\/wp-json\/wp\/v2\/product_cat?post=12066"},{"taxonomy":"product_tag","embeddable":true,"href":"https:\/\/kliniksanktmoritz.ch\/es\/wp-json\/wp\/v2\/product_tag?post=12066"}],"curies":[{"name":"wp","href":"https:\/\/api.w.org\/{rel}","templated":true}]}}