{"id":12071,"date":"2024-08-28T09:52:07","date_gmt":"2024-08-28T08:52:07","guid":{"rendered":"https:\/\/kliniksanktmoritz.ch\/?post_type=product&#038;p=12071"},"modified":"2024-08-28T09:52:09","modified_gmt":"2024-08-28T08:52:09","slug":"parque-de-los-hidratos","status":"publish","type":"product","link":"https:\/\/kliniksanktmoritz.ch\/es\/producto\/parque-de-los-hidratos\/","title":{"rendered":"Hydratespark"},"content":{"rendered":"","protected":false},"excerpt":{"rendered":"<p>Beber suficiente agua cada d\u00eda y saber cu\u00e1nta beber es dif\u00edcil. HidrateSpark te lo pone f\u00e1cil con un objetivo personalizado, seguimiento autom\u00e1tico y recordatorios de bebida personalizables.<\/p>\n<p>En la caja:<\/p>\n<p>Frasco y tapa HidrateSpark PRO<br \/>\nDisco sensor alimentado por SipSense<br \/>\nCable de carga r\u00e1pida<br \/>\nInstrucciones de inicio r\u00e1pido<br \/>\nDimensiones: pulgadas<\/p>\n<p>17 oz - 2,76\" x 9,06\" (cabe en la mayor\u00eda de los portavasos)<br \/>\n20 oz - 2,76\" x 8,25\" (cabe en la mayor\u00eda de los portavasos)<br \/>\n21 oz - 2,76\" x 10,63\" (cabe en la mayor\u00eda de los portavasos)<br \/>\n24 oz - 2.76\u2033 x 10.92\u2033 (cabe en la mayor\u00eda de los portavasos)<br \/>\n32 oz - 3.82\u2033 x 11.3\u2033<br \/>\nPeso: libras<\/p>\n<p>17 oz - 0.95 lbs.<br \/>\n20 oz - 0.96 lbs.<br \/>\n21 oz - 1.06 lbs.<br \/>\n24 oz - 0.6 lbs.<br \/>\n32 oz - 1.63 lbs.<br \/>\nMaterial:<\/p>\n<p>17 oz - Acero inoxidable aislado<br \/>\n20 oz - Acero inoxidable aislado<br \/>\n21 oz - Acero inoxidable aislado<br \/>\n24 oz - Pl\u00e1stico Tritan<br \/>\n32 oz - Acero inoxidable aislado<br \/>\nManuales<\/p>\n<p>Caracter\u00edsticas:<\/p>\n<p>Los brillos te recuerdan que debes hidratarte a lo largo del d\u00eda. Personaliza tus brillos en la aplicaci\u00f3n HidrateSpark.<br \/>\nLa tecnolog\u00eda SipSense registra cada sorbo que bebes.<br \/>\nEl Bluetooth sincroniza los sorbos con la aplicaci\u00f3n gratuita HidrateSpark para seguir tu progreso.<br \/>\nLa aplicaci\u00f3n HidrateSpark es gratuita para iOS y Android.<br \/>\nLa aplicaci\u00f3n calcula un objetivo de hidrataci\u00f3n personalizado.<br \/>\nEl acero inoxidable aislado al vac\u00edo mantiene las bebidas fr\u00edas durante 24 horas. Los vasos con tapa a presi\u00f3n tambi\u00e9n mantienen las bebidas calientes durante 4 horas.<br \/>\nBater\u00eda recargable con una autonom\u00eda de 10-14 d\u00edas.<br \/>\nSe integra con Apple Health, Fitbit, Google Fit y Withings Health Mate.<br \/>\nSin BPA.<br \/>\nCuidado:<\/p>\n<p>El disco sensor debe retirarse ANTES de limpiar el cuerpo de la botella y limpiarse \u00fanicamente con un pa\u00f1o h\u00famedo.<br \/>\nNO sumerja el disco sensor en agua ni lo introduzca en el lavavajillas.<br \/>\nLas tapas y los cuerpos de pl\u00e1stico Tritan se pueden lavar en el lavavajillas.<br \/>\nTodos los cuerpos de botellas de acero inoxidable S\u00d3LO SE PUEDEN LAVAR A MANO.<br \/>\nEl vaso de 20 onzas es el \u00fanico producto dise\u00f1ado para l\u00edquidos calientes. NO utilice l\u00edquidos calientes en ning\u00fan otro tama\u00f1o, ya que sus pajitas y tapas no est\u00e1n dise\u00f1adas para soportar la presi\u00f3n interna creada por el contenido caliente, lo que puede provocar la descarga de l\u00edquidos calientes y causar lesiones.<\/p>","protected":false},"featured_media":12073,"template":"","meta":{"_acf_changed":false,"wds_primary_product_brand":0,"wds_primary_product_cat":0,"_wordproof_timestamp":false},"product_brand":[],"product_cat":[113,78],"product_tag":[],"class_list":{"0":"post-12071","1":"product","2":"type-product","3":"status-publish","4":"has-post-thumbnail","6":"product_cat-device","7":"product_cat-digitaltwin","9":"first","10":"instock","11":"shipping-taxable","12":"purchasable","13":"product-type-simple"},"acf":[],"_links":{"self":[{"href":"https:\/\/kliniksanktmoritz.ch\/es\/wp-json\/wp\/v2\/product\/12071","targetHints":{"allow":["GET"]}}],"collection":[{"href":"https:\/\/kliniksanktmoritz.ch\/es\/wp-json\/wp\/v2\/product"}],"about":[{"href":"https:\/\/kliniksanktmoritz.ch\/es\/wp-json\/wp\/v2\/types\/product"}],"wp:featuredmedia":[{"embeddable":true,"href":"https:\/\/kliniksanktmoritz.ch\/es\/wp-json\/wp\/v2\/media\/12073"}],"wp:attachment":[{"href":"https:\/\/kliniksanktmoritz.ch\/es\/wp-json\/wp\/v2\/media?parent=12071"}],"wp:term":[{"taxonomy":"product_brand","embeddable":true,"href":"https:\/\/kliniksanktmoritz.ch\/es\/wp-json\/wp\/v2\/product_brand?post=12071"},{"taxonomy":"product_cat","embeddable":true,"href":"https:\/\/kliniksanktmoritz.ch\/es\/wp-json\/wp\/v2\/product_cat?post=12071"},{"taxonomy":"product_tag","embeddable":true,"href":"https:\/\/kliniksanktmoritz.ch\/es\/wp-json\/wp\/v2\/product_tag?post=12071"}],"curies":[{"name":"wp","href":"https:\/\/api.w.org\/{rel}","templated":true}]}}