{"id":12078,"date":"2024-08-28T09:55:08","date_gmt":"2024-08-28T08:55:08","guid":{"rendered":"https:\/\/kliniksanktmoritz.ch\/?post_type=product&#038;p=12078"},"modified":"2024-10-03T17:24:05","modified_gmt":"2024-10-03T16:24:05","slug":"supersapiens","status":"publish","type":"product","link":"https:\/\/kliniksanktmoritz.ch\/es\/producto\/supersapiens\/","title":{"rendered":"Supersapiens"},"content":{"rendered":"","protected":false},"excerpt":{"rendered":"<p>El plan de 3 meses de Supersapiens ofrece la mejor experiencia de seguimiento del rendimiento, combinando biosensores de \u00faltima generaci\u00f3n con una aplicaci\u00f3n y un portal de escritorio para una visibilidad completa de la glucosa. Con seis biosensores y parches de rendimiento enviados cada tres meses, los usuarios pueden disfrutar de datos de glucosa en tiempo real e informaci\u00f3n diaria, perfecta para atletas que necesitan realizar un seguimiento de su alimentaci\u00f3n y recuperaci\u00f3n.<\/p>\n<p>Entre sus principales funciones se incluyen el seguimiento de la glucosa minuto a minuto, las notificaciones push personalizadas y la posibilidad de analizar las tendencias a largo plazo en el escritorio. La Energy Band, resistente al agua, garantiza que no se necesite un tel\u00e9fono, ofreciendo una forma potente y sin esfuerzo de monitorizar los niveles de energ\u00eda.<\/p>\n<p>Maximice su potencial con Supersapiens, donde la ciencia se une al rendimiento.<\/p>\n<p>&#8212;<\/p>\n<p>**\u00bfListo para tomar el control de tu energ\u00eda?<\/p>\n<p>&nbsp;<\/p>\n<p>FACTURADO CADA 3 MESES<\/p>\n<p>LO M\u00c1S POPULAR<br \/>\nPlan de 3 meses<\/p>\n<p>6 Biosensores<\/p>\n<p>6 Parches de rendimiento<\/p>\n<p>Aplicaci\u00f3n Supersapiens<\/p>\n<p>Env\u00edo gratuito + IVA incluido<\/p>\n<p>Se env\u00eda cada 3 meses<\/p>\n<p>Cancelar en cualquier momento<\/p>\n<p>RASTREO EN VIVO<br \/>\nRastreo de glucosa minuto a minuto y flecha de tendencia. Interpreta al instante los efectos de la comida, el estado de \u00e1nimo y el movimiento.<\/p>\n<p>INFORMACI\u00d3N DIARIA<br \/>\nSiga el progreso diario a trav\u00e9s de res\u00famenes y res\u00famenes de eventos clave dentro de la aplicaci\u00f3n.<\/p>\n<p>PUNTUACI\u00d3N DE GLUCOSA<br \/>\nUna m\u00e9trica de h\u00e9roe para cada entrenamiento para analizar su alimentaci\u00f3n para el rendimiento.<\/p>\n<p>M\u00e1s informaci\u00f3n<\/p>\n<p>NOTIFICACIONES PUSH<br \/>\nAlertas en tiempo real cuando se sale de la zona de recuperaci\u00f3n, lo que facilita la estabilidad de la glucosa.<\/p>\n<p>M\u00e1s informaci\u00f3n<\/p>\n<p>PORTAL DE ESCRITORIO<br \/>\nAmpl\u00ede la escala a semanas y meses. Analice las tendencias a largo plazo. Exporte, comparta y colabore, todo desde su escritorio.<\/p>\n<p>BANDA DE ENERG\u00cdA<br \/>\n\u00a1Sin necesidad de tel\u00e9fono! La Energy Band se sincroniza directamente desde el biosensor a tu mu\u00f1eca a trav\u00e9s de Bluetooth.<\/p>\n<p>M\u00e1s informaci\u00f3n<\/p>\n<p>VISIBILIDAD COMPLETA<\/p>\n<p>Eche un vistazo a la aplicaci\u00f3n<br \/>\n\"Llevo m\u00e1s de dos meses utilizando la aplicaci\u00f3n y todav\u00eda me sorprende lo f\u00e1cil e intuitiva que es\". - Rese\u00f1a de App Store<\/p>\n<p>\"Para m\u00ed, Supersapiens es lo m\u00e1s importante que he hecho para mejorar mi ciclismo, mi salud y mi forma f\u00edsica\". - Rese\u00f1a de la App Store<\/p>\n<p>RASTREO EN VIVO<\/p>\n<p>MINUTO A MINUTO<br \/>\nRASTREO EN VIVO<\/p>\n<p>EJERCICIO<br \/>\nRESUMEN<\/p>\n<p>RUSH<br \/>\nNOTIFICACI\u00d3N<\/p>\n<p>EVENTO ALIMENTARIO<\/p>\n<p>RECUPERAR<br \/>\nRESUMEN<\/p>\n<p>RECUPERACI\u00d3N<br \/>\nMETRICA<\/p>\n<p>EVENTO DIARIO<br \/>\nLOG<\/p>\n<p>ALIMENTOS<br \/>\nEVENTO<br \/>\nABBOTT LIBRE SENSE<\/p>\n<p>Glucosa Sport<br \/>\nBiosensor<\/p>\n<p>Uso continuado hasta 14 d\u00edas<\/p>\n<p>Se puede llevar durante la nataci\u00f3n<\/p>\n<p>Transmite datos de glucosa por bluetooth<\/p>\n<p>Datos de glucosa minuto a minuto<\/p>\n<p>Datos muy precisos y estables<\/p>\n<p>Sensor sin aguja, aplicaci\u00f3n sin dolor<\/p>\n<p>\u200d<br \/>\nMEJOR JUNTOS<\/p>\n<p>Integraciones con tus aplicaciones favoritas<br \/>\nA\u00f1ade sin problemas datos de glucosa a tus aplicaciones y dispositivos existentes. Importa datos como la frecuencia cardiaca, la potencia y el ritmo al panel de Supersapiens.<\/p>\n<p>SABER M\u00c1S<br \/>\n\u200d<br \/>\n\u200d<\/p>\n<p>DISPOSITIVOS GARMIN<\/p>\n<p>WAHOO<br \/>\nDISPOSITIVOS<\/p>\n<p>TRAININGPEAKS<\/p>\n<p>APPLE SALUD<\/p>\n<p>\u200d<br \/>\nSIN NECESIDAD DE TEL\u00c9FONO<\/p>\n<p>Conoce a la Banda de la Energ\u00eda<br \/>\nSencillo. Elegante. Potente. Se conecta directamente al biosensor Abbott Libre Glucose Sport mediante Bluetooth. Resistente al agua y a los golpes.<\/p>\n<p>SABER M\u00c1S<\/p>\n<p>\u00bfQuiere saber m\u00e1s?<br \/>\nDescargue nuestra gu\u00eda sobre la glucosa.<br \/>\nGU\u00cdA DE DESCARGA<\/p>\n<p>MEJOR RENDIMIENTO<\/p>\n<p>Maximiza la energ\u00eda. Alcanza tus objetivos m\u00e1s r\u00e1pido y con m\u00e1s fuerza.<\/p>\n<p>APRENDE<\/p>\n<p>La glucosa (com\u00fanmente conocida como az\u00facar en sangre) es la principal fuente de energ\u00eda de su cuerpo para la actividad de alta intensidad.<\/p>\n<p>MONITOR<\/p>\n<p>Los hidratos de carbono se descomponen en glucosa, que se transporta por el torrente sangu\u00edneo y se utiliza inmediatamente como energ\u00eda o se almacena en los m\u00fasculos y el h\u00edgado (a veces en forma de grasa).<\/p>\n<p>CONTROL<\/p>\n<p>La visibilidad de la glucosa significa elevar eficazmente los niveles en el momento adecuado, para obtener la m\u00e1xima energ\u00eda sostenida cuando el cuerpo la necesita.<\/p>","protected":false},"featured_media":12081,"template":"","meta":{"_acf_changed":false,"wds_primary_product_brand":0,"wds_primary_product_cat":0,"_wordproof_timestamp":false},"product_brand":[],"product_cat":[113,78],"product_tag":[],"class_list":{"0":"post-12078","1":"product","2":"type-product","3":"status-publish","4":"has-post-thumbnail","6":"product_cat-device","7":"product_cat-digitaltwin","9":"first","10":"instock","11":"shipping-taxable","12":"purchasable","13":"product-type-simple"},"acf":[],"_links":{"self":[{"href":"https:\/\/kliniksanktmoritz.ch\/es\/wp-json\/wp\/v2\/product\/12078","targetHints":{"allow":["GET"]}}],"collection":[{"href":"https:\/\/kliniksanktmoritz.ch\/es\/wp-json\/wp\/v2\/product"}],"about":[{"href":"https:\/\/kliniksanktmoritz.ch\/es\/wp-json\/wp\/v2\/types\/product"}],"wp:featuredmedia":[{"embeddable":true,"href":"https:\/\/kliniksanktmoritz.ch\/es\/wp-json\/wp\/v2\/media\/12081"}],"wp:attachment":[{"href":"https:\/\/kliniksanktmoritz.ch\/es\/wp-json\/wp\/v2\/media?parent=12078"}],"wp:term":[{"taxonomy":"product_brand","embeddable":true,"href":"https:\/\/kliniksanktmoritz.ch\/es\/wp-json\/wp\/v2\/product_brand?post=12078"},{"taxonomy":"product_cat","embeddable":true,"href":"https:\/\/kliniksanktmoritz.ch\/es\/wp-json\/wp\/v2\/product_cat?post=12078"},{"taxonomy":"product_tag","embeddable":true,"href":"https:\/\/kliniksanktmoritz.ch\/es\/wp-json\/wp\/v2\/product_tag?post=12078"}],"curies":[{"name":"wp","href":"https:\/\/api.w.org\/{rel}","templated":true}]}}