{"id":12097,"date":"2024-08-28T10:00:12","date_gmt":"2024-08-28T09:00:12","guid":{"rendered":"https:\/\/kliniksanktmoritz.ch\/?post_type=product&#038;p=12097"},"modified":"2024-08-28T10:00:13","modified_gmt":"2024-08-28T09:00:13","slug":"aktiia","status":"publish","type":"product","link":"https:\/\/kliniksanktmoritz.ch\/es\/producto\/aktiia\/","title":{"rendered":"Aktiia"},"content":{"rendered":"","protected":false},"excerpt":{"rendered":"<p>Control de la tensi\u00f3n arterial<br \/>\nAktiia mide autom\u00e1ticamente su tensi\u00f3n arterial mientras usted lleva a cabo su vida cotidiana, sin interrupciones.<\/p>\n<p>Confianza de los usuarios<\/p>\n<p>Cl\u00ednicamente validado<\/p>\n<p>Productos sanitarios<\/p>\n<p>Supervise sin esfuerzo<br \/>\nAktiia es un elegante tensi\u00f3metro de alta tecnolog\u00eda que se integra perfectamente en un estilo de vida ajetreado, proporcionando datos fiables sobre la salud sin ninguna molestia.<\/p>\n<p>Compartir resultados<br \/>\nLa monitorizaci\u00f3n continua ofrece una imagen completa de su tensi\u00f3n arterial a lo largo del d\u00eda y de la noche. Comp\u00e1rtala con su m\u00e9dico y sus seres queridos.<\/p>\n<p>Tomar decisiones con conocimiento de causa<br \/>\nAktiia no es s\u00f3lo controlar, es mejorar. Optimiza los cambios en el estilo de vida para mejorar la salud.<\/p>\n<p>Descubra la salud<br \/>\n\"El ensayo cl\u00ednico fundamental de Aktiia demostr\u00f3 que su soluci\u00f3n funcionaba dentro de los est\u00e1ndares de precisi\u00f3n ISO para mediciones sist\u00f3licas y diast\u00f3licas\".<br \/>\n\"Un avance importante para las personas que sufren problemas de tensi\u00f3n arterial\".<br \/>\n\"Registra autom\u00e1ticamente los valores de la tensi\u00f3n arterial durante 24 horas, incluso cuando alguien duerme\".<br \/>\n\"El \u00fanico producto que toma lecturas autom\u00e1ticamente a todas horas\".<br \/>\n\"Es muy f\u00e1cil de usar. La pulsera toma lecturas cuando est\u00e1s en reposo\".<br \/>\n\"El ensayo cl\u00ednico fundamental de Aktiia demostr\u00f3 que su soluci\u00f3n funcionaba dentro de los est\u00e1ndares de precisi\u00f3n ISO para mediciones sist\u00f3licas y diast\u00f3licas\".<br \/>\n\"Un avance importante para las personas que sufren problemas de tensi\u00f3n arterial\".<br \/>\n1<br \/>\n2<br \/>\n3<br \/>\n4<br \/>\n5<\/p>\n<p>Precisi\u00f3n confirmada por ensayos cl\u00ednicos<br \/>\nAktiia tiene una precisi\u00f3n equivalente a la del manguito de tensi\u00f3n arterial, como demuestran 6 ensayos cl\u00ednicos.<\/p>\n<p>Explore la ciencia que hay detr\u00e1s de nuestra precisi\u00f3n<\/p>\n<p>PA sist\u00f3lica<br \/>\nPrecisi\u00f3n<br \/>\n0,45 \u00b1 7,75 mmHg<\/p>\n<p>PA diast\u00f3lica<br \/>\nPrecisi\u00f3n<br \/>\n0,38 \u00b1 6,86 mmHg<\/p>\n<p>El futuro del control de la tensi\u00f3n arterial ya est\u00e1 aqu\u00ed<br \/>\nConfianza de los usuarios<br \/>\nElegido por miles de personas por su fiabilidad y facilidad de uso.<\/p>","protected":false},"featured_media":12101,"template":"","meta":{"_acf_changed":false,"wds_primary_product_brand":0,"wds_primary_product_cat":0,"_wordproof_timestamp":false},"product_brand":[],"product_cat":[113,78],"product_tag":[],"class_list":{"0":"post-12097","1":"product","2":"type-product","3":"status-publish","4":"has-post-thumbnail","6":"product_cat-device","7":"product_cat-digitaltwin","9":"first","10":"instock","11":"shipping-taxable","12":"purchasable","13":"product-type-simple"},"acf":[],"_links":{"self":[{"href":"https:\/\/kliniksanktmoritz.ch\/es\/wp-json\/wp\/v2\/product\/12097","targetHints":{"allow":["GET"]}}],"collection":[{"href":"https:\/\/kliniksanktmoritz.ch\/es\/wp-json\/wp\/v2\/product"}],"about":[{"href":"https:\/\/kliniksanktmoritz.ch\/es\/wp-json\/wp\/v2\/types\/product"}],"wp:featuredmedia":[{"embeddable":true,"href":"https:\/\/kliniksanktmoritz.ch\/es\/wp-json\/wp\/v2\/media\/12101"}],"wp:attachment":[{"href":"https:\/\/kliniksanktmoritz.ch\/es\/wp-json\/wp\/v2\/media?parent=12097"}],"wp:term":[{"taxonomy":"product_brand","embeddable":true,"href":"https:\/\/kliniksanktmoritz.ch\/es\/wp-json\/wp\/v2\/product_brand?post=12097"},{"taxonomy":"product_cat","embeddable":true,"href":"https:\/\/kliniksanktmoritz.ch\/es\/wp-json\/wp\/v2\/product_cat?post=12097"},{"taxonomy":"product_tag","embeddable":true,"href":"https:\/\/kliniksanktmoritz.ch\/es\/wp-json\/wp\/v2\/product_tag?post=12097"}],"curies":[{"name":"wp","href":"https:\/\/api.w.org\/{rel}","templated":true}]}}