{"id":12102,"date":"2024-08-28T10:04:31","date_gmt":"2024-08-28T09:04:31","guid":{"rendered":"https:\/\/kliniksanktmoritz.ch\/?post_type=product&#038;p=12102"},"modified":"2024-08-28T10:04:34","modified_gmt":"2024-08-28T09:04:34","slug":"hexoskin","status":"publish","type":"product","link":"https:\/\/kliniksanktmoritz.ch\/es\/producto\/hexoskin\/","title":{"rendered":"HEXOSKIN"},"content":{"rendered":"","protected":false},"excerpt":{"rendered":"<p>YA EST\u00c1 AQU\u00cd LA ROPA INTELIGENTE M\u00c1S AVANZADA<br \/>\nLas prendas inteligentes Hexoskin incluyen sensores textiles integrados en prendas c\u00f3modas para una monitorizaci\u00f3n precisa y continua de la actividad cardiaca y respiratoria.<\/p>\n<p>Los usuarios de Hexoskin pueden visualizar, elaborar informes y analizar sus datos con la plataforma l\u00edder Hexoskin Connected Health Platform. Las prendas inteligentes Hexoskin se han utilizado en m\u00e1s de 200 publicaciones cient\u00edficas, m\u00e1s que todas las prendas inteligentes de la competencia juntas. \u00a1Haz tu pedido hoy mismo! <\/p>\n<p>Especificaciones del producto Hexoskin. Monitores, caracter\u00edsticas, camisa biom\u00e9trica y datos y tecnolog\u00eda<br \/>\nQU\u00c9 ES EL MONITOR DE ROPA INTELIGENTE HEXOSKIN<br \/>\nDatos card\u00edacos, pulmonares, de actividad y de sue\u00f1o continuos.<br \/>\nElectrocardi\u00f3grafo continuo de 1 derivaci\u00f3n: ECG y Frecuencia Card\u00edaca, Variabilidad de la Frecuencia Card\u00edaca (VFC) para la monitorizaci\u00f3n del estr\u00e9s, evaluaciones de esfuerzo, carga y fatiga), eventos QRS, Zonas de Frecuencia Card\u00edaca, Frecuencia Card\u00edaca M\u00e1xima, Frecuencia Card\u00edaca en Reposo y Recuperaci\u00f3n de la Frecuencia Card\u00edaca.<br \/>\nVentilaci\u00f3n respiratoria continua con sensores de pletismograf\u00eda de inductancia respiratoria (RIP) tor\u00e1cica y abdominal que informan: Frecuencia respiratoria (RPM), ventilaci\u00f3n por minuto (L\/min) y VO2m\u00e1x.<br \/>\nIntensidad de la actividad, aceleraci\u00f3n m\u00e1xima, pasos, cadencia, posiciones y sue\u00f1o con un aceler\u00f3metro de 3 ejes<br \/>\nVer las principales m\u00e9tricas de salud reportadas con Hexoskin<br \/>\nPRENDAS INTELIGENTES HEXOSKIN<br \/>\nRopa inteligente no invasiva y c\u00f3moda para hombres, mujeres y ni\u00f1os<br \/>\nTejido italiano de alto rendimiento, lavable a m\u00e1quina, dise\u00f1ado para resistir.<br \/>\nSecado r\u00e1pido, transpirable, ligero, antiolor, resistente al cloro, protecci\u00f3n UV.<br \/>\nCARACTER\u00cdSTICAS TECNOL\u00d3GICAS<br \/>\nM\u00e1s de 36 horas de autonom\u00eda<br \/>\nHasta m\u00e1s de 100 d\u00edas de grabaci\u00f3n<br \/>\nConectividad Bluetooth con iPhone, iPad y dispositivos Android<br \/>\nCl\u00ednicamente validado por laboratorios de investigaci\u00f3n independientes<br \/>\nDise\u00f1ado y montado en Canad\u00e1<br \/>\nPLATAFORMA DE SALUD CONECTADA HEXOSKIN<br \/>\nAplicaciones y cuadros de mando en l\u00ednea para visualizar, gestionar e interpretar los datos de Hexoskin<br \/>\nLa OneAPI de Hexoskin permite descargar datos sin procesar y utilizar su propio software de an\u00e1lisis para la supervisi\u00f3n de la salud.<br \/>\nDatos de ECG anal\u00f3gicos de 256 Hz<br \/>\nSensores respiratorios anal\u00f3gicos de doble canal y 128 Hz<br \/>\nAceleraci\u00f3n 3D anal\u00f3gica de 64 Hz<br \/>\nDisponible la licencia SDK de Hexoskin para Android<br \/>\nQU\u00c9 MIDE HEXOSKIN<br \/>\nHexoskin le ofrece informaci\u00f3n sobre su estado de salud, sue\u00f1o y actividades diarias personales. Las camisetas inteligentes Hexoskin y la plataforma de salud conectada tambi\u00e9n se utilizan en investigaciones y proyectos card\u00edacos, respiratorios, de actividad, estr\u00e9s, cognitivos y del sue\u00f1o. Para m\u00e1s informaci\u00f3n, visite nuestras p\u00e1ginas de Noticias e Investigaci\u00f3n en Salud.<\/p>\n<p>FRECUENCIA CARDIACA<br \/>\nMonitoriza tus latidos y visualiza tu ECG en tiempo real con gran precisi\u00f3n.<\/p>\n<p>VARIABILIDAD DE LA FRECUENCIA CARDIACA<br \/>\nLa VFC es una herramienta esencial para medir el estr\u00e9s, la carga y la fatiga del entrenamiento con el fin de prevenir el sobreentrenamiento o las lesiones.<\/p>\n<p>TASA DE RESPIRACI\u00d3N<br \/>\nAprenda a controlar su respiraci\u00f3n, aumente su rendimiento y reduzca el estr\u00e9s.<\/p>\n<p>VOLUMEN RESPIRATORIO<br \/>\nAprende cu\u00e1l es tu ventilaci\u00f3n pulmonar para cada una de tus actividades. Comprende c\u00f3mo tu respiraci\u00f3n est\u00e1 relacionada con tus ciclos de sue\u00f1o.<\/p>\n<p>ACTIVIDAD<br \/>\n(PASOS, CADENCIA Y CALOR\u00cdAS)<br \/>\nTu nivel de intensidad, pasos y ritmo se registran en tu panel de control y son visibles EN TIEMPO REAL en tu dispositivo.<\/p>\n<p>DORMIR<br \/>\nHexoskin es un dispositivo de seguimiento del sue\u00f1o avanzado y validado: mide tu frecuencia cardiaca en reposo, tu respiraci\u00f3n y tus posiciones durante el sue\u00f1o.<\/p>\n<p>SALUD CONECTADA Y SOLUCIONES DE SOFTWARE<br \/>\nPara aprovechar al m\u00e1ximo la potencia de la plataforma de salud conectada Hexoskin, descargue las aplicaciones iOS y Android para realizar un seguimiento de su salud en tiempo real, seguir su estado de salud y elaborar informes de evaluaci\u00f3n del sue\u00f1o. Gestione varios usuarios y acceda a los datos sin procesar y procesados en el panel de control en l\u00ednea de Hexoskin.<\/p>\n<p>SALUD Y RENDIMIENTO<br \/>\nControle su estado de salud, mida su salud, rendimiento y sue\u00f1o en tiempo real y realice un seguimiento de su progreso. Las prendas inteligentes Hexoskin permiten una monitorizaci\u00f3n cardiaca precisa del ECG con un seguimiento continuo de la funci\u00f3n pulmonar y la actividad. Descubra hoy mismo la plataforma de salud conectada Hexoskin.<\/p>\n<p>INVESTIGACI\u00d3N ACAD\u00c9MICA\/CL\u00cdNICA<br \/>\nHexoskin ofrece una soluci\u00f3n completa de extremo a extremo para recopilar Pruebas del Mundo Real. Cientos de investigadores de todo el mundo utilizan la plataforma de salud conectada Hexoskin para la investigaci\u00f3n sanitaria y el desarrollo cl\u00ednico en cardiolog\u00eda, respiraci\u00f3n, sue\u00f1o, estr\u00e9s, trastornos mentales, neurolog\u00eda y pediatr\u00eda.<\/p>\n<p>PRIMEROS INTERVINIENTES Y DEFENSA<br \/>\nLas prendas inteligentes Hexoskin permiten la monitorizaci\u00f3n continua del sue\u00f1o y de la variabilidad de la frecuencia cardiaca (VFC) para el personal de primeros auxilios y de defensa, con el fin de realizar estudios longitudinales sobre la salud mental y la monitorizaci\u00f3n del estr\u00e9s, las lesiones por estr\u00e9s operacional (OSI) y las evaluaciones del trastorno por estr\u00e9s postraum\u00e1tico (TEPT).<\/p>\n<p>MHEALTH INTELLIGENCE<br \/>\n\"La tecnolog\u00eda vestible Hexoskin permitir\u00e1 a investigadores y cl\u00ednicos investigar a personas gravemente afectadas por Encefalomielitis Mi\u00e1lgica (EM\/FC)... lo que rara vez se hace debido a su limitada capacidad para participar en estudios cl\u00ednicos.\"<\/p>\n<p>NOTICIAS M\u00c9DICAS<br \/>\nHexoskin es un gran producto, capaz de rastrear con precisi\u00f3n una serie de datos biom\u00e9tricos. \"Hexoskin ofrece una camiseta port\u00e1til para rehabilitaci\u00f3n en casa. El producto puede medir la frecuencia card\u00edaca, la actividad, la frecuencia respiratoria y el sue\u00f1o\". <\/p>\n<p>MHEALTH INTELLIGENCE<br \/>\n\"La tecnolog\u00eda vestible Hexoskin permitir\u00e1 a investigadores y cl\u00ednicos investigar a personas gravemente afectadas por Encefalomielitis Mi\u00e1lgica (EM\/FC)... lo que rara vez se hace debido a su limitada capacidad para participar en estudios cl\u00ednicos.\"<\/p>\n<p>NOTICIAS M\u00c9DICAS<br \/>\nHexoskin es un gran producto, capaz de rastrear con precisi\u00f3n una serie de datos biom\u00e9tricos. \"Hexoskin ofrece una camiseta port\u00e1til para rehabilitaci\u00f3n en casa. El producto puede medir la frecuencia card\u00edaca, la actividad, la frecuencia respiratoria y el sue\u00f1o\". <\/p>\n<p>MHEALTH INTELLIGENCE<br \/>\n\"La tecnolog\u00eda vestible Hexoskin permitir\u00e1 a investigadores y cl\u00ednicos investigar a personas gravemente afectadas por Encefalomielitis Mi\u00e1lgica (EM\/FC)... lo que rara vez se hace debido a su limitada capacidad para participar en estudios cl\u00ednicos.\"<\/p>\n<p>NOTICIAS M\u00c9DICAS<br \/>\nHexoskin es un gran producto, capaz de rastrear con precisi\u00f3n una serie de datos biom\u00e9tricos. \"Hexoskin ofrece una camiseta port\u00e1til para rehabilitaci\u00f3n en casa. El producto puede medir la frecuencia card\u00edaca, la actividad, la frecuencia respiratoria y el sue\u00f1o\". <\/p>","protected":false},"featured_media":12106,"template":"","meta":{"_acf_changed":false,"wds_primary_product_brand":0,"wds_primary_product_cat":0,"_wordproof_timestamp":false},"product_brand":[],"product_cat":[113,78],"product_tag":[],"class_list":{"0":"post-12102","1":"product","2":"type-product","3":"status-publish","4":"has-post-thumbnail","6":"product_cat-device","7":"product_cat-digitaltwin","9":"first","10":"instock","11":"shipping-taxable","12":"purchasable","13":"product-type-simple"},"acf":[],"_links":{"self":[{"href":"https:\/\/kliniksanktmoritz.ch\/es\/wp-json\/wp\/v2\/product\/12102","targetHints":{"allow":["GET"]}}],"collection":[{"href":"https:\/\/kliniksanktmoritz.ch\/es\/wp-json\/wp\/v2\/product"}],"about":[{"href":"https:\/\/kliniksanktmoritz.ch\/es\/wp-json\/wp\/v2\/types\/product"}],"wp:featuredmedia":[{"embeddable":true,"href":"https:\/\/kliniksanktmoritz.ch\/es\/wp-json\/wp\/v2\/media\/12106"}],"wp:attachment":[{"href":"https:\/\/kliniksanktmoritz.ch\/es\/wp-json\/wp\/v2\/media?parent=12102"}],"wp:term":[{"taxonomy":"product_brand","embeddable":true,"href":"https:\/\/kliniksanktmoritz.ch\/es\/wp-json\/wp\/v2\/product_brand?post=12102"},{"taxonomy":"product_cat","embeddable":true,"href":"https:\/\/kliniksanktmoritz.ch\/es\/wp-json\/wp\/v2\/product_cat?post=12102"},{"taxonomy":"product_tag","embeddable":true,"href":"https:\/\/kliniksanktmoritz.ch\/es\/wp-json\/wp\/v2\/product_tag?post=12102"}],"curies":[{"name":"wp","href":"https:\/\/api.w.org\/{rel}","templated":true}]}}