{"id":12171,"date":"2024-08-31T16:55:21","date_gmt":"2024-08-31T15:55:21","guid":{"rendered":"https:\/\/kliniksanktmoritz.ch\/?post_type=product&#038;p=12171"},"modified":"2024-09-01T11:13:10","modified_gmt":"2024-09-01T10:13:10","slug":"sirtlife-500","status":"publish","type":"product","link":"https:\/\/kliniksanktmoritz.ch\/es\/producto\/sirtlife-500\/","title":{"rendered":"Sirtlife 500"},"content":{"rendered":"","protected":false},"excerpt":{"rendered":"<p>12 paquetes con entrega mensual<\/p>\n<p>Sirtlife 500<\/p>\n<p>Para una eficacia \u00f3ptima del producto, la dosis recomendada es de 2 comprimidos al d\u00eda de SIRT500 Plus. Nuestros expertos confirman que los primeros resultados son visibles transcurridos 2-3 meses desde el inicio del tratamiento.<\/p>\n<p>Suscr\u00edbase para recibir SIRT500 Plus a un precio especial<\/p>\n<p>Lea los ingredientes<\/p>\n<p>Importante: Las promociones en curso y los descuentos por cantidad no son acumulables.<\/p>\n<p>C\u00f3mo tomarlo:<\/p>\n<p>Tomar un comprimido de Sirt500 por la ma\u00f1ana y otro por la noche.<\/p>\n<p>Nuestros expertos recomiendan tomar los suplementos SIRTLIFE antes de las comidas principales y continuar el tratamiento de forma continuada durante al menos 2-3 meses.<\/p>\n<p>Para obtener resultados \u00f3ptimos, la ingesta de suplementos SIRTLIFE debe ir acompa\u00f1ada de una dieta equilibrada y una actividad f\u00edsica regular. Los suplementos no deben considerarse sustitutos de una dieta variada y equilibrada y un estilo de vida saludable.<\/p>\n<p>ADVERTENCIAS: No superar la dosis diaria recomendada. Mantener fuera del alcance de los ni\u00f1os menores de 3 a\u00f1os.<\/p>\n<p>Los suplementos SIRTLIFE no tienen contraindicaciones, excepto en personas al\u00e9rgicas a los principios activos del producto. En tales casos o si padece enfermedades cr\u00f3nicas, se recomienda consultar a su m\u00e9dico antes de iniciar el tratamiento.<\/p>\n<p>Los productos SIRTLIFE son suplementos diet\u00e9ticos de alta gama, desarrollados en base a a\u00f1os de estudios cient\u00edficos por nuestro equipo, que ha analizado a fondo la correlaci\u00f3n entre la producci\u00f3n de sirtuinas en el organismo y el correcto funcionamiento de los procesos metab\u00f3licos.<\/p>\n<p>A partir de los 30-35 a\u00f1os, la producci\u00f3n natural de sirtuinas en el organismo empieza a disminuir. Por ello, nuestros expertos recomiendan iniciar el tratamiento en torno a esta edad. Las sirtuinas son una clase de prote\u00ednas que realizan una valiosa actividad enzim\u00e1tica y regulan importantes v\u00edas metab\u00f3licas dentro del organismo.<\/p>\n<p>Las sirtuinas act\u00faan de forma sist\u00e9mica en todo el organismo, regulando los procesos metab\u00f3licos y fisiol\u00f3gicos y actuando sobre el mecanismo que se produce siempre que consumimos dulces o alimentos refinados: la resistencia a la insulina.<\/p>\n<p>Adem\u00e1s de mejorar los procesos metab\u00f3licos, la producci\u00f3n de sirtuinas en el organismo desempe\u00f1a un papel destacado en la prevenci\u00f3n de enfermedades como la hiperglucemia, la diabetes, la obesidad y el s\u00edndrome metab\u00f3lico.<\/p>\n<p>\u00bfQu\u00e9 contiene SIRT500 Plus?<\/p>\n<p>SIRT500 Plus es un complemento alimenticio natural a base de minerales, polifenoles y activadores de la sirtuina.<\/p>\n<p>Los productos SIRT500 Plus contienen \u00fanicamente ingredientes naturales de alta calidad, extra\u00eddos con procedimientos sin disolventes y en una concentraci\u00f3n superior a la media de los suplementos disponibles en el mercado.<\/p>\n<p>LOS MINERALES<\/p>\n<p>En SIRT500 Plus est\u00e1n presentes diferentes minerales que activan las sirtuinas y, por tanto, son capaces de estimular el rejuvenecimiento celular y apoyar el sistema inmunitario durante el envejecimiento:<\/p>\n<p>Zinc<\/p>\n<p>El zinc forma parte de los complejos enzim\u00e1ticos necesarios para el buen funcionamiento de las hormonas, la insulina, las hormonas sexuales y la hormona del crecimiento. Es un mineral fundamental para nuestro organismo.<\/p>\n<p>Selenio<\/p>\n<p>El selenio es un antioxidante muy eficaz. Contrarresta el estr\u00e9s oxidativo celular, tiene actividades preventivas, ejerce una acci\u00f3n protectora sobre la tiroides asegurando su buen funcionamiento, y sobre los ap\u00e9ndices cut\u00e1neos.<\/p>\n<p>Cromo<\/p>\n<p>El cromo regula los niveles de insulina, una hormona fundamental en nuestro organismo que influye en el control de las grasas y la glucosa.<\/p>\n<p>LOS POLIFENOLES<\/p>\n<p>Los polifenoles son sustancias contenidas en los alimentos, principalmente en los de origen vegetal. Est\u00e1n presentes sobre todo en frutas, verduras, vino tinto, t\u00e9 verde, chocolate, caf\u00e9 y aceite de oliva.<\/p>\n<p>Conocidos por sus probados efectos antiinflamatorios, antioxidantes y antiagregantes, los polifenoles representan un importante elemento de defensa para el organismo: son mol\u00e9culas org\u00e1nicas de origen vegetal que contribuyen al mantenimiento de la salud celular, combaten el envejecimiento y regulan la absorci\u00f3n y el almacenamiento del colesterol en la sangre.<\/p>\n<p>Los mejores polifenoles y activadores de la sirtuina conocidos en medicina y contenidos en el exclusivo suplemento diet\u00e9tico natural SIRT500 Plus son principalmente cuatro:<\/p>\n<p>EL ONOCHIOL<\/p>\n<p>Se ha demostrado que el onochiol posee propiedades antiinflamatorias y protectoras. Ejerce actividades preventivas, especialmente sobre las c\u00e9lulas de nuestro organismo. Tambi\u00e9n es capaz de reducir la acumulaci\u00f3n de grasa corporal.<\/p>\n<p>\u00c1CIDO EL\u00c1GICO<\/p>\n<p>El \u00e1cido el\u00e1gico es un antioxidante fen\u00f3lico natural. Tiene propiedades antioxidantes, antitromb\u00f3ticas y antial\u00e9rgicas, as\u00ed como efectos vasoprotectores y gastroprotectores.<\/p>\n<p>POLYDATIN<\/p>\n<p>La polidatina pertenece a la clase de los estilbenos de la familia de los polifenoles. Ejerce actividades antioxidantes, antiinflamatorias, antienvejecimiento y antiagregantes.<\/p>\n<p>PTEROSTILBENE<\/p>\n<p>El pterostilbeno reduce la acumulaci\u00f3n de grasa, tiene propiedades protectoras y antiinflamatorias, y ayuda al sistema inmunitario realizando actividades preventivas.<\/p>\n<p>12 envases con mensajero<\/p>\n<p>Sirtlife 500<\/p>\n<p>&nbsp;<\/p>\n<p>Para una eficacia \u00f3ptima del producto, la dosis recomendada es de 2 compresas al d\u00eda de SIRT500 Plus. Nuestros expertos confirman que los primeros resultados son visibles despu\u00e9s de 2-3 meses desde el inicio del tratamiento.<\/p>\n<p>&nbsp;<\/p>\n<p>Condiciones para adquirir SIRT500 Plus a un precio especial<\/p>\n<p>Leer los ingredientes<\/p>\n<p>Importante: Le promozioni in corso e gli sconti quantit\u00e0 non sono cumulabili.<\/p>\n<p>&nbsp;<\/p>\n<p>Modalit\u00e0 di assunzione:<\/p>\n<ul>\n<li>Asumir una pastiglia di Sirt500 la mattina e una la sera<\/li>\n<\/ul>\n<p>&nbsp;<\/p>\n<p>Nuestros expertos recomiendan tomar los integradores SIRTLIFE antes de las pastillas principales y seguir el tratamiento de forma continuada durante 2-3 meses.<\/p>\n<p>Para obtener un resultado \u00f3ptimo, la aplicaci\u00f3n de los integradores SIRTLIFE debe ir acompa\u00f1ada de una dieta equilibrada y una actividad f\u00edsica regular. Los integradores no son sustitutos de una alimentaci\u00f3n variada y equilibrada ni de un estilo de vida sano.<\/p>\n<p>ADVERTENCIAS: No sobrepasar la dosis diaria recomendada. Mantener fuera del alcance de los ni\u00f1os menores de 3 a\u00f1os.<\/p>\n<p>Los integradores de SIRTLIFE no presentan reacciones adversas si no se trata de personas al\u00e9rgicas a los principios activos del producto. En tal caso, o si se trata de enfermedades cr\u00f3nicas, se recomienda consultar a su m\u00e9dico antes de iniciar el tratamiento.<\/p>\n<p>&nbsp;<\/p>\n<p>Los productos SIRTLIFE son integradores alimentarios de alta gama, desarrollados sobre la base de a\u00f1os de estudios cient\u00edficos por parte de nuestro equipo, que ha analizado en profundidad la correlaci\u00f3n entre la producci\u00f3n de sirtuina en el organismo y el correcto agotamiento de los procesos metab\u00f3licos.<\/p>\n<p>&nbsp;<\/p>\n<p>A partir de los 30-35 a\u00f1os, la producci\u00f3n natural de sirtuina en el organismo empieza a disminuir. Descubre por qu\u00e9 nuestros expertos recomiendan iniciar el tratamiento antes de esta edad. Las sirtuinas son una clase de prote\u00ednas que realizan una actividad enzim\u00e1tica peligrosa y regulan importantes funciones metab\u00f3licas en el interior del organismo.<\/p>\n<p>&nbsp;<\/p>\n<p>Las sirtuinas act\u00faan a nivel sist\u00e9mico en todo el organismo, regulando los procesos metab\u00f3licos y fisiol\u00f3gicos y actuando sobre el mecanismo que se pone en marcha cada vez que ingerimos alimentos dulces o salados: la resistencia a la insulina.<\/p>\n<p>Adem\u00e1s de mejorar los procesos metab\u00f3licos, la producci\u00f3n de sirtuina en el organismo desempe\u00f1a un papel de primer orden en la prevenci\u00f3n de enfermedades como la hiperglucemia, la diabetes, la obesidad y el s\u00edndrome metab\u00f3lico.<\/p>\n<p>&nbsp;<\/p>\n<p>\u00bfQu\u00e9 contiene SIRT500 Plus?<\/p>\n<p>SIRT500 Plus es un integrador alimentario natural a base de minerales, polifenoles y activadores de la sirtuina.<\/p>\n<p>Los productos SIRT500 Plus contienen \u00fanicamente ingredientes naturales y de primera calidad, elaborados con procedimientos que no requieren el uso de disolventes y en una concentraci\u00f3n superior a la media de los integradores disponibles en el mercado.<\/p>\n<p>&nbsp;<\/p>\n<p>I MINERALI<\/p>\n<p>En SIRT500 Plus est\u00e1n presentes diferentes minerales, que activan las<\/p>\n<p>sirtuine e che sono quindi in grado di stimolare il ringiovanimento<\/p>\n<p>de las c\u00e9lulas y que sostienen el sistema inmunitario durante<\/p>\n<p>l'invecchiamento:<\/p>\n<p>&nbsp;<\/p>\n<p>Lo zinco<\/p>\n<p>&nbsp;<\/p>\n<p>El zinco es una de las enzimas necesarias para el correcto funcionamiento de la planta.<\/p>\n<p>funzionamento di ormoni, insulina, ormoni sessuali e ormone della<\/p>\n<p>crescita. \u00c8 un minerale fondamentale per il nostro organismo.<\/p>\n<p>&nbsp;<\/p>\n<p>El selenio<\/p>\n<p>El selenio es un antidepresivo muy eficaz. Contrasta el estr\u00e9s<\/p>\n<p>ossidativo cellulare, svolge attivit\u00e0 di prevenzione, esercita un'azione<\/p>\n<p>protettiva sulla tiroide garantone il buon funzionamento, e sugli<\/p>\n<p>annessi cutanei.<\/p>\n<p>&nbsp;<\/p>\n<p>&nbsp;<\/p>\n<p>El cromo<\/p>\n<p>El cromo regula los niveles de insulina, una hormona fundamental en nuestro organismo.<\/p>\n<p>organismo que influye en el control de las gram\u00edneas y la glucosa.<\/p>\n<p>&nbsp;<\/p>\n<p>&nbsp;<\/p>\n<p>I POLIFENOLI<\/p>\n<p>Los polifenoles son sustancias contenidas en los alimentos, principalmente en los vegetales. Est\u00e1n presentes sobre todo en la fruta, la verdura, el vino rosado, el t\u00e9 verde, el cioccolato, el caf\u00e9 y el aceite de oliva.<\/p>\n<p>Los polifenoles, conocidos por sus efectos antiinflamatorios, antis\u00e9pticos y antiagregantes, representan un importante elemento de ayuda para el organismo: se trata de mol\u00e9culas de origen org\u00e1nico vegetal que contribuyen al mantenimiento de la salud de las c\u00e9lulas, combatiendo la infecci\u00f3n y regulando la absorci\u00f3n e inmersi\u00f3n del colesterol en la sangre.<\/p>\n<p>Los mejores polifenoles y activadores de la sirtuina conocidos en medicina y contenidos en el exclusivo integrador alimentario natural SIRT500 Plus son principalmente cuatro:<\/p>\n<p>&nbsp;<\/p>\n<p>&nbsp;<\/p>\n<p>L'ONOCHIOLO<\/p>\n<p>Se ha demostrado que el onochiolo posee propiedades antinfamatorias y protectoras. Act\u00faa como preventivo, sobre todo en las c\u00e9lulas de nuestro organismo. Adem\u00e1s, es capaz de reducir la acumulaci\u00f3n de grasa corporal.<\/p>\n<p>&nbsp;<\/p>\n<p>L'ACIDO ELLARGICO<\/p>\n<p>El \u00e1cido el\u00e1gico es un antis\u00e9ptico fen\u00f3lico natural. Posee propiedades antis\u00e9pticas, antitromb\u00f3ticas y antial\u00e9rgicas, vasoprotectoras y gastroprotectoras.<\/p>\n<p>&nbsp;<\/p>\n<p>LA POLIDATINA<\/p>\n<p>La polidatina forma parte de la familia de los polifenoles. Ejerce actividades antiosm\u00f3genas, antinfamatorias, antivecchiamento y antiagregantes.<\/p>\n<p>&nbsp;<\/p>\n<p>IL PTEROSTILBENE<\/p>\n<p>El pterostilbeno reduce la acumulaci\u00f3n de grasa, posee propiedades protectoras y antiinflamatorias y refuerza el sistema inmunitario ejerciendo una acci\u00f3n preventiva.<\/p>\n<p>&nbsp;<\/p>","protected":false},"featured_media":12172,"template":"","meta":{"_acf_changed":false,"wds_primary_product_brand":0,"wds_primary_product_cat":0,"_wordproof_timestamp":false},"product_brand":[],"product_cat":[78,155],"product_tag":[],"class_list":{"0":"post-12171","1":"product","2":"type-product","3":"status-publish","4":"has-post-thumbnail","6":"product_cat-digitaltwin","7":"product_cat-supplements","9":"first","10":"instock","11":"shipping-taxable","12":"purchasable","13":"product-type-simple"},"acf":[],"_links":{"self":[{"href":"https:\/\/kliniksanktmoritz.ch\/es\/wp-json\/wp\/v2\/product\/12171","targetHints":{"allow":["GET"]}}],"collection":[{"href":"https:\/\/kliniksanktmoritz.ch\/es\/wp-json\/wp\/v2\/product"}],"about":[{"href":"https:\/\/kliniksanktmoritz.ch\/es\/wp-json\/wp\/v2\/types\/product"}],"wp:featuredmedia":[{"embeddable":true,"href":"https:\/\/kliniksanktmoritz.ch\/es\/wp-json\/wp\/v2\/media\/12172"}],"wp:attachment":[{"href":"https:\/\/kliniksanktmoritz.ch\/es\/wp-json\/wp\/v2\/media?parent=12171"}],"wp:term":[{"taxonomy":"product_brand","embeddable":true,"href":"https:\/\/kliniksanktmoritz.ch\/es\/wp-json\/wp\/v2\/product_brand?post=12171"},{"taxonomy":"product_cat","embeddable":true,"href":"https:\/\/kliniksanktmoritz.ch\/es\/wp-json\/wp\/v2\/product_cat?post=12171"},{"taxonomy":"product_tag","embeddable":true,"href":"https:\/\/kliniksanktmoritz.ch\/es\/wp-json\/wp\/v2\/product_tag?post=12171"}],"curies":[{"name":"wp","href":"https:\/\/api.w.org\/{rel}","templated":true}]}}