{"id":18105,"date":"2025-03-25T12:32:38","date_gmt":"2025-03-25T11:32:38","guid":{"rendered":"https:\/\/kliniksanktmoritz.ch\/?post_type=product&#038;p=18105"},"modified":"2025-05-08T06:56:35","modified_gmt":"2025-05-08T05:56:35","slug":"easycolon","status":"publish","type":"product","link":"https:\/\/kliniksanktmoritz.ch\/es\/producto\/easycolon\/","title":{"rendered":"EasyColon"},"content":{"rendered":"<h2>\ud83d\udea8 \"\u00bfEsperando los s\u00edntomas? Puede que sea demasiado tarde\".<\/h2>\n<h3>La colonoscopia... eso no es una colonoscopia.<\/h3>\n<p>S\u00f3lo 30 segundos. Sin tubo. Sin anestesia. S\u00f3lo un an\u00e1lisis de sangre.<\/p>\n<p>\u00bfAlguna vez ha pospuesto un examen m\u00e9dico porque s\u00f3lo de pensarlo le daba ansiedad?<br \/>\nLa colonoscopia es uno de esos ex\u00e1menes.<br \/>\nLa sola idea de:<\/p>\n<ul>\n<li>Seguir una dieta restrictiva durante d\u00edas<\/li>\n<li>Pasar la noche pegado al v\u00e1ter<\/li>\n<li>Tener una c\u00e1mara insertada mientras est\u00e1s sedado...<\/li>\n<\/ul>\n<p>...es suficiente para decir: \"Quiz\u00e1 el mes que viene\".<\/p>\n<p>Pero esta es la inc\u00f3moda verdad:<\/p>\n<h3>El c\u00e1ncer de colon no presenta s\u00edntomas.<\/h3>\n<p>Y cuando lo hace, a menudo es demasiado tarde.<\/p>\n<p>Es la segunda causa de muerte por c\u00e1ncer en el mundo.<br \/>\nPuede crecer silenciosamente durante a\u00f1os, sin dolor, sin se\u00f1ales de advertencia, sin nada que se pueda sentir.<br \/>\nY para cuando \"algo se siente mal\", puede que ya est\u00e9 avanzado.<\/p>\n<hr \/>\n<h2>Pero he aqu\u00ed la buena noticia:<\/h2>\n<h3>Ya no necesita una colonoscopia para saber si corre riesgo.<\/h3>\n<p>Ahora, con un simple an\u00e1lisis de sangre, puede detectar los primeros signos de alerta, sin molestias.<\/p>\n<p>\u2705 Sin tubo<br \/>\n\u2705 Sin anestesia<br \/>\n\u2705 Sin preparaci\u00f3n intestinal<br \/>\n\u2705 Sin verg\u00fcenza<br \/>\n\u2705 Sin baja laboral<\/p>\n<p>S\u00f3lo 30 segundos.<br \/>\nS\u00f3lo una extracci\u00f3n de sangre.<br \/>\nY obtendr\u00e1 la respuesta que podr\u00eda salvarle la vida.<\/p>\n<hr \/>\n<h3>\u00bfC\u00f3mo funciona?<\/h3>\n<p>La prueba busca biomarcadores moleculares espec\u00edficos que se\u00f1alan cambios tempranos relacionados con el c\u00e1ncer de colon.<\/p>\n<p>Se trata de un avance que ya se utiliza en pa\u00edses como Suiza y Alemania, pero que a\u00fan pasa desapercibido en la mayor\u00eda de los lugares.<\/p>\n<p>Es 97% exacto.<br \/>\nY si el resultado es negativo, estar\u00e1 libre de sospecha durante los pr\u00f3ximos 5 a\u00f1os.<\/p>\n<hr \/>\n<h2>\u00bfCu\u00e1nto cuesta?<\/h2>\n<p>Seamos claros.<\/p>\n<p>El proceso consta de dos partes:<\/p>\n<p>1\ufe0f\u20e3 <strong>La extracci\u00f3n de sangre<\/strong>en un laboratorio local. Puede costar hasta 700 euros, dependiendo del laboratorio.<br \/>\nAlgunas personas obtienen un reembolso parcial a trav\u00e9s de seguros o sistemas nacionales de salud, otras no. La situaci\u00f3n var\u00eda y no podemos predecir lo que te cubrir\u00e1n.<\/p>\n<p>2\ufe0f\u20e3 <strong>Nuestros servicios<\/strong>: an\u00e1lisis avanzados, procesamiento de datos, interpretaci\u00f3n m\u00e9dica e informe certificado.<br \/>\n\ud83d\udc49 Nuestro coste fijo: <strong>\u20ac399<\/strong>.<br \/>\nSin sorpresas. Sin cargos ocultos.<\/p>\n<p>\ud83c\udfaf <strong>\u00bfCoste m\u00e1ximo total?<\/strong><br \/>\n1099 euros si su laboratorio cobra el importe \u00edntegro. Pero en la mayor\u00eda de los casos es mucho menos.<\/p>\n<p>Aun as\u00ed, pong\u00e1moslo en perspectiva.<\/p>\n<p>Aunque fueran 1099 euros, es menos que:<\/p>\n<ul>\n<li>Una factura mensual de combustible<\/li>\n<li>Un nuevo iPhone<\/li>\n<li>Un viaje de fin de semana<\/li>\n<\/ul>\n<p>\u00bfY qu\u00e9 obtienes a cambio?<\/p>\n<p>\ud83d\udc49 Tranquilidad<br \/>\n\ud83d\udc49 La oportunidad de prevenir una enfermedad mortal<br \/>\nCero estr\u00e9s. Cero dolor. Cero verg\u00fcenza.<\/p>\n<hr \/>\n<h2>\u00bfQu\u00e9 pasa si no lo haces?<\/h2>\n<p>Sigues posponi\u00e9ndolo.<br \/>\nEntonces, un d\u00eda, algo va mal.<br \/>\nVe al m\u00e9dico.<br \/>\nTe mandan una colonoscopia urgente.<br \/>\nY entonces...<\/p>\n<p>Cirug\u00eda<br \/>\nQuimioterapia<br \/>\n\u274c Enormes costes<br \/>\n\u274c El pensamiento desgarrador: \"\u00bfY si hubiera hecho algo antes?\".<\/p>\n<hr \/>\n<h2>La elecci\u00f3n es suya:<\/h2>\n<p>1\ufe0f\u20e3 Ign\u00f3ralo y espera lo mejor (como la mayor\u00eda de la gente que se enter\u00f3 demasiado tarde),<br \/>\n<strong>O<\/strong><br \/>\n2\ufe0f\u20e3 T\u00f3mese ahora 30 segundos que podr\u00edan salvarle la vida.<\/p>\n<hr \/>\n<p>\ud83d\udfe2 <strong>Reserve ahora.<\/strong> Haz la extracci\u00f3n de sangre cuando te venga bien.<br \/>\nSin esperas. Sin molestias.<\/p>\n<p>\ud83d\udc49 Tras adquirir el servicio de 399 euros, recibir\u00e1s todas las instrucciones.<br \/>\n\ud83d\udc49 Elige el laboratorio m\u00e1s cercano para la extracci\u00f3n de sangre.<br \/>\n\ud83d\udc49 Recibe un informe certificado con una explicaci\u00f3n clara y m\u00e9dica.<\/p>\n<hr \/>\n<h2>Garant\u00eda total<\/h2>\n<p>Si en el plazo de 30 d\u00edas considera que el servicio no ha cumplido sus expectativas,<br \/>\nle devolveremos nuestros 399 euros.<br \/>\nSin preguntas. Sin burocracia. Sin juicios.<\/p>\n<p>Porque su tranquilidad es lo primero.<\/p>\n<hr \/>\n<p>\ud83d\udccd <strong>Tu vida vale m\u00e1s que un caf\u00e9 al d\u00eda.<\/strong><br \/>\nNo espere. Hazlo ahora.<br \/>\nEs la decisi\u00f3n m\u00e1s inteligente que puedes tomar en 2025.<\/p>\n<hr \/>\n<h3>P.D.<\/h3>\n<p>Deja de sentirte culpable.<br \/>\nDeja de tener miedo.<br \/>\nPor fin has encontrado una forma de protegerte, sin dolor, miedo ni excusas.<\/p>\n<p>Sin tubo.<br \/>\nSin estr\u00e9s.<br \/>\nUn simple an\u00e1lisis de sangre.<br \/>\nS\u00f3lo 30 segundos.<br \/>\nDisfrutar de una vida m\u00e1s larga y saludable<\/p>\n<hr \/>\n<p>&nbsp;<\/p>","protected":false},"excerpt":{"rendered":"<h2>\u2705 \u00daltimo paso: Asegure su plaza para la prueba de c\u00e1ncer de colon en sangre<\/h2>\n<p>Est\u00e1s a un paso de la tranquilidad.<br \/>\nSin colonoscopia. Sin hospitalizaci\u00f3n. Sin ansiedad.<br \/>\nS\u00f3lo una prueba certificada que podr\u00eda salvarle la vida.<\/p>\n<hr \/>\n<h3>\ud83e\uddea Lo que te llevas:<\/h3>\n<p>\ud83d\udd39 Acceso a nuestro servicio de diagn\u00f3stico avanzado basado en biomarcadores sangu\u00edneos<br \/>\n\ud83d\udd39 Interpretaci\u00f3n completa del laboratorio por profesionales m\u00e9dicos<br \/>\n\ud83d\udd39 Un informe certificado con resultados f\u00e1ciles de entender y los pasos a seguir<br \/>\n\ud83d\udd39 Todas las instrucciones para realizar tu extracci\u00f3n de sangre en tu laboratorio de confianza m\u00e1s cercano<br \/>\n\ud83d\udd39 Apoyo de nuestro equipo de atenci\u00f3n, en cada paso del camino<\/p>\n<p>\ud83d\udd52 <strong>\u00bfTiempo necesario?<\/strong> S\u00f3lo 30 segundos para la extracci\u00f3n de sangre<br \/>\n\ud83d\udccb <strong>\u00bfSeguimiento?<\/strong> S\u00f3lo si los resultados muestran algo que merezca la pena comprobar<br \/>\n\ud83d\udcc5 <strong>V\u00e1lido durante 5 a\u00f1os<\/strong> si su prueba es negativa<\/p>\n<hr \/>\n<h3>\ud83d\udcb3 Coste total hoy: 399 CHF<\/h3>\n<p>Esto cubre nuestro servicio m\u00e9dico completo.<br \/>\nLos honorarios del laboratorio por la extracci\u00f3n de sangre se pagan aparte y pueden variar (hasta 700 euros).<br \/>\nEn muchos casos, esta parte puede ser reembolsable por el seguro o la cobertura sanitaria nacional.<\/p>\n<hr \/>\n<h3>\ud83d\udd10 Pago seguro<\/h3>\n<ul>\n<li>Transacci\u00f3n cifrada<\/li>\n<li>Confirmaci\u00f3n instant\u00e1nea por correo electr\u00f3nico<\/li>\n<li>Total transparencia. Sin costes ocultos.<\/li>\n<\/ul>\n<hr \/>\n<h3>\u2705 Garant\u00eda de devoluci\u00f3n del dinero en 30 d\u00edas<\/h3>\n<p>Si no queda satisfecho en un plazo de 30 d\u00edas, le devolveremos el importe del servicio, sin preguntas.<\/p>\n<hr \/>\n<h3>\ud83d\udce6 \u00bfQu\u00e9 pasa despu\u00e9s de pagar?<\/h3>\n<p>1\ufe0f\u20e3 Reciba su confirmaci\u00f3n e instrucciones personales por correo electr\u00f3nico<br \/>\n2\ufe0f\u20e3 Reserve su extracci\u00f3n de sangre en el laboratorio de su elecci\u00f3n<br \/>\n3\ufe0f\u20e3 Env\u00edenos los resultados de las pruebas (carga f\u00e1cil)<br \/>\n4\ufe0f\u20e3 Reciba su informe certificado en unos d\u00edas<br \/>\n5\ufe0f\u20e3 Viva tranquilo los pr\u00f3ximos 5 a\u00f1os<\/p>\n<hr \/>\n<h3>\ud83d\udfe2 ACT\u00daA YA - S\u00f3lo 150 plazas de examen disponibles este mes<\/h3>\n<p>\u26a0\ufe0f Debido a las limitaciones del laboratorio, s\u00f3lo podemos aceptar un n\u00famero limitado de nuevos pacientes cada mes.<br \/>\nUna vez alcanzada la capacidad, se cierran las reservas.<\/p>\n<hr \/>\n<h3>\ud83e\udde0 \u00bfNecesitas ayuda?<\/h3>\n<p>Estamos aqu\u00ed para ayudarle.<br \/>\n\ud83d\udce9 Asistencia por correo electr\u00f3nico assistance@kliniksm.com|<\/p>\n<hr \/>\n<p>\ud83d\udc49 Complete su compra segura a continuaci\u00f3n y tome la decisi\u00f3n de salud m\u00e1s inteligente de su vida.<\/p>","protected":false},"featured_media":18112,"template":"","meta":{"_acf_changed":false,"wds_primary_product_brand":0,"wds_primary_product_cat":0,"_wordproof_timestamp":false},"product_brand":[183],"product_cat":[184],"product_tag":[],"class_list":{"0":"post-18105","1":"product","2":"type-product","3":"status-publish","4":"has-post-thumbnail","6":"product_brand-klinik-sankt-moritz","7":"product_cat-easycolon","9":"first","10":"instock","11":"shipping-taxable","12":"purchasable","13":"product-type-simple"},"acf":[],"_links":{"self":[{"href":"https:\/\/kliniksanktmoritz.ch\/es\/wp-json\/wp\/v2\/product\/18105","targetHints":{"allow":["GET"]}}],"collection":[{"href":"https:\/\/kliniksanktmoritz.ch\/es\/wp-json\/wp\/v2\/product"}],"about":[{"href":"https:\/\/kliniksanktmoritz.ch\/es\/wp-json\/wp\/v2\/types\/product"}],"wp:featuredmedia":[{"embeddable":true,"href":"https:\/\/kliniksanktmoritz.ch\/es\/wp-json\/wp\/v2\/media\/18112"}],"wp:attachment":[{"href":"https:\/\/kliniksanktmoritz.ch\/es\/wp-json\/wp\/v2\/media?parent=18105"}],"wp:term":[{"taxonomy":"product_brand","embeddable":true,"href":"https:\/\/kliniksanktmoritz.ch\/es\/wp-json\/wp\/v2\/product_brand?post=18105"},{"taxonomy":"product_cat","embeddable":true,"href":"https:\/\/kliniksanktmoritz.ch\/es\/wp-json\/wp\/v2\/product_cat?post=18105"},{"taxonomy":"product_tag","embeddable":true,"href":"https:\/\/kliniksanktmoritz.ch\/es\/wp-json\/wp\/v2\/product_tag?post=18105"}],"curies":[{"name":"wp","href":"https:\/\/api.w.org\/{rel}","templated":true}]}}