{"id":19858,"date":"2025-05-13T18:42:25","date_gmt":"2025-05-13T17:42:25","guid":{"rendered":"https:\/\/kliniksanktmoritz.ch\/?post_type=product&#038;p=19858"},"modified":"2025-05-14T10:53:55","modified_gmt":"2025-05-14T09:53:55","slug":"control-de-admisibilidad","status":"publish","type":"product","link":"https:\/\/kliniksanktmoritz.ch\/es\/producto\/control-de-admisibilidad\/","title":{"rendered":"Comprobaci\u00f3n de admisibilidad"},"content":{"rendered":"<h2 data-start=\"361\" data-end=\"407\">\ud83c\udf93 <strong data-start=\"364\" data-end=\"407\">Verificado para liderar. Certificado para inspirar.<\/strong><\/h2>\n<h3 data-start=\"409\" data-end=\"613\">En <strong data-start=\"412\" data-end=\"435\">Cl\u00ednica Sankt Moritz<\/strong>no s\u00f3lo certificamos a los m\u00e9dicos, sino que los elevamos a la cima del reconocimiento mundial mediante la verificaci\u00f3n de elegibilidad m\u00e1s completa y prestigiosa de la medicina digital.<\/h3>\n<p data-start=\"615\" data-end=\"818\"><strong data-start=\"615\" data-end=\"648\">\ud83d\udd0d Verificaci\u00f3n de espectro completo<\/strong><br data-start=\"648\" data-end=\"651\" \/>Antes de obtener el distintivo Klinik, cada candidato se somete a un <strong data-start=\"712\" data-end=\"759\">meticuloso proceso de Conozca a su Cliente (KYC)<\/strong>-no como una formalidad, sino como una marca de integridad. Lo verificamos:<\/p>\n<p data-start=\"820\" data-end=\"1189\">\u2714\ufe0f Su licencia m\u00e9dica nacional y su carn\u00e9 de identidad, respaldados por documentaci\u00f3n oficial.<br data-start=\"902\" data-end=\"905\" \/>\u2714\ufe0f Su titulaci\u00f3n en medicina comprobada, contrastada y validada.<br data-start=\"973\" data-end=\"976\" \/>\u2714\ufe0f Cada especialidad que reivindique -desde Medicina Est\u00e9tica hasta Psiquiatr\u00eda- respaldada por credenciales oficiales.<br data-start=\"1074\" data-end=\"1077\" \/>\u2714\ufe0f Toda la formaci\u00f3n avanzada, los programas de m\u00e1ster y los cursos m\u00e9dicos reconocidos est\u00e1n documentados con pruebas certificadas.<\/p>\n<p data-start=\"1191\" data-end=\"1253\">No se trata s\u00f3lo de burocracia. Es su <strong data-start=\"1231\" data-end=\"1241\">legado<\/strong>validado.<\/p>\n<hr data-start=\"1255\" data-end=\"1258\" \/>\n<p data-start=\"1260\" data-end=\"1471\">\ud83d\udcc4 <strong data-start=\"1263\" data-end=\"1297\">CV din\u00e1mico, elaborado por expertos<\/strong><br data-start=\"1297\" data-end=\"1300\" \/>Su identidad profesional merece evolucionar con usted. Por eso, en Klinik Sankt Moritz no nos limitamos a la verificaci\u00f3n. <strong data-start=\"1419\" data-end=\"1470\">gestionar y actualizar activamente su CV profesional<\/strong>:<\/p>\n<p data-start=\"1473\" data-end=\"1714\">\u2714\ufe0f Integraci\u00f3n cronol\u00f3gica de las nuevas cualificaciones.<br data-start=\"1524\" data-end=\"1527\" \/>\u2714\ufe0f Participaci\u00f3n documentada en congresos y actos de formaci\u00f3n.<br data-start=\"1589\" data-end=\"1592\" \/>\u2714\ufe0f Formateo centrado en la visibilidad para mostrar su crecimiento, accesible al instante para pacientes, cl\u00ednicas y colegas de todo el mundo.<\/p>\n<p data-start=\"1716\" data-end=\"1815\">Su CV se convierte en un <strong data-start=\"1734\" data-end=\"1773\">una cartera digital viva, que respira<\/strong>-precisa, elegante y siempre actualizada.<\/p>\n<hr data-start=\"1817\" data-end=\"1820\" \/>\n<p data-start=\"1822\" data-end=\"2094\">\ud83c\udfa4 <strong data-start=\"1825\" data-end=\"1871\">Reconocimiento de NFT a los ponentes internacionales<\/strong><br data-start=\"1871\" data-end=\"1874\" \/>Nos tomamos muy en serio su contribuci\u00f3n a la medicina mundial. Por eso la Klinik Sankt Moritz <strong data-start=\"1962\" data-end=\"1987\">emite NFT exclusivos<\/strong> para m\u00e9dicos titulados invitados como <strong data-start=\"2021\" data-end=\"2093\">ponentes principales o panelistas en congresos internacionales acreditados<\/strong>.<\/p>\n<p data-start=\"2096\" data-end=\"2263\">No se trata s\u00f3lo de fichas digitales. <strong data-start=\"2137\" data-end=\"2194\">s\u00edmbolos seguros y verificables de autoridad y experiencia<\/strong>acu\u00f1ada para inmortalizar su presencia en la vanguardia de la innovaci\u00f3n.<\/p>\n<hr data-start=\"2265\" data-end=\"2268\" \/>\n<p data-start=\"2270\" data-end=\"2580\">\u2728 <strong data-start=\"2272\" data-end=\"2347\">\u00bfEl resultado? Prestigio instant\u00e1neo. Confianza global. Tranquilidad profesional.<\/strong><br data-start=\"2347\" data-end=\"2350\" \/>Con la Certificaci\u00f3n de la Klinik Sankt Moritz, no s\u00f3lo se valida toda su carrera profesional, sino que adem\u00e1s <strong data-start=\"2436\" data-end=\"2449\">amplificado<\/strong>. No eres simplemente un m\u00e9dico.<br data-start=\"2478\" data-end=\"2481\" \/>Eres un <strong data-start=\"2490\" data-end=\"2508\">figura de confianza<\/strong> en el futuro de la medicina, respaldado por hechos, por blockchain, por prestigio.<\/p>\n<h3 data-start=\"2582\" data-end=\"2670\">\ud83d\udc49 <strong data-start=\"2585\" data-end=\"2655\">\u00bfEst\u00e1 listo para transformar su credibilidad en una autoridad incuestionable?<\/strong><br data-start=\"2655\" data-end=\"2658\" \/>Comencemos.<\/p>\n<p>S\u00f3lo CHF <strong>1,188<\/strong>. <strong>99 CHF al mes<\/strong> \u00bfCumplimiento inicial? <a href=\"https:\/\/kliniksanktmoritz.ch\/es\/producto\/control-de-admisibilidad\/\">CHF <strong>700<\/strong> <\/a>s\u00f3lo una vez.<br \/>\n\u00bfTotal? CHF <strong>1.888<\/strong> para garantizar el futuro de su carrera y aumentar su visibilidad.<br \/>\n\ud83d\udd25 TOP <em>\u00a1Ahorre 20% con el pago \u00fanico en lugar de mensual! <a href=\"https:\/\/kliniksanktmoritz.ch\/es\/producto\/certificado-platino-mds-dosyearly-eligibility-check-top-20\/\">CHF <strong>1.511<\/strong><\/a><\/em><\/h3>","protected":false},"excerpt":{"rendered":"<p>\ud83c\udf93 Verified to Lead. Certified to Inspire. At Klinik Sankt Moritz, we don\u2019t just certify doctors\u2014we elevate them to the pinnacle of global recognition through the most comprehensive and prestigious eligibility verification in digital medicine. \ud83d\udd0d Full Spectrum VerificationBefore earning the Klinik badge, every candidate undergoes a meticulous Know Your Customer (KYC) process\u2014not as a [&hellip;]<\/p>\n","protected":false},"featured_media":19859,"template":"","meta":{"_acf_changed":false,"wds_primary_product_brand":0,"wds_primary_product_cat":0,"_wordproof_timestamp":false},"product_brand":[183],"product_cat":[69],"product_tag":[],"class_list":{"0":"post-19858","1":"product","2":"type-product","3":"status-publish","4":"has-post-thumbnail","6":"product_brand-klinik-sankt-moritz","7":"product_cat-uncategorized","9":"first","10":"instock","11":"virtual","12":"purchasable","13":"product-type-simple"},"acf":[],"_links":{"self":[{"href":"https:\/\/kliniksanktmoritz.ch\/es\/wp-json\/wp\/v2\/product\/19858","targetHints":{"allow":["GET"]}}],"collection":[{"href":"https:\/\/kliniksanktmoritz.ch\/es\/wp-json\/wp\/v2\/product"}],"about":[{"href":"https:\/\/kliniksanktmoritz.ch\/es\/wp-json\/wp\/v2\/types\/product"}],"wp:featuredmedia":[{"embeddable":true,"href":"https:\/\/kliniksanktmoritz.ch\/es\/wp-json\/wp\/v2\/media\/19859"}],"wp:attachment":[{"href":"https:\/\/kliniksanktmoritz.ch\/es\/wp-json\/wp\/v2\/media?parent=19858"}],"wp:term":[{"taxonomy":"product_brand","embeddable":true,"href":"https:\/\/kliniksanktmoritz.ch\/es\/wp-json\/wp\/v2\/product_brand?post=19858"},{"taxonomy":"product_cat","embeddable":true,"href":"https:\/\/kliniksanktmoritz.ch\/es\/wp-json\/wp\/v2\/product_cat?post=19858"},{"taxonomy":"product_tag","embeddable":true,"href":"https:\/\/kliniksanktmoritz.ch\/es\/wp-json\/wp\/v2\/product_tag?post=19858"}],"curies":[{"name":"wp","href":"https:\/\/api.w.org\/{rel}","templated":true}]}}