{"id":19900,"date":"2025-05-14T15:33:46","date_gmt":"2025-05-14T14:33:46","guid":{"rendered":"https:\/\/kliniksanktmoritz.ch\/?post_type=product&#038;p=19900"},"modified":"2025-05-14T15:35:01","modified_gmt":"2025-05-14T14:35:01","slug":"platinum-yearly-eligibility-check-top-20-by-verduci-editore","status":"publish","type":"product","link":"https:\/\/kliniksanktmoritz.ch\/es\/producto\/platinum-annual-eligibility-check-top-20-by-verduci-editore\/","title":{"rendered":"Platino Anual + Control de Admisibilidad TOP 20% por Verduci Editore"},"content":{"rendered":"<h3>\ud83d\udc68\u200d\u2695\ufe0f <em>\u00bfEs usted m\u00e9dico? Entonces es tu momento de dominar la era digital de la medicina.<\/em><\/h3>\n<p><strong>MDs, DOs, <em>M\u00e9dicos est\u00e9ticos<\/em>Fisiatras, Psiquiatras, Diet\u00f3logos, Oste\u00f3patas (EE.UU.):<\/strong><br \/>\nNaciste para curar. Ahora, es el momento de certificar tu brillantez.<\/p>\n<hr \/>\n<p>\ud83c\udf96\ufe0f <strong>Certificaci\u00f3n m\u00e9dica de la Klinik Sankt Moritz<\/strong><br \/>\nM\u00e1s que una certificaci\u00f3n, es su pasaporte de \u00e9lite al reconocimiento mundial en sanidad digital.<br \/>\nVerificaci\u00f3n. Autoridad. Reputaci\u00f3n. Visibilidad mundial. Todo en un prestigioso distintivo.<\/p>\n<hr \/>\n<p><strong>\ud83d\udd0d \u00bfQu\u00e9 hay para ti?<\/strong><br \/>\n\u2705 Identidad verificada (KYC) + CV gestionado por expertos.<br \/>\n\u2705 Acceso al Gemelo Digital: retenci\u00f3n de pacientes de por vida, seguimiento sanitario inteligente.<br \/>\n\u2705 Formaci\u00f3n continua + la \u00faltima tecnolog\u00eda m\u00e9dica.<br \/>\nPaquete ShareKey: Comunicaci\u00f3n cifrada de calidad suiza y control de datos.<br \/>\n\u2705 Red de embajadores y referencias directas.<br \/>\n\u2705 Protecci\u00f3n de la identidad digital + aumento de la credibilidad.<br \/>\n\u2705 Exposici\u00f3n internacional, SEO de primer nivel, reputaci\u00f3n de \u00e9lite.<\/p>\n<hr \/>\n<p>\ud83d\udca5 <strong>Ahora imagina esto:<\/strong><br \/>\nUn paciente le encuentra. Ve el distintivo de la Klinik Sankt Moritz.<br \/>\nSaben que eres de \u00e9lite. Conf\u00edan en ti. Te eligen. Se quedan.<\/p>\n<hr \/>\n<h1>\ud83d\ude80 <strong>MEJOR PRECIO<br \/>\n<\/strong>\ud83d\udd25 TOP <em>\u00a1Ahorre 20% con el pago \u00fanico en lugar de mensual!<br \/>\nCHF <strong>1.511<\/strong><\/em><\/h1>\n<hr \/>\n<p>\ud83d\udc49 <strong>HAGA CLIC AQU\u00cd Y OBTENGA LA CERTIFICACI\u00d3N AHORA.<\/strong><br \/>\n<em>Domine los motores de b\u00fasqueda, sorprenda a los pacientes y ascienda al sal\u00f3n de la fama digital.<\/em><br \/>\n<strong>No esperes al futuro, convi\u00e9rtete en el futuro.<\/strong><\/p>","protected":false},"excerpt":{"rendered":"<p><a href=\"https:\/\/wise.com\/gb\/currency-converter\/currencies\/chf-swiss-franc\"><strong data-start=\"4\" data-end=\"43\">El franco suizo en tiempo real<\/strong><\/a><br \/>\nComo empresa suiza, operamos principalmente en francos suizos, s\u00edmbolo de estabilidad y fiabilidad. Dadas las fluctuaciones del mercado mundial, esto garantiza la eficiencia y la transparencia, al tiempo que minimiza las incertidumbres relacionadas con las divisas.<\/p>","protected":false},"featured_media":19773,"template":"","meta":{"_acf_changed":false,"wds_primary_product_brand":0,"wds_primary_product_cat":0,"_wordproof_timestamp":false},"product_brand":[],"product_cat":[164,119,158],"product_tag":[162,163,187],"class_list":{"0":"post-19900","1":"product","2":"type-product","3":"status-publish","4":"has-post-thumbnail","6":"product_cat-certification","7":"product_cat-partner","8":"product_cat-worldmedcert","9":"product_tag-certified-degree","10":"product_tag-certified-medical-doctor","11":"product_tag-klinik-sankt-moritz-id","12":"yith_shop_vendor-verduci","14":"first","15":"instock","16":"virtual","17":"purchasable","18":"product-type-simple"},"acf":[],"_links":{"self":[{"href":"https:\/\/kliniksanktmoritz.ch\/es\/wp-json\/wp\/v2\/product\/19900","targetHints":{"allow":["GET"]}}],"collection":[{"href":"https:\/\/kliniksanktmoritz.ch\/es\/wp-json\/wp\/v2\/product"}],"about":[{"href":"https:\/\/kliniksanktmoritz.ch\/es\/wp-json\/wp\/v2\/types\/product"}],"wp:featuredmedia":[{"embeddable":true,"href":"https:\/\/kliniksanktmoritz.ch\/es\/wp-json\/wp\/v2\/media\/19773"}],"wp:attachment":[{"href":"https:\/\/kliniksanktmoritz.ch\/es\/wp-json\/wp\/v2\/media?parent=19900"}],"wp:term":[{"taxonomy":"product_brand","embeddable":true,"href":"https:\/\/kliniksanktmoritz.ch\/es\/wp-json\/wp\/v2\/product_brand?post=19900"},{"taxonomy":"product_cat","embeddable":true,"href":"https:\/\/kliniksanktmoritz.ch\/es\/wp-json\/wp\/v2\/product_cat?post=19900"},{"taxonomy":"product_tag","embeddable":true,"href":"https:\/\/kliniksanktmoritz.ch\/es\/wp-json\/wp\/v2\/product_tag?post=19900"}],"curies":[{"name":"wp","href":"https:\/\/api.w.org\/{rel}","templated":true}]}}