{"id":20124,"date":"2025-05-19T11:13:30","date_gmt":"2025-05-19T10:13:30","guid":{"rendered":"https:\/\/kliniksanktmoritz.ch\/?post_type=product&#038;p=20124"},"modified":"2025-05-21T18:42:39","modified_gmt":"2025-05-21T17:42:39","slug":"klinik-sankt-moritz-id-by-caldelari-medical","status":"publish","type":"product","link":"https:\/\/kliniksanktmoritz.ch\/es\/producto\/klinik-sankt-moritz-id-by-caldelari-medical\/","title":{"rendered":"Klinik Sankt Moritz ID"},"content":{"rendered":"<h2>\ud83e\ude7a KLINIK SANKT MORITZ ID de Caldelari Medical<br \/>\nUn identificador digital mundial para m\u00e9dicos verificados<\/h2>\n<h4>Un n\u00famero. Una garant\u00eda. Una firma de confianza.<\/h4>\n<h4>\ud83d\udd39 \u00bfCu\u00e1l es la identificaci\u00f3n de la Klinik Sankt Moritz?<br \/>\nEl ID de la Klinik Sankt Moritz es un identificador digital \u00fanico que se expide \u00fanicamente a los m\u00e9dicos que est\u00e1n inscritos de forma activa en un colegio de m\u00e9dicos reconocido, en cualquier parte del mundo.Se trata de un servicio sencillo y anual que proporciona a los pacientes un nivel m\u00ednimo de autenticidad profesional y ofrece a los m\u00e9dicos una presencia verificada y segura.<\/h4>\n<h4>\ud83e\udde9 \u00bfPara qu\u00e9 sirve?<br \/>\nIdentificar clara e inmediatamente a un m\u00e9dico como tal.<br \/>\nIncruste el identificador en su firma de correo electr\u00f3nico, sitio web, documentos m\u00e9dicos o plataformas digitales.<br \/>\nAsegure a los pacientes que est\u00e1n hablando con un m\u00e9dico titulado, sin necesidad de curr\u00edculos, t\u00edtulos o diplomas.<\/h4>\n<h4>\ud83d\udd10 \u00bfQu\u00e9 verifica?<br \/>\nQue el profesional est\u00e9 inscrito de forma activa en un colegio de m\u00e9dicos.<br \/>\nQue la Klinik Sankt Moritz lo haya comprobado en los \u00faltimos 12 meses.<br \/>\nNi m\u00e1s ni menos: confirma la existencia y la legitimidad, no las cualificaciones ni la experiencia.<\/h4>\n<h4>\ud83d\udca1 \u00bfPor qu\u00e9 es importante?<br \/>\nEn una \u00e9poca de desinformaci\u00f3n y fraude digital, la identificaci\u00f3n de la Klinik Sankt Moritz act\u00faa como un est\u00e1ndar m\u00ednimo de confianza:<br \/>\n\u2705 Protege a los pacientes de perfiles falsos<br \/>\n\u2705 Da visibilidad a los verdaderos profesionales<br \/>\n\u2705 Rompe las barreras de la confianza digital en la sanidad<\/h4>\n<h4>\ud83c\udfaf \u00bfA qui\u00e9n va dirigido?<br \/>\nExclusivamente para m\u00e9dicos colegiados, independientemente del pa\u00eds o la especialidad.<br \/>\nSin credenciales falsas. Sin zonas grises. Sin ambig\u00fcedades.<\/h4>\n<h4>\ud83d\udcb5 \u00bfCu\u00e1nto cuesta?<br \/>\nUn servicio b\u00e1sico de bajo coste:49 USD\/a\u00f1o Para m\u00e9dicos que desean ser verificados f\u00e1cilmente en todo el mundo.<\/h4>\n<h4>\ud83c\udf10 Visibilidad en todo el mundo<br \/>\nLos m\u00e9dicos que obtengan una identificaci\u00f3n lo har\u00e1n:<br \/>\nAparecer en el directorio p\u00fablico oficial de la Klinik Sankt Moritz<br \/>\nRecibir un distintivo digital para mostrar su identificaci\u00f3n verificada<br \/>\nProporcionar a los pacientes un enlace claro y p\u00fablico para validar su situaci\u00f3n<\/h4>\n<h4>\ud83d\udee1\ufe0f El valor de la simple verificaci\u00f3n<br \/>\nLa identificaci\u00f3n de la Klinik Sankt Moritz no invade su privacidad, no revela sus datos ni intenta certificar sus aptitudes.<br \/>\nS\u00f3lo confirma una verdad esencial: \ud83d\udc49 \"Esta persona es un m\u00e9dico colegiado. Verificado por nosotros\".<\/h4>\n<h4>Un peque\u00f1o paso para el m\u00e9dico. Un gran salto para la confianza del paciente.<\/h4>","protected":false},"excerpt":{"rendered":"<h3>Klinik Sankt Moritz ID By Caldelari Medical<\/h3>","protected":false},"featured_media":19764,"template":"","meta":{"_acf_changed":false,"wds_primary_product_brand":0,"wds_primary_product_cat":0,"_wordproof_timestamp":false},"product_brand":[183],"product_cat":[164,158],"product_tag":[163],"class_list":{"0":"post-20124","1":"product","2":"type-product","3":"status-publish","4":"has-post-thumbnail","6":"product_brand-klinik-sankt-moritz","7":"product_cat-certification","8":"product_cat-worldmedcert","9":"product_tag-certified-medical-doctor","10":"yith_shop_vendor-caldelari","12":"first","13":"instock","14":"shipping-taxable","15":"purchasable","16":"product-type-simple"},"acf":[],"_links":{"self":[{"href":"https:\/\/kliniksanktmoritz.ch\/es\/wp-json\/wp\/v2\/product\/20124","targetHints":{"allow":["GET"]}}],"collection":[{"href":"https:\/\/kliniksanktmoritz.ch\/es\/wp-json\/wp\/v2\/product"}],"about":[{"href":"https:\/\/kliniksanktmoritz.ch\/es\/wp-json\/wp\/v2\/types\/product"}],"wp:featuredmedia":[{"embeddable":true,"href":"https:\/\/kliniksanktmoritz.ch\/es\/wp-json\/wp\/v2\/media\/19764"}],"wp:attachment":[{"href":"https:\/\/kliniksanktmoritz.ch\/es\/wp-json\/wp\/v2\/media?parent=20124"}],"wp:term":[{"taxonomy":"product_brand","embeddable":true,"href":"https:\/\/kliniksanktmoritz.ch\/es\/wp-json\/wp\/v2\/product_brand?post=20124"},{"taxonomy":"product_cat","embeddable":true,"href":"https:\/\/kliniksanktmoritz.ch\/es\/wp-json\/wp\/v2\/product_cat?post=20124"},{"taxonomy":"product_tag","embeddable":true,"href":"https:\/\/kliniksanktmoritz.ch\/es\/wp-json\/wp\/v2\/product_tag?post=20124"}],"curies":[{"name":"wp","href":"https:\/\/api.w.org\/{rel}","templated":true}]}}