{"id":20128,"date":"2025-05-19T11:14:26","date_gmt":"2025-05-19T10:14:26","guid":{"rendered":"https:\/\/kliniksanktmoritz.ch\/?post_type=product&#038;p=20128"},"modified":"2025-05-21T18:01:07","modified_gmt":"2025-05-21T17:01:07","slug":"certified-backlink-cv-monthly-settlement-by-caldelari-medical","status":"publish","type":"product","link":"https:\/\/kliniksanktmoritz.ch\/es\/producto\/certificado-backlink-cv-liquidacion-mensual-por-caldelari-medical\/","title":{"rendered":"Certificado Backlink &amp; CV - Mensual"},"content":{"rendered":"<h3 data-start=\"185\" data-end=\"246\">\ud83d\udea8 <strong data-start=\"188\" data-end=\"244\">En un mundo lleno de falsificaciones, s\u00e9 t\u00fa el verificado.<\/strong><\/h3>\n<h3 data-start=\"248\" data-end=\"308\">Cualquiera puede comprar un dominio.<br data-start=\"272\" data-end=\"275\" \/>S\u00f3lo <em data-start=\"280\" data-end=\"285\">usted<\/em> puede reclamar la verdad.<\/h3>\n<h4 data-start=\"310\" data-end=\"489\">\ud83c\udf10 <strong data-start=\"313\" data-end=\"358\">Backlink certificado por Klinik Sankt Moritz<\/strong><br data-start=\"358\" data-end=\"361\" \/>Una conexi\u00f3n segura y permanente entre su sitio web oficial y un perfil verificado que grita:<br data-start=\"458\" data-end=\"461\" \/><strong data-start=\"461\" data-end=\"489\">\"Este es el verdadero negocio\".<\/strong><\/h4>\n<h5 data-start=\"491\" data-end=\"600\">\u2714\ufe0f Su licencia, verificada<br data-start=\"516\" data-end=\"519\" \/>\u2714\ufe0f Su CV, est\u00e1 disponible<br data-start=\"544\" data-end=\"547\" \/>\u2714\ufe0f Su nombre, protegido<br data-start=\"570\" data-end=\"573\" \/>\u2714\ufe0f Sus pacientes, tranquilos<\/h5>\n<h5 data-start=\"602\" data-end=\"733\">\ud83e\udde0 Di adi\u00f3s a la confusi\u00f3n en l\u00ednea y a las identidades clonadas. Di hola a <strong data-start=\"673\" data-end=\"690\">confianza instant\u00e1nea<\/strong>credibilidad global y visibilidad de \u00e9lite.<\/h5>\n<hr data-start=\"735\" data-end=\"738\" \/>\n<h5 data-start=\"740\" data-end=\"899\"><strong data-start=\"740\" data-end=\"761\">\u26a0\ufe0f Reality Check:<\/strong><br data-start=\"761\" data-end=\"764\" \/>Un sitio web por s\u00ed solo ya no basta.<br data-start=\"800\" data-end=\"803\" \/>Rese\u00f1as falsas. Caras falsas. Expertos falsos.<br data-start=\"842\" data-end=\"845\" \/>Y sin embargo, eres real. Cualificado. De confianza. Ahora demu\u00e9stralo.<\/h5>\n<hr data-start=\"901\" data-end=\"904\" \/>\n<h5 data-start=\"906\" data-end=\"1099\">\ud83d\udca1 <strong data-start=\"909\" data-end=\"926\">Imag\u00ednate esto:<\/strong><br data-start=\"926\" data-end=\"929\" \/>Un paciente busca tu nombre en Google.<br data-start=\"957\" data-end=\"960\" \/>Encuentran su sitio. Hacen clic en su Backlink Certificado.<br data-start=\"1011\" data-end=\"1014\" \/>Boom: su CV verificado en Klinik Sankt Moritz.<br data-start=\"1060\" data-end=\"1063\" \/>Autenticidad. Autoridad. Admiraci\u00f3n.<\/h5>\n<hr data-start=\"1101\" data-end=\"1104\" \/>\n<h5 data-start=\"1106\" data-end=\"1289\"><a href=\"https:\/\/kliniksanktmoritz.ch\/es\/producto\/backlink-certificado-cv-anual-by-verduci-editore\/\">\ud83d\udd25 <strong data-start=\"1109\" data-end=\"1161\">\u00bfY el coste de destacar? S\u00f3lo 500 CHF\/a\u00f1o. Menos 20% una liquidaci\u00f3n<\/strong><\/a><br data-start=\"1161\" data-end=\"1164\" \/>Eso es menos de lo que cuesta un caf\u00e9 al d\u00eda: un escudo p\u00fablico de confianza, una identidad digital a prueba de balas y tranquilidad para toda la vida.<\/h5>\n<hr data-start=\"1291\" data-end=\"1294\" \/>\n<h5 data-start=\"1296\" data-end=\"1443\">\ud83d\ude80 <strong data-start=\"1299\" data-end=\"1339\">ACTIVE AHORA SU ENLACE CERTIFICADO<\/strong><br data-start=\"1339\" data-end=\"1342\" \/>\ud83d\udd17 Verif\u00edquese aqu\u00ed<br data-start=\"1364\" data-end=\"1367\" \/>Porque <em data-start=\"1375\" data-end=\"1386\">aparece<\/em> fiable es f\u00e1cil.<br data-start=\"1407\" data-end=\"1410\" \/><strong data-start=\"1410\" data-end=\"1425\">\u00bfProbarlo?<\/strong> Eso es legendario.<\/h5>","protected":false},"excerpt":{"rendered":"<h3>Backlink Certificado &amp; CV - Liquidaci\u00f3n Mensual Por Caldelari Medical<\/h3>\n<h5><a href=\"https:\/\/wise.com\/gb\/currency-converter\/currencies\/chf-swiss-franc\"><strong data-start=\"4\" data-end=\"43\">El franco suizo en tiempo real<\/strong><\/a><br \/>\nComo empresa suiza, operamos principalmente en francos suizos, s\u00edmbolo de estabilidad y fiabilidad. Dadas las fluctuaciones del mercado mundial, esto garantiza la eficiencia y la transparencia, al tiempo que minimiza las incertidumbres relacionadas con las divisas.<\/h5>","protected":false},"featured_media":19770,"template":"","meta":{"_acf_changed":false,"wds_primary_product_brand":0,"wds_primary_product_cat":0,"_wordproof_timestamp":false},"product_brand":[],"product_cat":[164,119,158],"product_tag":[162,163,187],"class_list":{"0":"post-20128","1":"product","2":"type-product","3":"status-publish","4":"has-post-thumbnail","6":"product_cat-certification","7":"product_cat-partner","8":"product_cat-worldmedcert","9":"product_tag-certified-degree","10":"product_tag-certified-medical-doctor","11":"product_tag-klinik-sankt-moritz-id","12":"yith_shop_vendor-caldelari","14":"first","15":"instock","16":"shipping-taxable","17":"purchasable","18":"product-type-simple"},"acf":[],"_links":{"self":[{"href":"https:\/\/kliniksanktmoritz.ch\/es\/wp-json\/wp\/v2\/product\/20128","targetHints":{"allow":["GET"]}}],"collection":[{"href":"https:\/\/kliniksanktmoritz.ch\/es\/wp-json\/wp\/v2\/product"}],"about":[{"href":"https:\/\/kliniksanktmoritz.ch\/es\/wp-json\/wp\/v2\/types\/product"}],"wp:featuredmedia":[{"embeddable":true,"href":"https:\/\/kliniksanktmoritz.ch\/es\/wp-json\/wp\/v2\/media\/19770"}],"wp:attachment":[{"href":"https:\/\/kliniksanktmoritz.ch\/es\/wp-json\/wp\/v2\/media?parent=20128"}],"wp:term":[{"taxonomy":"product_brand","embeddable":true,"href":"https:\/\/kliniksanktmoritz.ch\/es\/wp-json\/wp\/v2\/product_brand?post=20128"},{"taxonomy":"product_cat","embeddable":true,"href":"https:\/\/kliniksanktmoritz.ch\/es\/wp-json\/wp\/v2\/product_cat?post=20128"},{"taxonomy":"product_tag","embeddable":true,"href":"https:\/\/kliniksanktmoritz.ch\/es\/wp-json\/wp\/v2\/product_tag?post=20128"}],"curies":[{"name":"wp","href":"https:\/\/api.w.org\/{rel}","templated":true}]}}