{"id":20307,"date":"2025-05-27T13:36:45","date_gmt":"2025-05-27T12:36:45","guid":{"rendered":"https:\/\/kliniksanktmoritz.ch\/?post_type=product&#038;p=20307"},"modified":"2025-05-27T20:39:28","modified_gmt":"2025-05-27T19:39:28","slug":"version-de-datos-gemelos-digitales","status":"publish","type":"product","link":"https:\/\/kliniksanktmoritz.ch\/es\/producto\/version-de-datos-gemelos-digitales\/","title":{"rendered":"Digital Twin VERSI\u00d3N DE DATOS"},"content":{"rendered":"<h1>\ud83e\udde0 Digital Twin DATA: Un solo cuadro de mandos para todo tu cuerpo<\/h1>\n<h2>Sus datos sanitarios, por fin conectados.<\/h2>\n<h3>\u2705 \u00bfQu\u00e9 diferencia a Digital Twin DATA?<\/h3>\n<h5>Unificado <strong>Cuadro de mandos<\/strong>Todos tus datos - <strong>dormir<\/strong>, <strong>sangre<\/strong> <strong>pruebas<\/strong>, <strong>pasos<\/strong>, <strong>coraz\u00f3n<\/strong> <strong>tarifa<\/strong> - en <strong>un<\/strong> <strong>lugar<\/strong>. No m\u00e1s <strong>app-hopping<\/strong>. Un <strong>interfaz inteligente<\/strong>actualizado en tiempo real.<br \/>\nTendencias de salud visualizadas Vea su salud como nunca antes. <strong>Gr\u00e1ficos<\/strong> y <strong>curvas<\/strong> <strong>Mostrar<\/strong> c\u00f3mo su <strong>dormir<\/strong>, <strong>vitamina D<\/strong>y <strong>creatinina<\/strong> interactuar sobre <strong>d\u00edas<\/strong>, <strong>semanas<\/strong>y <strong>meses<\/strong>.<br \/>\nCiberseguridad avanzada Sus datos sanitarios son <strong>encriptado<\/strong>, <strong>protegido<\/strong>y almacenados en un <strong>nube<\/strong>. S\u00f3lo t\u00fa decides qui\u00e9n lo ve. Es tuyo y s\u00f3lo tuyo.<br \/>\nCompleto <strong>M\u00e9dico<\/strong> Integraci\u00f3n Cargue su historial m\u00e9dico completo <strong>historia<\/strong>, <strong>laboratorio<\/strong> <strong>resultados<\/strong>, <strong>recetas<\/strong>y <strong>wearable<\/strong> <strong>datos<\/strong>. Su <strong>completo<\/strong> <strong>salud<\/strong> <strong>foto<\/strong>por fin juntos.<br \/>\nCompatible con <strong>M\u00e1s de 300 dispositivos<\/strong>En <strong>Manzana<\/strong> Salud, <strong>Fitbit<\/strong>, <strong>Garmin<\/strong> y Oura a Dexcom, <strong>Strava<\/strong>, <strong>MyFitnessPal<\/strong>y pronto incluso <strong>Tesla<\/strong> y <strong>Pelot\u00f3n<\/strong> - conectamos todo lo que te rastrea.<\/h5>\n<h3>\ud83c\udf0d \u00bfA qui\u00e9n va dirigido?<\/h3>\n<ul>\n<li>Personas que <strong>tren<\/strong><\/li>\n<li>Personas con <strong>cr\u00f3nica<\/strong> condiciones<\/li>\n<li>Personas que se preocupan por <strong>prevenci\u00f3n<\/strong><\/li>\n<li>Gente cansada de <strong>falta<\/strong> o <strong>perdiendo<\/strong> su <strong>datos<\/strong><\/li>\n<li>Personas que quieren <strong>claridad<\/strong>, <strong>control<\/strong>y <strong>certeza<\/strong><\/li>\n<li>Deja de adivinar. Empieza a ver.<\/li>\n<li>Digital Twin DATA le permite conocer su estado de salud en tiempo real.Detectar\u00e1 los problemas antes incluso de que aparezcan los s\u00edntomas.Tomar\u00e1 medidas antes de que sea demasiado tarde.<\/li>\n<\/ul>\n<h3>\ud83d\udd10 Toma el control de tu salud ahora.<\/h3>\n<h3>Cree su Gemelo Digital hoy mismo y <strong>no vuelvas a perder la pista<\/strong>.<br \/>\n\ud83d\udc49 \u00danete ahora y construye tu <strong>perfil de salud completo<\/strong> en cuesti\u00f3n de minutos.<strong>Propio<\/strong> su <strong>datos<\/strong>. <strong>Entiende tu cuerpo<\/strong>. <strong>Vivir mejor<\/strong>.<\/h3>","protected":false},"excerpt":{"rendered":"<h1>\ud83e\udde0 Digital Twin DATA: Un solo cuadro de mandos para todo tu cuerpo<\/h1>\n<h2>Sus datos sanitarios, por fin conectados.<\/h2>\n<h5>Se acabaron los saltos entre aplicaciones. Se acabaron los resultados dispersos.Digital Twin DATA re\u00fane todas tus <strong>salud<\/strong> informaci\u00f3n en una <strong>seguro<\/strong>, <strong>inteligente<\/strong> dise\u00f1ada para seguir el comportamiento real de tu cuerpo a lo largo del tiempo.<\/h5>\n<h3><\/h3>","protected":false},"featured_media":20308,"template":"","meta":{"_acf_changed":false,"wds_primary_product_brand":0,"wds_primary_product_cat":0,"_wordproof_timestamp":false},"product_brand":[183],"product_cat":[69],"product_tag":[],"class_list":{"0":"post-20307","1":"product","2":"type-product","3":"status-publish","4":"has-post-thumbnail","6":"product_brand-klinik-sankt-moritz","7":"product_cat-uncategorized","9":"first","10":"instock","11":"virtual","12":"purchasable","13":"product-type-simple"},"acf":[],"_links":{"self":[{"href":"https:\/\/kliniksanktmoritz.ch\/es\/wp-json\/wp\/v2\/product\/20307","targetHints":{"allow":["GET"]}}],"collection":[{"href":"https:\/\/kliniksanktmoritz.ch\/es\/wp-json\/wp\/v2\/product"}],"about":[{"href":"https:\/\/kliniksanktmoritz.ch\/es\/wp-json\/wp\/v2\/types\/product"}],"wp:featuredmedia":[{"embeddable":true,"href":"https:\/\/kliniksanktmoritz.ch\/es\/wp-json\/wp\/v2\/media\/20308"}],"wp:attachment":[{"href":"https:\/\/kliniksanktmoritz.ch\/es\/wp-json\/wp\/v2\/media?parent=20307"}],"wp:term":[{"taxonomy":"product_brand","embeddable":true,"href":"https:\/\/kliniksanktmoritz.ch\/es\/wp-json\/wp\/v2\/product_brand?post=20307"},{"taxonomy":"product_cat","embeddable":true,"href":"https:\/\/kliniksanktmoritz.ch\/es\/wp-json\/wp\/v2\/product_cat?post=20307"},{"taxonomy":"product_tag","embeddable":true,"href":"https:\/\/kliniksanktmoritz.ch\/es\/wp-json\/wp\/v2\/product_tag?post=20307"}],"curies":[{"name":"wp","href":"https:\/\/api.w.org\/{rel}","templated":true}]}}