{"id":20326,"date":"2025-05-27T21:43:59","date_gmt":"2025-05-27T20:43:59","guid":{"rendered":"https:\/\/kliniksanktmoritz.ch\/?post_type=product&#038;p=20326"},"modified":"2025-05-27T22:10:27","modified_gmt":"2025-05-27T21:10:27","slug":"gemelo-digital-version-molecular","status":"publish","type":"product","link":"https:\/\/kliniksanktmoritz.ch\/es\/producto\/gemelo-digital-version-molecular\/","title":{"rendered":"Gemelo digital - Versi\u00f3n molecular"},"content":{"rendered":"<h1 data-start=\"436\" data-end=\"485\">\u00bfQu\u00e9 es el gemelo digital - versi\u00f3n molecular?<\/h1>\n<h2 >En <strong >Digital Twin Versi\u00f3n molecular<\/strong> es una tecnolog\u00eda sanitaria avanzada que recoge y visualiza <strong data-start=\"588\" data-end=\"621\">datos de tu cuerpo en tiempo real<\/strong>incluyendo:<\/h2>\n<ul data-start=\"635\" data-end=\"761\">\n<li data-start=\"635\" data-end=\"665\">\n<h3 ><strong >Rastreadores de salud port\u00e1tiles<\/strong><\/h3>\n<\/li>\n<li data-start=\"666\" data-end=\"688\">\n<h3 data-start=\"668\" data-end=\"688\"><strong data-start=\"668\" data-end=\"688\">Biomarcadores sangu\u00edneos<\/strong><\/h3>\n<\/li>\n<li data-start=\"689\" data-end=\"719\">\n<h3 data-start=\"691\" data-end=\"719\"><strong data-start=\"691\" data-end=\"719\">Resultados de las pruebas metabol\u00f3micas<\/strong><\/h3>\n<\/li>\n<li data-start=\"720\" data-end=\"761\">\n<h3 data-start=\"722\" data-end=\"761\"><strong data-start=\"722\" data-end=\"761\">Sue\u00f1o, estr\u00e9s, frecuencia cardiaca y mucho m\u00e1s<\/strong><\/h3>\n<\/li>\n<\/ul>\n<h3 data-start=\"763\" data-end=\"923\">Transforma los datos sanitarios dispersos en <strong data-start=\"804\" data-end=\"839\">un cuadro de mandos \u00fanico e inteligente<\/strong>que le ayudar\u00e1n a detectar patrones y a tomar decisiones informadas sobre su viaje hacia el bienestar.<\/h3>\n<hr data-start=\"925\" data-end=\"928\" \/>\n<h3 data-start=\"930\" data-end=\"960\">\ud83d\udd2c \u00bfPor qu\u00e9 a\u00f1adir datos moleculares?<\/h3>\n<h3 data-start=\"962\" data-end=\"1055\"><strong data-start=\"962\" data-end=\"983\">Pruebas moleculares<\/strong> le ofrece una visi\u00f3n \u00fanica del interior de su cuerpo, incluso antes de que aparezcan los s\u00edntomas.<\/h3>\n<h3 data-start=\"1057\" data-end=\"1136\">Mediante el seguimiento de biomarcadores clave <strong data-start=\"1084\" data-end=\"1106\">2-3 veces al a\u00f1o<\/strong>...obtendr\u00e1 informaci\u00f3n detallada sobre..:<\/h3>\n<ul data-start=\"1138\" data-end=\"1322\">\n<li data-start=\"1138\" data-end=\"1178\">\n<h4 data-start=\"1140\" data-end=\"1178\">Metabolismo y carencias de nutrientes<\/h4>\n<\/li>\n<li data-start=\"1179\" data-end=\"1221\">\n<h4 data-start=\"1181\" data-end=\"1221\">Inflamaci\u00f3n temprana o estr\u00e9s oxidativo<\/h4>\n<\/li>\n<li data-start=\"1222\" data-end=\"1245\">\n<h4 data-start=\"1224\" data-end=\"1245\">Desequilibrios hormonales<\/h4>\n<\/li>\n<li data-start=\"1246\" data-end=\"1279\">\n<h4 data-start=\"1248\" data-end=\"1279\">Problemas de recuperaci\u00f3n relacionados con el sue\u00f1o<\/h4>\n<\/li>\n<li data-start=\"1280\" data-end=\"1322\">\n<h4 data-start=\"1282\" data-end=\"1322\">Fatiga cr\u00f3nica y ralentizaci\u00f3n metab\u00f3lica<\/h4>\n<\/li>\n<\/ul>\n<h4 data-start=\"1324\" data-end=\"1397\">\ud83e\udde0 Es m\u00e1s que datos. Es <strong data-start=\"1353\" data-end=\"1397\">predicci\u00f3n sanitaria basada en la ciencia real.<\/strong><\/h4>\n<hr data-start=\"1399\" data-end=\"1402\" \/>\n<h3 data-start=\"1404\" data-end=\"1441\">\ud83d\udcca Tu panel de salud completo<\/h3>\n<h4 data-start=\"1443\" data-end=\"1503\">Se acab\u00f3 el pasar de una aplicaci\u00f3n a otra.<br data-start=\"1474\" data-end=\"1477\" \/>Se acabaron los informes confusos.<\/h4>\n<h4 data-start=\"1505\" data-end=\"1589\">El Gemelo Digital se integra con m\u00e1s de <strong data-start=\"1543\" data-end=\"1577\">300 dispositivos de salud y fitness<\/strong>incluyendo:<\/h4>\n<ul data-start=\"1591\" data-end=\"1762\">\n<li data-start=\"1591\" data-end=\"1645\">\n<h4 data-start=\"1593\" data-end=\"1645\">Apple Health, Fitbit, Oura, Garmin, Samsung Health<\/h4>\n<\/li>\n<li data-start=\"1646\" data-end=\"1698\">\n<h4 data-start=\"1648\" data-end=\"1698\">Dexcom, Polar, Withings, Whoop, Strava y m\u00e1s<\/h4>\n<\/li>\n<li data-start=\"1699\" data-end=\"1762\">\n<h4 data-start=\"1701\" data-end=\"1762\">Pr\u00f3ximas integraciones: Tesla, Peloton, Calm, iFit y otras.<\/h4>\n<\/li>\n<\/ul>\n<h4 data-start=\"1764\" data-end=\"1840\">Todas sus se\u00f1ales de salud - <strong data-start=\"1790\" data-end=\"1813\">visualizados juntos<\/strong>con claridad y en tiempo real.<\/h4>\n<hr data-start=\"1842\" data-end=\"1845\" \/>\n<h3 data-start=\"1847\" data-end=\"1898\">\ud83d\udd10 Ciberseguridad inigualable para tus datos sanitarios<\/h3>\n<ul data-start=\"1900\" data-end=\"2012\">\n<li data-start=\"1900\" data-end=\"1921\">\n<h4 data-start=\"1902\" data-end=\"1921\"><strong data-start=\"1902\" data-end=\"1921\">Totalmente encriptado<\/strong><\/h4>\n<\/li>\n<li data-start=\"1922\" data-end=\"1949\">\n<h4 data-start=\"1924\" data-end=\"1949\"><strong data-start=\"1924\" data-end=\"1949\">Almacenamiento en nube privada<\/strong><\/h4>\n<\/li>\n<li data-start=\"1950\" data-end=\"1977\">\n<h4 data-start=\"1952\" data-end=\"1977\"><strong data-start=\"1952\" data-end=\"1977\">Sin acceso de terceros<\/strong><\/h4>\n<\/li>\n<li data-start=\"1978\" data-end=\"2012\">\n<h4 data-start=\"1980\" data-end=\"2012\"><strong data-start=\"1980\" data-end=\"2012\">Usted controla los datos, siempre<\/strong><\/h4>\n<\/li>\n<\/ul>\n<h4 data-start=\"2014\" data-end=\"2077\">Sus datos m\u00e9dicos merecen <strong data-start=\"2041\" data-end=\"2076\">el m\u00e1ximo nivel de protecci\u00f3n<\/strong>.<\/h4>\n<hr data-start=\"2079\" data-end=\"2082\" \/>\n<h3 data-start=\"2084\" data-end=\"2109\">\ud83c\udfaf \u00bfQui\u00e9n debe utilizarlo?<\/h3>\n<h4 data-start=\"2111\" data-end=\"2331\">\u2705 Profesionales sanitarios y de alto rendimiento<br data-start=\"2153\" data-end=\"2156\" \/>\u2705 Aficionados al fitness y deportistas<br data-start=\"2190\" data-end=\"2193\" \/>Personas con enfermedades cr\u00f3nicas<br data-start=\"2229\" data-end=\"2232\" \/>\u2705 Cualquiera que busque <strong data-start=\"2249\" data-end=\"2281\">vigilancia sanitaria preventiva<\/strong><br data-start=\"2281\" data-end=\"2284\" \/>\u2705 Biohackers, entrenadores y optimizadores del estilo de vida<\/h4>\n<hr data-start=\"2333\" data-end=\"2336\" \/>\n<h3 data-start=\"2338\" data-end=\"2374\">Deja de adivinar. Empiece a saber.<\/h3>\n<h4 data-start=\"2376\" data-end=\"2470\">La sanidad tradicional espera a que algo vaya mal.<br data-start=\"2427\" data-end=\"2430\" \/>Digital Twin + Molecular Data le ayuda:<\/h4>\n<ul data-start=\"2472\" data-end=\"2618\">\n<li data-start=\"2472\" data-end=\"2497\">\n<h4 data-start=\"2474\" data-end=\"2497\">Detecci\u00f3n precoz de problemas<\/h4>\n<\/li>\n<li data-start=\"2498\" data-end=\"2539\">\n<h4 data-start=\"2500\" data-end=\"2539\">Optimice su dieta, sue\u00f1o y energ\u00eda<\/h4>\n<\/li>\n<li data-start=\"2540\" data-end=\"2582\">\n<h4 data-start=\"2542\" data-end=\"2582\">Personalice su formaci\u00f3n o tratamiento<\/h4>\n<\/li>\n<li data-start=\"2583\" data-end=\"2618\">\n<h4 data-start=\"2585\" data-end=\"2618\">Tomar decisiones sanitarias basadas en datos<\/h4>\n<\/li>\n<\/ul>\n<hr data-start=\"2620\" data-end=\"2623\" \/>\n<h1 data-start=\"2625\" data-end=\"2652\">Por s\u00f3lo 500 CHF al mes<\/h1>\n<h2 data-start=\"2654\" data-end=\"2752\">Tome el control de su salud con la <strong data-start=\"2696\" data-end=\"2741\">tecnolog\u00eda avanzada de bienestar personalizado<\/strong> disponible.<\/h2>\n<h2 data-start=\"2754\" data-end=\"2841\"><strong data-start=\"2754\" data-end=\"2790\">Gemelo digital - Versi\u00f3n molecular<\/strong><br data-start=\"2790\" data-end=\"2793\" \/>Tu cuerpo. Tus mol\u00e9culas. Tu futuro - mapeado.<\/h2>\n<h2 data-start=\"2843\" data-end=\"2959\">\ud83d\udc49 <strong data-start=\"2846\" data-end=\"2904\">\u00danase ahora. Adel\u00e1ntese a la enfermedad. Sea due\u00f1o de sus datos sanitarios.<\/strong><br data-start=\"2904\" data-end=\"2907\" \/>Porque la prevenci\u00f3n no es una moda. Es una revoluci\u00f3n.<\/h2>","protected":false},"excerpt":{"rendered":"<h1 data-start=\"233\" data-end=\"280\">\ud83e\uddec Gemelo digital - Cuadro de mandos de salud molecular<\/h1>\n<h2 data-start=\"282\" data-end=\"429\"><strong data-start=\"282\" data-end=\"326\">Vea lo que su cuerpo a\u00fan no puede decirle.<\/strong><\/h2>\n<h3 data-start=\"282\" data-end=\"429\">Rastrear cambios moleculares. Detectar patrones. Prevenir enfermedades.<br data-start=\"387\" data-end=\"390\" \/><strong data-start=\"390\" data-end=\"429\">Todo en un panel de control inteligente y seguro.<\/strong><\/h3>\n<h1 data-start=\"2625\" data-end=\"2652\">Por s\u00f3lo 500 CHF al mes<\/h1>","protected":false},"featured_media":20321,"template":"","meta":{"_acf_changed":false,"wds_primary_product_brand":0,"wds_primary_product_cat":0,"_wordproof_timestamp":false},"product_brand":[183],"product_cat":[69],"product_tag":[],"class_list":{"0":"post-20326","1":"product","2":"type-product","3":"status-publish","4":"has-post-thumbnail","6":"product_brand-klinik-sankt-moritz","7":"product_cat-uncategorized","9":"first","10":"instock","11":"virtual","12":"purchasable","13":"product-type-simple"},"acf":[],"_links":{"self":[{"href":"https:\/\/kliniksanktmoritz.ch\/es\/wp-json\/wp\/v2\/product\/20326","targetHints":{"allow":["GET"]}}],"collection":[{"href":"https:\/\/kliniksanktmoritz.ch\/es\/wp-json\/wp\/v2\/product"}],"about":[{"href":"https:\/\/kliniksanktmoritz.ch\/es\/wp-json\/wp\/v2\/types\/product"}],"wp:featuredmedia":[{"embeddable":true,"href":"https:\/\/kliniksanktmoritz.ch\/es\/wp-json\/wp\/v2\/media\/20321"}],"wp:attachment":[{"href":"https:\/\/kliniksanktmoritz.ch\/es\/wp-json\/wp\/v2\/media?parent=20326"}],"wp:term":[{"taxonomy":"product_brand","embeddable":true,"href":"https:\/\/kliniksanktmoritz.ch\/es\/wp-json\/wp\/v2\/product_brand?post=20326"},{"taxonomy":"product_cat","embeddable":true,"href":"https:\/\/kliniksanktmoritz.ch\/es\/wp-json\/wp\/v2\/product_cat?post=20326"},{"taxonomy":"product_tag","embeddable":true,"href":"https:\/\/kliniksanktmoritz.ch\/es\/wp-json\/wp\/v2\/product_tag?post=20326"}],"curies":[{"name":"wp","href":"https:\/\/api.w.org\/{rel}","templated":true}]}}