{"id":11130,"date":"2024-03-05T14:56:42","date_gmt":"2024-03-05T13:56:42","guid":{"rendered":"https:\/\/kliniksanktmoritz.ch\/?page_id=11130"},"modified":"2024-03-05T14:57:11","modified_gmt":"2024-03-05T13:57:11","slug":"podcast","status":"publish","type":"page","link":"https:\/\/kliniksanktmoritz.ch\/fr\/podcast\/","title":{"rendered":"Podcast"},"content":{"rendered":"<section class=\"bde-section-11130-100 bde-section\">\n  \n  \n\t\n\n\n\n<div class=\"section-container\"><h1 class=\"bde-dual-heading-11130-101 bde-dual-heading\">\n\n\n            <span data-style=\"primary\" class=\"dual-heading--primary\"><\/span>\n\n            <span data-style=\"secondary\" class=\"dual-heading--secondary\">Podcast<\/span>\n\n\n\n<\/h1><div class=\"bde-rich-text-11130-102 bde-rich-text breakdance-rich-text-styles\">\n<p>Sur notre cha\u00eene YouTube, vous trouverez notre podcast<\/p>\n<p><strong>Le style de vie d'un champion, Vivre<\/strong><\/p>\n<p>Les champions partagent leurs donn\u00e9es et parlent de leur mode de vie pour rester champions \u00e0 jamais.<\/p>\n<p>Comment un mode de vie sain au-del\u00e0 des comp\u00e9titions nous permet d'avoir une long\u00e9vit\u00e9 saine. Commencer \u00e0 s'entra\u00eener plus tard dans la vie est tout aussi important pour la sant\u00e9 et pour une meilleure qualit\u00e9 de vie pendant beaucoup plus longtemps.<\/p>\n<p>Nous d\u00e9couvrirons de nombreux athl\u00e8tes, dans de nombreux sports et \u00e0 diff\u00e9rents \u00e2ges. Avec de nombreux m\u00e9decins, nous entrons dans de nombreux modes de vie pour voir combien de possibilit\u00e9s s'offrent \u00e0 nous pour perdre du poids, am\u00e9liorer, renforcer et rajeunir.<\/p>\n<\/div><\/div>\n<\/section>","protected":false},"excerpt":{"rendered":"<p>Podcast On our YouTube channel, you will find our podcast The Lifestyle of a Champion, Live Champions share their data and talk about their lifestyle to remain champions forever. How a healthy lifestyle beyond competitions leads us to have a healthy longevity. Starting to train later in life is just as important for health and [&hellip;]<\/p>\n","protected":false},"author":1,"featured_media":0,"parent":0,"menu_order":0,"comment_status":"closed","ping_status":"closed","template":"","meta":{"_acf_changed":false,"_breakdance_hide_in_design_set":false,"_breakdance_tags":"","footnotes":"","_wordproof_timestamp":false},"class_list":["post-11130","page","type-page","status-publish","hentry"],"acf":[],"_links":{"self":[{"href":"https:\/\/kliniksanktmoritz.ch\/fr\/wp-json\/wp\/v2\/pages\/11130","targetHints":{"allow":["GET"]}}],"collection":[{"href":"https:\/\/kliniksanktmoritz.ch\/fr\/wp-json\/wp\/v2\/pages"}],"about":[{"href":"https:\/\/kliniksanktmoritz.ch\/fr\/wp-json\/wp\/v2\/types\/page"}],"author":[{"embeddable":true,"href":"https:\/\/kliniksanktmoritz.ch\/fr\/wp-json\/wp\/v2\/users\/1"}],"replies":[{"embeddable":true,"href":"https:\/\/kliniksanktmoritz.ch\/fr\/wp-json\/wp\/v2\/comments?post=11130"}],"version-history":[{"count":2,"href":"https:\/\/kliniksanktmoritz.ch\/fr\/wp-json\/wp\/v2\/pages\/11130\/revisions"}],"predecessor-version":[{"id":11132,"href":"https:\/\/kliniksanktmoritz.ch\/fr\/wp-json\/wp\/v2\/pages\/11130\/revisions\/11132"}],"wp:attachment":[{"href":"https:\/\/kliniksanktmoritz.ch\/fr\/wp-json\/wp\/v2\/media?parent=11130"}],"curies":[{"name":"wp","href":"https:\/\/api.w.org\/{rel}","templated":true}]}}