{"id":11145,"date":"2024-03-05T15:05:15","date_gmt":"2024-03-05T14:05:15","guid":{"rendered":"https:\/\/kliniksanktmoritz.ch\/?page_id=11145"},"modified":"2024-09-24T13:23:06","modified_gmt":"2024-09-24T12:23:06","slug":"spa","status":"publish","type":"page","link":"https:\/\/kliniksanktmoritz.ch\/fr\/spa\/","title":{"rendered":"SPA"},"content":{"rendered":"<section class=\"bde-section-11145-103 bde-section\">\n  \n  \n\t\n\n\n\n<div class=\"section-container\"><div class=\"bde-button-11145-104 bde-button\">\n        \n    \n    \n    \n    \n            \n                    \n            \n            \n\n    \n    \n    \n    \n    \n    <a class=\"breakdance-link button-atom button-atom--secondary bde-button__button\" href=\"https:\/\/calendly.com\/ksm_darpa\/partner-clinic\" target=\"_self\" data-type=\"url\" rel=\"noopener\">\n\n    \n        <span class=\"button-atom__text\">\/devenir partenaire<\/span>\n\n        \n        \n                <\/a>\n\n    \n\n\n<\/div><div class=\"bde-columns-11145-105 bde-columns\"><div class=\"bde-column-11145-106 bde-column\">\n  \n  \n\t\n\n\n\n<h2 class=\"bde-dual-heading-11145-107 bde-dual-heading\">\n\n\n            <span data-style=\"primary\" class=\"dual-heading--primary\">D\u00e9couvrez l'avenir du bien-\u00eatre et des soins de sant\u00e9 avec <\/span>\n\n            <span data-style=\"secondary\" class=\"dual-heading--secondary\">Le jumeau num\u00e9rique de la Klinik Sankt Moritz<\/span>\n\n\n\n<\/h2><div class=\"bde-text-11145-108 bde-text\">\nImaginez un monde o\u00f9 l'exp\u00e9rience rajeunissante d'un spa de luxe s'\u00e9tend bien au-del\u00e0 de ses limites physiques. Un endroit o\u00f9 votre bien-\u00eatre ne se limite pas \u00e0 une retraite d'un week-end ou \u00e0 une cure de d\u00e9sintoxication d'une semaine, mais o\u00f9 les bienfaits d'un mode de vie holistique sont int\u00e9gr\u00e9s \u00e0 votre routine quotidienne, o\u00f9 que vous soyez dans le monde. C'est la promesse de la technologie r\u00e9volutionnaire Digital Twin de la Klinik Sankt Moritz, un m\u00e9lange homog\u00e8ne de services de spa traditionnels et de soins de sant\u00e9 num\u00e9riques de pointe.<br><br>\n<\/div><div class=\"bde-button-11145-109 bde-button\">\n        \n    \n    \n    \n    \n            \n                    \n            \n            \n\n    \n    \n    \n    \n    \n    <a class=\"breakdance-link button-atom button-atom--secondary bde-button__button\" href=\"https:\/\/kliniksanktmoritz.ch\/fr\/cliniques\/\" target=\"_self\" data-type=\"url\">\n\n    \n        <span class=\"button-atom__text\">\/Jumelage num\u00e9rique pour les cliniques <\/span>\n\n        \n        \n                <\/a>\n\n    \n\n\n<\/div><div class=\"bde-button-11145-110 bde-button\">\n        \n    \n    \n    \n    \n            \n                    \n            \n            \n\n    \n    \n    \n    \n    \n    <a class=\"breakdance-link button-atom button-atom--secondary bde-button__button\" href=\"https:\/\/calendly.com\/ksm_darpa\/partner-clinic\" target=\"_self\" data-type=\"url\" rel=\"noopener\">\n\n    \n        <span class=\"button-atom__text\">\/prendre un rendez-vous<\/span>\n\n        \n        \n                <\/a>\n\n    \n\n\n<\/div>\n<\/div><div class=\"bde-column-11145-111 bde-column\">\n  \n  \n\t\n\n\n\n<div class=\"bde-image-11145-112 bde-image\">\n<figure class=\"breakdance-image breakdance-image--12552\">\n\t<div class=\"breakdance-image-container\">\n\t\t<div class=\"breakdance-image-clip\"><img loading=\"lazy\" decoding=\"async\" class=\"breakdance-image-object\" src=\"https:\/\/kliniksanktmoritz.ch\/wp-content\/uploads\/2024\/09\/DALL\u00b7E-2024-09-18-12.02.56-A-futuristic-beauty-salon-where-a-beauty-professional-esthetician-is-interacting-with-a-digital-twin-system-alongside-a-client.-The-esthetician-is-u.webp\" width=\"1024\" height=\"1024\" srcset=\"https:\/\/kliniksanktmoritz.ch\/wp-content\/uploads\/2024\/09\/DALL\u00b7E-2024-09-18-12.02.56-A-futuristic-beauty-salon-where-a-beauty-professional-esthetician-is-interacting-with-a-digital-twin-system-alongside-a-client.-The-esthetician-is-u.webp 1024w, https:\/\/kliniksanktmoritz.ch\/wp-content\/uploads\/2024\/09\/DALL\u00b7E-2024-09-18-12.02.56-A-futuristic-beauty-salon-where-a-beauty-professional-esthetician-is-interacting-with-a-digital-twin-system-alongside-a-client.-The-esthetician-is-u-300x300.webp 300w, https:\/\/kliniksanktmoritz.ch\/wp-content\/uploads\/2024\/09\/DALL\u00b7E-2024-09-18-12.02.56-A-futuristic-beauty-salon-where-a-beauty-professional-esthetician-is-interacting-with-a-digital-twin-system-alongside-a-client.-The-esthetician-is-u-150x150.webp 150w, https:\/\/kliniksanktmoritz.ch\/wp-content\/uploads\/2024\/09\/DALL\u00b7E-2024-09-18-12.02.56-A-futuristic-beauty-salon-where-a-beauty-professional-esthetician-is-interacting-with-a-digital-twin-system-alongside-a-client.-The-esthetician-is-u-768x768.webp 768w, https:\/\/kliniksanktmoritz.ch\/wp-content\/uploads\/2024\/09\/DALL\u00b7E-2024-09-18-12.02.56-A-futuristic-beauty-salon-where-a-beauty-professional-esthetician-is-interacting-with-a-digital-twin-system-alongside-a-client.-The-esthetician-is-u-600x600.webp 600w\" sizes=\"auto, (max-width: 1024px) 100vw, 1024px\" alt=\"\" title=\"\"><\/div>\n\t<\/div><\/figure>\n\n<\/div>\n<\/div><\/div><div class=\"bde-text-11145-113 bde-text\">\n\u00c0 la t\u00eate de cette transformation se trouve le spa, r\u00e9put\u00e9 pour offrir un large \u00e9ventail de services, allant des traitements luxueux de la peau aux proc\u00e9dures esth\u00e9tiques \u00e0 orientation m\u00e9dicale. Il ne s'agit pas de simples plaisirs \u00e9ph\u00e9m\u00e8res, mais d'exp\u00e9riences sur mesure con\u00e7ues pour am\u00e9liorer votre bien-\u00eatre, tant \u00e0 l'int\u00e9rieur qu'\u00e0 l'ext\u00e9rieur. Le spa est depuis longtemps un sanctuaire de sant\u00e9 et de d\u00e9tente, un lieu o\u00f9 les clients peuvent se d\u00e9connecter du stress de la vie quotidienne et s'immerger dans un monde de chouchoutage et de rajeunissement.<br><br>Cependant, il existe une limite naturelle \u00e0 ce qu'un spa peut offrir. En r\u00e8gle g\u00e9n\u00e9rale, un client - souvent consid\u00e9r\u00e9 comme un patient dans ce contexte - s\u00e9journe pour une p\u00e9riode limit\u00e9e, allant d'une escapade rapide d'un week-end \u00e0 une retraite plus indulgente d'une semaine. Mais que se passe-t-il une fois que la cure de d\u00e9sintoxication est termin\u00e9e et que le client retourne \u00e0 sa vie quotidienne ? C'est l\u00e0 que la magie du jumeau num\u00e9rique entre en jeu.<br><br>Le jumeau num\u00e9rique offre un niveau in\u00e9gal\u00e9 d'assistance et de continuit\u00e9 pour deux raisons essentielles. Tout d'abord, il vous suit chez vous, o\u00f9 que vous soyez dans le monde. Le spa peut \u00eatre nich\u00e9 dans une campagne pittoresque ou situ\u00e9 dans une ville anim\u00e9e, mais le jumeau num\u00e9rique veille \u00e0 ce que ses bienfaits vous soient accessibles, ce qui en fait une v\u00e9ritable incarnation du tourisme de sant\u00e9. L'impact de votre exp\u00e9rience au spa ne s'arr\u00eate plus au moment o\u00f9 vous quittez l'\u00e9tablissement ; au contraire, il devient le compagnon de votre voyage vers une sant\u00e9 optimale tout au long de votre vie.<br><br>Deuxi\u00e8mement, le Digital Twin permet au spa d'offrir un r\u00e9gime de vie continu et sur mesure. Cela signifie que m\u00eame apr\u00e8s avoir quitt\u00e9 le cadre paisible du spa, vous pouvez continuer \u00e0 profiter des avantages de ses recommandations en mati\u00e8re de mode de vie, \u00e9labor\u00e9es par des experts. Qu'il s'agisse de r\u00e9gimes alimentaires ou de programmes de bien-\u00eatre, le jumeau num\u00e9rique surveille votre adh\u00e9sion \u00e0 ces directives et vous fournit un retour d'information et des ajustements si n\u00e9cessaire. C'est comme si vous disposiez d'un concierge personnel, disponible sur simple pression d'un bouton, qui vous guide \u00e0 chaque \u00e9tape de votre parcours de bien-\u00eatre.<br><br>Qu'est-ce que cela signifie pour vous ? Cela signifie que vous n'\u00eates jamais seul dans votre qu\u00eate de sant\u00e9 et de bien-\u00eatre. Gr\u00e2ce \u00e0 des outils tels qu'une balance intelligente et un journal alimentaire num\u00e9rique, le spa peut suivre vos progr\u00e8s et s'assurer que vous restez sur la bonne voie. Que vous soyez \u00e0 l'autre bout du monde ou au coin de la rue, le jumeau num\u00e9rique vous permet de rester connect\u00e9 \u00e0 votre programme de bien-\u00eatre personnalis\u00e9 et vous invite \u00e0 revenir au spa si n\u00e9cessaire pour d'autres traitements ou consultations.<br><br>Et le plus beau, c'est que les patients l'adorent. Les patients l'adorent. Le sentiment d'\u00eatre pris en charge, de faire partie d'un \u00e9cosyst\u00e8me de sant\u00e9 plus vaste, n'est pas per\u00e7u comme une intrusion, mais plut\u00f4t comme un syst\u00e8me de soutien rassurant. Ils n'ont plus \u00e0 se souvenir de chaque d\u00e9tail de leur r\u00e9gime alimentaire ou de leur routine de soins de la peau, car tout est g\u00e9r\u00e9 pour eux. De plus, gr\u00e2ce \u00e0 l'acc\u00e8s \u00e0 un tableau de bord complet, vous \u00eates toujours dans la boucle, capable de vous connecter avec des m\u00e9decins, des nutritionnistes et des esth\u00e9ticiennes de spa. Imaginez que vous receviez vos produits de soin pr\u00e9f\u00e9r\u00e9s par le biais d'un service d'abonnement pratique, adapt\u00e9 pr\u00e9cis\u00e9ment \u00e0 vos besoins et garantissant que votre r\u00e9gime de beaut\u00e9 est toujours \u00e0 jour.<br><br>C'est l'avenir des soins de sant\u00e9 et du bien-\u00eatre personnalis\u00e9s, un monde o\u00f9 le jumeau num\u00e9rique sert de passerelle entre vous et les avantages luxueux de la Klinik Sankt Moritz, qui am\u00e9liorent la vie. Il ne s'agit pas seulement d'une merveille technologique, mais d'une r\u00e9volution du mode de vie. Une approche pratique et holistique de la sant\u00e9 et du bien-\u00eatre qui s'adapte \u00e0 votre vie, \u00e0 votre emploi du temps et \u00e0 vos objectifs, garantissant que les bienfaits de la station thermale vous accompagnent, non seulement pendant quelques jours, mais pour toute la vie.<br><br>Bienvenue dans la nouvelle \u00e8re du bien-\u00eatre, o\u00f9 la Klinik Sankt Moritz et son jumeau num\u00e9rique red\u00e9finissent l'exp\u00e9rience du spa et en font un \u00e9l\u00e9ment permanent de votre voyage vers une vie plus saine et plus heureuse.<br>\n<\/div><div class=\"bde-button-11145-114 bde-button\">\n        \n    \n    \n    \n    \n            \n                    \n            \n            \n\n    \n    \n    \n    \n    \n    <a class=\"breakdance-link button-atom button-atom--secondary bde-button__button\" href=\"https:\/\/calendly.com\/ksm_darpa\/partner-clinic\" target=\"_self\" data-type=\"url\" rel=\"noopener\">\n\n    \n        <span class=\"button-atom__text\">\/prendre un rendez-vous<\/span>\n\n        \n        \n                <\/a>\n\n    \n\n\n<\/div><\/div>\n<\/section>","protected":false},"excerpt":{"rendered":"<p>\/became a partner Discover the Future of Wellness and Healthcare with Klinik Sankt Moritz\u2019s Digital Twin Imagine a world where the rejuvenating experience of a luxury spa extends far beyond its physical boundaries. A place where your well-being is not confined to a weekend retreat or a week-long detox, but where the benefits of a [&hellip;]<\/p>\n","protected":false},"author":1,"featured_media":0,"parent":0,"menu_order":0,"comment_status":"closed","ping_status":"closed","template":"","meta":{"_acf_changed":false,"_breakdance_hide_in_design_set":false,"_breakdance_tags":"","footnotes":"","_wordproof_timestamp":false},"class_list":["post-11145","page","type-page","status-publish","hentry"],"acf":[],"_links":{"self":[{"href":"https:\/\/kliniksanktmoritz.ch\/fr\/wp-json\/wp\/v2\/pages\/11145","targetHints":{"allow":["GET"]}}],"collection":[{"href":"https:\/\/kliniksanktmoritz.ch\/fr\/wp-json\/wp\/v2\/pages"}],"about":[{"href":"https:\/\/kliniksanktmoritz.ch\/fr\/wp-json\/wp\/v2\/types\/page"}],"author":[{"embeddable":true,"href":"https:\/\/kliniksanktmoritz.ch\/fr\/wp-json\/wp\/v2\/users\/1"}],"replies":[{"embeddable":true,"href":"https:\/\/kliniksanktmoritz.ch\/fr\/wp-json\/wp\/v2\/comments?post=11145"}],"version-history":[{"count":5,"href":"https:\/\/kliniksanktmoritz.ch\/fr\/wp-json\/wp\/v2\/pages\/11145\/revisions"}],"predecessor-version":[{"id":12554,"href":"https:\/\/kliniksanktmoritz.ch\/fr\/wp-json\/wp\/v2\/pages\/11145\/revisions\/12554"}],"wp:attachment":[{"href":"https:\/\/kliniksanktmoritz.ch\/fr\/wp-json\/wp\/v2\/media?parent=11145"}],"curies":[{"name":"wp","href":"https:\/\/api.w.org\/{rel}","templated":true}]}}