{"id":11153,"date":"2024-03-05T15:10:09","date_gmt":"2024-03-05T14:10:09","guid":{"rendered":"https:\/\/kliniksanktmoritz.ch\/?page_id=11153"},"modified":"2024-03-05T15:12:08","modified_gmt":"2024-03-05T14:12:08","slug":"gymnase","status":"publish","type":"page","link":"https:\/\/kliniksanktmoritz.ch\/fr\/gymnase\/","title":{"rendered":"GYM"},"content":{"rendered":"<section class=\"bde-section-11153-100 bde-section\">\n  \n  \n\t\n\n\n\n<div class=\"section-container\"><h1 class=\"bde-dual-heading-11153-101 bde-dual-heading\">\n\n\n            <span data-style=\"primary\" class=\"dual-heading--primary\">En savoir plus<\/span>\n\n            <span data-style=\"secondary\" class=\"dual-heading--secondary\">GYM<\/span>\n\n\n\n<\/h1><div class=\"bde-rich-text-11153-102 bde-rich-text breakdance-rich-text-styles\">\n<p>Renforcez la force de vos clients gr\u00e2ce aux solutions d'am\u00e9lioration les plus avanc\u00e9es.<\/p>\n<p>Vous pourrez offrir des services m\u00e9dicaux en collaboration avec une clinique qui permettra \u00e0 vos clients de participer \u00e0 des programmes de long\u00e9vit\u00e9.<\/p>\n<p>Nos protocoles sont \u00e9tudi\u00e9s, test\u00e9s et continuellement mis \u00e0 jour pour am\u00e9liorer les performances des pilotes qui courent du Dakar \u00e0 la Formule 1.<\/p>\n<p>Le meilleur support pour soutenir un entra\u00eenement intensif. Le jumeau num\u00e9rique enregistre toutes les activit\u00e9s physiques, les changements corporels et, gr\u00e2ce \u00e0 la m\u00e9decine mol\u00e9culaire, nous pouvons choisir d'identifier avec pr\u00e9cision l'entra\u00eenement personnalis\u00e9 adapt\u00e9 au client.<\/p>\n<p>Le jumeau num\u00e9rique, en surveillant constamment toutes les donn\u00e9es, y compris le r\u00e9gime alimentaire, les suppl\u00e9ments, la conformation du corps et le comportement m\u00e9tabolique, sugg\u00e8re toujours la meilleure adaptation en fonction de vos entra\u00eeneurs personnels et de vos produits et services.<\/p>\n<p>Formation de haut niveau avec certification correspondante pour vos entra\u00eeneurs personnels Pour les entra\u00eeneurs personnels dipl\u00f4m\u00e9s, un Master de premier niveau est disponible Pour les m\u00e9decins de votre \u00e9quipe, un Master de deuxi\u00e8me niveau est disponible.<\/p>\n<\/div><\/div>\n<\/section>","protected":false},"excerpt":{"rendered":"<p>Learn About GYM Boost the strength of your clients with the most advanced enhancement solutions. You will be able to offer medical services in collaboration with a clinic that will allow your clients to enter longevity programs. Our protocols are studied, tested, and continuously updated to improve the performance of pilots racing in Dakar to [&hellip;]<\/p>\n","protected":false},"author":1,"featured_media":0,"parent":0,"menu_order":0,"comment_status":"closed","ping_status":"closed","template":"","meta":{"_acf_changed":false,"_breakdance_hide_in_design_set":false,"_breakdance_tags":"","footnotes":"","_wordproof_timestamp":false},"class_list":["post-11153","page","type-page","status-publish","hentry"],"acf":[],"_links":{"self":[{"href":"https:\/\/kliniksanktmoritz.ch\/fr\/wp-json\/wp\/v2\/pages\/11153","targetHints":{"allow":["GET"]}}],"collection":[{"href":"https:\/\/kliniksanktmoritz.ch\/fr\/wp-json\/wp\/v2\/pages"}],"about":[{"href":"https:\/\/kliniksanktmoritz.ch\/fr\/wp-json\/wp\/v2\/types\/page"}],"author":[{"embeddable":true,"href":"https:\/\/kliniksanktmoritz.ch\/fr\/wp-json\/wp\/v2\/users\/1"}],"replies":[{"embeddable":true,"href":"https:\/\/kliniksanktmoritz.ch\/fr\/wp-json\/wp\/v2\/comments?post=11153"}],"version-history":[{"count":2,"href":"https:\/\/kliniksanktmoritz.ch\/fr\/wp-json\/wp\/v2\/pages\/11153\/revisions"}],"predecessor-version":[{"id":11155,"href":"https:\/\/kliniksanktmoritz.ch\/fr\/wp-json\/wp\/v2\/pages\/11153\/revisions\/11155"}],"wp:attachment":[{"href":"https:\/\/kliniksanktmoritz.ch\/fr\/wp-json\/wp\/v2\/media?parent=11153"}],"curies":[{"name":"wp","href":"https:\/\/api.w.org\/{rel}","templated":true}]}}