{"id":11157,"date":"2024-03-05T15:13:51","date_gmt":"2024-03-05T14:13:51","guid":{"rendered":"https:\/\/kliniksanktmoritz.ch\/?page_id=11157"},"modified":"2025-05-27T20:51:43","modified_gmt":"2025-05-27T19:51:43","slug":"version-des-donnees","status":"publish","type":"page","link":"https:\/\/kliniksanktmoritz.ch\/fr\/version-des-donnees\/","title":{"rendered":"Version des donn\u00e9es"},"content":{"rendered":"<section class=\"bde-section-11157-100 bde-section\">\n  \n  \n\t\n\n\n\n<div class=\"section-container\"><h1 class=\"bde-dual-heading-11157-101 bde-dual-heading\">\n\n\n            <span data-style=\"primary\" class=\"dual-heading--primary\">Jumeau num\u00e9rique<\/span>\n\n            <span data-style=\"secondary\" class=\"dual-heading--secondary\">Version des donn\u00e9es<\/span>\n\n\n\n<\/h1><div class=\"bde-rich-text-11157-102 bde-rich-text breakdance-rich-text-styles\">\n<h1>\ud83e\udde0 Digital Twin VERSION DE DONN\u00c9ES<\/h1>\n<h2>Votre corps. Vos donn\u00e9es. Le tout en un seul endroit.<\/h2>\n<h5>Chaque jour, votre corps g\u00e9n\u00e8re des informations :<br \/>Combien vous <strong>dormir<\/strong><br \/>Combien de <strong>\u00e9tapes<\/strong> vous prenez<br \/>Votre <strong>c\u0153ur<\/strong> taux<br \/><strong>Le sang<\/strong> r\u00e9sultats des tests<br \/>Le sang <strong>pression<\/strong><br \/><strong>Le stress<\/strong> niveaux<br \/><strong>Calories<\/strong> br\u00fbl\u00e9<br \/>Ce sont des signaux pr\u00e9cieux, mais ils sont souvent dispers\u00e9s - une application pour <strong>la remise en forme<\/strong>, un autre pour <strong>dormir<\/strong>, un autre pour votre <strong>r\u00e9sultats de laboratoire<\/strong>.Confus. Incomplet. Difficile \u00e0 suivre.<\/h5>\n<h3><a href=\"https:\/\/kliniksanktmoritz.ch\/fr\/produit\/digital-twin-data-version\/\">Votre sant\u00e9, vos donn\u00e9es, votre puissance - pour seulement 50 francs suisses par mois.<\/a><br \/><br \/><\/h3>\n<h2>\ud83d\udcca Un tableau de bord unique pour l'ensemble de votre sant\u00e9<\/h2>\n<h5>Digital Twin DATA r\u00e9unit tout cela.Plus besoin de passer d'une application \u00e0 l'autre.Votre <strong>montres intelligentes<\/strong>, <strong>v\u00eatements<\/strong>et <strong>m\u00e9dical<\/strong> se synchronisent en un seul tableau de bord clair et simple.C'est comme un panneau de contr\u00f4le pour votre sant\u00e9.<br \/>Vous ne voyez pas seulement des \"chiffres\", vous voyez des tendances :<br \/>Comment votre sommeil est li\u00e9 \u00e0 la vitamine D<br \/>Comment le stress affecte-t-il votre <strong>cr\u00e9atinine<\/strong><br \/>Comment <strong>nourriture<\/strong>Le sommeil et l'effort fa\u00e7onnent ensemble le corps.<br \/>Il ne s'agit pas seulement de donn\u00e9es. Il s'agit d'une image vivante du fonctionnement de votre corps.<\/h5>\n<h3><a href=\"https:\/\/kliniksanktmoritz.ch\/fr\/produit\/digital-twin-data-version\/\">Votre sant\u00e9, vos donn\u00e9es, votre puissance - pour seulement 50 francs suisses par mois.<\/a><\/h3>\n<h2>Cybers\u00e9curit\u00e9 int\u00e9gr\u00e9e. Parce que votre sant\u00e9 est personnelle.<\/h2>\n<h5>Vos donn\u00e9es de sant\u00e9 ont plus de valeur que l'argent - et nous les traitons comme telles.<br \/>Stock\u00e9 dans un nuage priv\u00e9 et crypt\u00e9<br \/>\u2705 Vous \u00eates le seul \u00e0 y avoir acc\u00e8s<br \/>\u2705 Prot\u00e9g\u00e9 contre la perte, le vol et la falsification<br \/>\u2705 \u00c0 l'abri des pirates informatiques et des pannes de syst\u00e8me<br \/>\u2705 Facilement partageable - mais seulement si vous le souhaitez<br \/><br \/>Vos donn\u00e9es. Votre contr\u00f4le. Vos r\u00e8gles.<\/h5>\n<h2>\ud83d\udca1 En quoi le jumeau num\u00e9rique diff\u00e8re-t-il d'un dossier m\u00e9dical ?<\/h2>\n<h5>Les dossiers m\u00e9dicaux sont statiques - il s'agit simplement d'une liste d'examens pass\u00e9s.Les donn\u00e9es du jumeau num\u00e9rique sont vivantes.<br \/>Il transforme les informations m\u00e9dicales en lignes temporelles visuelles :<br \/>Graphiques mobiles<br \/>Courbes connect\u00e9es<br \/>Les comportements en mati\u00e8re de sant\u00e9 au fil du temps<br \/>Vous n'obtenez pas seulement \"votre analyse de sang du mois de mars\".Vous voyez comment votre sant\u00e9 \u00e9volue semaine apr\u00e8s semaine - et o\u00f9 elle va.<br \/>Par exemple, l'un des premiers signes de stress ou de maladie ?L'un des premiers signes de stress ou de maladie ?Un manque de sommeil.Mais un m\u00e9decin qui ne dispose que d'un seul rapport de laboratoire risque de ne pas s'en apercevoir.Avec Digital Twin DATA, tout est connect\u00e9 - et vous voyez les signaux tr\u00e8s t\u00f4t.<\/h5>\n<h3><a href=\"https:\/\/kliniksanktmoritz.ch\/fr\/produit\/digital-twin-data-version\/\">Votre sant\u00e9, vos donn\u00e9es, votre puissance - pour seulement 50 francs suisses par mois.<\/a><\/h3>\n<h2>\ud83d\udd17 Connexion avec plus de 300 appareils (et ce n'est pas fini)<\/h2>\n<h5>D\u00e9j\u00e0 compatible avec :Apple Health, Google Fit, Garmin, Fitbit, Samsung Health, Oura, Polar, Dexcom, Strava, Whoop, Withings, MyFitnessPal, Huawei Health, Suunto, Omron, Zepp, Biostrap, Freestyle Libre, et plus encore.<br \/>Prochainement :Tesla, Peloton, Meta Quest, Calm, Zwift, iFit, Kindle, Headspace, UberEats, Muse, Lifesum, et d'autres.<\/h5>\n<h2>\ud83d\udd01 Tout est li\u00e9. Tout a un sens.<\/h2>\n<h5>\ud83d\udecc Vous dormez moins ?\ud83d\udcc9 Les niveaux sanguins changent ?\u26a0\ufe0f Le stress s'accumule ?<br \/>Votre jumeau num\u00e9rique voit les sch\u00e9mas avant vous.Et si vous le souhaitez, votre m\u00e9decin peut intervenir rapidement, avant que les probl\u00e8mes ne s'aggravent.<\/h5>\n<h5>\ud83c\udfaf A qui s'adresse-t-il ?<br \/>\u2705 <strong>Athl\u00e8tes<\/strong> et <strong>la remise en forme<\/strong> amoureux<br \/>\u2705 Les personnes avec <strong>chronique<\/strong> conditions<br \/>\u266a Anyone who wants to <strong>emp\u00eacher<\/strong> maladie<br \/>\u266a Anyone tired of <strong>perdant<\/strong> leur <strong>donn\u00e9es<\/strong> ou <strong>jonglerie<\/strong> <strong>applications<\/strong><br \/>\u266a Anyone who wants <strong>clart\u00e9<\/strong>, <strong>contr\u00f4le<\/strong>et <strong>protection<\/strong><\/h5>\n<h2>\ud83d\udd35 Digital Twin VERSION DE DONN\u00c9ES<\/h2>\n<h2>Votre <strong>corps<\/strong>. Votre <strong>chiffres<\/strong>.Tout en un <strong>s\u00e9curis\u00e9<\/strong> lieu - <strong>clair<\/strong>, <strong>connect\u00e9<\/strong>et <strong>vivant<\/strong>.<\/h2>\n<h1><a href=\"https:\/\/kliniksanktmoritz.ch\/fr\/produit\/digital-twin-data-version\/\">Votre sant\u00e9, vos donn\u00e9es, votre puissance - pour seulement 50 francs suisses par mois.<\/a><\/h1>\n<\/div><img decoding=\"async\" class=\"bde-image2-11157-172 bde-image2\" src=\"https:\/\/kliniksanktmoritz.ch\/wp-content\/uploads\/2025\/05\/ChatGPT-Image-May-27-2025-11_47_45-AM.jpg\" loading=\"lazy\" srcset=\"https:\/\/kliniksanktmoritz.ch\/wp-content\/uploads\/2025\/05\/ChatGPT-Image-May-27-2025-11_47_45-AM.jpg 1024w, https:\/\/kliniksanktmoritz.ch\/wp-content\/uploads\/2025\/05\/ChatGPT-Image-May-27-2025-11_47_45-AM-200x300.jpg 200w, https:\/\/kliniksanktmoritz.ch\/wp-content\/uploads\/2025\/05\/ChatGPT-Image-May-27-2025-11_47_45-AM-683x1024.jpg 683w, https:\/\/kliniksanktmoritz.ch\/wp-content\/uploads\/2025\/05\/ChatGPT-Image-May-27-2025-11_47_45-AM-768x1152.jpg 768w, https:\/\/kliniksanktmoritz.ch\/wp-content\/uploads\/2025\/05\/ChatGPT-Image-May-27-2025-11_47_45-AM-8x12.jpg 8w, https:\/\/kliniksanktmoritz.ch\/wp-content\/uploads\/2025\/05\/ChatGPT-Image-May-27-2025-11_47_45-AM-128x192.jpg 128w, https:\/\/kliniksanktmoritz.ch\/wp-content\/uploads\/2025\/05\/ChatGPT-Image-May-27-2025-11_47_45-AM-600x900.jpg 600w\" sizes=\"(max-width: 1024px) 100vw, 1024px\" alt=\"\" title=\"\"><\/div>\n<\/section>","protected":false},"excerpt":{"rendered":"<p>Digital Twin Data Version \ud83e\udde0 Digital Twin DATA VERSION Your body. Your data. All in one place. Every day, your body generates information:How much you sleepHow many steps you takeYour heart rateBlood test resultsBlood pressureStress levelsCalories burnedThese are valuable signals, but they\u2019re often scattered \u2014 one app for fitness, another for sleep, yet another for [&hellip;]<\/p>\n","protected":false},"author":1,"featured_media":0,"parent":0,"menu_order":0,"comment_status":"closed","ping_status":"closed","template":"","meta":{"_acf_changed":false,"_breakdance_hide_in_design_set":false,"_breakdance_tags":"","footnotes":"","_wordproof_timestamp":false},"class_list":["post-11157","page","type-page","status-publish","hentry"],"acf":[],"_links":{"self":[{"href":"https:\/\/kliniksanktmoritz.ch\/fr\/wp-json\/wp\/v2\/pages\/11157","targetHints":{"allow":["GET"]}}],"collection":[{"href":"https:\/\/kliniksanktmoritz.ch\/fr\/wp-json\/wp\/v2\/pages"}],"about":[{"href":"https:\/\/kliniksanktmoritz.ch\/fr\/wp-json\/wp\/v2\/types\/page"}],"author":[{"embeddable":true,"href":"https:\/\/kliniksanktmoritz.ch\/fr\/wp-json\/wp\/v2\/users\/1"}],"replies":[{"embeddable":true,"href":"https:\/\/kliniksanktmoritz.ch\/fr\/wp-json\/wp\/v2\/comments?post=11157"}],"version-history":[{"count":5,"href":"https:\/\/kliniksanktmoritz.ch\/fr\/wp-json\/wp\/v2\/pages\/11157\/revisions"}],"predecessor-version":[{"id":20315,"href":"https:\/\/kliniksanktmoritz.ch\/fr\/wp-json\/wp\/v2\/pages\/11157\/revisions\/20315"}],"wp:attachment":[{"href":"https:\/\/kliniksanktmoritz.ch\/fr\/wp-json\/wp\/v2\/media?parent=11157"}],"curies":[{"name":"wp","href":"https:\/\/api.w.org\/{rel}","templated":true}]}}