{"id":11191,"date":"2024-03-05T15:28:23","date_gmt":"2024-03-05T14:28:23","guid":{"rendered":"https:\/\/kliniksanktmoritz.ch\/?page_id=11191"},"modified":"2024-11-17T10:42:54","modified_gmt":"2024-11-17T09:42:54","slug":"parrainage","status":"publish","type":"page","link":"https:\/\/kliniksanktmoritz.ch\/fr\/parrainage\/","title":{"rendered":"Parrainage"},"content":{"rendered":"<section class=\"bde-section-11191-100 bde-section\">\n  \n  \n\t\n\n\n\n<div class=\"section-container\"><h1 class=\"bde-dual-heading-11191-101 bde-dual-heading\">\n\n\n            <span data-style=\"primary\" class=\"dual-heading--primary\">En savoir plus<\/span>\n\n            <span data-style=\"secondary\" class=\"dual-heading--secondary\">Parrainage<\/span>\n\n\n\n<\/h1><div class=\"bde-rich-text-11191-102 bde-rich-text breakdance-rich-text-styles\">\n<p>\"T\u00e9l\u00e9m\u00e9decine ? Non, merci. Chaque fois que nous parlons du jumeau num\u00e9rique, le march\u00e9 le confond avec la t\u00e9l\u00e9m\u00e9decine. La t\u00e9l\u00e9m\u00e9decine est utilis\u00e9e pour \u00e9conomiser sur les patients malades en les renvoyant chez eux et en lib\u00e9rant des lits d'h\u00f4pitaux.<\/p>\n<p>Le jumeau num\u00e9rique, quant \u00e0 lui, permet d'assurer la long\u00e9vit\u00e9 et d'am\u00e9liorer les performances des patients en bonne sant\u00e9. Nous en avons assez de passer des heures \u00e0 expliquer la diff\u00e9rence \u00e0 nos partenaires, \u00e0 nos clients, aux patients en bonne sant\u00e9, aux universit\u00e9s, aux fabricants ou \u00e0 toute autre personne que nous rencontrons.<\/p>\n<p>Nous devons expliquer plus vite, avec une plus grande vitesse, et nous avons donc d\u00e9cid\u00e9 d'\u00eatre tr\u00e8s rapides. Nous avons d\u00e9cid\u00e9 d'avoir notre propre \u00e9quipe de course avec nos pilotes et nos Digital Twins pour participer \u00e0 une course extr\u00eame comme le Rallye Dakar.<\/p>\n<p>Nous ne nous sommes pas int\u00e9ress\u00e9s \u00e0 la course de nos pilotes, mais \u00e0 leur entra\u00eenement, \u00e0 la mani\u00e8re dont leur corps se modifie et dont ils atteignent des performances sup\u00e9rieures gr\u00e2ce \u00e0 leur mode de vie.<\/p>\n<p>Cela montre que notre m\u00e9decine n'est pas destin\u00e9e aux malades.<\/p>\n<p>Notre m\u00e9decine s'adresse \u00e0 ceux qui veulent vivre au sommet.<\/p>\n<p>Notre recherche m\u00e9dicale vise \u00e0 toujours s'am\u00e9liorer.<br \/>M\u00eame dans le cas du cancer, nous voulons aller vite, arriver le plus t\u00f4t possible, gr\u00e2ce \u00e0 un d\u00e9pistage g\u00e9n\u00e9ralis\u00e9 sous les formes les plus larges possibles.<\/p>\n<p>Nous sommes pr\u00e9sents dans les plus grands championnats de sport automobile comme la Formule E, la Formule 1, la MotoGP, et nous participons \u00e0 des courses \u00e0 pied et \u00e0 l'Iron Man, entre autres \u00e9v\u00e9nements, y compris bien s\u00fbr le DAKAR.<\/p>\n<p>Moritz, tels que Snow Polo et White Turf, puis les Bull Days, les rassemblements Lamborghini et VivaTech \u00e0 Paris.<\/p>\n<p>De plus, toutes nos activit\u00e9s de formation vont des cours avanc\u00e9s aux Masters dans des universit\u00e9s de diff\u00e9rents pays du monde, en plus des publications pour les \u00e9tudiants.<\/p>\n<p>Un podcast qui montre les donn\u00e9es et les am\u00e9liorations de divers champions dans diff\u00e9rentes disciplines avec diff\u00e9rents protocoles.<\/p>\n<p>L'offre est compl\u00e8te pour le fabricant :<\/p>\n<p>- Pour le patient en bonne sant\u00e9, un jumeau num\u00e9rique est construit avec un protocole qui utilise les appareils du fabricant.<br \/>- Le Digital Twin est port\u00e9 par le champion d'un championnat et le logo du fabricant est affich\u00e9 sur la voiture pendant les comp\u00e9titions.<br \/>- Les donn\u00e9es du champion sont discut\u00e9es chaque semaine pendant le podcast et peuvent \u00eatre utilis\u00e9es sur les m\u00e9dias sociaux du fabricant.<br \/>- Une copie de la voiture portant le logo du fabricant participe \u00e0 divers \u00e9v\u00e9nements de luxe pour pr\u00e9senter les caract\u00e9ristiques du jumeau num\u00e9rique sp\u00e9cifique, voire du champion.<\/p>\n<p>Pendant les cours, les configurateurs, les entra\u00eeneurs personnels et les m\u00e9decins sont form\u00e9s \u00e0 l'utilisation des appareils avec des d\u00e9tails diff\u00e9rents selon le niveau de formation.<\/p>\n<p>La formation des configurateurs signifie un r\u00e9seau d'assistance sp\u00e9cialis\u00e9 sur le territoire qui est pay\u00e9 par appel par le client. Cr\u00e9er de nouveaux emplois\".<\/p>\n<\/div><\/div>\n<\/section>","protected":false},"excerpt":{"rendered":"<p>Learn About Sponsorship &#8220;Telemedicine? No, thank you. Every time we talk about the Digital Twin, the market confuses it with telemedicine. Telemedicine is used to save on sick patients by sending them home and freeing up hospital beds. The Digital Twin, on the other hand, enables achieving longevity and enhanced performance in healthy patients. We&#8217;re [&hellip;]<\/p>\n","protected":false},"author":1,"featured_media":0,"parent":0,"menu_order":0,"comment_status":"closed","ping_status":"closed","template":"","meta":{"_acf_changed":false,"_breakdance_hide_in_design_set":false,"_breakdance_tags":"","footnotes":"","_wordproof_timestamp":false},"class_list":["post-11191","page","type-page","status-publish","hentry"],"acf":[],"_links":{"self":[{"href":"https:\/\/kliniksanktmoritz.ch\/fr\/wp-json\/wp\/v2\/pages\/11191","targetHints":{"allow":["GET"]}}],"collection":[{"href":"https:\/\/kliniksanktmoritz.ch\/fr\/wp-json\/wp\/v2\/pages"}],"about":[{"href":"https:\/\/kliniksanktmoritz.ch\/fr\/wp-json\/wp\/v2\/types\/page"}],"author":[{"embeddable":true,"href":"https:\/\/kliniksanktmoritz.ch\/fr\/wp-json\/wp\/v2\/users\/1"}],"replies":[{"embeddable":true,"href":"https:\/\/kliniksanktmoritz.ch\/fr\/wp-json\/wp\/v2\/comments?post=11191"}],"version-history":[{"count":3,"href":"https:\/\/kliniksanktmoritz.ch\/fr\/wp-json\/wp\/v2\/pages\/11191\/revisions"}],"predecessor-version":[{"id":13486,"href":"https:\/\/kliniksanktmoritz.ch\/fr\/wp-json\/wp\/v2\/pages\/11191\/revisions\/13486"}],"wp:attachment":[{"href":"https:\/\/kliniksanktmoritz.ch\/fr\/wp-json\/wp\/v2\/media?parent=11191"}],"curies":[{"name":"wp","href":"https:\/\/api.w.org\/{rel}","templated":true}]}}