{"id":12849,"date":"2024-10-23T13:45:19","date_gmt":"2024-10-23T12:45:19","guid":{"rendered":"https:\/\/kliniksanktmoritz.ch\/imprint\/"},"modified":"2024-10-23T13:45:19","modified_gmt":"2024-10-23T12:45:19","slug":"impression","status":"publish","type":"page","link":"https:\/\/kliniksanktmoritz.ch\/fr\/impression\/","title":{"rendered":"Impression"},"content":{"rendered":"<!-- Legal document generated by Complianz | GDPR\/CCPA Cookie Consent https:\/\/wordpress.org\/plugins\/complianz-gdpr -->\n<div id=\"cmplz-document\" class=\"cmplz-document impressum cmplz-document-all\"><p><i>Cette empreinte a \u00e9t\u00e9 mise \u00e0 jour pour la derni\u00e8re fois le 23 octobre 2024.<\/i><\/p><p class=\"cmplz-subtitle\">Le propri\u00e9taire de ce site web est :<\/p><p>Klinik Sankt Moritz AG AG<br>Via del Bagn 12 St. Moritz 7500, Schweiz<br>Suisse<br>E-mail :&nbsp;<span class=\"cmplz-obfuscate\">inf&#111;@<span class=\"cmplz-fmail-domain\">e&#120;&#046;co&#109;<\/span>&#107;li&#110;&#105;k&#115;an&#107;&#116;morit&#122;.c&#104;<\/span><br>Num\u00e9ro de t\u00e9l\u00e9phone\u00a0: +39 327 269 4150<br>ID TVA : CHE-190.003.705<\/p><p class=\"cmplz-subtitle\">Le(s) repr\u00e9sentant(s) l\u00e9gal(aux) de Klinik Sankt Moritz AG AG :<\/p><p>Sergio Darpa<\/p><h2>1. G\u00e9n\u00e9ral<\/h2><p class=\"cmplz-subtitle\">1.1 Nous sommes enregistr\u00e9s chez Zuoz sous le num\u00e9ro de licence ou d'enregistrement :<\/p><p><\/p><p>Nous ne sommes ni dispos\u00e9s ni oblig\u00e9s de participer \u00e0 des proc\u00e9dures de r\u00e8glement des litiges devant une commission d'arbitrage des consommateurs.<\/p><h2>2. Les informations suivantes sont obligatoires selon la loi allemande.<\/h2><p class=\"cmplz-subtitle\">2.1 Nous mettons \u00e0 disposition des informations journalistiques et r\u00e9dactionnelles.<\/p><p>Par cons\u00e9quent, nous devons conna\u00eetre le nom et le lieu de r\u00e9sidence de la personne qui, pour le contenu de ce site Web, est comp\u00e9tente :<br \/><br \/>Verantwortlich f\u00fcr den Inhalt nach \u00a7 18 Abs. 2 MStV ist : Sergio Darpa d'Italie.<\/p><\/div>","protected":false},"excerpt":{"rendered":"","protected":false},"author":1,"featured_media":0,"parent":0,"menu_order":0,"comment_status":"closed","ping_status":"closed","template":"","meta":{"_acf_changed":false,"_breakdance_hide_in_design_set":false,"_breakdance_tags":"","footnotes":"","_wordproof_timestamp":false},"class_list":["post-12849","page","type-page","status-publish","hentry"],"acf":[],"_links":{"self":[{"href":"https:\/\/kliniksanktmoritz.ch\/fr\/wp-json\/wp\/v2\/pages\/12849","targetHints":{"allow":["GET"]}}],"collection":[{"href":"https:\/\/kliniksanktmoritz.ch\/fr\/wp-json\/wp\/v2\/pages"}],"about":[{"href":"https:\/\/kliniksanktmoritz.ch\/fr\/wp-json\/wp\/v2\/types\/page"}],"author":[{"embeddable":true,"href":"https:\/\/kliniksanktmoritz.ch\/fr\/wp-json\/wp\/v2\/users\/1"}],"replies":[{"embeddable":true,"href":"https:\/\/kliniksanktmoritz.ch\/fr\/wp-json\/wp\/v2\/comments?post=12849"}],"version-history":[{"count":0,"href":"https:\/\/kliniksanktmoritz.ch\/fr\/wp-json\/wp\/v2\/pages\/12849\/revisions"}],"wp:attachment":[{"href":"https:\/\/kliniksanktmoritz.ch\/fr\/wp-json\/wp\/v2\/media?parent=12849"}],"curies":[{"name":"wp","href":"https:\/\/api.w.org\/{rel}","templated":true}]}}