{"id":17066,"date":"2025-02-26T09:11:00","date_gmt":"2025-02-26T08:11:00","guid":{"rendered":"https:\/\/kliniksanktmoritz.ch\/?page_id=17066"},"modified":"2025-05-14T15:14:52","modified_gmt":"2025-05-14T14:14:52","slug":"worldmedcert","status":"publish","type":"page","link":"https:\/\/kliniksanktmoritz.ch\/fr\/worldmedcert\/","title":{"rendered":"World Med Cert"},"content":{"rendered":"<section class=\"bde-section-17066-100 bde-section\">\n  \n  \n\t\n\n\n\n<div class=\"section-container\"><h1 class=\"bde-dual-heading-17066-101 bde-dual-heading\">\n\n\n            <span data-style=\"primary\" class=\"dual-heading--primary\">Le monde<\/span>\n\n            <span data-style=\"secondary\" class=\"dual-heading--secondary\">MED<\/span>\n\n            <span data-style=\"primary\" class=\"dual-heading--primary\">Cert<\/span>\n\n\n\n<\/h1><\/div>\n<\/section><section class=\"bde-section-17066-102 bde-section\">\n  \n  \n\t\n\n\n\n<div class=\"section-container\"><div class=\"bde-rich-text-17066-103 bde-rich-text breakdance-rich-text-styles\">\n<h2 data-start=\"170\" data-end=\"277\">\ud83c\udf10 <strong data-start=\"173\" data-end=\"214\">World Med Cert par Klinik Sankt Moritz<\/strong><br data-start=\"214\" data-end=\"217\" \/><strong data-start=\"217\" data-end=\"277\">Certification mondiale pour les professionnels de la sant\u00e9 et du bien-\u00eatre<\/strong><\/h2>\n<p data-start=\"129\" data-end=\"422\">\ud83c\udf0d <strong data-start=\"132\" data-end=\"189\">Devenez qui vous \u00eates vraiment. Que le monde le reconnaisse.<\/strong><br data-start=\"189\" data-end=\"192\" \/><strong data-start=\"192\" data-end=\"233\">World Med Cert par Klinik Sankt Moritz<\/strong> est plus qu'une certification, c'est un symbole d'excellence, de confiance et de cr\u00e9dibilit\u00e9 mondiale.<br data-start=\"322\" data-end=\"325\" \/>\u00c0 une \u00e9poque o\u00f9 tout peut \u00eatre remis en question, votre identit\u00e9 professionnelle doit briller de mille feux.<\/p>\n<p data-start=\"424\" data-end=\"680\">\ud83d\udd11 Vous avez \u00e9tudi\u00e9. Vous avez soign\u00e9. Vous avez transform\u00e9 des vies.<br data-start=\"483\" data-end=\"486\" \/>Il est maintenant temps de rendre votre histoire visible et ind\u00e9niable.<br data-start=\"542\" data-end=\"545\" \/>Avec notre certification, vous ne faites pas que prouver vos qualifications, vous rejoignez un \u00e9cosyst\u00e8me mondial fond\u00e9 sur l'int\u00e9grit\u00e9 et l'expertise v\u00e9rifi\u00e9e.<\/p>\n<p data-start=\"682\" data-end=\"721\">\ud83d\udca0 <strong data-start=\"685\" data-end=\"721\">Choisissez votre voie vers la reconnaissance :<\/strong><\/p>\n<p data-start=\"723\" data-end=\"853\"><a href=\"https:\/\/kliniksanktmoritz.ch\/fr\/worldmedcert\/medecins-mds-dos-01\/\">\ud83d\udc68\u200d\u2695\ufe0f <strong data-start=\"729\" data-end=\"756\">M\u00e9decins (MD\/DO)<\/strong><\/a><br data-start=\"756\" data-end=\"759\" \/>Mettez en avant vos r\u00e9f\u00e9rences avec une certification s\u00e9curis\u00e9e par la blockchain et un profil public v\u00e9rifi\u00e9.<\/p>\n<p data-start=\"855\" data-end=\"976\">\ud83e\ude7a <strong data-start=\"858\" data-end=\"895\">Professionnels param\u00e9dicaux (AHP)<\/strong><br data-start=\"895\" data-end=\"898\" \/>D\u00e9bloquez des opportunit\u00e9s internationales gr\u00e2ce \u00e0 une identit\u00e9 num\u00e9rique cr\u00e9dible et v\u00e9rifi\u00e9e.<\/p>\n<p data-start=\"978\" data-end=\"1096\">\ud83e\udde0 <strong data-start=\"981\" data-end=\"1016\">Sp\u00e9cialistes en sant\u00e9 mentale (MHS)<\/strong><br data-start=\"1016\" data-end=\"1019\" \/>Renforcez votre autorit\u00e9 et votre confiance dans les espaces th\u00e9rapeutiques en ligne et en personne.<\/p>\n<p data-start=\"1098\" data-end=\"1240\">\ud83d\udc86\u200d\u2642\ufe0f <strong data-start=\"1104\" data-end=\"1152\">Praticiens compl\u00e9mentaires et de bien-\u00eatre (CWP)<\/strong><br data-start=\"1152\" data-end=\"1155\" \/>Se d\u00e9marquer sur un march\u00e9 encombr\u00e9 par une validation prestigieuse et respect\u00e9e au niveau international.<\/p>\n<p data-start=\"1242\" data-end=\"1364\">\ud83c\udfe5 <strong data-start=\"1245\" data-end=\"1277\">Cliniques et \u00e9tablissements m\u00e9dicaux<\/strong><br data-start=\"1277\" data-end=\"1280\" \/>Attirez des patients et des partenariats internationaux gr\u00e2ce \u00e0 une \u00e9quipe qui s'appuie sur une excellence certifi\u00e9e.<\/p>\n<p data-start=\"1366\" data-end=\"1428\">\ud83d\udcac <em data-start=\"1369\" data-end=\"1428\">\"Ce n'est pas seulement ce que vous faites. C'est la fa\u00e7on dont le monde vous voit.\"<\/em><\/p>\n<p data-start=\"1430\" data-end=\"1502\">\u2728 <strong data-start=\"1432\" data-end=\"1502\">Certifiez votre valeur. \u00c9largissez votre champ d'action. Pratiquer avec une confiance globale.<\/strong><\/p>\n<p>\u00a0<\/p>\n<\/div><\/div>\n<\/section><section class=\"bde-section-17066-104 bde-section\">\n  \n  \n\t\n\n\n\n<div class=\"section-container\"><div class=\"bde-columns-17066-105 bde-columns\"><div class=\"bde-column-17066-106 bde-column\">\n  \n  \n\t\n\n\n\n<div class=\"bde-pricing-table-17066-107 bde-pricing-table bde-pricing-table--featured\">\n\n  <div class=\"bde-pricing-table__accent-label\" >   \n    <span>Exemple<\/span> \n  <\/div>\n\n\n  <div class=\"bde-pricing-table__title\" >\n    Un exemple de m\u00e9decin en ligne\n  <\/div>\n\n\n<div class='bde-pricing-table__price-area'>\n\n  \n  <div class=\"bde-pricing-table__price-area--amount-and-period-wrapper\">\n\n    <div class=\"bde-pricing-table__price-area--amount\">\n      <span class=\"bde-pricing-table__price-area--amount-currency\" >\n        \n      <\/span>\n      <span class=\"bde-pricing-table__price-area--amount-number\">\n        <span class=\"bde-pricing-table__price-area--amount-number-main\" >\n          \n        <\/span>\n              <\/span>\n    <\/div>\n\n    \n  <\/div>\n\n  <\/div>\n\n\n\n  <div class=\"bde-pricing-table__description\" >\n    Vous et vos donn\u00e9es sur la Klinik Sankt Moritz<br>URL officielle<br>kliniksanktmoritz.ch\/md\/jane-doe\n  <\/div>\n\n\n        \n    \n    \n    \n    \n            \n                    \n            \n            \n\n    \n    \n    \n    \n    \n    <a class=\"breakdance-link button-atom button-atom--primary bde-pricing-table__cta-button\" href=\"https:\/\/kliniksanktmoritz.ch\/fr\/md\/jane-doe\/\" target=\"_blank\" data-type=\"url\"  >\n\n    \n        <span class=\"button-atom__text\">faire un test<\/span>\n\n        \n        \n                <\/a>\n\n    \n\n\n<\/div>\n<\/div><div class=\"bde-column-17066-108 bde-column\">\n  \n  \n\t\n\n\n\n<div class=\"bde-pricing-table-17066-109 bde-pricing-table bde-pricing-table--featured\">\n\n  <div class=\"bde-pricing-table__accent-label\" >   \n    <span>livre gratuit<\/span> \n  <\/div>\n\n\n  <div class=\"bde-pricing-table__title\" >\n    Pourquoi la certification num\u00e9rique est-elle essentielle pour les professionnels de la sant\u00e9 d'aujourd'hui ? \n  <\/div>\n\n\n<div class='bde-pricing-table__price-area'>\n\n  \n  <div class=\"bde-pricing-table__price-area--amount-and-period-wrapper\">\n\n    <div class=\"bde-pricing-table__price-area--amount\">\n      <span class=\"bde-pricing-table__price-area--amount-currency\" >\n        \n      <\/span>\n      <span class=\"bde-pricing-table__price-area--amount-number\">\n        <span class=\"bde-pricing-table__price-area--amount-number-main\" >\n          \n        <\/span>\n              <\/span>\n    <\/div>\n\n    \n  <\/div>\n\n  <\/div>\n\n\n\n  <div class=\"bde-pricing-table__description\" >\n    \"DIPL\u00d4ME DE M\u00c9DECINE EN LIGNE<br>LA CERTIFICATION OFFRE LE PLUS HAUT NIVEAU DE QUALIT\u00c9 ET DE S\u00c9CURIT\u00c9.<br>NIVEAU DE S\u00c9CURIT\u00c9 PROFESSIONNELLE,<br>FOURNIR UNE \"COCHE BLEUE\" SCIENTIFIQUE<br>POUR LES M\u00c9DIAS SOCIAUX ET L'INTERNET\".\n  <\/div>\n\n\n        \n    \n    \n    \n    \n            \n                    \n            \n            \n\n    \n    \n    \n    \n    \n    <a class=\"breakdance-link button-atom button-atom--primary bde-pricing-table__cta-button\" href=\"https:\/\/kliniksanktmoritz.ch\/wp-content\/uploads\/2024\/11\/Why-Digital-Certification-is-Essential-for-Todays-Medical-Professionals-ver-1.0.pdf\" target=\"_self\" data-type=\"url\"  >\n\n    \n        <span class=\"button-atom__text\">T\u00e9l\u00e9charger<\/span>\n\n        \n        \n                <\/a>\n\n    \n\n\n<\/div>\n<\/div><div class=\"bde-column-17066-110 bde-column\">\n  \n  \n\t\n\n\n\n\n<\/div><div class=\"bde-column-17066-111 bde-column\">\n  \n  \n\t\n\n\n\n<div class=\"bde-pricing-table-17066-112 bde-pricing-table bde-pricing-table--featured\">\n\n  <div class=\"bde-pricing-table__accent-label\" >   \n    <span>livre gratuit<\/span> \n  <\/div>\n\n\n  <div class=\"bde-pricing-table__title\" >\n    Le jumeau num\u00e9rique dans les soins de sant\u00e9\n  <\/div>\n\n\n<div class='bde-pricing-table__price-area'>\n\n  \n  <div class=\"bde-pricing-table__price-area--amount-and-period-wrapper\">\n\n    <div class=\"bde-pricing-table__price-area--amount\">\n      <span class=\"bde-pricing-table__price-area--amount-currency\" >\n        \n      <\/span>\n      <span class=\"bde-pricing-table__price-area--amount-number\">\n        <span class=\"bde-pricing-table__price-area--amount-number-main\" >\n          \n        <\/span>\n              <\/span>\n    <\/div>\n\n    \n  <\/div>\n\n  <\/div>\n\n\n\n  <div class=\"bde-pricing-table__description\" >\n    \"LES DONN\u00c9ES BIOM\u00c9TRIQUES PROVIENNENT D'UN<br>UNE VARI\u00c9T\u00c9 DE DISPOSITIFS, CHACUN D'ENTRE EUX FOURNISSANT<br>DES INFORMATIONS SP\u00c9CIFIQUES SUR LES<br>L'\u00c9TAT DE SANT\u00c9 DU PATIENT\"\n  <\/div>\n\n\n        \n    \n    \n    \n    \n            \n                    \n            \n            \n\n    \n    \n    \n    \n    \n    <a class=\"breakdance-link button-atom button-atom--primary bde-pricing-table__cta-button\" href=\"https:\/\/kliniksanktmoritz.ch\/wp-content\/uploads\/2024\/11\/Digital-Twin-in-Healthcare-Caldelari.pdf\" target=\"_self\" data-type=\"url\"  >\n\n    \n        <span class=\"button-atom__text\">T\u00e9l\u00e9charger<\/span>\n\n        \n        \n                <\/a>\n\n    \n\n\n<\/div>\n<\/div><\/div><div class=\"bde-fancy-divider-17066-113 bde-fancy-divider\">\n\n\n<div class=\"bde-fancy-divider__wrapper\">\n  <div class=\"bde-fancy-divider__separator\">\n  \t  <\/div>\n<\/div>\n\n<\/div><div class=\"bde-fancy-divider-17066-114 bde-fancy-divider\">\n\n\n<div class=\"bde-fancy-divider__wrapper\">\n  <div class=\"bde-fancy-divider__separator\">\n  \t  <\/div>\n<\/div>\n\n<\/div><\/div>\n<\/section>","protected":false},"excerpt":{"rendered":"<p>World MED Cert \ud83c\udf10 World Med Cert by Klinik Sankt MoritzGlobal Certification for Health &amp; Wellness Professionals \ud83c\udf0d Become Who You Truly Are. Let the World Recognize It.World Med Cert by Klinik Sankt Moritz is more than a certification\u2014it\u2019s a symbol of excellence, trust, and global credibility.In an era where anything can be questioned, your [&hellip;]<\/p>\n","protected":false},"author":2,"featured_media":0,"parent":0,"menu_order":0,"comment_status":"closed","ping_status":"closed","template":"","meta":{"_acf_changed":false,"_breakdance_hide_in_design_set":false,"_breakdance_tags":"","footnotes":"","_wordproof_timestamp":false},"class_list":["post-17066","page","type-page","status-publish","hentry"],"acf":[],"_links":{"self":[{"href":"https:\/\/kliniksanktmoritz.ch\/fr\/wp-json\/wp\/v2\/pages\/17066","targetHints":{"allow":["GET"]}}],"collection":[{"href":"https:\/\/kliniksanktmoritz.ch\/fr\/wp-json\/wp\/v2\/pages"}],"about":[{"href":"https:\/\/kliniksanktmoritz.ch\/fr\/wp-json\/wp\/v2\/types\/page"}],"author":[{"embeddable":true,"href":"https:\/\/kliniksanktmoritz.ch\/fr\/wp-json\/wp\/v2\/users\/2"}],"replies":[{"embeddable":true,"href":"https:\/\/kliniksanktmoritz.ch\/fr\/wp-json\/wp\/v2\/comments?post=17066"}],"version-history":[{"count":5,"href":"https:\/\/kliniksanktmoritz.ch\/fr\/wp-json\/wp\/v2\/pages\/17066\/revisions"}],"predecessor-version":[{"id":19892,"href":"https:\/\/kliniksanktmoritz.ch\/fr\/wp-json\/wp\/v2\/pages\/17066\/revisions\/19892"}],"wp:attachment":[{"href":"https:\/\/kliniksanktmoritz.ch\/fr\/wp-json\/wp\/v2\/media?parent=17066"}],"curies":[{"name":"wp","href":"https:\/\/api.w.org\/{rel}","templated":true}]}}