{"id":11851,"date":"2024-08-21T10:37:59","date_gmt":"2024-08-21T09:37:59","guid":{"rendered":"https:\/\/kliniksanktmoritz.ch\/?post_type=product&#038;p=11851"},"modified":"2024-10-02T08:55:30","modified_gmt":"2024-10-02T07:55:30","slug":"pc-300-monitor-multiparametrico","status":"publish","type":"product","link":"https:\/\/kliniksanktmoritz.ch\/fr\/produit\/pc-300-moniteur-multiparametrique\/","title":{"rendered":"Moniteur multiparam\u00e9trique PC-300"},"content":{"rendered":"","protected":false},"excerpt":{"rendered":"<p>Informations g\u00e9n\u00e9rales<\/p>\n<p>Ce moniteur portable est id\u00e9al pour les contr\u00f4les ponctuels dans les h\u00f4pitaux, les cliniques et les \u00e9tablissements priv\u00e9s pour les mesures quotidiennes. Dot\u00e9 d'une batterie au lithium int\u00e9gr\u00e9e, il mesure la SpO2, la fr\u00e9quence cardiaque, la PNI (pression art\u00e9rielle non invasive) et la temp\u00e9rature. Il est \u00e9galement \u00e9quip\u00e9 de Bluetooth et d'un port USB pour faciliter le transfert des donn\u00e9es vers des smartphones ou des tablettes Android en vue d'une analyse plus approfondie.<\/p>\n<p>&nbsp;<\/p>\n<p>Caract\u00e9ristiques principales<\/p>\n<p>- \u00c9cran LCD de 4,3 pouces<\/p>\n<p>- Mesures : SpO2, PNI, fr\u00e9quence cardiaque et temp\u00e9rature<\/p>\n<p>- Stocke jusqu'\u00e0 6000 relev\u00e9s de PNI<\/p>\n<p>- Peut contenir les donn\u00e9es de 100 patients (jusqu'\u00e0 999 lectures par patient)<\/p>\n<p>- Sonde auriculaire pour une lecture rapide de la temp\u00e9rature avec des r\u00e9sultats en 5 secondes<\/p>\n<p>- Batterie lithium rechargeable int\u00e9gr\u00e9e<\/p>\n<p>- Transfert de donn\u00e9es par Bluetooth<\/p>\n<p>- Se connecte aux smartphones et tablettes Android dot\u00e9s de la technologie Bluetooth 4.0 ou d'une version sup\u00e9rieure<\/p>\n<p>&nbsp;<\/p>\n<p>GIMApp<\/p>\n<p>Le moniteur multiparam\u00e9trique portable PC-300 se connecte \u00e0 GIMApp, une application gratuite et innovante con\u00e7ue pour les smartphones. L'application fonctionne avec une vari\u00e9t\u00e9 d'appareils m\u00e9dicaux pour mesurer la temp\u00e9rature, la pression art\u00e9rielle, la fr\u00e9quence cardiaque, le poids, la composition corporelle, la saturation en oxyg\u00e8ne, l'ECG, le sommeil, la glyc\u00e9mie, l'activit\u00e9 physique et bien plus encore. Elle est disponible en 10 langues (GB, FR, IT, ES, DE, NL, GR, PT, RO, PL) et ne n\u00e9cessite aucune installation compliqu\u00e9e.<\/p>\n<p>&nbsp;<\/p>\n<p>Le paquet standard comprend<\/p>\n<p>- Capteur de SpO2 pour adultes<\/p>\n<p>- Brassard PNI adulte<\/p>\n<p>- Thermom\u00e8tre auriculaire (couvercles de sonde non inclus)<\/p>\n<p>- Batterie au lithium avec chargeur<\/p>\n<p>- Sac de transport<\/p>\n<p>- Manuel de l'utilisateur : GB, FR, IT, ES<\/p>\n<p>&nbsp;<\/p>\n<p>Informations techniques<\/p>\n<p>Compatibilit\u00e9 des plateformes de t\u00e9l\u00e9m\u00e9decine<\/p>\n<p>- iTEL<\/p>\n<p>- Helthia<\/p>\n<p>&nbsp;<\/p>\n<p>Param\u00e8tres de SpO2<\/p>\n<p>- Plage de mesure : 35%-100%<\/p>\n<p>- Pr\u00e9cision : \u00b12% (75%-100% SpO2) \/ \u00b13% (50%-74% SpO2)<\/p>\n<p>&nbsp;<\/p>\n<p>Param\u00e8tres de fr\u00e9quence cardiaque<\/p>\n<p>- Plage de mesure : 30-240 bpm<\/p>\n<p>- Pr\u00e9cision : jusqu'\u00e0 \u00b12%<\/p>\n<p>&nbsp;<\/p>\n<p>Param\u00e8tres PNI<\/p>\n<p>- Plage de PNI : 0mmHg-300mmHg (0-39,9 KPA)<\/p>\n<p>- Pr\u00e9cision de la pression : \u00b13 mmHg<\/p>\n<p>- Plage systolique : 60mmHg-240mmHg<\/p>\n<p>- Plage diastolique : 30mmHg-180mmHg<\/p>\n<p>&nbsp;<\/p>\n<p>Param\u00e8tres de temp\u00e9rature<\/p>\n<p>- Plage de mesure : 32\u00b0C-43\u00b0C<\/p>\n<p>- Pr\u00e9cision : \u00b10,2\u00b0C (35\u00b0C-42\u00b0C), \u00b10,3\u00b0C (autres)<\/p>\n<p>- Dur\u00e9e de la mesure : &lt;5 secondes<\/p>\n<p>&nbsp;<\/p>\n<p>ECG (en option)<\/p>\n<p>- Plage de fr\u00e9quence cardiaque : 30-240 bpm<\/p>\n<p>- Pr\u00e9cision : \u00b12 bpm ou \u00b12%, la valeur la plus \u00e9lev\u00e9e \u00e9tant retenue.<\/p>\n<p>- Gain d'affichage : 5,0 mm\/mV \u00b110%<\/p>\n<p>- Rapport de r\u00e9jection en mode commun (CMRR) : \u226560 dB<\/p>\n<p>&nbsp;<\/p>\n<p>Glyc\u00e9mie (facultatif)<\/p>\n<p>- Plage de mesure : 20-600 mg\/dL<\/p>\n<p>&nbsp;<\/p>\n<p>Alimentation \u00e9lectrique<\/p>\n<p>- Batterie : 3,7V lithium-ion (incluse)<\/p>\n<p>- Tension de fonctionnement : 3,6-4,2 VDC<\/p>\n<p>- Courant : \u2264800 mA<\/p>\n<p>- Chargeur : 100-240 VAC, 50\/60 Hz, 5 VDC ou USB<\/p>\n<p>&nbsp;<\/p>\n<p>Temps de mesure<\/p>\n<p>- &lt;20 secondes pour les relev\u00e9s<\/p>","protected":false},"featured_media":11852,"template":"","meta":{"_acf_changed":false,"wds_primary_product_brand":0,"wds_primary_product_cat":0,"_wordproof_timestamp":false},"product_brand":[],"product_cat":[113,78],"product_tag":[],"class_list":{"0":"post-11851","1":"product","2":"type-product","3":"status-publish","4":"has-post-thumbnail","6":"product_cat-device","7":"product_cat-digitaltwin","9":"first","10":"instock","11":"shipping-taxable","12":"purchasable","13":"product-type-simple"},"acf":[],"_links":{"self":[{"href":"https:\/\/kliniksanktmoritz.ch\/fr\/wp-json\/wp\/v2\/product\/11851","targetHints":{"allow":["GET"]}}],"collection":[{"href":"https:\/\/kliniksanktmoritz.ch\/fr\/wp-json\/wp\/v2\/product"}],"about":[{"href":"https:\/\/kliniksanktmoritz.ch\/fr\/wp-json\/wp\/v2\/types\/product"}],"wp:featuredmedia":[{"embeddable":true,"href":"https:\/\/kliniksanktmoritz.ch\/fr\/wp-json\/wp\/v2\/media\/11852"}],"wp:attachment":[{"href":"https:\/\/kliniksanktmoritz.ch\/fr\/wp-json\/wp\/v2\/media?parent=11851"}],"wp:term":[{"taxonomy":"product_brand","embeddable":true,"href":"https:\/\/kliniksanktmoritz.ch\/fr\/wp-json\/wp\/v2\/product_brand?post=11851"},{"taxonomy":"product_cat","embeddable":true,"href":"https:\/\/kliniksanktmoritz.ch\/fr\/wp-json\/wp\/v2\/product_cat?post=11851"},{"taxonomy":"product_tag","embeddable":true,"href":"https:\/\/kliniksanktmoritz.ch\/fr\/wp-json\/wp\/v2\/product_tag?post=11851"}],"curies":[{"name":"wp","href":"https:\/\/api.w.org\/{rel}","templated":true}]}}