{"id":11888,"date":"2024-08-24T15:18:22","date_gmt":"2024-08-24T14:18:22","guid":{"rendered":"https:\/\/kliniksanktmoritz.ch\/?post_type=product&#038;p=11888"},"modified":"2024-10-01T18:33:50","modified_gmt":"2024-10-01T17:33:50","slug":"moniteur-multiparametrique-checkme-pro","status":"publish","type":"product","link":"https:\/\/kliniksanktmoritz.ch\/fr\/produit\/moniteur-multiparametrique-checkme-pro\/","title":{"rendered":"Moniteur multiparam\u00e9trique CheckMe Pro"},"content":{"rendered":"","protected":false},"excerpt":{"rendered":"<p>Informations g\u00e9n\u00e9rales<\/p>\n<p>CheckMe Pro Vital Signs est un appareil innovant tout-en-un qui offre de multiples fonctions dans un design unique, compact et portable.<\/p>\n<p>&nbsp;<\/p>\n<p>Avec son \u00e9cran tactile couleur et son interface conviviale, il est facile \u00e0 utiliser et comporte des instructions audio qui vous guident tout au long du processus. L'appareil offre une pr\u00e9cision test\u00e9e et approuv\u00e9e cliniquement.<\/p>\n<p>&nbsp;<\/p>\n<p>Application<\/p>\n<p>Le moniteur multiparam\u00e9trique CheckMe Pro se connecte \u00e0 App, une application gratuite pour smartphone con\u00e7ue pour fonctionner avec une vari\u00e9t\u00e9 d'appareils m\u00e9dicaux. Ces derniers peuvent mesurer la temp\u00e9rature, la pression art\u00e9rielle, la fr\u00e9quence cardiaque, le poids, la composition corporelle, la saturation en oxyg\u00e8ne, l'ECG, le sommeil, la glyc\u00e9mie et l'activit\u00e9 physique. L'application est disponible en 10 langues (GB, FR, IT, ES, DE, NL, GR, PT, RO, PL) et ne n\u00e9cessite aucune configuration complexe.<\/p>\n<p>&nbsp;<\/p>\n<p>Le paquet standard comprend<\/p>\n<p>- Manuel : GB, ES, IT, DE, FR<\/p>\n<p>- Instructions audio : GB, ES, IT, DE, FR, PL, RU, HU<\/p>\n<p>- Logiciel : GB<\/p>\n<p>- App : GB, DE, FR, ES<\/p>\n<p>- C\u00e2ble ECG<\/p>\n<p>- Capteur SpO2<\/p>\n<p>- Electrodes ECG<\/p>\n<p>- C\u00e2ble de chargement (micro D)<\/p>\n<p>- Courroie de cou<\/p>\n<p>- Couverture protectrice<\/p>\n<p>- Bracelet<\/p>\n<p>&nbsp;<\/p>\n<p>Informations techniques<\/p>\n<p>Compatibilit\u00e9 des plateformes de t\u00e9l\u00e9m\u00e9decine<\/p>\n<p>- Paginemediche (codes 19900000 et 19900001)<\/p>\n<p>- iTEL<\/p>\n<p>- Helthia<\/p>\n<p>&nbsp;<\/p>\n<p>ECG<\/p>\n<p>- Mesure l'ECG avec ou sans c\u00e2ble<\/p>\n<p>- Fr\u00e9quence d'\u00e9chantillonnage de 500 Hz<\/p>\n<p>- Fournit une trace de 30\/60 secondes<\/p>\n<p>- L'algorithme professionnel renvoie la fr\u00e9quence cardiaque, la dur\u00e9e du QRS, l'analyse du segment ST, l'intervalle QT\/QTC et les d\u00e9tails du rythme.<\/p>\n<p>&nbsp;<\/p>\n<p>SpO2<\/p>\n<p>- Mesure la saturation en oxyg\u00e8ne, le pouls et l'intensit\u00e9 du pouls avec ou sans c\u00e2ble<\/p>\n<p>&nbsp;<\/p>\n<p>D\u00e9pistage de l'apn\u00e9e du sommeil<\/p>\n<p>- Moniteur de SpO2 pour l'apn\u00e9e obstructive du sommeil (AOS)<\/p>\n<p>- Enregistre la SpO2 et le pouls pendant 10 heures maximum<\/p>\n<p>- L'application d\u00e9di\u00e9e fournit une analyse d\u00e9taill\u00e9e de la SpO2<\/p>\n<p>&nbsp;<\/p>\n<p>Mesure de la pression art\u00e9rielle via Bluetooth<\/p>\n<p>- (Unit\u00e9 optionnelle requise) Int\u00e8gre toutes les donn\u00e9es vitales en temps r\u00e9el<\/p>\n<p>&nbsp;<\/p>\n<p>Temp\u00e9rature<\/p>\n<p>- Mesure rapide et de haute qualit\u00e9 de la temp\u00e9rature par infrarouge<\/p>\n<p>- Pas besoin de r\u00e9veiller le patient pour les lectures<\/p>\n<p>&nbsp;<\/p>\n<p>Podom\u00e8tre<\/p>\n<p>- Suivi pr\u00e9cis des pas, des calories et des graisses br\u00fbl\u00e9es<\/p>\n<p>- Dot\u00e9 d'un capteur 3D de haute qualit\u00e9<\/p>\n<p>&nbsp;<\/p>\n<p>Application d\u00e9di\u00e9e pour iOS et Android<\/p>\n<p>- Toutes les donn\u00e9es peuvent \u00eatre export\u00e9es vers des smartphones et des tablettes via Bluetooth.<\/p>\n<p>- R\u00e9duit consid\u00e9rablement les co\u00fbts des visites \u00e0 l'h\u00f4pital en partageant les donn\u00e9es \u00e0 distance avec les prestataires de soins de sant\u00e9.<\/p>\n<p>Logiciel PC<\/p>\n<p>- Gestion des donn\u00e9es collect\u00e9es<\/p>\n<p>- Permet d'exporter les donn\u00e9es du patient, les profils, les notes et les formes d'ondes ECG de l'appareil CheckMe vers un PC via USB (non inclus).<\/p>","protected":false},"featured_media":11889,"template":"","meta":{"_acf_changed":false,"wds_primary_product_brand":0,"wds_primary_product_cat":0,"_wordproof_timestamp":false},"product_brand":[],"product_cat":[113,78],"product_tag":[],"class_list":{"0":"post-11888","1":"product","2":"type-product","3":"status-publish","4":"has-post-thumbnail","6":"product_cat-device","7":"product_cat-digitaltwin","9":"first","10":"instock","11":"shipping-taxable","12":"purchasable","13":"product-type-simple"},"acf":[],"_links":{"self":[{"href":"https:\/\/kliniksanktmoritz.ch\/fr\/wp-json\/wp\/v2\/product\/11888","targetHints":{"allow":["GET"]}}],"collection":[{"href":"https:\/\/kliniksanktmoritz.ch\/fr\/wp-json\/wp\/v2\/product"}],"about":[{"href":"https:\/\/kliniksanktmoritz.ch\/fr\/wp-json\/wp\/v2\/types\/product"}],"wp:featuredmedia":[{"embeddable":true,"href":"https:\/\/kliniksanktmoritz.ch\/fr\/wp-json\/wp\/v2\/media\/11889"}],"wp:attachment":[{"href":"https:\/\/kliniksanktmoritz.ch\/fr\/wp-json\/wp\/v2\/media?parent=11888"}],"wp:term":[{"taxonomy":"product_brand","embeddable":true,"href":"https:\/\/kliniksanktmoritz.ch\/fr\/wp-json\/wp\/v2\/product_brand?post=11888"},{"taxonomy":"product_cat","embeddable":true,"href":"https:\/\/kliniksanktmoritz.ch\/fr\/wp-json\/wp\/v2\/product_cat?post=11888"},{"taxonomy":"product_tag","embeddable":true,"href":"https:\/\/kliniksanktmoritz.ch\/fr\/wp-json\/wp\/v2\/product_tag?post=11888"}],"curies":[{"name":"wp","href":"https:\/\/api.w.org\/{rel}","templated":true}]}}