{"id":11896,"date":"2024-08-24T15:42:06","date_gmt":"2024-08-24T14:42:06","guid":{"rendered":"https:\/\/kliniksanktmoritz.ch\/?post_type=product&#038;p=11896"},"modified":"2024-10-01T18:30:42","modified_gmt":"2024-10-01T17:30:42","slug":"oxy-9-sans-fil","status":"publish","type":"product","link":"https:\/\/kliniksanktmoritz.ch\/fr\/produit\/oxy-9-sans-fil\/","title":{"rendered":"Oxy 9 sans fil"},"content":{"rendered":"","protected":false},"excerpt":{"rendered":"<p>### Informations g\u00e9n\u00e9rales<\/p>\n<p>Appareil\/enregistreur<\/p>\n<p>L'oxym\u00e8tre de pouls portable Oxy 9 utilise une technologie avanc\u00e9e pour mesurer la SpO2 (saturation en oxyg\u00e8ne) et la PR (fr\u00e9quence du pouls) \u00e0 partir de votre doigt, mesurant ainsi vos niveaux d'oxyg\u00e8ne. Il fait \u00e9galement office de podom\u00e8tre et de compteur de calories. Cet appareil peut \u00eatre utilis\u00e9 dans divers contextes tels que les \u00e9tablissements m\u00e9dicaux, les foyers et les centres de remise en forme.<\/p>\n<p>&nbsp;<\/p>\n<p>- Affiche la valeur de la SpO2, la valeur de la PR et un graphique \u00e0 barres.<\/p>\n<p>- Affichage des calories, des pas et de l'heure<\/p>\n<p>- Affichage auto-rotatif<\/p>\n<p>- Enregistrement automatique des valeurs de SpO2 et de PR<\/p>\n<p>- Comprend une horloge et un indicateur de piles faibles<\/p>\n<p>- Les donn\u00e9es stock\u00e9es peuvent \u00eatre t\u00e9l\u00e9charg\u00e9es vers l'application via Bluetooth, qui se synchronise ensuite avec une plateforme en nuage.<\/p>\n<p>&nbsp;<\/p>\n<p>### App<\/p>\n<p>L'oxym\u00e8tre Oxy 9 se connecte \u00e0 App, une application gratuite et conviviale pour smartphone. Elle est con\u00e7ue pour fonctionner avec une large gamme de dispositifs m\u00e9dicaux capables de mesurer, entre autres, la temp\u00e9rature, la pression art\u00e9rielle, le pouls, le poids et la composition corporelle, la saturation en oxyg\u00e8ne, l'ECG, le sommeil, la glyc\u00e9mie et l'activit\u00e9 physique. Elle est disponible en 10 langues (GB, FR, IT, ES, DE, NL, GR, PT, RO, PL) et ne n\u00e9cessite aucune installation ou configuration compliqu\u00e9e.<\/p>\n<p>&nbsp;<\/p>\n<p>### Analyse du nuage<\/p>\n<p>- Les param\u00e8tres tels que le poids, la taille, les objectifs caloriques et la sensibilit\u00e9 du podom\u00e8tre peuvent \u00eatre ajust\u00e9s via le serveur.<\/p>\n<p>&nbsp;<\/p>\n<p>### Compatibilit\u00e9 des plateformes de t\u00e9l\u00e9m\u00e9decine<\/p>\n<p>- Plate-forme de sant\u00e9 CGM<\/p>\n<p>- Helthia<\/p>\n<p>&nbsp;<\/p>\n<p>### Informations techniques<\/p>\n<p>SpO2<\/p>\n<p>- Gamme : 0~100%<\/p>\n<p>- Pr\u00e9cision : 70~100% \u00b1 2%, 0~69% : non sp\u00e9cifi\u00e9<\/p>\n<p>&nbsp;<\/p>\n<p>PR<\/p>\n<p>- Plage de valeurs : 30-250 bpm<\/p>\n<p>- Pr\u00e9cision : \u00b1 2 bpm ou \u00b1 2%, la valeur la plus \u00e9lev\u00e9e \u00e9tant retenue.<\/p>\n<p>&nbsp;<\/p>\n<p>R\u00e9solution<\/p>\n<p>- SpO2 : 1%<\/p>\n<p>- PR : 1 bpm<\/p>\n<p>&nbsp;<\/p>\n<p>Podom\u00e8tre<\/p>\n<p>- Plage : 0-65 535 pas<\/p>\n<p>- R\u00e9solution : 1 pas<\/p>\n<p>&nbsp;<\/p>\n<p>- Fonction m\u00e9moire : Stocke 1 000 ensembles de donn\u00e9es de SpO2 et 224 jours de donn\u00e9es de podom\u00e8tre.<\/p>\n<p>- Classification de s\u00e9curit\u00e9 : Type BF partie appliqu\u00e9e<\/p>\n<p>- Mesures en cas de faible perfusion : La SpO2 et la PR sont pr\u00e9cises avec un indice de perfusion de 0,4%. L'erreur de SpO2 est de \u00b1 4%, l'erreur de PR est de \u00b1 2%, la plus grande des deux.<\/p>\n<p>- Dimensions : 58x32xh 34 mm : 58x32xh 34 mm<\/p>\n<p>- Poids : environ 52g (avec 2 piles AAA)<\/p>","protected":false},"featured_media":11899,"template":"","meta":{"_acf_changed":false,"wds_primary_product_brand":0,"wds_primary_product_cat":0,"_wordproof_timestamp":false},"product_brand":[],"product_cat":[113,78],"product_tag":[],"class_list":{"0":"post-11896","1":"product","2":"type-product","3":"status-publish","4":"has-post-thumbnail","6":"product_cat-device","7":"product_cat-digitaltwin","9":"first","10":"instock","11":"shipping-taxable","12":"purchasable","13":"product-type-simple"},"acf":[],"_links":{"self":[{"href":"https:\/\/kliniksanktmoritz.ch\/fr\/wp-json\/wp\/v2\/product\/11896","targetHints":{"allow":["GET"]}}],"collection":[{"href":"https:\/\/kliniksanktmoritz.ch\/fr\/wp-json\/wp\/v2\/product"}],"about":[{"href":"https:\/\/kliniksanktmoritz.ch\/fr\/wp-json\/wp\/v2\/types\/product"}],"wp:featuredmedia":[{"embeddable":true,"href":"https:\/\/kliniksanktmoritz.ch\/fr\/wp-json\/wp\/v2\/media\/11899"}],"wp:attachment":[{"href":"https:\/\/kliniksanktmoritz.ch\/fr\/wp-json\/wp\/v2\/media?parent=11896"}],"wp:term":[{"taxonomy":"product_brand","embeddable":true,"href":"https:\/\/kliniksanktmoritz.ch\/fr\/wp-json\/wp\/v2\/product_brand?post=11896"},{"taxonomy":"product_cat","embeddable":true,"href":"https:\/\/kliniksanktmoritz.ch\/fr\/wp-json\/wp\/v2\/product_cat?post=11896"},{"taxonomy":"product_tag","embeddable":true,"href":"https:\/\/kliniksanktmoritz.ch\/fr\/wp-json\/wp\/v2\/product_tag?post=11896"}],"curies":[{"name":"wp","href":"https:\/\/api.w.org\/{rel}","templated":true}]}}