{"id":11918,"date":"2024-08-24T15:49:38","date_gmt":"2024-08-24T14:49:38","guid":{"rendered":"https:\/\/kliniksanktmoritz.ch\/?post_type=product&#038;p=11918"},"modified":"2024-10-01T19:01:21","modified_gmt":"2024-10-01T18:01:21","slug":"kit-saturimetro-oxy-10-con-sensore-adulti-incorporato-sensore-neonatale-e-pediatrico-a-clip","status":"publish","type":"product","link":"https:\/\/kliniksanktmoritz.ch\/fr\/produit\/kit-saturimetro-oxy-10-con-sensore-adulti-incorporato-sensore-neonatale-e-pediatrico-a-clip\/","title":{"rendered":"KIT saturimetro Oxy 10 avec capteur adulte incorpor\u00e9, capteur n\u00e9onatal et p\u00e9diatrique \u00e0 clip"},"content":{"rendered":"","protected":false},"excerpt":{"rendered":"<p>Informations g\u00e9n\u00e9rales<\/p>\n<p>&nbsp;<\/p>\n<p>L'OXY 10 est un oxym\u00e8tre de pouls avec capteur int\u00e9gr\u00e9 pour adultes qui mesure la fr\u00e9quence cardiaque, la SpO2 et l'indice de perfusion. Il se distingue par deux caract\u00e9ristiques essentielles :<\/p>\n<ol>\n<li>Il peut \u00e9galement \u00eatre utilis\u00e9 sur les enfants et les nourrissons, gr\u00e2ce aux capteurs externes r\u00e9utilisables inclus.<\/li>\n<li>Il permet le transfert de donn\u00e9es sans fil vers un PC fonctionnant sous Windows XP ou Seven.<\/li>\n<\/ol>\n<p>&nbsp;<\/p>\n<p>L'OXY 10 est dot\u00e9 d'alarmes personnalisables et d'une fonction de mise en marche et d'arr\u00eat automatique. Fiable, polyvalent et avanc\u00e9, l'OXY 10 est con\u00e7u pour r\u00e9pondre \u00e0 une vari\u00e9t\u00e9 de besoins en une seule solution.<\/p>\n<p>&nbsp;<\/p>\n<p>Application<\/p>\n<p>L'oxym\u00e8tre de pouls OXY 10 se connecte \u00e0 l'App, une application gratuite et innovante pour smartphone compatible avec diff\u00e9rents appareils m\u00e9dicaux. Elle permet de mesurer la temp\u00e9rature, la pression art\u00e9rielle, la fr\u00e9quence cardiaque, le poids, la composition corporelle, la saturation en oxyg\u00e8ne, l'ECG, le sommeil, la glyc\u00e9mie, l'activit\u00e9 physique et bien plus encore. L'application est facile \u00e0 configurer et est disponible en 10 langues (GB, FR, IT, ES, DE, NL, GR, PT, RO, PL).<\/p>\n<p>&nbsp;<\/p>\n<p>Compatibilit\u00e9 des plateformes de t\u00e9l\u00e9m\u00e9decine<\/p>\n<p>- Plate-forme de sant\u00e9 CGM<\/p>\n<p>- iTEL<\/p>\n<p>- Helthia<\/p>\n<p>&nbsp;<\/p>\n<p>Accessoires standard<\/p>\n<p>- Oxym\u00e8tre de pouls OXY 10<\/p>\n<p>- Capteur p\u00e9diatrique r\u00e9utilisable \u00e0 clip de SpO2<\/p>\n<p>- Capteur de SpO2 n\u00e9onatal r\u00e9utilisable<\/p>\n<p>&nbsp;<\/p>\n<p>Informations techniques<\/p>\n<p>- Transmission de donn\u00e9es sans fil vers un PC, un t\u00e9l\u00e9phone portable ou un PDA<\/p>\n<p>- Ecran couleur OLED avec rotation \u00e0 360<\/p>\n<p>- Param\u00e8tres mesur\u00e9s : SpO2, fr\u00e9quence cardiaque, PI et courbe pl\u00e9thysmographique<\/p>\n<p>- Fonctionnalit\u00e9 marche\/arr\u00eat automatique<\/p>\n<p>- Alarmes visuelles et sonores (param\u00e8tres personnalisables)<\/p>\n<p>- Bip sonore \u00e0 chaque battement de c\u0153ur<\/p>\n<p>- Indicateur de batterie faible<\/p>\n<p>- Peut \u00eatre utilis\u00e9 avec des capteurs externes<\/p>\n<p>- Plage de mesure :<\/p>\n<p>- SpO2 : 85% \u00e0 99%<\/p>\n<p>- Pouls : 30 bpm \u00e0 240 bpm<\/p>\n<p>- Indice de perfusion : 0,2% \u00e0 20%<\/p>\n<p>- Pr\u00e9cision :<\/p>\n<p>- SpO2 : \u00b1 3% (pour une saturation entre 70% et 100%)<\/p>\n<p>- Fr\u00e9quence du pouls : \u00b1 2 bpm<\/p>\n<p>- Dimensions : 60 x 33 x 30 mm : 60 x 33 x 30 mm<\/p>\n<p>- Poids : 35 g (avec les piles)<\/p>\n<p>- Alimentation : 2 piles alcalines AAA<\/p>","protected":false},"featured_media":11903,"template":"","meta":{"_acf_changed":false,"wds_primary_product_brand":0,"wds_primary_product_cat":0,"_wordproof_timestamp":false},"product_brand":[],"product_cat":[113,78],"product_tag":[],"class_list":{"0":"post-11918","1":"product","2":"type-product","3":"status-publish","4":"has-post-thumbnail","6":"product_cat-device","7":"product_cat-digitaltwin","9":"first","10":"instock","11":"shipping-taxable","12":"purchasable","13":"product-type-simple"},"acf":[],"_links":{"self":[{"href":"https:\/\/kliniksanktmoritz.ch\/fr\/wp-json\/wp\/v2\/product\/11918","targetHints":{"allow":["GET"]}}],"collection":[{"href":"https:\/\/kliniksanktmoritz.ch\/fr\/wp-json\/wp\/v2\/product"}],"about":[{"href":"https:\/\/kliniksanktmoritz.ch\/fr\/wp-json\/wp\/v2\/types\/product"}],"wp:featuredmedia":[{"embeddable":true,"href":"https:\/\/kliniksanktmoritz.ch\/fr\/wp-json\/wp\/v2\/media\/11903"}],"wp:attachment":[{"href":"https:\/\/kliniksanktmoritz.ch\/fr\/wp-json\/wp\/v2\/media?parent=11918"}],"wp:term":[{"taxonomy":"product_brand","embeddable":true,"href":"https:\/\/kliniksanktmoritz.ch\/fr\/wp-json\/wp\/v2\/product_brand?post=11918"},{"taxonomy":"product_cat","embeddable":true,"href":"https:\/\/kliniksanktmoritz.ch\/fr\/wp-json\/wp\/v2\/product_cat?post=11918"},{"taxonomy":"product_tag","embeddable":true,"href":"https:\/\/kliniksanktmoritz.ch\/fr\/wp-json\/wp\/v2\/product_tag?post=11918"}],"curies":[{"name":"wp","href":"https:\/\/api.w.org\/{rel}","templated":true}]}}