{"id":11919,"date":"2024-08-24T15:54:06","date_gmt":"2024-08-24T14:54:06","guid":{"rendered":"https:\/\/kliniksanktmoritz.ch\/?post_type=product&#038;p=11919"},"modified":"2024-09-01T11:40:09","modified_gmt":"2024-09-01T10:40:09","slug":"saturimetro-o2ring-adulti","status":"publish","type":"product","link":"https:\/\/kliniksanktmoritz.ch\/fr\/produit\/saturimetro-o2ring-adulti\/","title":{"rendered":"Anneau Saturimetro O2Ring - Adulti"},"content":{"rendered":"","protected":false},"excerpt":{"rendered":"<p>**O2Ring : Un oxym\u00e8tre de pouls portable, adaptable et fiable**<\/p>\n<p>L'O2Ring est un oxym\u00e8tre de pouls portable innovant con\u00e7u pour surveiller la fr\u00e9quence cardiaque, la saturation en oxyg\u00e8ne et l'indice de perfusion.<\/p>\n<p>**Qu'est-ce que l'indice de perfusion (IP) ?<br \/>\nL'indice de perfusion est une valeur num\u00e9rique qui indique l'intensit\u00e9 du pouls \u00e0 l'emplacement du capteur. Il s'agit d'une valeur relative qui varie d'un patient \u00e0 l'autre et en fonction de l'emplacement du capteur. Une valeur PI sup\u00e9rieure \u00e0 4% est consid\u00e9r\u00e9e comme fiable pour la mesure.<\/p>\n<p>**Applications cliniques : Pourquoi le contr\u00f4le de l'IP est important**<br \/>\n- La partie du corps pr\u00e9sentant la valeur PI la plus \u00e9lev\u00e9e est l'endroit optimal pour la d\u00e9tection des param\u00e8tres SpO2 et BPM, ce qui garantit de meilleures performances m\u00eame lorsque le patient bouge.<br \/>\n- D\u00e9tecte facilement les changements dans les conditions physiologiques.<br \/>\n- Permet de v\u00e9rifier superficiellement l'influence du syst\u00e8me nerveux sympathique sur le tonus musculaire.<\/p>\n<p>**Surveiller les niveaux d'oxyg\u00e8ne \u00e0 tout moment et en tout lieu**<br \/>\n- Confortable \u00e0 porter<br \/>\n- Enregistre les niveaux d'oxyg\u00e8ne et la fr\u00e9quence cardiaque<br \/>\n- Vibre en cas de d\u00e9tection de faibles niveaux de SpO2<br \/>\n- Batterie rechargeable pour une utilisation de nuit<br \/>\n- Synchronisation en temps r\u00e9el avec l'application via Bluetooth<\/p>\n<p>**Enregistrement nocturne du niveau d'oxyg\u00e8ne**<br \/>\nPendant le sommeil, si de faibles niveaux de saturation ou une fr\u00e9quence cardiaque anormale sont d\u00e9tect\u00e9s, l'O2Ring vibre imm\u00e9diatement pour vous alerter. Apr\u00e8s synchronisation avec l'application d'enregistrement, vous pouvez consulter les tendances et les analyses.<\/p>\n<p>**App**<br \/>\nL'oxym\u00e8tre O2Ring se connecte \u00e0 une application innovante et gratuite pour smartphone, con\u00e7ue pour fonctionner avec diff\u00e9rents appareils m\u00e9dicaux. Il peut mesurer la temp\u00e9rature, la pression art\u00e9rielle, la fr\u00e9quence cardiaque, les composants du corps, la saturation, l'ECG, le sommeil, la glyc\u00e9mie, l'activit\u00e9 physique et bien plus encore, sans configuration ni r\u00e9glage complexe. Disponible en 10 langues (anglais, fran\u00e7ais, italien, espagnol, allemand, n\u00e9erlandais, grec, portugais, roumain, polonais).<\/p>\n<p>**\u00c9quipement standard**<br \/>\n- C\u00e2ble de chargement et de transfert de donn\u00e9es<br \/>\n- Manuel en anglais (le logiciel peut \u00eatre t\u00e9l\u00e9charg\u00e9 en ligne)<\/p>\n<p>**Informations techniques**<br \/>\n**Saturation en oxyg\u00e8ne**<br \/>\n- Gamme : 70-99%<br \/>\n- Pr\u00e9cision : 80-99% : \u00b12%, 70-79% : \u00b13%<\/p>\n<p>**Heart Rate**<br \/>\n- Plage de mesure : 30 \u00e0 250 bpm - \u00b12 bpm ou \u00b12%<\/p>\n<p>**R\u00e9glages de vibration** : faible saturation, fr\u00e9quence cardiaque \u00e9lev\u00e9e\/faible<br \/>\n**Param\u00e8tres enregistr\u00e9s** : saturation, fr\u00e9quence cardiaque, exercice physique<br \/>\n**Poids** : 15 g<br \/>\n**Dimensions** : Dispositif 38x30x38 mm ; Anneau 50-82 mm<br \/>\n**M\u00e9moire int\u00e9gr\u00e9e** : 4 enregistrements, jusqu'\u00e0 10 heures par enregistrement<br \/>\n**Batterie** : lithium rechargeable 3,7 Vdc<br \/>\n**Dur\u00e9e d'utilisation** : 12-16 heures<br \/>\n**Temps de charge** : 2-3 heures<br \/>\n**Sans fil** : Bluetooth 4.0 BLE<br \/>\n**Compatibilit\u00e9** : iOS 9.0+ ; Android 5.0+.<\/p>\n<p>**Protection**<br \/>\n- Choc \u00e9lectrique : Type BF<br \/>\n- \u00c9lectromagn\u00e9tique : Groupe I, classe B<br \/>\n- Poussi\u00e8re et eau : IP24<\/p>\n<p>&nbsp;<\/p>\n<p>Informations g\u00e9n\u00e9rales<br \/>\nL'O2Ring est un capteur de saturation innovant, indosable, adattable et affidable, r\u00e9alis\u00e9 pour surveiller le rythme cardiaque, la saturation de l'os et l'indice de perfusion.<\/p>\n<p>Quel est l'indice de perfusion ?<br \/>\nLe PI est une valeur num\u00e9rique qui indique l'intensit\u00e9 de la pulsation au point o\u00f9 se trouve le capteur. Il s'agit d'une valeur relative qui varie d'un patient \u00e0 l'autre et en fonction de la zone o\u00f9 se trouve le capteur. Per valori superiori al 4% la misurazione \u00e8 ritenuta attendibile.<\/p>\n<p>Applications cliniques : importance de la surveillance de l'IP<br \/>\n- Le point du corps o\u00f9 la valeur de l'IP est la plus \u00e9lev\u00e9e est le lieu id\u00e9al pour la mesure des param\u00e8tres SpO2 et BPM. Les performances sont meilleures m\u00eame en cas de mouvement du patient.<br \/>\n- Contr\u00f4le facile d'\u00e9ventuels changements dans les conditions physiologiques<br \/>\n- Contr\u00f4le superficiel du syst\u00e8me nerveux simple influen\u00e7ant le tonus musculaire<\/p>\n<p>Contr\u00f4ler le niveau d'oxyg\u00e8ne o\u00f9 vous voulez, quand vous voulez<br \/>\n- confortevole<br \/>\n- enregistre le taux d'ossification et le rythme cardiaque<br \/>\n- vibration en cas de faible niveau de SpO2<br \/>\n- Batterie utilisable pour l'utilisation en l'absence d'\u00e9lectricit\u00e9<br \/>\n- synchronisation en temps r\u00e9el avec l'application via Bluetooth<\/p>\n<p>Enregistrement du niveau d'ossigeno notturno<br \/>\nAu cours de la saison, en cas de faible niveau de saturation ou d'arr\u00eat cardiaque anormal, l'O2Ring \u00e9met imm\u00e9diatement des avertissements. Apr\u00e8s avoir connect\u00e9 l'application d'enregistrement, il est possible de visualiser les tendances et les analyses.<\/p>\n<p>Application<br \/>\nLe saturim\u00e8tre O2Ring se connecte \u00e0 App, une application innovante et gratuite pour smartphone, con\u00e7ue pour fonctionner avec plusieurs appareils m\u00e9dicaux capables de mesurer la temp\u00e9rature, la pression art\u00e9rielle, la fr\u00e9quence cardiaque, le poids et les composants corporels, la saturation, le son, la glic\u00e9mie, l'activit\u00e9 physique et bien d'autres choses encore, le poids et les composants corporels, la saturation, l'ECG, le son, la glic\u00e9mie, l'activit\u00e9 physique et bien d'autres choses encore, sans configurations ni impositions particuli\u00e8res, et disponible en 10 langues (GB, FR, IT, ES, DE, NL, GR, PT, RO, PL).<br \/>\nDotation standard<br \/>\n- Acc\u00e8s \u00e0 la recherche et \u00e0 la r\u00e9cup\u00e9ration des donn\u00e9es<br \/>\n- Manuel : GB (le logiciel peut \u00eatre achet\u00e9 en ligne)<\/p>\n<p>Informations techniques<br \/>\nSaturation<br \/>\n- Gamme : 70-99%<br \/>\n- Pr\u00e9cision : 80-99% : \u00b12%, 70-79% : \u00b13%<\/p>\n<p>Fr\u00e9quence cardiaque<br \/>\n- Gamme : de 30 \u00e0 250 bpm - \u00b12 bpm o \u00b12%<\/p>\n<p>- Impostazione vibrazione : bassa saturazione, alta\/bassa frequenza cardiaca<br \/>\n- Param\u00e8tres enregistr\u00e9s : saturation, fr\u00e9quence cardiaque, exercice<br \/>\n- Peso : 15 g<br \/>\n- Dimensions : dispositif 38x30x38 mm ; anode 50-82 mm<br \/>\n- M\u00e9moire int\u00e9gr\u00e9e : 4 enregistrements, jusqu'\u00e0 10 heures par enregistrement<br \/>\n- Batterie : utilisable avec une pile de 3,7 Vdc<br \/>\n- Dur\u00e9e d'utilisation : 12-16 heures<br \/>\n- D\u00e9lai de r\u00e9ponse : 2-3 heures<br \/>\n- Sans fil : Bluetooth 4.0 BLE<br \/>\n- Compatibilit\u00e9 : iOS 9.0+ ; Android 5.0+<\/p>\n<p>Protection<br \/>\n- Choc \u00e9lectrique : Type BF<br \/>\n- Elettromagnetica : Groupe I, Classe B<br \/>\n- Polaire et eau : IP24<\/p>","protected":false},"featured_media":11905,"template":"","meta":{"_acf_changed":false,"wds_primary_product_brand":0,"wds_primary_product_cat":0,"_wordproof_timestamp":false},"product_brand":[],"product_cat":[113,78],"product_tag":[],"class_list":{"0":"post-11919","1":"product","2":"type-product","3":"status-publish","4":"has-post-thumbnail","6":"product_cat-device","7":"product_cat-digitaltwin","9":"first","10":"instock","11":"shipping-taxable","12":"purchasable","13":"product-type-simple"},"acf":[],"_links":{"self":[{"href":"https:\/\/kliniksanktmoritz.ch\/fr\/wp-json\/wp\/v2\/product\/11919","targetHints":{"allow":["GET"]}}],"collection":[{"href":"https:\/\/kliniksanktmoritz.ch\/fr\/wp-json\/wp\/v2\/product"}],"about":[{"href":"https:\/\/kliniksanktmoritz.ch\/fr\/wp-json\/wp\/v2\/types\/product"}],"wp:featuredmedia":[{"embeddable":true,"href":"https:\/\/kliniksanktmoritz.ch\/fr\/wp-json\/wp\/v2\/media\/11905"}],"wp:attachment":[{"href":"https:\/\/kliniksanktmoritz.ch\/fr\/wp-json\/wp\/v2\/media?parent=11919"}],"wp:term":[{"taxonomy":"product_brand","embeddable":true,"href":"https:\/\/kliniksanktmoritz.ch\/fr\/wp-json\/wp\/v2\/product_brand?post=11919"},{"taxonomy":"product_cat","embeddable":true,"href":"https:\/\/kliniksanktmoritz.ch\/fr\/wp-json\/wp\/v2\/product_cat?post=11919"},{"taxonomy":"product_tag","embeddable":true,"href":"https:\/\/kliniksanktmoritz.ch\/fr\/wp-json\/wp\/v2\/product_tag?post=11919"}],"curies":[{"name":"wp","href":"https:\/\/api.w.org\/{rel}","templated":true}]}}