{"id":11920,"date":"2024-08-24T15:55:18","date_gmt":"2024-08-24T14:55:18","guid":{"rendered":"https:\/\/kliniksanktmoritz.ch\/?post_type=product&#038;p=11920"},"modified":"2024-10-01T18:48:20","modified_gmt":"2024-10-01T17:48:20","slug":"sfigmomanometro-digitale-gima-bluetooth","status":"publish","type":"product","link":"https:\/\/kliniksanktmoritz.ch\/fr\/produit\/sfigmomanometro-digitale-gima-bluetooth\/","title":{"rendered":"Figurom\u00e8tre num\u00e9rique GIMA Bluetooth"},"content":{"rendered":"","protected":false},"excerpt":{"rendered":"<p>Informations g\u00e9n\u00e9rales<\/p>\n<p>&nbsp;<\/p>\n<p>Le tensiom\u00e8tre num\u00e9rique Bluetooth de GIMA est dot\u00e9 d'une technologie innovante sans tube et d'un design tr\u00e8s fin. Il mesure la tension art\u00e9rielle et la fr\u00e9quence cardiaque, tout en d\u00e9tectant les battements de c\u0153ur irr\u00e9guliers et les mouvements corporels excessifs.<\/p>\n<p>&nbsp;<\/p>\n<p>- Grand \u00e9cran LCD (86\u00d724 mm) avec r\u00e9tro-\u00e9clairage bleu<\/p>\n<p>- Manchette confortable pour un tour de bras de 22\u00d742 cm (ext\u00e9rieur en nylon, int\u00e9rieur en polyester pour le contact avec la peau)<\/p>\n<p>- Affiche la date, l'heure et l'indicateur de batterie faible<\/p>\n<p>- M\u00e9moire pour 2 utilisateurs<\/p>\n<p>&nbsp;<\/p>\n<p>Compatibilit\u00e9 des applications<\/p>\n<p>Le tensiom\u00e8tre num\u00e9rique GIMA se connecte \u00e0 l'App, une application gratuite pour smartphone con\u00e7ue pour fonctionner avec plusieurs appareils m\u00e9dicaux. Il mesure la temp\u00e9rature, la pression art\u00e9rielle, la fr\u00e9quence cardiaque, le poids, la composition corporelle, la saturation en oxyg\u00e8ne (SpO2), l'ECG, le sommeil, la glyc\u00e9mie, l'activit\u00e9 physique et bien plus encore, le tout sans configuration compliqu\u00e9e. Disponible en 10 langues (GB, FR, IT, ES, DE, NL, GR, PT, RO, PL).<\/p>\n<p>&nbsp;<\/p>\n<p>Compatibilit\u00e9 des appareils :<\/p>\n<p>- Appareils iOS : Requiert iOS 8 ou une version ult\u00e9rieure<\/p>\n<p>- Appareils Android : N\u00e9cessite Android 4.3 ou une version ult\u00e9rieure<\/p>\n<p>&nbsp;<\/p>\n<p>Compatibilit\u00e9 des plateformes de t\u00e9l\u00e9m\u00e9decine :<\/p>\n<p>- iTEL<\/p>\n<p>- Plate-forme de sant\u00e9 CGM<\/p>\n<p>&nbsp;<\/p>\n<p>Informations techniques :<\/p>\n<p>- Dimensions : 131 x 72 x 29,4 mm<\/p>\n<p>- D\u00e9tection des battements de c\u0153ur irr\u00e9guliers<\/p>\n<p>- D\u00e9tection des mouvements du corps<\/p>\n<p>- M\u00e9moire : Stocke 60 relev\u00e9s par utilisateur (2 utilisateurs)<\/p>\n<p>- M\u00e9thode de mesure : Oscillom\u00e9trique<\/p>\n<p>- Plage de mesure : 0-299 mmHg<\/p>\n<p>- Tension art\u00e9rielle : SYS 60-230 mmHg ; DIA 40-130 mmHg ; Pouls : 40-199 bpm<\/p>\n<p>- Boutons physiques : Utilisateur 1, Utilisateur 2, Interrogation, Alimentation<\/p>\n<p>- Source d'alimentation : Batterie lithium-polym\u00e8re rechargeable int\u00e9gr\u00e9e (3,7V, 1000mAh)<\/p>\n<p>- Dur\u00e9e de vie de la batterie : 2 ans<\/p>\n<p>- Capacit\u00e9 de charge : Jusqu'\u00e0 300 lectures par charge<\/p>\n<p>- Chargeur secteur (inclus) : Entr\u00e9e 100-240V, 50-60Hz<\/p>","protected":false},"featured_media":11910,"template":"","meta":{"_acf_changed":false,"wds_primary_product_brand":0,"wds_primary_product_cat":0,"_wordproof_timestamp":false},"product_brand":[],"product_cat":[113,78],"product_tag":[],"class_list":{"0":"post-11920","1":"product","2":"type-product","3":"status-publish","4":"has-post-thumbnail","6":"product_cat-device","7":"product_cat-digitaltwin","9":"first","10":"instock","11":"shipping-taxable","12":"purchasable","13":"product-type-simple"},"acf":[],"_links":{"self":[{"href":"https:\/\/kliniksanktmoritz.ch\/fr\/wp-json\/wp\/v2\/product\/11920","targetHints":{"allow":["GET"]}}],"collection":[{"href":"https:\/\/kliniksanktmoritz.ch\/fr\/wp-json\/wp\/v2\/product"}],"about":[{"href":"https:\/\/kliniksanktmoritz.ch\/fr\/wp-json\/wp\/v2\/types\/product"}],"wp:featuredmedia":[{"embeddable":true,"href":"https:\/\/kliniksanktmoritz.ch\/fr\/wp-json\/wp\/v2\/media\/11910"}],"wp:attachment":[{"href":"https:\/\/kliniksanktmoritz.ch\/fr\/wp-json\/wp\/v2\/media?parent=11920"}],"wp:term":[{"taxonomy":"product_brand","embeddable":true,"href":"https:\/\/kliniksanktmoritz.ch\/fr\/wp-json\/wp\/v2\/product_brand?post=11920"},{"taxonomy":"product_cat","embeddable":true,"href":"https:\/\/kliniksanktmoritz.ch\/fr\/wp-json\/wp\/v2\/product_cat?post=11920"},{"taxonomy":"product_tag","embeddable":true,"href":"https:\/\/kliniksanktmoritz.ch\/fr\/wp-json\/wp\/v2\/product_tag?post=11920"}],"curies":[{"name":"wp","href":"https:\/\/api.w.org\/{rel}","templated":true}]}}