{"id":11921,"date":"2024-08-24T15:57:19","date_gmt":"2024-08-24T14:57:19","guid":{"rendered":"https:\/\/kliniksanktmoritz.ch\/?post_type=product&#038;p=11921"},"modified":"2024-10-01T18:46:46","modified_gmt":"2024-10-01T17:46:46","slug":"unita-per-misurazione-pressione","status":"publish","type":"product","link":"https:\/\/kliniksanktmoritz.ch\/fr\/produit\/unita-per-misurazione-pressione\/","title":{"rendered":"Unit\u00e0 per misurazione pressione"},"content":{"rendered":"","protected":false},"excerpt":{"rendered":"<p>Informations g\u00e9n\u00e9rales<\/p>\n<p>&nbsp;<\/p>\n<p>Il s'agit d'un appareil portable intelligent pour mesurer la tension art\u00e9rielle.<\/p>\n<p>&nbsp;<\/p>\n<p>- Une charge de batterie permet d'effectuer jusqu'\u00e0 1000 mesures<\/p>\n<p>- Facile \u00e0 utiliser, durable et robuste<\/p>\n<p>- Mesures de qualit\u00e9 professionnelle<\/p>\n<p>- Fonctionne de mani\u00e8re transparente avec votre smartphone<\/p>\n<p>- Colonne de mercure virtuelle en temps r\u00e9el dans l'application pendant la mesure<\/p>\n<p>- Forme d'onde de la fr\u00e9quence cardiaque en temps r\u00e9el<\/p>\n<p>- Prise en charge de plusieurs patients<\/p>\n<p>- Enregistrement illimit\u00e9 de donn\u00e9es<\/p>\n<p>&nbsp;<\/p>\n<p>Lectures :<\/p>\n<p>- Pression systolique, pression diastolique, fr\u00e9quence cardiaque<\/p>\n<p>- Tension art\u00e9rielle, PAM (pression art\u00e9rielle moyenne)<\/p>\n<p>- D\u00e9tection des battements de c\u0153ur irr\u00e9guliers<\/p>\n<p>&nbsp;<\/p>\n<p>Le paquet standard comprend :<\/p>\n<p>- Brassard pour la tension art\u00e9rielle<\/p>\n<p>- C\u00e2ble de chargement<\/p>\n<p>- Manuel multilingue (GB, FR, IT, ES, DE)<\/p>\n<p>&nbsp;<\/p>\n<p>Informations techniques :<\/p>\n<p>- Taille du brassard : Circonf\u00e9rence du bras 22-42 cm<\/p>\n<p>- Sans fil : Bluetooth 4.0 BLE<\/p>\n<p>- Entr\u00e9e de chargement : Micro USB, 5V DC<\/p>\n<p>- Dur\u00e9e de vie de la batterie : 1000 mesures, rechargeable<\/p>\n<p>- Plage de mesure de la pression : 0-300 mmHg \u00b13 mmHg<\/p>\n<p>- Plage de fr\u00e9quence cardiaque : 40-200 bpm \u00b12 bpm<\/p>\n<p>- Compatibilit\u00e9 avec les applications mobiles :<\/p>\n<p>- iOS : iOS 9.0 ou sup\u00e9rieur, iPhone 4s\/iPad 3 ou sup\u00e9rieur<\/p>\n<p>- Android : Android 4.4 ou sup\u00e9rieur, avec Bluetooth 4.0 BLE<\/p>\n<p>- Dimensions : 68\u00d720 mm (module)<\/p>\n<p>- Poids : 30g (module)<\/p>\n<p>- Pr\u00e9cision clinique : Conforme \u00e0 la norme IEC 80601-2-30<\/p>","protected":false},"featured_media":11914,"template":"","meta":{"_acf_changed":false,"wds_primary_product_brand":0,"wds_primary_product_cat":0,"_wordproof_timestamp":false},"product_brand":[],"product_cat":[113,78,69],"product_tag":[],"class_list":{"0":"post-11921","1":"product","2":"type-product","3":"status-publish","4":"has-post-thumbnail","6":"product_cat-device","7":"product_cat-digitaltwin","8":"product_cat-uncategorized","10":"first","11":"instock","12":"shipping-taxable","13":"purchasable","14":"product-type-simple"},"acf":[],"_links":{"self":[{"href":"https:\/\/kliniksanktmoritz.ch\/fr\/wp-json\/wp\/v2\/product\/11921","targetHints":{"allow":["GET"]}}],"collection":[{"href":"https:\/\/kliniksanktmoritz.ch\/fr\/wp-json\/wp\/v2\/product"}],"about":[{"href":"https:\/\/kliniksanktmoritz.ch\/fr\/wp-json\/wp\/v2\/types\/product"}],"wp:featuredmedia":[{"embeddable":true,"href":"https:\/\/kliniksanktmoritz.ch\/fr\/wp-json\/wp\/v2\/media\/11914"}],"wp:attachment":[{"href":"https:\/\/kliniksanktmoritz.ch\/fr\/wp-json\/wp\/v2\/media?parent=11921"}],"wp:term":[{"taxonomy":"product_brand","embeddable":true,"href":"https:\/\/kliniksanktmoritz.ch\/fr\/wp-json\/wp\/v2\/product_brand?post=11921"},{"taxonomy":"product_cat","embeddable":true,"href":"https:\/\/kliniksanktmoritz.ch\/fr\/wp-json\/wp\/v2\/product_cat?post=11921"},{"taxonomy":"product_tag","embeddable":true,"href":"https:\/\/kliniksanktmoritz.ch\/fr\/wp-json\/wp\/v2\/product_tag?post=11921"}],"curies":[{"name":"wp","href":"https:\/\/api.w.org\/{rel}","templated":true}]}}