{"id":11922,"date":"2024-08-24T15:58:44","date_gmt":"2024-08-24T14:58:44","guid":{"rendered":"https:\/\/kliniksanktmoritz.ch\/?post_type=product&#038;p=11922"},"modified":"2024-10-01T18:44:56","modified_gmt":"2024-10-01T17:44:56","slug":"omron-m4-intelli-it","status":"publish","type":"product","link":"https:\/\/kliniksanktmoritz.ch\/fr\/produit\/omron-m4-intelli-it\/","title":{"rendered":"Omron M4 Intelli IT"},"content":{"rendered":"","protected":false},"excerpt":{"rendered":"<p>Informations g\u00e9n\u00e9rales<\/p>\n<p>&nbsp;<\/p>\n<p>Le tensiom\u00e8tre OMRON M4 Intelli IT simplifie la surveillance de l'hypertension \u00e0 domicile. Il transf\u00e8re automatiquement vos mesures \u00e0 votre smartphone via Bluetooth et peut \u00e9galement \u00eatre utilis\u00e9 avec Alexa.<\/p>\n<p>&nbsp;<\/p>\n<p>Il est facile d'obtenir des r\u00e9sultats pr\u00e9cis. Il suffit d'enrouler le brassard Intelli Wrap autour de la partie sup\u00e9rieure de votre bras et l'appareil vous guidera pour s'assurer qu'il est positionn\u00e9 correctement. Pour obtenir une lecture pr\u00e9cise, il est important de rester immobile, mais si vous bougez, le d\u00e9tecteur de mouvements du corps vous avertira de tout mouvement susceptible d'affecter les r\u00e9sultats.<\/p>\n<p>&nbsp;<\/p>\n<p>Les mesures de votre tension art\u00e9rielle sont affich\u00e9es sur le grand \u00e9cran LCD, ainsi que votre fr\u00e9quence cardiaque et les indicateurs d'hypertension art\u00e9rielle ou de battements cardiaques irr\u00e9guliers.<\/p>\n<p>&nbsp;<\/p>\n<p>Pour suivre votre tension art\u00e9rielle au fil du temps, vous pouvez enregistrer toutes vos mesures sur votre smartphone \u00e0 l'aide de l'application OMRON connect.<\/p>\n<p>&nbsp;<\/p>\n<p>L'OMRON M4 Intelli IT est dot\u00e9 d'une connectivit\u00e9 Bluetooth, ce qui garantit que vos r\u00e9sultats sont automatiquement mis \u00e0 jour dans l'application. Vous pouvez m\u00eame demander \u00e0 Alexa votre derni\u00e8re mesure de tension art\u00e9rielle ou comparer les moyennes au fil du temps.<\/p>\n<p>&nbsp;<\/p>\n<p>Cet appareil fait partie du syst\u00e8me intelligent OMRON, qui contribue \u00e0 la sant\u00e9 cardiaque. L'application OMRON connect relie les tensiom\u00e8tres OMRON \u00e0 VIVA, un moniteur de composition corporelle intelligent, pour vous permettre de mieux comprendre les facteurs qui affectent la sant\u00e9 cardiaque.<\/p>\n<p>&nbsp;<\/p>\n<p>Le paquet standard comprend :<\/p>\n<p>- Tensiom\u00e8tre OMRON M4 Intelli IT<\/p>\n<p>- Manchette Intelli Wrap (22-42 cm)<\/p>\n<p>- Manuels d'instruction 1 et 2<\/p>\n<p>- Instructions d'installation<\/p>\n<p>- Piles et \u00e9tui de transport<\/p>\n<p>&nbsp;<\/p>\n<p>Informations techniques :<\/p>\n<p>- Type d'appareil : Moniteur de tension art\u00e9rielle au niveau du bras<\/p>\n<p>- Type de manchette : Manchette Intelli Wrap (22-42 cm)<\/p>\n<p>- M\u00e9moire : 2 utilisateurs x 60 relev\u00e9s<\/p>\n<p>- Guide de positionnement du brassard : Oui<\/p>\n<p>- Indicateur couleur de l'hypertension facile \u00e0 lire : Oui<\/p>\n<p>- D\u00e9tection de battements cardiaques irr\u00e9guliers : Oui<\/p>\n<p>- D\u00e9tection des mouvements du corps : Oui<\/p>\n<p>- Validation : Valid\u00e9 cliniquement, adapt\u00e9 au diab\u00e8te et \u00e0 la grossesse<\/p>\n<p>- Technologie IntelliSense : Oui<\/p>\n<p>- Mallette de transport incluse : Oui<\/p>\n<p>- Utilisation par le consommateur ou par le professionnel : Consommateur<\/p>\n<p>- Connectivit\u00e9 : Bluetooth<\/p>\n<p>- Compatibilit\u00e9 avec les applications mobiles : Fonctionne avec l'application OMRON connect<\/p>\n<p>- Poids : 0,34 kg<\/p>\n<p>- Dimensions : 105 x 152 x 85 mm<\/p>","protected":false},"featured_media":11897,"template":"","meta":{"_acf_changed":false,"wds_primary_product_brand":0,"wds_primary_product_cat":0,"_wordproof_timestamp":false},"product_brand":[],"product_cat":[113,78],"product_tag":[],"class_list":{"0":"post-11922","1":"product","2":"type-product","3":"status-publish","4":"has-post-thumbnail","6":"product_cat-device","7":"product_cat-digitaltwin","9":"first","10":"instock","11":"shipping-taxable","12":"purchasable","13":"product-type-simple"},"acf":[],"_links":{"self":[{"href":"https:\/\/kliniksanktmoritz.ch\/fr\/wp-json\/wp\/v2\/product\/11922","targetHints":{"allow":["GET"]}}],"collection":[{"href":"https:\/\/kliniksanktmoritz.ch\/fr\/wp-json\/wp\/v2\/product"}],"about":[{"href":"https:\/\/kliniksanktmoritz.ch\/fr\/wp-json\/wp\/v2\/types\/product"}],"wp:featuredmedia":[{"embeddable":true,"href":"https:\/\/kliniksanktmoritz.ch\/fr\/wp-json\/wp\/v2\/media\/11897"}],"wp:attachment":[{"href":"https:\/\/kliniksanktmoritz.ch\/fr\/wp-json\/wp\/v2\/media?parent=11922"}],"wp:term":[{"taxonomy":"product_brand","embeddable":true,"href":"https:\/\/kliniksanktmoritz.ch\/fr\/wp-json\/wp\/v2\/product_brand?post=11922"},{"taxonomy":"product_cat","embeddable":true,"href":"https:\/\/kliniksanktmoritz.ch\/fr\/wp-json\/wp\/v2\/product_cat?post=11922"},{"taxonomy":"product_tag","embeddable":true,"href":"https:\/\/kliniksanktmoritz.ch\/fr\/wp-json\/wp\/v2\/product_tag?post=11922"}],"curies":[{"name":"wp","href":"https:\/\/api.w.org\/{rel}","templated":true}]}}