{"id":11923,"date":"2024-08-24T15:59:56","date_gmt":"2024-08-24T14:59:56","guid":{"rendered":"https:\/\/kliniksanktmoritz.ch\/?post_type=product&#038;p=11923"},"modified":"2024-09-01T11:37:56","modified_gmt":"2024-09-01T10:37:56","slug":"sfigmomanometro-digitale-omron-evolv","status":"publish","type":"product","link":"https:\/\/kliniksanktmoritz.ch\/fr\/produit\/sfigmomanometro-digitale-omron-evolv\/","title":{"rendered":"Figurom\u00e8tre num\u00e9rique OMRON EVOLV"},"content":{"rendered":"","protected":false},"excerpt":{"rendered":"<p>**Informations g\u00e9n\u00e9rales**<br \/>\nPr\u00e9sentation d'un nouveau tensiom\u00e8tre pour le bras, facile \u00e0 utiliser et tout-en-un.<\/p>\n<p>Con\u00e7u pour des mesures pr\u00e9cises avec le brassard dans n'importe quelle position sur la partie sup\u00e9rieure du bras et pour le suivi des progr\u00e8s par smartphone.<\/p>\n<p>- Tensiom\u00e8tre tout-en-un pour le bras** : pas de tubes ni de fils, juste des r\u00e9sultats pr\u00e9cis.<br \/>\n- Technologie Intellisense** : le brassard se gonfle automatiquement au niveau id\u00e9al.<br \/>\n- Manchette Intelli Wrap** : pour une lecture facile et pr\u00e9cise<br \/>\n- Valid\u00e9e cliniquement** : fiabilit\u00e9 et pr\u00e9cision prouv\u00e9es par des tests rigoureux men\u00e9s par des organismes de sant\u00e9 de premier plan.<br \/>\n- Guide d'enroulement du brassard** : indique si le brassard est correctement enroul\u00e9 et s'il n'est ni trop l\u00e2che ni trop serr\u00e9.<br \/>\n- **OMRON connect app** : se connecte et permet l'acc\u00e8s \u00e0 tout moment, en indiquant la progression.<\/p>\n<p>Application mobile disponible pour iPhone\/Android\u2122.<br \/>\nFabriqu\u00e9 au Japon.<\/p>\n<p>Avec les brassards standard, 1 patient sur 3 mesure sa tension art\u00e9rielle de mani\u00e8re incorrecte.<br \/>\nLa technologie EVOLV Intelli Wrap garantit une pr\u00e9cision \u00e0 360\u00b0 dans toutes les positions autour du bras.<\/p>\n<p>EVOLV peut synchroniser les relev\u00e9s avec votre smartphone pour enregistrer les r\u00e9sultats, suivre les progr\u00e8s et mieux comprendre votre sant\u00e9. Consultez la liste des smartphones compatibles sur omronconnect.com\/emea\/it_def.<\/p>\n<p>**\u00c9quipement standard**<br \/>\nIl est livr\u00e9 avec des piles, une mallette de transport et des manuels.<\/p>\n<p>**Informations techniques**<br \/>\n- **Type de brassard** : Manchette Intelli Wrap 22-42 cm<br \/>\n- M\u00e9moire** : 100 lectures<br \/>\n- Guide d'enroulement du brassard** : Oui<br \/>\n- **D\u00e9tection de battements cardiaques irr\u00e9guliers** : Oui<br \/>\n- **D\u00e9tection des mouvements du corps** : Oui<br \/>\n- **Validation** : Validation clinique, validation de la grossesse<br \/>\n- **Technologie Intellisense** : Oui<br \/>\n- **Pr\u00e9vention des accidents vasculaires c\u00e9r\u00e9braux** : Oui<br \/>\n- Dimensions** : 12 x 17,3 x 12,5 cm<\/p>\n<p>Informations g\u00e9n\u00e9rales<br \/>\nNouveau syst\u00e8me de pression \u00e0 chaud, facile \u00e0 utiliser, \"tout-en-un\".<\/p>\n<p>Pour effectuer des t\u00e2ches pr\u00e9cises, placez la bague sur la partie sup\u00e9rieure de la bague et gardez une trace des progr\u00e8s r\u00e9alis\u00e9s avec le smartphone.<\/p>\n<p>- Misuratore di pressione da braccio \"all in one\" : senza tubi, cavi, semplicemente accurato<br \/>\n- Technologie Intellisense : la brosse se gonfle \u00e0 la vitesse id\u00e9ale<br \/>\n- Bracciale Intelli Wrap : pour une \u00e9criture facile et pr\u00e9cise<br \/>\n- Valid\u00e9 cliniquement : fiabilit\u00e9 et pr\u00e9cision de l'\u00e9nergie consomm\u00e9e par d'importantes organisations sanitaires<br \/>\n- Guide pour la mise en place de la fixation : indique si la fixation a \u00e9t\u00e9 mise en place correctement et si elle n'est pas trop serr\u00e9e ou trop \u00e9tir\u00e9e.<br \/>\n- Application OMRON connect : connexion, acc\u00e8s \u00e0 tout moment, visualisation des progr\u00e8s.<\/p>\n<p>Application mobile pour iPhone\/Android\u2122.<br \/>\nProduzione giapponese.<\/p>\n<p>Avec les raccords standard, 1 patient sur 3 met en place de fa\u00e7on erron\u00e9e la pression sanguine.<br \/>\nLa technologie EVOLV Intelli Wrap garantit la pr\u00e9cision \u00e0 360\u00b0 dans toutes les positions par rapport \u00e0 la partie sup\u00e9rieure du bras.<\/p>\n<p>EVOLV peut envoyer des messages sur un smartphone pour enregistrer les r\u00e9sultats, suivre les progr\u00e8s et obtenir une meilleure compr\u00e9hension de sa propre sant\u00e9. Consultez la liste des smartphones compatibles sur omronconnect.com\/emea\/it_def<br \/>\nDotation standard<br \/>\nLivr\u00e9 avec piles, accessoires et manuels.<\/p>\n<p>Informations techniques<br \/>\n- Tipo di bracciale : Bracciale Intelli Wrap 22-42 cm<br \/>\n- Memoria : 100 lettres<br \/>\n- Guide d'utilisation de l'appareil : Oui<br \/>\n- Rilevamento battito irregolare : Oui<br \/>\n- Mouvement du corps : Oui<br \/>\n- Validation : Validation clinique, validation en p\u00e9riode de gestation<br \/>\n- Technologie Intellisense : S\u00ec<br \/>\n- Pr\u00e9vention des blessures : Oui<br \/>\n- Dimensions : 12 x 17,3 x 12,5 cm<\/p>","protected":false},"featured_media":11911,"template":"","meta":{"_acf_changed":false,"wds_primary_product_brand":0,"wds_primary_product_cat":0,"_wordproof_timestamp":false},"product_brand":[],"product_cat":[113,78],"product_tag":[],"class_list":{"0":"post-11923","1":"product","2":"type-product","3":"status-publish","4":"has-post-thumbnail","6":"product_cat-device","7":"product_cat-digitaltwin","9":"first","10":"instock","11":"shipping-taxable","12":"purchasable","13":"product-type-simple"},"acf":[],"_links":{"self":[{"href":"https:\/\/kliniksanktmoritz.ch\/fr\/wp-json\/wp\/v2\/product\/11923","targetHints":{"allow":["GET"]}}],"collection":[{"href":"https:\/\/kliniksanktmoritz.ch\/fr\/wp-json\/wp\/v2\/product"}],"about":[{"href":"https:\/\/kliniksanktmoritz.ch\/fr\/wp-json\/wp\/v2\/types\/product"}],"wp:featuredmedia":[{"embeddable":true,"href":"https:\/\/kliniksanktmoritz.ch\/fr\/wp-json\/wp\/v2\/media\/11911"}],"wp:attachment":[{"href":"https:\/\/kliniksanktmoritz.ch\/fr\/wp-json\/wp\/v2\/media?parent=11923"}],"wp:term":[{"taxonomy":"product_brand","embeddable":true,"href":"https:\/\/kliniksanktmoritz.ch\/fr\/wp-json\/wp\/v2\/product_brand?post=11923"},{"taxonomy":"product_cat","embeddable":true,"href":"https:\/\/kliniksanktmoritz.ch\/fr\/wp-json\/wp\/v2\/product_cat?post=11923"},{"taxonomy":"product_tag","embeddable":true,"href":"https:\/\/kliniksanktmoritz.ch\/fr\/wp-json\/wp\/v2\/product_tag?post=11923"}],"curies":[{"name":"wp","href":"https:\/\/api.w.org\/{rel}","templated":true}]}}